{"id":5638,"date":"2022-02-21T13:25:02","date_gmt":"2022-02-21T13:25:02","guid":{"rendered":"https:\/\/malmed.gov.mk\/?page_id=5638"},"modified":"2022-03-30T10:37:53","modified_gmt":"2022-03-30T10:37:53","slug":"iis","status":"publish","type":"page","link":"https:\/\/malmed.gov.mk\/sq\/iis\/","title":{"rendered":"\u0418\u043d\u0442\u0435\u0433\u0440\u0438\u0440\u0430\u043d \u0438\u043d\u0444\u043e\u0440\u043c\u0430\u0446\u0438\u0441\u043a\u0438 \u0441\u0438\u0441\u0442\u0435\u043c (DiVi)"},"content":{"rendered":"<p>[et_pb_section fb_built=&#8221;1&#8243; _builder_version=&#8221;3.0.97&#8243;][et_pb_row _builder_version=&#8221;3.0.97&#8243;][et_pb_column type=&#8221;4_4&#8243; _builder_version=&#8221;3.0.97&#8243; parallax=&#8221;off&#8221; parallax_method=&#8221;on&#8221;][et_pb_text _builder_version=&#8221;3.0.97&#8243; text_font=&#8221;||||||||&#8221; header_font=&#8221;||||||||&#8221;]<\/p>\n<h1><span style=\"color: #993366;\">\u0418\u041d\u0422\u0415\u0413\u0420\u0418\u0420\u0410\u041d \u0418\u041d\u0424\u041e\u0420\u041c\u0410\u0426\u0418\u0421\u041a\u0418 \u0421\u0418\u0421\u0422\u0415\u041c<\/span><\/h1>\n<p><span>\u0410\u0433\u0435\u043d\u0446\u0438\u0458\u0430\u0442\u0430 \u0437\u0430 \u043b\u0435\u043a\u043e\u0432\u0438 \u0438 \u043c\u0435\u0434\u0438\u0446\u0438\u043d\u0441\u043a\u0438 \u0441\u0440\u0435\u0434\u0441\u0442\u0432\u0430 \u0432\u043e 2018 \u0433\u043e\u0434\u0438\u043d\u0430 \u0432\u043e\u0432\u0435\u0434\u0435 \u043d\u043e\u0432 \u0438\u043d\u0442\u0435\u0433\u0440\u0438\u0440\u0430\u043d \u0438\u043d\u0444\u043e\u0440\u043c\u0430\u0442\u0438\u0447\u043a\u0438 \u0441\u0438\u0441\u0442\u0435\u043c, \u0441\u043e \u0446\u0435\u043b \u0443\u043d\u0430\u043f\u0440\u0435\u0434\u0443\u0432\u0430\u045a\u0435 \u043d\u0430 \u0441\u0432\u043e\u0438\u0442\u0435 \u043f\u0440\u043e\u0446\u0435\u0441\u0438 \u0437\u0430 \u043f\u043e\u0435\u0444\u0438\u043a\u0430\u0441\u043d\u043e \u0438 \u043f\u043e\u0431\u0440\u0437\u043e \u0441\u043f\u0440\u043e\u0432\u0435\u0434\u0443\u0432\u0430\u045a\u0435 \u043d\u0430 \u043f\u043e\u0441\u0442\u0430\u043f\u043a\u0438\u0442\u0435 \u043a\u043e\u0438 \u0441\u0435 \u0432\u043e \u043d\u0435\u0458\u0437\u0438\u043d\u0430 \u043d\u0430\u0434\u043b\u0435\u0436\u043d\u043e\u0441\u0442.<\/span><\/p>\n<h4><span><\/span><a href=\"https:\/\/registracija.malmed.gov.mk\" target=\"_blank\" rel=\"noopener noreferrer\"><span style=\"text-decoration: underline; color: #993366;\"><strong>\u041f\u0420\u0418\u0421\u0422\u0410\u041f \u0414\u041e \u0421\u0418\u0421\u0422\u0415\u041c\u041e\u0422<\/strong><\/span><\/a><\/h4>\n<p>\u00a0<\/p>\n<p>[\/et_pb_text][\/et_pb_column][\/et_pb_row][et_pb_row _builder_version=&#8221;3.0.97&#8243;][et_pb_column type=&#8221;4_4&#8243; _builder_version=&#8221;3.0.97&#8243; parallax=&#8221;off&#8221; parallax_method=&#8221;on&#8221;][et_pb_toggle title=&#8221;\u041a\u043e\u0440\u0438\u0441\u043d\u0438\u0447\u043a\u0438 \u0443\u043f\u0430\u0442\u0441\u0442\u0432\u0430 \u0437\u0430 \u041a\u043b\u0438\u0435\u043d\u0442\u0438 \u0432\u043e \u0438\u043d\u0442\u0435\u0433\u0440\u0438\u0440\u0430\u043d\u0438\u043e\u0442 \u0438\u043d\u0444\u043e\u0440\u043c\u0430\u0446\u0438\u0441\u043a\u0438 \u0441\u0438\u0441\u0442\u0435\u043c&#8221; open=&#8221;on&#8221; _builder_version=&#8221;3.0.97&#8243; title_font=&#8221;|600|||||||&#8221; title_text_color=&#8221;#912777&#8243; max_width=&#8221;70%&#8221; max_width_last_edited=&#8221;off|desktop&#8221;]<\/p>\n<ul>\n<li><a href=\"..\/wp-content\/uploads\/Korisnicko_upatstvo_human_lek-KLIENT_V.04.pdf\" target=\"_blank\" rel=\"noopener noreferrer\"><span><span style=\"color: #993366;\">\u041a\u043e\u0440\u0438\u0441\u043d\u0438\u0447\u043a\u043e \u0443\u043f\u0430\u0442\u0441\u0442\u0432\u043e \u0437\u0430 \u041a\u043b\u0438\u0435\u043d\u0442\u0438 \u0437\u0430 \u043c\u043e\u0434\u0443\u043b\u043e\u0442 \u0437\u0430 \u0445\u0443\u043c\u0430\u043d\u0438 \u043b\u0435\u043a\u043e\u0432\u0438<\/span><\/span><\/a><\/li>\n<li><span style=\"color: #993366;\"><a href=\"..\/wp-content\/uploads\/Korisnicko_upatstvo_za_modul_klinicki_eticka-uloga_Klient-v.01.pdf\" target=\"_blank\" rel=\"noopener noreferrer\" style=\"color: #993366;\">\u041a\u043e\u0440\u0438\u0441\u043d\u0438\u0447\u043a\u043e \u0443\u043f\u0430\u0442\u0441\u0442\u0432\u043e \u0437\u0430 \u041a\u043b\u0438\u0435\u043d\u0442\u0438 \u0437\u0430 \u043c\u043e\u0434\u0443\u043b\u043e\u0442 \u041a\u043b\u0438\u043d\u0438\u0447\u043a\u0438 \u0438\u0441\u043f\u0438\u0442\u0443\u0432\u0430\u045a\u0430 \u0438 \u0415\u0442\u0438\u0447\u043a\u0430 \u043a\u043e\u043c\u0438\u0441\u0438\u0458\u0430<\/a><\/span><\/li>\n<li><span style=\"color: #993366;\"><a href=\"https:\/\/malmed.gov.mk\/wp-content\/uploads\/Korisnicko_upatstvo_KLIENT_Potrosuvacka-v2.0-FINAL.pdf\" target=\"_blank\" rel=\"noopener noreferrer\"><span><span style=\"color: #993366;\">\u041a\u043e\u0440\u0438\u0441\u043d\u0438\u0447\u043a\u043e \u0443\u043f\u0430\u0442\u0441\u0442\u0432\u043e \u0437\u0430 \u041a\u043b\u0438\u0435\u043d\u0442\u0438 \u0437\u0430 \u043c\u043e\u0434\u0443\u043b\u043e\u0442 \u0437\u0430 \u041f\u043e\u0442\u0440\u043e\u0448\u0443\u0432\u0430\u0447\u043a\u0430 \u0438 \u0437\u0430\u043b\u0438\u0445\u0430 \u043d\u0430 \u043b\u0435\u043a\u043e\u0432\u0438<\/span><\/span><\/a><\/span><\/li>\n<\/ul>\n<p>[\/et_pb_toggle][\/et_pb_column][\/et_pb_row][et_pb_row _builder_version=&#8221;3.0.97&#8243;][et_pb_column type=&#8221;4_4&#8243; _builder_version=&#8221;3.0.97&#8243; parallax=&#8221;off&#8221; parallax_method=&#8221;on&#8221;][et_pb_toggle title=&#8221;\u0425\u0443\u043c\u0430\u043d \u043b\u0435\u043a&#8221; _builder_version=&#8221;3.0.97&#8243; title_font=&#8221;|600|||||||&#8221; title_text_color=&#8221;#912777&#8243; max_width=&#8221;70%&#8221; max_width_last_edited=&#8221;off|desktop&#8221;]<\/p>\n<p>\u00a0<\/p>\n<p><span>\u00a0<span class=\"outer\" style=\"color: #993366;\"><span class=\"inner\"><a href=\"http:\/\/malmed.gov.mk\/wp-content\/uploads\/1-Baranje_za_stavanje_lek_vo_promet-human_lek.pdf\" target=\"_blank\" rel=\"noopener noreferrer\" style=\"color: #993366;\">1. K\u00cbRKES\u00cb P\u00cbR MARRJE T\u00cb LEJES S\u00cb L\u00cbSHIMIT T\u00cb BARIT N\u00cb QARKULLIM<\/a><\/span><\/span><\/span><\/p>\n<ul>\n<li><span class=\"outer\" style=\"color: #993366;\"><span class=\"inner\"><a href=\"https:\/\/malmed.gov.mk\/wp-content\/uploads\/1.1_Baranje_dobivanje_odobrenie-Human_Lek.zip\" target=\"_blank\" rel=\"noopener noreferrer\" style=\"color: #993366;\">\u0428\u0410\u0411\u041b\u041e\u041d \u041d\u0410 \u041f\u041e\u0422\u0420\u0415\u0411\u041d\u0410\u0422\u0410 \u0414\u041e\u041a\u0423\u041c\u0415\u041d\u0422\u0410\u0426\u0418\u0408\u0410 \u0417\u0410 \u0411\u0410\u0420\u0410\u040a\u0415 \u0417\u0410 \u0414\u041e\u0411\u0418\u0412\u0410\u040a\u0415 \u041d\u0410 \u041e\u0414\u041e\u0411\u0420\u0415\u041d\u0418\u0415 \u0417\u0410 \u0421\u0422\u0410\u0412\u0410\u040a\u0415 \u041d\u0410 \u041b\u0415\u041a \u0412\u041e \u041f\u0420\u041e\u041c\u0415\u0422<\/a><\/span><\/span><\/li>\n<\/ul>\n<p><span class=\"outer\" style=\"color: #993366;\"><span class=\"inner\"><a href=\"http:\/\/malmed.gov.mk\/wp-content\/uploads\/PRENOS_NA_ODOBRENIE_prosiren_mesto_proizvodstvo.pdf\" target=\"_blank\" rel=\"noopener noreferrer\" style=\"color: #993366;\">2. K\u00cbRKES\u00cb P\u00cbR BARTJE T\u00cb LEJES S\u00cb L\u00cbSHIMIT T\u00cb BARIT N\u00cb QARKULLIM<\/a><\/span><\/span><\/p>\n<ul>\n<li><span class=\"outer\" style=\"color: #993366;\"><span class=\"inner\"><a href=\"https:\/\/malmed.gov.mk\/wp-content\/uploads\/2.1_Baranje_prenos_odobrenie-Human_Lek.zip\" target=\"_blank\" rel=\"noopener noreferrer\" style=\"color: #993366;\">\u0428\u0410\u0411\u041b\u041e\u041d \u041d\u0410 \u041f\u041e\u0422\u0420\u0415\u0411\u041d\u0410\u0422\u0410 \u0414\u041e\u041a\u0423\u041c\u0415\u041d\u0422\u0410\u0426\u0418\u0408\u0410 \u0417\u0410 \u0411\u0410\u0420\u0410\u040a\u0415 \u0417\u0410 \u041f\u0420\u0415\u041d\u041e\u0421 \u041d\u0410 \u041e\u0414\u041e\u0411\u0420\u0415\u041d\u0418\u0415 \u0417\u0410 \u0421\u0422\u0410\u0412\u0410\u040a\u0415 \u041d\u0410 \u041b\u0415\u041a \u0412\u041e \u041f\u0420\u041e\u041c\u0415\u0422<\/a><\/span><\/span><\/li>\n<\/ul>\n<p><span class=\"outer\" style=\"color: #993366;\"><span class=\"inner\"><a href=\"http:\/\/malmed.gov.mk\/wp-content\/uploads\/3-Baranje_za_nadgraduvanje_na_dokumentacija-human_lek.pdf\" target=\"_blank\" rel=\"noopener noreferrer\" style=\"color: #993366;\">3. K\u00cbRKES\u00cb P\u00cbR PLOT\u00cbSIM T\u00cb DOKUMENTACIONIT<\/a><\/span><\/span><\/p>\n<ul>\n<li><span class=\"outer\" style=\"color: #993366;\"><span class=\"inner\"><a href=\"https:\/\/malmed.gov.mk\/wp-content\/uploads\/3.1_Baranje_nadgradba_na_dokumentacija-Human_Lek.zip\" style=\"color: #993366;\">\u0428\u0410\u0411\u041b\u041e\u041d \u041d\u0410 \u041f\u041e\u0422\u0420\u0415\u0411\u041d\u0410\u0422\u0410 \u0414\u041e\u041a\u0423\u041c\u0415\u041d\u0422\u0410\u0426\u0418\u0408\u0410 \u0417\u0410 \u0411\u0410\u0420\u0410\u040a\u0415 \u0417\u0410 \u041d\u0410\u0414\u0413\u0420\u0410\u0414\u0423\u0412\u0410\u040a\u0415 \u041d\u0410 \u0414\u041e\u041a\u0423\u041c\u0415\u041d\u0422\u0410\u0426\u0418\u0408\u0410<\/a><\/span><\/span><\/li>\n<\/ul>\n<p><span class=\"outer\" style=\"color: #993366;\"><span class=\"inner\"><a href=\"http:\/\/malmed.gov.mk\/wp-content\/uploads\/4-Baranje_za_obnovuvanje_na_odobrenie_nov-human_lek.pdf\" target=\"_blank\" rel=\"noopener noreferrer\" style=\"color: #993366;\">4. K\u00cbRKES\u00cb P\u00cbR P\u00cbRT\u00cbRITJE T\u00cb LEJES S\u00cb L\u00cbSHIMIT T\u00cb BARIT N\u00cb QARKULLIM<\/a><\/span><\/span><\/p>\n<ul>\n<li><span class=\"outer\" style=\"color: #993366;\"><span class=\"inner\"><a href=\"https:\/\/malmed.gov.mk\/wp-content\/uploads\/4.1_Baranje_obnova_odobrenie-Human_Lek.zip\" target=\"_blank\" rel=\"noopener noreferrer\" style=\"color: #993366;\">\u0428\u0410\u0411\u041b\u041e\u041d \u041d\u0410 \u041f\u041e\u0422\u0420\u0415\u0411\u041d\u0410\u0422\u0410 \u0414\u041e\u041a\u0423\u041c\u0415\u041d\u0422\u0410\u0426\u0418\u0408\u0410 \u0417\u0410 \u0411\u0410\u0420\u0410\u040a\u0415 \u0417\u0410 \u041e\u0411\u041d\u041e\u0412\u0410 \u041d\u0410 \u041e\u0414\u041e\u0411\u0420\u0415\u041d\u0418\u0415\u0422\u041e \u0417\u0410 \u0421\u0422\u0410\u0412\u0410\u040a\u0415 \u041d\u0410 \u041b\u0415\u041a \u0412\u041e \u041f\u0420\u041e\u041c\u0415\u0422<\/a><\/span><\/span><\/li>\n<\/ul>\n<p><span class=\"outer\" style=\"color: #993366;\"><span class=\"inner\"><a href=\"http:\/\/malmed.gov.mk\/wp-content\/uploads\/5-Baranje_za_obnova_i_nadgradba_na_dokumentacija-human_lek.pdf\" target=\"_blank\" rel=\"noopener noreferrer\" style=\"color: #993366;\">5. K\u00cbRKES\u00cb P\u00cbR P\u00cbRT\u00cbRITJE T\u00cb LEJES S\u00cb L\u00cbSHIMIT T\u00cb BARIT N\u00cb QARKULLIM ME PLOT\u00cbSIM T\u00cb DOKUMENTACIONIT<\/a><\/span><\/span><\/p>\n<ul>\n<li><span class=\"outer\" style=\"color: #993366;\"><span class=\"inner\"><a href=\"https:\/\/malmed.gov.mk\/wp-content\/uploads\/5.1_Baranje_obnova_so_nadgradba-Human_Lek.zip\" target=\"_blank\" rel=\"noopener noreferrer\" style=\"color: #993366;\">\u0428\u0410\u0411\u041b\u041e\u041d \u041d\u0410 \u041f\u041e\u0422\u0420\u0415\u0411\u041d\u0410\u0422\u0410 \u0414\u041e\u041a\u0423\u041c\u0415\u041d\u0422\u0410\u0426\u0418\u0408\u0410 \u0417\u0410 \u0411\u0410\u0420\u0410\u040a\u0415 \u0417\u0410 \u041e\u0411\u041d\u041e\u0412\u0410 \u041d\u0410 \u041e\u0414\u041e\u0411\u0420\u0415\u041d\u0418\u0415\u0422\u041e \u0417\u0410 \u0421\u0422\u0410\u0412\u0410\u040a\u0415 \u041d\u0410 \u041b\u0415\u041a \u0412\u041e \u041f\u0420\u041e\u041c\u0415\u0422 \u0421\u041e \u041d\u0410\u0414\u0413\u0420\u0410\u0414\u0411\u0410 \u041d\u0410 \u0414\u041e\u041a\u0423\u041c\u0415\u041d\u0422\u0410\u0426\u0418\u0408\u0410\u0422\u0410<\/a><\/span><\/span><\/li>\n<\/ul>\n<p><span class=\"outer\" style=\"color: #993366;\"><span class=\"inner\"><a href=\"http:\/\/malmed.gov.mk\/wp-content\/uploads\/9-Izvestuvanje_baranje_za_varijacija-human_lek.pdf\" target=\"_blank\" rel=\"noopener noreferrer\" style=\"color: #993366;\">6. K\u00cbRSES\u00cb P\u00cbR NDRYSHIM T\u00cb LEJES S\u00cb L\u00cbSHIMIT T\u00cb BARIT N\u00cb QARKULLIM<\/a><\/span><\/span><\/p>\n<ul>\n<li><span class=\"outer\" style=\"color: #993366;\"><span class=\"inner\"><a href=\"https:\/\/malmed.gov.mk\/wp-content\/uploads\/6.1_Baranje_privremeno_paralel_uvoz-Human_Lek.zip\" style=\"color: #993366;\">\u0428\u0410\u0411\u041b\u041e\u041d \u041d\u0410 \u041f\u041e\u0422\u0420\u0415\u0411\u041d\u0410\u0422\u0410 \u0414\u041e\u041a\u0423\u041c\u0415\u041d\u0422\u0410\u0426\u0418\u0408\u0410 \u0417\u0410 \u0411\u0410\u0420\u0410\u040a\u0415 \u0417\u0410 \u041f\u0420\u041e\u041c\u0415\u041d\u0410 \u041d\u0410 \u041e\u0414\u041e\u0411\u0420\u0415\u041d\u0418\u0415 \u0417\u0410 \u0421\u0422\u0410\u0412\u0410\u040a\u0415 \u041d\u0410 \u041b\u0415\u041a \u0412\u041e \u041f\u0420\u041e\u041c\u0415\u0422<\/a><\/span><\/span><\/li>\n<\/ul>\n<p><span class=\"outer\" style=\"color: #993366;\"><span class=\"inner\"><a href=\"http:\/\/malmed.gov.mk\/wp-content\/uploads\/Upatstvo_za_dostavuvanje_na_dokumentacija_do_Arhivata_na_MALMED-human_lek.pdf\" target=\"_blank\" rel=\"noopener noreferrer\" style=\"color: #993366;\">7. UDH\u00cbZUES I DOR\u00cbZIMIT T\u00cb DOKUMENTACIONIT T\u00cb NEVOJSH\u00cbM GJAT\u00cb PARASHTRIMIT T\u00cb K\u00cbRKES\u00cbS TE ARKIVA E MALMED-it<\/a><\/span><\/span><\/p>\n<p>\u00a0<\/p>\n<p>[\/et_pb_toggle][\/et_pb_column][\/et_pb_row][et_pb_row _builder_version=&#8221;3.0.97&#8243;][et_pb_column type=&#8221;4_4&#8243; _builder_version=&#8221;3.0.97&#8243; parallax=&#8221;off&#8221; parallax_method=&#8221;on&#8221;][et_pb_toggle title=&#8221;\u0425\u043e\u043c\u0435\u043e\u043f\u0430\u0442\u0441\u043a\u0438 \u043b\u0435\u043a&#8221; _builder_version=&#8221;3.0.97&#8243; title_font=&#8221;|600|||||||&#8221; title_text_color=&#8221;#912777&#8243; max_width=&#8221;70%&#8221; max_width_last_edited=&#8221;off|desktop&#8221;]<\/p>\n<p>&nbsp;<\/p>\n<p><span class=\"outer\"><span class=\"inner\"><a href=\"http:\/\/malmed.gov.mk\/wp-content\/uploads\/10-Baranje_za_resenie_za_registracija-homeopatski_lek.pdf\" target=\"_blank\" rel=\"noopener noreferrer\"><span><span style=\"color: #993366;\">1. K\u00cbRKES\u00cb P\u00cbR MARRJE T\u00cb LEJES S\u00cb L\u00cbSHIM T\u00cb BARIT HOMEOPATIK N\u00cb QARKULLIM<\/span><\/span><\/a><\/span><\/span><\/p>\n<ul>\n<li><span class=\"outer\" style=\"color: #993366;\"><span class=\"inner\"><\/span>\u0428\u0410\u0411\u041b\u041e\u041d \u041d\u0410 \u041f\u041e\u0422\u0420\u0415\u0411\u041d\u0410\u0422\u0410 \u0414\u041e\u041a\u0423\u041c\u0415\u041d\u0422\u0410\u0426\u0418\u0408\u0410 \u0417\u0410 \u0411\u0410\u0420\u0410\u040a\u0415 \u0417\u0410 \u0414\u041e\u0411\u0418\u0412\u0410\u040a\u0415 \u041d\u0410 \u041e\u0414\u041e\u0411\u0420\u0415\u041d\u0418\u0415 \u0417\u0410 \u0421\u0422\u0410\u0412\u0410\u040a\u0415 \u041d\u0410 \u0425\u041e\u041c\u0415\u041e\u041f\u0410\u0422\u0421\u041a\u0418 \u041b\u0415\u041a \u0412\u041e \u041f\u0420\u041e\u041c\u0415\u0422<\/span><\/li>\n<\/ul>\n<p><span class=\"outer\" style=\"color: #993366;\"><span class=\"inner\"><a href=\"http:\/\/malmed.gov.mk\/wp-content\/uploads\/11-Baranje_za_obnova_na_registracija-homeopatski_lek.pdf\" target=\"_blank\" rel=\"noopener noreferrer\" style=\"color: #993366;\">2. K\u00cbRKES\u00cb P\u00cbR P\u00cbRT\u00cbRITJE T\u00cb LEJES S\u00cb L\u00cbSHIM T\u00cb BARIT HOMEOPATIK N\u00cb QARKULLIM<\/a><\/span><\/span><\/p>\n<ul>\n<li><span class=\"outer\" style=\"color: #993366;\">\u0428\u0410\u0411\u041b\u041e\u041d \u041d\u0410 \u041f\u041e\u0422\u0420\u0415\u0411\u041d\u0410\u0422\u0410 \u0414\u041e\u041a\u0423\u041c\u0415\u041d\u0422\u0410\u0426\u0418\u0408\u0410 \u0417\u0410 \u0411\u0410\u0420\u0410\u040a\u0415 \u0417\u0410 \u041e\u0411\u041d\u041e\u0412\u0410 \u041d\u0410 \u041e\u0414\u041e\u0411\u0420\u0415\u041d\u0418\u0415\u0422\u041e \u0417\u0410 \u0421\u0422\u0410\u0412\u0410\u040a\u0415 \u041d\u0410 \u0425\u041e\u041c\u0415\u041e\u041f\u0410\u0422\u0421\u041a\u0418 \u041b\u0415\u041a \u0412\u041e \u041f\u0420\u041e\u041c\u0415\u0422<\/span><\/li>\n<\/ul>\n<p><span class=\"outer\" style=\"color: #993366;\"><span class=\"inner\"><a href=\"http:\/\/malmed.gov.mk\/wp-content\/uploads\/12-Baranje_za_izmena_na_registracija-homeopatski_lek.pdf\" target=\"_blank\" rel=\"noopener noreferrer\" style=\"color: #993366;\">3. K\u00cbRKES\u00cb P\u00cbR NDRYSHIM T\u00cb LEJES S\u00cb L\u00cbSHIMIT T\u00cb BARIT HOMEOPATIK N\u00cb QARKULLIM<\/a><\/span><\/span><\/p>\n<ul>\n<li><span class=\"outer\" style=\"color: #993366;\">\u0428\u0410\u0411\u041b\u041e\u041d \u041d\u0410 \u041f\u041e\u0422\u0420\u0415\u0411\u041d\u0410\u0422\u0410 \u0414\u041e\u041a\u0423\u041c\u0415\u041d\u0422\u0410\u0426\u0418\u0408\u0410 \u0417\u0410 \u0411\u0410\u0420\u0410\u040a\u0415 \u0417\u0410 \u041f\u0420\u041e\u041c\u0415\u041d\u0410 \u041d\u0410 \u041e\u0414\u041e\u0411\u0420\u0415\u041d\u0418\u0415 \u0417\u0410 \u0421\u0422\u0410\u0412\u0410\u040a\u0415 \u041d\u0410 \u0425\u041e\u041c\u0415\u041e\u041f\u0410\u0422\u0421\u041a\u0418 \u041b\u0415\u041a \u0412\u041e \u041f\u0420\u041e\u041c\u0415\u0422<\/span><\/li>\n<\/ul>\n<p><span class=\"outer\" style=\"color: #993366;\"><span class=\"inner\"><a href=\"http:\/\/malmed.gov.mk\/wp-content\/uploads\/13-Baranje_za_brisenje-homeopatski_lek_.pdf\" target=\"_blank\" rel=\"noopener noreferrer\" style=\"color: #993366;\">4. K\u00cbRKES\u00cb P\u00cbR ND\u00cbRPRERJE T\u00cb LEJES S\u00cb L\u00cbSHIMIT T\u00cb BARIT HOMEOPATIK N\u00cb QARKULLIM<\/a><\/span><\/span><\/p>\n<ul>\n<li><span class=\"outer\" style=\"color: #993366;\"><span class=\"inner\"><a href=\"https:\/\/malmed.gov.mk\/wp-content\/uploads\/13.1_Baranje_ukinuvanje_odobrenie-Homeo_Lek.zip\" style=\"color: #993366;\"><\/a><\/span>\u0428\u0410\u0411\u041b\u041e\u041d \u041d\u0410 \u041f\u041e\u0422\u0420\u0415\u0411\u041d\u0410\u0422\u0410 \u0414\u041e\u041a\u0423\u041c\u0415\u041d\u0422\u0410\u0426\u0418\u0408\u0410 \u0417\u0410 \u0411\u0410\u0420\u0410\u040a\u0415 \u0417\u0410 \u0423\u041a\u0418\u041d\u0423\u0412\u0410\u040a\u0415 \u041d\u0410 \u041e\u0414\u041e\u0411\u0420\u0415\u041d\u0418\u0415 \u0417\u0410 \u0421\u0422\u0410\u0412\u0410\u040a\u0415 \u041d\u0410 \u0425\u041e\u041c\u0415\u041e\u041f\u0410\u0422\u0421\u041a\u0418 \u041b\u0415\u041a \u0412\u041e \u041f\u0420\u041e\u041c\u0415\u0422<\/span><\/li>\n<\/ul>\n<p><span class=\"outer\" style=\"color: #993366;\"><span class=\"inner\"><a href=\"http:\/\/malmed.gov.mk\/wp-content\/uploads\/Upatstvo_za_dostavuvanje_na_dokumentacija_do_Arhivata_na_MALMED-homeopatski_lek.pdf\" target=\"_blank\" rel=\"noopener noreferrer\" style=\"color: #993366;\">5. UDH\u00cbZUES I DOR\u00cbZIMIT T\u00cb DOKUMENTACIONIT T\u00cb NEVOJSH\u00cbM GJAT\u00cb PARASHTRIMIT T\u00cb K\u00cbRKES\u00cbS TE ARKIVI I MALMED-it<\/a><\/span><\/span><\/p>\n<p><span>\u00a0<\/span><\/p>\n<p>&nbsp;<\/p>\n<p>[\/et_pb_toggle][\/et_pb_column][\/et_pb_row][et_pb_row _builder_version=&#8221;3.0.97&#8243;][et_pb_column type=&#8221;4_4&#8243; _builder_version=&#8221;3.0.97&#8243; parallax=&#8221;off&#8221; parallax_method=&#8221;on&#8221;][et_pb_toggle title=&#8221;\u0422\u0440\u0430\u0434\u0438\u0446\u0438\u043e\u043d\u0430\u043b\u0435\u043d \u043b\u0435\u043a&#8221; _builder_version=&#8221;3.0.97&#8243; title_font=&#8221;|600|||||||&#8221; title_text_color=&#8221;#912777&#8243; max_width=&#8221;70%&#8221; max_width_last_edited=&#8221;off|desktop&#8221;]<\/p>\n<p>&nbsp;<\/p>\n<p><span class=\"outer\"><span class=\"inner\"><a href=\"http:\/\/malmed.gov.mk\/wp-content\/uploads\/14-Baranje_za_registracija-TH_lek.pdf\" target=\"_blank\" rel=\"noopener noreferrer\"><span style=\"color: #993366;\">1. K\u00cbRKES\u00cb P\u00cbR MARRJE T\u00cb LEJES S\u00cb L\u00cbSHIM T\u00cb BARIT TRADICIONAL BIMOR N\u00cb QARKULLIM<\/span><\/a><\/span><\/span><\/p>\n<ul>\n<li><span class=\"outer\" style=\"color: #993366;\"><span class=\"inner\"><a href=\"https:\/\/malmed.gov.mk\/wp-content\/uploads\/14.1_Baranje_dobivanje_odobrenie-TH_Lek.zip\" target=\"_blank\" rel=\"noopener noreferrer\" style=\"color: #993366;\">\u0428\u0410\u0411\u041b\u041e\u041d \u0417\u0410 \u041f\u041e\u0422\u0420\u0415\u0411\u041d\u0410\u0422\u0410 \u0414\u041e\u041a\u0423\u041c\u0415\u041d\u0422\u0410\u0426\u0418\u0408\u0410 \u041d\u0410 \u0411\u0410\u0420\u0410\u040a\u0415 \u0417\u0410 \u0414\u041e\u0411\u0418\u0412\u0410\u040a\u0415 \u041d\u0410 \u041e\u0414\u041e\u0411\u0420\u0415\u041d\u0418\u0415 \u0417\u0410 \u0421\u0422\u0410\u0412\u0410\u040a\u0415 \u041d\u0410 \u0422\u0420\u0410\u0414\u0418\u0426\u0418\u041e\u041d\u0410\u041b\u0415\u041d \u0425\u0415\u0420\u0411\u0410\u041b\u0415\u041d \u041b\u0415\u041a \u0412\u041e \u041f\u0420\u041e\u041c\u0415\u0422<\/a><\/span><\/span><\/li>\n<\/ul>\n<p><span class=\"outer\" style=\"color: #993366;\"><span class=\"inner\"><a href=\"http:\/\/malmed.gov.mk\/wp-content\/uploads\/15-Baranje_za_obnova-TH_lek.pdf\" target=\"_blank\" rel=\"noopener noreferrer\" style=\"color: #993366;\">2. K\u00cbRKES\u00cb P\u00cbR P\u00cbRT\u00cbRITJE T\u00cb LEJES S\u00cb L\u00cbSHIM T\u00cb BARIT TRADICIONAL BIMOR N\u00cb QARKULLIM<\/a><\/span><\/span><\/p>\n<ul>\n<li><span class=\"outer\" style=\"color: #993366;\"><span class=\"inner\"><a href=\"https:\/\/malmed.gov.mk\/wp-content\/uploads\/15.1_Baranje_obnova_odobrenie-TH_Lek.zip\" target=\"_blank\" rel=\"noopener noreferrer\" style=\"color: #993366;\">\u0428\u0410\u0411\u041b\u041e\u041d \u0417\u0410 \u041f\u041e\u0422\u0420\u0415\u0411\u041d\u0410\u0422\u0410 \u0414\u041e\u041a\u0423\u041c\u0415\u041d\u0422\u0410\u0426\u0418\u0408\u0410 \u0417\u0410 \u0411\u0410\u0420\u0410\u040a\u0415 \u0417\u0410 \u041e\u0411\u041d\u041e\u0412\u0410 \u041d\u0410 \u041e\u0414\u041e\u0411\u0420\u0415\u041d\u0418\u0415\u0422\u041e \u0417\u0410 \u0421\u0422\u0410\u0412\u0410\u040a\u0415 \u041d\u0410 \u0422\u0420\u0410\u0414\u0418\u0426\u0418\u041e\u041d\u0410\u041b\u0415\u041d \u0425\u0415\u0420\u0411\u0410\u041b\u0415\u041d \u041b\u0415\u041a \u0412\u041e \u041f\u0420\u041e\u041c\u0415\u0422<\/a><\/span><\/span><\/li>\n<\/ul>\n<p><span class=\"outer\" style=\"color: #993366;\"><span class=\"inner\"><a href=\"http:\/\/16-izvestuvanje_baranje_za_varijacija-th_lek\/\" target=\"_blank\" rel=\"noopener noreferrer\" style=\"color: #993366;\">3. K\u00cbRKES\u00cb P\u00cbR NDRYSHIM T\u00cb LEJES S\u00cb L\u00cbSHIM T\u00cb BARIT TRADICIONAL BIMOR N\u00cb QARKULLIM<\/a><\/span><\/span><\/p>\n<ul>\n<li><span class=\"outer\" style=\"color: #993366;\"><span class=\"inner\"><a href=\"https:\/\/malmed.gov.mk\/wp-content\/uploads\/16.1_Baranje_promena_odobrenie-TH_Lek.zip\" target=\"_blank\" rel=\"noopener noreferrer\" style=\"color: #993366;\">\u0428\u0410\u0411\u041b\u041e\u041d \u041d\u0410 \u041f\u041e\u0422\u0420\u0415\u0411\u041d\u0410\u0422\u0410 \u0414\u041e\u041a\u0423\u041c\u0415\u041d\u0422\u0410\u0426\u0418\u0408\u0410 \u0417\u0410 \u0411\u0410\u0420\u0410\u040a\u0415 \u0417\u0410 \u041f\u0420\u041e\u041c\u0415\u041d\u0410 \u041d\u0410 \u041e\u0414\u041e\u0411\u0420\u0415\u041d\u0418\u0415 \u0417\u0410 \u0421\u0422\u0410\u0412\u0410\u040a\u0415 \u041d\u0410 \u0422\u0420\u0410\u0414\u0418\u0426\u0418\u041e\u041d\u0410\u041b\u0415\u041d \u0425\u0415\u0420\u0411\u0410\u041b\u0415\u041d \u041b\u0415\u041a \u0412\u041e \u041f\u0420\u041e\u041c\u0415\u0422<\/a><\/span><\/span><\/li>\n<\/ul>\n<p><span class=\"outer\" style=\"color: #993366;\"><span class=\"inner\"><a href=\"http:\/\/malmed.gov.mk\/wp-content\/uploads\/Upatstvo_za_dostavuvanje_na_dokumentacija_do_Arhivata_na_MALMED-TH_lek.pdf\" target=\"_blank\" rel=\"noopener noreferrer\" style=\"color: #993366;\">4. UDH\u00cbZUES I DOR\u00cbZIMIT T\u00cb DOKUMENTACIONIT T\u00cb NEVOJSHM\u00cbM GJAT\u00cb PARASHTRIMIT T\u00cb K\u00cbRKES\u00cbS TE ARKIVI I MALMED-it<\/a><\/span><\/span><\/p>\n<p><span>\u00a0<\/span><\/p>\n<p>&nbsp;<\/p>\n<p>[\/et_pb_toggle][\/et_pb_column][\/et_pb_row][\/et_pb_section]<\/p>","protected":false},"excerpt":{"rendered":"<p>[et_pb_section fb_built=&#8221;1&#8243; _builder_version=&#8221;3.0.97&#8243;][et_pb_row _builder_version=&#8221;3.0.97&#8243;][et_pb_column type=&#8221;4_4&#8243; _builder_version=&#8221;3.0.97&#8243; parallax=&#8221;off&#8221; parallax_method=&#8221;on&#8221;][et_pb_text _builder_version=&#8221;3.0.97&#8243; text_font=&#8221;||||||||&#8221; header_font=&#8221;||||||||&#8221;] \u0418\u041d\u0422\u0415\u0413\u0420\u0418\u0420\u0410\u041d \u0418\u041d\u0424\u041e\u0420\u041c\u0410\u0426\u0418\u0421\u041a\u0418 \u0421\u0418\u0421\u0422\u0415\u041c \u0410\u0433\u0435\u043d\u0446\u0438\u0458\u0430\u0442\u0430 \u0437\u0430 \u043b\u0435\u043a\u043e\u0432\u0438 \u0438 \u043c\u0435\u0434\u0438\u0446\u0438\u043d\u0441\u043a\u0438 \u0441\u0440\u0435\u0434\u0441\u0442\u0432\u0430 \u0432\u043e 2018 \u0433\u043e\u0434\u0438\u043d\u0430 \u0432\u043e\u0432\u0435\u0434\u0435 \u043d\u043e\u0432 \u0438\u043d\u0442\u0435\u0433\u0440\u0438\u0440\u0430\u043d \u0438\u043d\u0444\u043e\u0440\u043c\u0430\u0442\u0438\u0447\u043a\u0438 \u0441\u0438\u0441\u0442\u0435\u043c, \u0441\u043e \u0446\u0435\u043b \u0443\u043d\u0430\u043f\u0440\u0435\u0434\u0443\u0432\u0430\u045a\u0435 \u043d\u0430 \u0441\u0432\u043e\u0438\u0442\u0435 \u043f\u0440\u043e\u0446\u0435\u0441\u0438 \u0437\u0430 \u043f\u043e\u0435\u0444\u0438\u043a\u0430\u0441\u043d\u043e \u0438 \u043f\u043e\u0431\u0440\u0437\u043e \u0441\u043f\u0440\u043e\u0432\u0435\u0434\u0443\u0432\u0430\u045a\u0435 \u043d\u0430 \u043f\u043e\u0441\u0442\u0430\u043f\u043a\u0438\u0442\u0435 \u043a\u043e\u0438 \u0441\u0435 \u0432\u043e \u043d\u0435\u0458\u0437\u0438\u043d\u0430 \u043d\u0430\u0434\u043b\u0435\u0436\u043d\u043e\u0441\u0442. \u041f\u0420\u0418\u0421\u0422\u0410\u041f \u0414\u041e \u0421\u0418\u0421\u0422\u0415\u041c\u041e\u0422 \u00a0 [\/et_pb_text][\/et_pb_column][\/et_pb_row][et_pb_row _builder_version=&#8221;3.0.97&#8243;][et_pb_column type=&#8221;4_4&#8243; _builder_version=&#8221;3.0.97&#8243; parallax=&#8221;off&#8221; [&hellip;]<\/p>","protected":false},"author":2,"featured_media":0,"parent":0,"menu_order":0,"comment_status":"closed","ping_status":"closed","template":"","meta":{"footnotes":""},"class_list":["post-5638","page","type-page","status-publish","hentry"],"_links":{"self":[{"href":"https:\/\/malmed.gov.mk\/sq\/wp-json\/wp\/v2\/pages\/5638","targetHints":{"allow":["GET"]}}],"collection":[{"href":"https:\/\/malmed.gov.mk\/sq\/wp-json\/wp\/v2\/pages"}],"about":[{"href":"https:\/\/malmed.gov.mk\/sq\/wp-json\/wp\/v2\/types\/page"}],"author":[{"embeddable":true,"href":"https:\/\/malmed.gov.mk\/sq\/wp-json\/wp\/v2\/users\/2"}],"replies":[{"embeddable":true,"href":"https:\/\/malmed.gov.mk\/sq\/wp-json\/wp\/v2\/comments?post=5638"}],"version-history":[{"count":0,"href":"https:\/\/malmed.gov.mk\/sq\/wp-json\/wp\/v2\/pages\/5638\/revisions"}],"wp:attachment":[{"href":"https:\/\/malmed.gov.mk\/sq\/wp-json\/wp\/v2\/media?parent=5638"}],"curies":[{"name":"wp","href":"https:\/\/api.w.org\/{rel}","templated":true}]}}