{"id":512,"date":"2017-03-02T07:54:04","date_gmt":"2017-03-02T07:54:04","guid":{"rendered":"https:\/\/malmed.gov.mk\/?page_id=512"},"modified":"2022-06-24T08:54:41","modified_gmt":"2022-06-24T08:54:41","slug":"%d1%86%d0%b5%d0%bd%d0%be%d0%b2%d0%bd%d0%b8%d0%ba-%d0%bd%d0%b0-%d1%83%d1%81%d0%bb%d1%83%d0%b3%d0%b8","status":"publish","type":"page","link":"https:\/\/malmed.gov.mk\/sq\/%d1%86%d0%b5%d0%bd%d0%be%d0%b2%d0%bd%d0%b8%d0%ba-%d0%bd%d0%b0-%d1%83%d1%81%d0%bb%d1%83%d0%b3%d0%b8\/","title":{"rendered":"\u00c7mimet e sh\u00ebrbimeve"},"content":{"rendered":"<p><span style=\"color: #912777;\"><a style=\"color: #912777;\" href=\"http:\/\/malmed.gov.mk\/wp-content\/uploads\/10-Pravilnik_za_nadomestoci_vo_postapkite_soglasno_Zakonot-Sl.Vesnik-br.188-2015.pdf\" target=\"_blank\" rel=\"noopener noreferrer\">\u041f\u0440\u0430\u0432\u0438\u043b\u043d\u0438\u043a \u0437\u0430 \u043d\u0430\u0434\u043e\u043c\u0435\u0441\u0442\u043e\u0446\u0438 \u0438 \u0432\u0438\u0441\u0438\u043d\u0430 \u043d\u0430 \u0442\u0440\u043e\u0448\u043e\u0446\u0438 \u0448\u0442\u043e \u0441\u0435 \u043f\u043b\u0430\u045c\u0430\u0430\u0442 \u0432\u043e \u043f\u043e\u0441\u0442\u0430\u043f\u043a\u0438\u0442\u0435 \u0448\u0442\u043e \u0441\u0435 \u0432\u043e\u0434\u0430\u0442 \u0441\u043e\u0433\u043b\u0430\u0441\u043d\u043e \u0417\u0430\u043a\u043e\u043d\u043e\u0442 \u0437\u0430 \u043b\u0435\u043a\u043e\u0432\u0438\u0442\u0435 \u0438 \u043c\u0435\u0434\u0438\u0446\u0438\u043d\u0441\u043a\u0438\u0442\u0435 \u0441\u0440\u0435\u0434\u0441\u0442\u0432\u0430 \u201e\u0421\u043b\u0443\u0436\u0431\u0435\u043d \u0432\u0435\u0441\u043d\u0438\u043a \u043d\u0430 \u0420\u041c\u201c, \u0431\u0440. 188\/15<\/a><\/span><\/p>\n<p><span style=\"color: #912777;\"><a style=\"color: #912777;\" href=\"http:\/\/malmed.gov.mk\/wp-content\/uploads\/Pravilnik_za_izmenuvanje_i_dopolnuvanje_na_Pravilnikot_za_nadomestoci-217-2016.pdf\" target=\"_blank\" rel=\"noopener noreferrer\"> \u041f\u0440\u0430\u0432\u0438\u043b\u043d\u0438\u043a \u0437\u0430 \u0438\u0437\u043c\u0435\u043d\u0443\u0432\u0430\u045a\u0435 \u0438 \u0434\u043e\u043f\u043e\u043b\u043d\u0443\u0432\u0430\u045a\u0435 \u043d\u0430 \u041f\u0440\u0430\u0432\u0438\u043b\u043d\u0438\u043a\u043e\u0442 \u0437\u0430 \u043d\u0430\u0434\u043e\u043c\u0435\u0441\u0442\u043e\u0446\u0438 \u0438 \u0432\u0438\u0441\u0438\u043d\u0430 \u043d\u0430 \u0442\u0440\u043e\u0448\u043e\u0446\u0438 \u0448\u0442\u043e \u0441\u0435 \u043f\u043b\u0430\u045c\u0430\u0430\u0442 \u0432\u043e \u043f\u043e\u0441\u0442\u0430\u043f\u043a\u0438\u0442\u0435 \u0448\u0442\u043e \u0441\u0435 \u0432\u043e\u0434\u0430\u0442 \u0441\u043e\u0433\u043b\u0430\u0441\u043d\u043e \u0417\u0430\u043a\u043e\u043d\u043e\u0442 \u0437\u0430 \u043b\u0435\u043a\u043e\u0432\u0438\u0442\u0435 \u0438 \u043c\u0435\u0434\u0438\u0446\u0438\u043d\u0441\u043a\u0438\u0442\u0435 \u0441\u0440\u0435\u0434\u0441\u0442\u0432\u0430 \u201e\u0421\u043b\u0443\u0436\u0431\u0435\u043d \u0432\u0435\u0441\u043d\u0438\u043a \u043d\u0430 \u0420\u041c\u201c, \u0431\u0440. 217\/16<\/a><\/span><\/p>\n<p><span style=\"color: #912777;\"><a style=\"color: #912777;\" href=\"https:\/\/malmed.gov.mk\/wp-content\/uploads\/Pravilnikot-za-izmenuvanje-i-dopolnuvanje-na-Pravilnikot-za-nadomestoci-2022.pdf\" target=\"_blank\" rel=\"noopener noreferrer\">\u041f\u0440\u0430\u0432\u0438\u043b\u043d\u0438\u043a \u0437\u0430 \u0438\u0437\u043c\u0435\u043d\u0443\u0432\u0430\u045a\u0435 \u0438 \u0434\u043e\u043f\u043e\u043b\u043d\u0443\u0432\u0430\u045a\u0435 \u043d\u0430 \u043f\u0440\u0430\u0432\u0438\u043b\u043d\u0438\u043a\u043e\u0442 \u0437\u0430 \u043d\u0430\u0434\u043e\u043c\u0435\u0441\u0442\u043e\u0446\u0438 \u0438 \u0432\u0438\u0441\u0438\u043d\u0430\u0442\u0430 \u043d\u0430 \u0442\u0440\u043e\u0448\u043e\u0446\u0438\u0442\u0435 \u0448\u0442\u043e \u0441\u0435 \u043f\u043b\u0430\u045c\u0430\u0430\u0442 \u0432\u043e \u043f\u043e\u0441\u0442\u0430\u043f\u043a\u0438\u0442\u0435 \u0448\u0442\u043e \u0441\u0435 \u0432\u043e\u0434\u0430\u0442 \u0441\u043e\u0433\u043b\u0430\u0441\u043d\u043e \u0437\u0430\u043a\u043e\u043d\u043e\u0442 \u0437\u0430 \u043b\u0435\u043a\u043e\u0432\u0438 \u0438 \u043c\u0435\u0434\u0438\u0446\u0438\u043d\u0441\u043a\u0438\u0442\u0435 \u0441\u0440\u0435\u0434\u0441\u0442\u0432\u0430 <\/a><a style=\"color: #912777;\" href=\"http:\/\/malmed.gov.mk\/wp-content\/uploads\/Pravilnik_za_izmenuvanje_i_dopolnuvanje_na_Pravilnikot_za_nadomestoci-217-2016.pdf\" target=\"_blank\" rel=\"noopener noreferrer\">\u201e<\/a><a style=\"color: #912777;\" href=\"https:\/\/malmed.gov.mk\/wp-content\/uploads\/Pravilnikot-za-izmenuvanje-i-dopolnuvanje-na-Pravilnikot-za-nadomestoci-2022.pdf\" target=\"_blank\" rel=\"noopener noreferrer\">\u0421\u043b\u0443\u0436\u0431\u0435\u043d \u0432\u0435\u0441\u043d\u0438\u043a \u043d\u0430 \u0420\u0421\u041c<\/a><\/span><span style=\"color: #912777;\"><a style=\"color: #912777;\" href=\"http:\/\/malmed.gov.mk\/wp-content\/uploads\/Pravilnik_za_izmenuvanje_i_dopolnuvanje_na_Pravilnikot_za_nadomestoci-217-2016.pdf\" target=\"_blank\" rel=\"noopener noreferrer\">&#8220;, \u0431\u0440.143\/22\u00a0<\/a><\/span><\/p>\n<p>Llogarit\u00eb bankare t\u00eb Agjencis\u00eb s\u00eb Barnave dhe Pajisjeve Mjek\u00ebsore:<br \/>Pagesa e shum\u00ebs s\u00eb tarifave t\u00eb p\u00ebrcaktuara n\u00eb lidhje me Rregulloren p\u00ebr tarifat dhe shum\u00ebn e kostove q\u00eb paguhen q\u00eb p\u00ebrmbahen n\u00eb p\u00ebrputhje me Ligjin e Barnave dhe Pajisjeve Mjek\u00ebsore (\"Gazeta Zyrtare e Republik\u00ebs s\u00eb Maqedonis\u00eb s\u00eb Veriut\" nr. 188\/15) kryhet n\u00eb favor t\u00eb marr\u00ebsit, si m\u00eb posht\u00eb:<\/p>\n<p>1. Emri dhe adresa e marr\u00ebsit:<br \/>Llogaria e Thesarit<br \/>Agjensia e Barnave - R. e Maqedonis\u00eb s\u00eb Veriut<br \/>Banka e marr\u00ebsit: Banka Komb\u00ebtare e Republik\u00ebs s\u00eb Maqedonis\u00eb Veriut<br \/>Llogaria e transaksionit: 100000000063095<br \/>Llogaria e p\u00ebrdoruesit t\u00eb buxhetit: 1900162391-631-14<br \/>Kodi i t\u00eb Ardhurave: 723813-30<br \/>Shablloni: PP50<br \/>P\u00ebr tarifat n\u00eb p\u00ebrputhje me nenet 2, 3, 4, 5, 6, 7, 10, 11, 12, 13 dhe 14 t\u00eb Rregullores<\/p>\n<p>2. Emri dhe selia e marr\u00ebsit:<br \/>Llogaria e Thesarit<br \/>Agjensia e Barnave - R. e Maqedonis\u00eb s\u00eb Veriut<br \/>Banka e marr\u00ebsit: Banka Komb\u00ebtare e Republik\u00ebs s\u00eb Maqedonis\u00eb Veriut<br \/>Llogaria e transaksionit: 100000000063095<br \/>Llogaria e p\u00ebrdoruesit t\u00eb buxhetit: 1900162391-787-14<br \/>Kodi i t\u00eb Ardhurave: 723819-30<br \/>Shablloni: PP50<br \/>P\u00ebr tarifat n\u00eb p\u00ebrputhje me nenet 8 dhe 9 t\u00eb Rregullores.<\/p>\n<p>Pagesa e shum\u00ebs s\u00eb tarifave t\u00eb p\u00ebrcaktuara n\u00eb lidhje me Ligjin e Tarifave Administrative (\"Gazeta Zyrtare e Republik\u00ebs s\u00eb Maqedonis\u00eb\" Nr. 06\/10) do t\u00eb b\u00ebhet n\u00eb favor t\u00eb marr\u00ebsit.<\/p>\n<p>6. Emri dhe selia e marr\u00ebsit:<br \/>Buxheti i Republik\u00ebs s\u00eb Maqedonis\u00eb s\u00eb Veriut<br \/>Banka e marr\u00ebsit: Banka Komb\u00ebtare e Republik\u00ebs s\u00eb Maqedonis\u00eb Veriut<br \/>Llogaria e transaksionit: 100000000063095<br \/>Llogaria e pages\u00ebs: 840-182-03161<br \/>Kodi i t\u00eb ardhurave: 722313-00<br \/>Shablloni: PP50<br \/>Sipas numrit t\u00eb tarif\u00ebs 1, 2, 3, 38, 48, 60, 65, 66, 67, 68, 69, 73, 129 \u0438 130 t\u00eb Ligjit.<\/p>\n<p><a href=\"https:\/\/malmed.gov.mk\/wp-content\/uploads\/Administartivna-taksa.pdf\" target=\"_blank\" rel=\"noopener noreferrer\"><span style=\"color: #912777;\"><span style=\"text-decoration: underline;\">Tarifat administrative<\/span><\/span><\/a><\/p>\n\n\n<p><\/p>\n\n\n\n<p><\/p>\n\n\n\n<p><\/p>\n\n\n\n<p><\/p>\n\n\n\n<p><\/p>\n\n\n\n<p><\/p>","protected":false},"excerpt":{"rendered":"<p>\u041f\u0440\u0430\u0432\u0438\u043b\u043d\u0438\u043a \u0437\u0430 \u043d\u0430\u0434\u043e\u043c\u0435\u0441\u0442\u043e\u0446\u0438 \u0438 \u0432\u0438\u0441\u0438\u043d\u0430 \u043d\u0430 \u0442\u0440\u043e\u0448\u043e\u0446\u0438 \u0448\u0442\u043e \u0441\u0435 \u043f\u043b\u0430\u045c\u0430\u0430\u0442 \u0432\u043e \u043f\u043e\u0441\u0442\u0430\u043f\u043a\u0438\u0442\u0435 \u0448\u0442\u043e \u0441\u0435 \u0432\u043e\u0434\u0430\u0442 \u0441\u043e\u0433\u043b\u0430\u0441\u043d\u043e \u0417\u0430\u043a\u043e\u043d\u043e\u0442 \u0437\u0430 \u043b\u0435\u043a\u043e\u0432\u0438\u0442\u0435 \u0438 \u043c\u0435\u0434\u0438\u0446\u0438\u043d\u0441\u043a\u0438\u0442\u0435 \u0441\u0440\u0435\u0434\u0441\u0442\u0432\u0430 \u201e\u0421\u043b\u0443\u0436\u0431\u0435\u043d \u0432\u0435\u0441\u043d\u0438\u043a \u043d\u0430 \u0420\u041c\u201c, \u0431\u0440. 188\/15 \u041f\u0440\u0430\u0432\u0438\u043b\u043d\u0438\u043a \u0437\u0430 \u0438\u0437\u043c\u0435\u043d\u0443\u0432\u0430\u045a\u0435 \u0438 \u0434\u043e\u043f\u043e\u043b\u043d\u0443\u0432\u0430\u045a\u0435 \u043d\u0430 \u041f\u0440\u0430\u0432\u0438\u043b\u043d\u0438\u043a\u043e\u0442 \u0437\u0430 \u043d\u0430\u0434\u043e\u043c\u0435\u0441\u0442\u043e\u0446\u0438 \u0438 \u0432\u0438\u0441\u0438\u043d\u0430 \u043d\u0430 \u0442\u0440\u043e\u0448\u043e\u0446\u0438 \u0448\u0442\u043e \u0441\u0435 \u043f\u043b\u0430\u045c\u0430\u0430\u0442 \u0432\u043e \u043f\u043e\u0441\u0442\u0430\u043f\u043a\u0438\u0442\u0435 \u0448\u0442\u043e \u0441\u0435 \u0432\u043e\u0434\u0430\u0442 \u0441\u043e\u0433\u043b\u0430\u0441\u043d\u043e \u0417\u0430\u043a\u043e\u043d\u043e\u0442 \u0437\u0430 \u043b\u0435\u043a\u043e\u0432\u0438\u0442\u0435 \u0438 \u043c\u0435\u0434\u0438\u0446\u0438\u043d\u0441\u043a\u0438\u0442\u0435 [&hellip;]<\/p>","protected":false},"author":1,"featured_media":0,"parent":0,"menu_order":0,"comment_status":"closed","ping_status":"closed","template":"","meta":{"footnotes":""},"class_list":["post-512","page","type-page","status-publish","hentry"],"_links":{"self":[{"href":"https:\/\/malmed.gov.mk\/sq\/wp-json\/wp\/v2\/pages\/512","targetHints":{"allow":["GET"]}}],"collection":[{"href":"https:\/\/malmed.gov.mk\/sq\/wp-json\/wp\/v2\/pages"}],"about":[{"href":"https:\/\/malmed.gov.mk\/sq\/wp-json\/wp\/v2\/types\/page"}],"author":[{"embeddable":true,"href":"https:\/\/malmed.gov.mk\/sq\/wp-json\/wp\/v2\/users\/1"}],"replies":[{"embeddable":true,"href":"https:\/\/malmed.gov.mk\/sq\/wp-json\/wp\/v2\/comments?post=512"}],"version-history":[{"count":0,"href":"https:\/\/malmed.gov.mk\/sq\/wp-json\/wp\/v2\/pages\/512\/revisions"}],"wp:attachment":[{"href":"https:\/\/malmed.gov.mk\/sq\/wp-json\/wp\/v2\/media?parent=512"}],"curies":[{"name":"wp","href":"https:\/\/api.w.org\/{rel}","templated":true}]}}