{"id":5106,"date":"2021-05-04T07:10:51","date_gmt":"2021-05-04T07:10:51","guid":{"rendered":"https:\/\/malmed.gov.mk\/?page_id=5106"},"modified":"2025-07-22T08:48:01","modified_gmt":"2025-07-22T08:48:01","slug":"%d0%b7%d0%b0-%d0%b7%d0%b0%d0%bc%d0%b5%d0%bd%d0%b8%d0%ba-%d0%b4%d0%b8%d1%80%d0%b5%d0%ba%d1%82%d0%be%d1%80%d0%be%d1%82","status":"publish","type":"page","link":"https:\/\/malmed.gov.mk\/sq\/%d0%b7%d0%b0-%d0%b7%d0%b0%d0%bc%d0%b5%d0%bd%d0%b8%d0%ba-%d0%b4%d0%b8%d1%80%d0%b5%d0%ba%d1%82%d0%be%d1%80%d0%be%d1%82\/","title":{"rendered":"P\u00ebr Z\u00ebvend\u00ebs Drejtor"},"content":{"rendered":"<p>[et_pb_section fb_built=&#8221;1&#8243; _builder_version=&#8221;3.0.97&#8243;][et_pb_row _builder_version=&#8221;3.0.97&#8243;][et_pb_column type=&#8221;1_2&#8243; _builder_version=&#8221;3.0.97&#8243; parallax=&#8221;off&#8221; parallax_method=&#8221;on&#8221;][et_pb_image src=&#8221;https:\/\/malmed.gov.mk\/wp-content\/uploads\/IMG_7890.jpg&#8221; _builder_version=&#8221;3.0.97&#8243; max_width=&#8221;60%&#8221;][\/et_pb_image][\/et_pb_column][et_pb_column type=&#8221;1_2&#8243; _builder_version=&#8221;3.0.97&#8243; parallax=&#8221;off&#8221; parallax_method=&#8221;on&#8221;][et_pb_text _builder_version=&#8221;3.0.97&#8243;]<\/p>\n<p>Z\u00ebvend\u00ebs Drejtor i Agjencis\u00eb s\u00eb Barnave dhe Pajisjeve Mjek\u00ebsore<\/p>\n<p><strong>\u041c\u0430\u0458\u0430 \u041a\u043e\u0432\u0430\u0447\u0435\u0432\u0430 \u041c-\u0440 \u0444\u0430\u0440\u043c. \u0441\u043f\u0435\u0446. <\/strong><\/p>\n<p>\u0420\u043e\u0434\u0435\u043d\u0430: 26.05.1968<\/p>\n<p>\u041c\u0435\u0441\u0442\u043e: \u0411\u0438\u0442\u043e\u043b\u0430<\/p>\n<p>e-mail: <span color=\"#3366ff\" style=\"color: #3366ff;\">maja.kovaceva@malmed.gov.mk<\/span><\/p>\n<p>tel: 02-3200-043<\/p>\n<p>[\/et_pb_text][\/et_pb_column][\/et_pb_row][et_pb_row _builder_version=&#8221;3.0.97&#8243;][et_pb_column type=&#8221;4_4&#8243; _builder_version=&#8221;3.0.97&#8243; parallax=&#8221;off&#8221; parallax_method=&#8221;on&#8221;][et_pb_text _builder_version=&#8221;3.0.97&#8243;]<\/p>\n<p style=\"text-align: justify;\"><strong>T\u00eb dh\u00ebna biografike:<\/strong><\/p>\n<p>\u0414\u0438\u043f\u043b\u043e\u043c\u0438\u0440\u0430\u043b\u0430 \u0432\u043e 1994 \u0433\u043e\u0434\u0438\u043d\u0430 \u043d\u0430 \u0423\u043d\u0438\u0432\u0435\u0440\u0437\u0438\u0442\u0435\u0442\u043e\u0442 \u0421\u0432. \u041a\u0438\u0440\u0438\u043b \u0438 \u041c\u0435\u0442\u043e\u0434\u0438\u0458 \u043d\u0430 \u0424\u0430\u0440\u043c\u0430\u0446\u0435\u0432\u0442\u0441\u043a\u0438\u043e\u0442 \u0444\u0430\u043a\u0443\u043b\u0442\u0435\u0442 \u0432\u043e \u0421\u043a\u043e\u043f\u0458\u0435, \u0430 \u0432\u043e 2006 \u0433\u043e\u0434\u0438\u043d\u0430 \u0441\u043f\u0435\u0446\u0438\u0458\u0430\u043b\u0438\u0437\u0438\u0440\u0430\u043b\u0430 \u0432\u043e \u043e\u0431\u043b\u0430\u0441\u0442\u0430 \u0424\u0430\u0440\u043c\u0430\u043a\u043e\u0438\u043d\u0444\u043e\u0440\u043c\u0430\u0442\u0438\u043a\u0430 \u043d\u0430 \u0424\u0430\u0440\u043c\u0430\u0446\u0435\u0432\u0442\u0441\u043a\u0438\u043e\u0442 \u0444\u0430\u043a\u0443\u043b\u0442\u0435\u0442 \u043f\u0440\u0438 \u0423\u043d\u0438\u0432\u0435\u0440\u0437\u0438\u0442\u0435\u0442\u043e\u0442 \u0421\u0432. \u041a\u0438\u0440\u0438\u043b \u0438 \u041c\u0435\u0442\u043e\u0434\u0438\u0458- \u0421\u043a\u043e\u043f\u0458\u0435.<\/p>\n<p>\u0412\u043e \u0441\u0432\u043e\u0458\u0430\u0442\u0430 30 \u0433\u043e\u0434\u0438\u0448\u043d\u0430 \u043a\u0430\u0440\u0438\u0435\u0440\u0430 \u0440\u0430\u0431\u043e\u0442\u0435\u043b\u0430 \u0432\u043e \u043f\u043e\u0432\u0435\u045c\u0435 \u0441\u0435\u0433\u043c\u0435\u043d\u0442\u0438 \u043e\u0434 \u0437\u0434\u0440\u0430\u0432\u0441\u0442\u0432\u043e\u0442\u043e: \u0430\u043f\u0442\u0435\u043a\u0438, \u0432\u0435\u043b\u0435\u0434\u0440\u043e\u0433\u0435\u0440\u0438\u0458\u0430, \u0430 \u043d\u0430\u0458\u0433\u043e\u043b\u0435\u043c \u0434\u0435\u043b \u043e\u0434 \u0438\u0441\u043a\u0443\u0441\u0442\u0432\u043e\u0442\u043e \u0433\u043e \u0438\u043c\u0430 \u0441\u0442\u0435\u043a\u043d\u0430\u0442\u043e \u0432\u043e \u0424\u0430\u0440\u043c\u0430\u0446\u0435\u0432\u0442\u0441\u043a\u0430\u0442\u0430 \u043a\u043e\u043c\u043e\u0440\u0430 \u043d\u0430 \u041c\u0430\u043a\u0435\u0434\u043e\u043d\u0438\u0458\u0430 \u043a\u0430\u043a\u043e \u0441\u043e\u0432\u0435\u0442\u043d\u0438\u043a \u0437\u0430 \u0444\u0430\u0440\u043c\u0430\u0446\u0435\u0432\u0442\u0441\u043a\u0438 \u0440\u0430\u0431\u043e\u0442\u0438.<\/p>\n<p>\u041e\u0434 \u043f\u0440\u043e\u0444\u0435\u0441\u0438\u043e\u043d\u0430\u043b\u043d\u0438\u0442\u0435 \u0430\u043a\u0442\u0438\u0432\u043d\u043e\u0441\u0442\u0438 \u0431\u0438\u043b\u0430 \u0447\u043b\u0435\u043d \u043d\u0430 \u0423\u043f\u0440\u0430\u0432\u0435\u043d\u0438\u043e\u0442 \u043e\u0434\u0431\u043e\u0440 \u043d\u0430 \u0424\u043e\u043d\u0434\u043e\u0442 \u0437\u0430 \u0437\u0434\u0440\u0430\u0432\u0441\u0442\u0432\u0435\u043d\u043e\u0442\u043e \u043e\u0441\u0438\u0433\u0443\u0440\u0443\u0432\u0430\u045a\u0435 \u043a\u0430\u043a\u043e \u043f\u0440\u0435\u0434\u0441\u0442\u0430\u0432\u043d\u0438\u043a \u043d\u0430 \u0442\u0440\u0438\u0442\u0435 \u043a\u043e\u043c\u043e\u0440\u0438 (\u041b\u0435\u043a\u0430\u0440\u0441\u043a\u0430, \u0424\u0430\u0440\u043c\u0430\u0446\u0435\u0432\u0442\u0441\u043a\u0430 \u0438 \u0421\u0442\u043e\u043c\u0430\u0442\u043e\u043b\u043e\u0448\u043a\u0430) \u0432\u043e \u043f\u0435\u0440\u0438\u043e\u0434 \u043e\u0434 \u00a02022-2024.<\/p>\n<p>\u041a\u043e\u043e\u0440\u0434\u0438\u043d\u0430\u0442\u043e\u0440 \u0435 \u043d\u0430 \u0424\u0430\u0440\u043c\u0430\u0446\u0435\u0432\u0442\u0441\u043a\u0430\u0442\u0430 \u043a\u043e\u043c\u043e\u0440\u0430 \u043d\u0430 \u041c\u0430\u043a\u0435\u0434\u043e\u043d\u0438\u0458\u0430 \u0441\u043e \u0424\u0430\u0440\u043c\u0430\u0446\u0435\u0432\u0442\u0441\u043a\u0430\u0442\u0430 \u0433\u0440\u0443\u043f\u0430 \u043d\u0430 \u0435\u0432\u0440\u043e\u043f\u0441\u043a\u0430\u0442\u0430 \u0443\u043d\u0438\u0458\u0430 (PGEU) \u043e\u0434 2021;<\/p>\n<p>\u041a\u043e\u043e\u0440\u0434\u0438\u043d\u0430\u0442\u043e\u0440 \u0435 \u043d\u0430 \u041e\u0434\u0431\u043e\u0440\u043e\u0442 \u0437\u0430 \u0431\u043e\u043b\u043d\u0438\u0447\u043a\u0430 \u0444\u0430\u0440\u043c\u0430\u0446\u0438\u0458\u0430 \u0441\u043e \u0415\u0432\u0440\u043e\u043f\u0441\u043a\u0430\u0442\u0430 \u0430\u0441\u043e\u0446\u0438\u0458\u0430\u0446\u0438\u0458\u0430 \u043d\u0430 \u0431\u043e\u043b\u043d\u0438\u0447\u043a\u0438 \u0444\u0430\u0440\u043c\u0430\u0446\u0435\u0432\u0442\u0438 (\u0415\u0410\u0425\u041f) \u043e\u0434 2008.<\/p>\n<p>\u0411\u0438\u043b\u0430 \u0434\u0435\u043b\u0435\u0433\u0430\u0442 \u0432\u043e \u0413\u0435\u043d\u0435\u0440\u0435\u043b\u043d\u043e\u0442\u043e \u0441\u043e\u0431\u0440\u0430\u043d\u0438\u0435 \u043d\u0430 \u0415\u0410\u0425\u041f \u0437\u0430 \u041c\u0430\u043a\u0435\u0434\u043e\u043d\u0438\u0458\u0430 2008-2012<\/p>\n<p>\u0427\u043b\u0435\u043d \u0435 \u043d\u0430 \u0438\u0441\u043f\u0438\u0442\u043d\u0438 \u043a\u043e\u043c\u0438\u0441\u0438\u0438 \u0437\u0430 \u043f\u043e\u043b\u0430\u0433\u0430\u045a\u0435 \u043d\u0430 \u0441\u0442\u0440\u0443\u0447\u0435\u043d \u0438\u0441\u043f\u0438\u0442 \u043d\u0430 \u0437\u0434\u0440\u0430\u0432\u0441\u0442\u0432\u0435\u043d\u0438 \u0440\u0430\u0431\u043e\u0442\u043d\u0438\u0446\u0438 \u043e\u0434 \u043e\u0431\u043b\u0430\u0441\u0442\u0430 \u043d\u0430 \u0444\u0430\u0440\u043c\u0430\u0446\u0438\u0458\u0430\u0442\u0430 \u043e\u0434 2007.<\/p>\n<p>\u0411\u0438\u043b\u0430 \u0434\u0435\u043b\u0435\u0433\u0430\u0442 \u043d\u0430 \u0413\u0435\u043d\u0435\u0440\u0430\u043b\u043d\u043e\u0442\u043e \u0441\u043e\u0431\u0440\u0430\u043d\u0438\u0435 \u043d\u0430 \u0415\u0443\u0440\u043e\u0444\u0430\u0440\u043c\u0444\u043e\u0440\u0443\u043c\u043e\u0442 \u0432\u043e \u043f\u0435\u0440\u0438\u043e\u0434 \u043e\u0434 2007-2011<\/p>\n<p>\u0423\u0447\u0435\u0441\u0442\u0432\u0443\u0432\u0430\u043b\u0430 \u0432\u043e \u043e\u0440\u0433\u0430\u043d\u0438\u0437\u0430\u0446\u0438\u0458\u0430 \u043d\u0430 Medication safety matters, Europharm forum 20-th Annual meeting, 14-15 October 2011, Ohrid, Macedonia.<\/p>\n<p>\u0410\u043a\u0440\u0435\u0434\u0438\u0442\u0438\u0440\u0430\u043d \u0435\u0434\u0443\u043a\u0430\u0442\u043e\u0440, \u043c\u0435\u043d\u0442\u043e\u0440 \u0438 \u0438\u0441\u043f\u0438\u0442\u0443\u0432\u0430\u0447 \u0437\u0430 \u0434\u0438\u043f\u043b\u043e\u043c\u0438\u0440\u0430\u043d\u0438\u0442\u0435 \u0444\u0430\u0440\u043c\u0430\u0446\u0435\u0432\u0442\u0438\/\u043c\u0430\u0433\u0438\u0441\u0442\u0440\u0438 \u043f\u043e \u0444\u0430\u0440\u043c\u0430\u0446\u0438\u0458\u0430 \u043e\u0434 \u043e\u0431\u043b\u0430\u0441\u0442\u0430 \u043d\u0430 \u0444\u0430\u0440\u043c\u0430\u043a\u043e\u0438\u043d\u0444\u043e\u0440\u043c\u0430\u0442\u0438\u043a\u0430\u0442\u0430 \u043d\u0430 \u0442\u0440\u0435\u043d\u0438\u043d\u0433 \u0437\u0430 \u0435\u0434\u0443\u043a\u0430\u0442\u043e\u0440\u0438, \u043c\u0435\u043d\u0442\u043e\u0440\u0438 \u0438 \u0438\u0441\u043f\u0438\u0442\u0443\u0432\u0430\u0447\u0438 \u0432\u043e \u043e\u0440\u0433\u0430\u043d\u0438\u0437\u0430\u0446\u0438\u0458\u0430 \u043d\u0430 \u0421\u0417\u041e \u0432\u043e 2009 \u0433\u043e\u0434\u0438\u043d\u0430.<\/p>\n<p>\u041a\u043e\u043e\u0440\u0434\u0438\u043d\u0430\u0442\u043e\u0440 \u0435 \u043d\u0430 \u0424\u0430\u0440\u043c\u0430\u0446\u0435\u0432\u0442\u0441\u043a\u0430\u0442\u0430 \u043a\u043e\u043c\u043e\u0440\u0430 \u0441\u043e \u0418\u043d\u0442\u0435\u0440\u043d\u0430\u0446\u0438\u043e\u043d\u0430\u043b\u043d\u0430\u0442\u0430 \u0424\u0430\u0440\u043c\u0430\u0446\u0435\u0432\u0442\u0441\u043a\u0430 \u0424\u0435\u0434\u0435\u0440\u0430\u0446\u0438\u0458\u0430 (FIP) \u043e\u0434 2007.<\/p>\n<p>\u0413\u043b\u0430\u0432\u0435\u043d \u0443\u0440\u0435\u0434\u043d\u0438\u043a \u0435 \u043d\u0430 \u043f\u0440\u043e\u0444\u0435\u0441\u0438\u043e\u043d\u0430\u043b\u043d\u043e\u0442\u043e \u0441\u043f\u0438\u0441\u0430\u043d\u0438\u0435 \u043d\u0430 \u0424\u0430\u0440\u043c\u0430\u0446\u0435\u0432\u0442\u0441\u043a\u0430\u0442\u0430 \u043a\u043e\u043c\u043e\u0440\u0430 \u201e\u0424\u0430\u0440\u043c\u0430\u0446\u0435\u0432\u0442\u0441\u043a\u0438 \u0418\u043d\u0444\u043e\u0440\u043c\u0430\u0442\u043e\u0440\u201c \u043e\u0434\u00a0 2007.<\/p>\n<p>\u0423\u0447\u0435\u0441\u0442\u0432\u0443\u0432\u0430\u043b\u0430 \u0432\u043e \u043f\u0440\u043e\u0435\u043a\u0442\u043e\u0442 \u0420\u0430\u0437\u0432\u043e\u0458 \u043d\u0430 \u0444\u0430\u0440\u043c\u0430\u0446\u0435\u0432\u0442\u0441\u043a\u0430\u0442\u0430 \u043f\u0440\u0430\u043a\u0442\u0438\u043a\u0430 ,,\u0424\u0430\u0440\u043c\u0430\u0446\u0435\u0432\u0442\u0441\u043a\u0430 \u0433\u0440\u0438\u0436\u0430,, -\u043f\u0440\u043e\u0435\u043a\u0442 \u0437\u0430 \u0443\u043f\u0440\u0430\u0432\u0443\u0432\u0430\u045a\u0435 \u0441\u043e \u0437\u0434\u0440\u0430\u0432\u0441\u0442\u0432\u0435\u043d\u0438\u043e\u0442 \u0441\u0438\u0441\u0442\u0435\u043c \u0432\u043e 2008 \u0433\u043e\u0434\u0438\u043d\u0430.<\/p>\n<p>\u0410\u043a\u0440\u0435\u0434\u0438\u0442\u0438\u0440\u0430\u043d \u043f\u0440\u0435\u0442\u0441\u0442\u0430\u0432\u043d\u0438\u043a \u043d\u0430 \u043a\u043e\u043c\u0438\u0442\u0435\u0442\u043e\u0442 \u0437\u0430 \u0443\u043d\u0430\u043f\u0440\u0435\u0434\u0443\u0432\u0430\u045a\u0435 \u043d\u0430 \u0437\u0434\u0440\u0430\u0432\u0441\u0442\u0432\u0435\u043d\u0438\u043e\u0442 \u0441\u0438\u0441\u0442\u0435\u043c \u043d\u0430\u00a0 \u041c\u0430\u043a\u0435\u0434\u043e\u043d\u0438\u0458\u0430 \u043d\u0430 \u0442\u0440\u0435\u043d\u0438\u043d\u0433\u043e\u0442 \u043e\u0434\u0440\u0436\u0430\u043d \u0432\u043e \u0421\u043a\u043e\u043f\u0458\u0435 \u0432\u043e 2009 \u0433\u043e\u0434\u0438\u043d\u0430.<\/p>\n<p>\u0423\u0447\u0435\u0441\u0442\u0432\u0443\u0432\u0430\u043b\u0430 \u0432\u043e \u041f\u0440\u043e\u0435\u043a\u0442\u043e\u0442 \u0437\u0430 \u0443\u043f\u0440\u0430\u0432\u0443\u0432\u0430\u045a\u0435 \u0441\u043e \u0437\u0434\u0440\u0430\u0432\u0441\u0442\u0432\u0435\u043d\u0438\u043e\u0442 \u0441\u0435\u043a\u0442\u043e\u0440 \u0437\u0430 \u043c\u043e\u0434\u0435\u0440\u043d\u0438\u0437\u0438\u0440\u0430\u045a\u0435 \u043d\u0430 \u0435\u0434\u0443\u043a\u0430\u0442\u0438\u0432\u043d\u0438\u043e\u0442 \u0434\u0435\u043b \u043e\u0434 \u043f\u0440\u043e\u0446\u0435\u0441\u043e\u0442 \u043d\u0430 \u043b\u0438\u0446\u0435\u043d\u0446\u0438\u0440\u0430\u045a\u0435 \u043d\u0430 \u043b\u0435\u043a\u0430\u0440\u0438, \u0441\u0442\u043e\u043c\u0430\u0442\u043e\u043b\u043e\u0437\u0438 \u0438 \u0444\u0430\u0440\u043c\u0430\u0446\u0435\u0432\u0442\u0438 (\u041c\u0438\u043d\u0438\u0441\u0442\u0435\u0440\u0441\u0442\u0432\u043e \u0437\u0430 \u0437\u0434\u0440\u0430\u0432\u0441\u0442\u0432\u043e)<\/p>\n<p>\u0410\u0432\u0442\u043e\u0440 \u0435 \u043d\u0430 \u043d\u0430 \u0433\u043e\u043b\u0435\u043c \u0431\u0440\u043e\u0458 \u0441\u0442\u0440\u0443\u0447\u043d\u0438 \u0442\u0440\u0443\u0434\u043e\u0432\u0438 \u043e\u0434 \u043e\u0431\u043b\u0430\u0441\u0442\u0430 \u043d\u0430 \u0444\u0430\u0440\u043c\u0430\u0446\u0438\u0458\u0430\u0442\u0430 \u0438 \u0430\u043a\u0442\u0438\u0432\u043d\u043e \u0443\u0447\u0435\u0441\u0442\u0432\u0443\u0432\u0430\u043b\u0430 \u043d\u0430 \u043f\u043e\u0432\u0435\u045c\u0435 \u0441\u0432\u0435\u0442\u0441\u043a\u0438 \u0438 \u0435\u0432\u0440\u043e\u043f\u0441\u043a\u0438 \u043a\u043e\u043d\u0433\u0440\u0435\u0441\u0438 \u043a\u0430\u043a\u043e \u0438 \u0440\u0430\u0431\u043e\u0442\u0438\u043b\u043d\u0438\u0446\u0438, \u0441\u0435\u043c\u0438\u043d\u0430\u0440\u0438 \u0438 \u043f\u0430\u043d\u0435\u043b\u0438 \u043e\u0440\u0433\u0430\u043d\u0438\u0437\u0438\u0440\u0430\u043d\u0438 \u043e\u0434 \u043c\u0435\u0453\u0443\u043d\u0430\u0440\u043e\u0434\u043d\u0438 \u0438\u043d\u0441\u0438\u0442\u0443\u0446\u0438\u0438.<\/p>\n<p>[\/et_pb_text][\/et_pb_column][\/et_pb_row][\/et_pb_section]<\/p>","protected":false},"excerpt":{"rendered":"<p>[et_pb_section fb_built=&#8221;1&#8243; _builder_version=&#8221;3.0.97&#8243;][et_pb_row _builder_version=&#8221;3.0.97&#8243;][et_pb_column type=&#8221;1_2&#8243; _builder_version=&#8221;3.0.97&#8243; parallax=&#8221;off&#8221; parallax_method=&#8221;on&#8221;][et_pb_image src=&#8221;https:\/\/malmed.gov.mk\/wp-content\/uploads\/IMG_7890.jpg&#8221; _builder_version=&#8221;3.0.97&#8243; max_width=&#8221;60%&#8221;][\/et_pb_image][\/et_pb_column][et_pb_column type=&#8221;1_2&#8243; _builder_version=&#8221;3.0.97&#8243; parallax=&#8221;off&#8221; parallax_method=&#8221;on&#8221;][et_pb_text _builder_version=&#8221;3.0.97&#8243;] \u0417\u0430\u043c\u0435\u043d\u0438\u043a \u0414\u0438\u0440\u0435\u043a\u0442\u043e\u0440 \u043d\u0430 \u0410\u0433\u0435\u043d\u0446\u0438\u0458\u0430 \u0437\u0430 \u043b\u0435\u043a\u043e\u0432\u0438 \u0438 \u043c\u0435\u0434\u0438\u0446\u0438\u043d\u0441\u043a\u0438 \u0441\u0440\u0435\u0434\u0441\u0442\u0432\u0430 \u041c\u0430\u0458\u0430 \u041a\u043e\u0432\u0430\u0447\u0435\u0432\u0430 \u041c-\u0440 \u0444\u0430\u0440\u043c. \u0441\u043f\u0435\u0446. \u0420\u043e\u0434\u0435\u043d\u0430: 26.05.1968 \u041c\u0435\u0441\u0442\u043e: \u0411\u0438\u0442\u043e\u043b\u0430 e-mail: maja.kovaceva@malmed.gov.mk \u0442\u0435\u043b: 02-3200-043 [\/et_pb_text][\/et_pb_column][\/et_pb_row][et_pb_row _builder_version=&#8221;3.0.97&#8243;][et_pb_column type=&#8221;4_4&#8243; _builder_version=&#8221;3.0.97&#8243; parallax=&#8221;off&#8221; parallax_method=&#8221;on&#8221;][et_pb_text _builder_version=&#8221;3.0.97&#8243;] \u0411\u0438\u043e\u0433\u0440\u0430\u0444\u0441\u043a\u0438 \u043f\u043e\u0434\u0430\u0442\u043e\u0446\u0438: \u0414\u0438\u043f\u043b\u043e\u043c\u0438\u0440\u0430\u043b\u0430 \u0432\u043e 1994 \u0433\u043e\u0434\u0438\u043d\u0430 \u043d\u0430 \u0423\u043d\u0438\u0432\u0435\u0440\u0437\u0438\u0442\u0435\u0442\u043e\u0442 \u0421\u0432. \u041a\u0438\u0440\u0438\u043b [&hellip;]<\/p>","protected":false},"author":2,"featured_media":0,"parent":0,"menu_order":0,"comment_status":"closed","ping_status":"closed","template":"","meta":{"footnotes":""},"class_list":["post-5106","page","type-page","status-publish","hentry"],"_links":{"self":[{"href":"https:\/\/malmed.gov.mk\/sq\/wp-json\/wp\/v2\/pages\/5106","targetHints":{"allow":["GET"]}}],"collection":[{"href":"https:\/\/malmed.gov.mk\/sq\/wp-json\/wp\/v2\/pages"}],"about":[{"href":"https:\/\/malmed.gov.mk\/sq\/wp-json\/wp\/v2\/types\/page"}],"author":[{"embeddable":true,"href":"https:\/\/malmed.gov.mk\/sq\/wp-json\/wp\/v2\/users\/2"}],"replies":[{"embeddable":true,"href":"https:\/\/malmed.gov.mk\/sq\/wp-json\/wp\/v2\/comments?post=5106"}],"version-history":[{"count":0,"href":"https:\/\/malmed.gov.mk\/sq\/wp-json\/wp\/v2\/pages\/5106\/revisions"}],"wp:attachment":[{"href":"https:\/\/malmed.gov.mk\/sq\/wp-json\/wp\/v2\/media?parent=5106"}],"curies":[{"name":"wp","href":"https:\/\/api.w.org\/{rel}","templated":true}]}}