{"id":4834,"date":"2021-01-29T13:20:51","date_gmt":"2021-01-29T13:20:51","guid":{"rendered":"https:\/\/malmed.gov.mk\/?page_id=4834"},"modified":"2023-12-11T10:16:30","modified_gmt":"2023-12-11T10:16:30","slug":"%d0%b8%d0%bd%d1%84%d0%be%d1%80%d0%bc%d0%b0%d1%86%d0%b8%d0%b8-%d0%b8-%d0%bf%d1%80%d0%b8%d1%81%d1%82%d0%b0%d0%bf-%d0%b4%d0%be-%d0%bb%d0%b8%d1%87%d0%bd%d0%b8-%d0%bf%d0%be%d0%b4%d0%b0%d1%82%d0%be%d1%86","status":"publish","type":"page","link":"https:\/\/malmed.gov.mk\/sq\/%d0%b8%d0%bd%d1%84%d0%be%d1%80%d0%bc%d0%b0%d1%86%d0%b8%d0%b8-%d0%b8-%d0%bf%d1%80%d0%b8%d1%81%d1%82%d0%b0%d0%bf-%d0%b4%d0%be-%d0%bb%d0%b8%d1%87%d0%bd%d0%b8-%d0%bf%d0%be%d0%b4%d0%b0%d1%82%d0%be%d1%86\/","title":{"rendered":"Informacione dhe qasje n\u00eb t\u00eb dh\u00ebnat personale"},"content":{"rendered":"<p>[et_pb_section fb_built=&#8221;1&#8243; _builder_version=&#8221;3.0.97&#8243;][et_pb_row _builder_version=&#8221;3.0.97&#8243;][et_pb_column type=&#8221;4_4&#8243; _builder_version=&#8221;3.0.97&#8243; parallax=&#8221;off&#8221; parallax_method=&#8221;on&#8221;][et_pb_text _builder_version=&#8221;3.0.97&#8243;]<\/p>\n<h2 style=\"text-align: justify;\"><span style=\"color: #800080;\"><strong>Informacione dhe<\/strong><strong> qasje <\/strong><strong>n\u00eb t\u00eb <\/strong><strong>dh\u00ebnat personale<\/strong><\/span><\/h2>\n<p style=\"text-align: justify;\">\n<p style=\"text-align: justify;\">\n<p style=\"text-align: justify;\"><span style=\"color: #800080;\"><strong>Kontrolluesi i mbledhjeve t\u00eb t\u00eb dh\u00ebnave personale<\/strong><\/span><\/p>\n<p style=\"text-align: justify;\">Kontrollues i t\u00eb dh\u00ebnave personale \u00ebsht\u00eb Agjencia e Barnave dhe Pajisjeve Mjek\u00ebsore (n\u00eb tekstin e m\u00ebtejm\u00eb: MALMED), me seli n\u00eb rr. \u201cKirili dhe Metodi\" nr. 54, kati i 1-r\u00eb, 1000 Shkup, Republika e Maqedonis\u00eb s\u00eb Veriut.<\/p>\n<p style=\"text-align: justify;\">T\u00eb dh\u00ebnat personale p\u00ebrpunohen n\u00eb p\u00ebrputhje me dispozitat e Ligjit p\u00ebr mbrojtjen e t\u00eb dh\u00ebnave personale (*).<\/p>\n<p style=\"text-align: justify;\"><span style=\"color: #800080;\"><strong>T\u00cb DH\u00cbNAT E KUJT MUND T\u00cb MBLIDHEN DHE T\u00cb P\u00cbRPUNOHEN NGA MALMED-i?<\/strong><strong>?<\/strong><\/span><\/p>\n<p style=\"text-align: justify;\">MALMED-i mund t\u00eb mbledh\u00eb, p\u00ebrdor\u00eb dhe p\u00ebrpunoj\u00eb t\u00eb dh\u00ebna q\u00eb kan\u00eb t\u00eb b\u00ebjn\u00eb me: personat q\u00eb jan\u00eb vizitor\u00eb n\u00eb faqen ton\u00eb t\u00eb internetit, k\u00ebrkuesit dhe furnizuesit e informacioneve n\u00eb lidhje me parashtrimin e k\u00ebrkesave dhe\/ose mesazheve t\u00eb tjera t\u00eb ndryshme p\u00ebrmes formave t\u00eb kontaktit. K\u00ebto k\u00ebrkesa\/mesazhe p\u00ebrmbajn\u00eb informacione n\u00eb lidhje me identitetin e d\u00ebrguesit. K\u00ebto t\u00eb dh\u00ebna kan\u00eb nj\u00eb shtrirje t\u00eb kufizuar, zakonisht emri, mbiemri dhe t\u00eb dh\u00ebnat e kontaktit, t\u00eb cilat lidhen ngusht\u00eb me k\u00ebrkes\u00ebn ose dor\u00ebzimin e informacionit. M\u00eb shum\u00eb informacion n\u00eb lidhje me p\u00ebrdorimin ton\u00eb t\u00eb biskotave n\u00eb Politik\u00ebn ton\u00eb t\u00eb p\u00ebrdorimit t\u00eb biskotave. [link].<\/p>\n<p style=\"text-align: justify;\"><span style=\"color: #800080;\"><strong>\u00c7FAR\u00cb T\u00cb DREJTA I KENI N\u00cb LIDHJE ME T\u00cb DH\u00cbNAT TUAJA PERSONALE?<\/strong><\/span><\/p>\n<p style=\"text-align: justify;\">Ju i keni t\u00eb drejtat e m\u00ebposhtme n\u00eb lidhje me t\u00eb dh\u00ebnat tuaja personale:<\/p>\n<ul style=\"text-align: justify;\">\n<li>Ju keni t\u00eb drejt\u00eb t\u00eb informoheni p\u00ebr mbledhjen, p\u00ebrdorimin dhe p\u00ebrpunimin e t\u00eb dh\u00ebnave tuaja personale;<\/li>\n<li>Ju keni t\u00eb drejt\u00eb t\u00eb kufizoni mbledhjen, p\u00ebrdorimin dhe p\u00ebrpunimin e t\u00eb dh\u00ebnave tuaja personale q\u00eb i kryen MALMED-i;<\/li>\n<li>Ju keni t\u00eb drejt\u00eb t\u00eb ndryshoni dhe fshini pjes\u00ebrisht ose plot\u00ebsisht t\u00eb dh\u00ebnat Tuaja personale;<\/li>\n<li>Ju keni t\u00eb drejt\u00eb n\u00eb qasje n\u00eb t\u00eb dh\u00ebnat Tuaja personale t\u00eb mbledhura, t\u00eb p\u00ebrdorura dhe t\u00eb p\u00ebrpunuara;<\/li>\n<li>Deri te MALMED-i, Ju keni t\u00eb drejt\u00eb t\u00eb paraqisni nj\u00eb kund\u00ebrshtim n\u00eb lidhje me mbledhjen, p\u00ebrdorimin dhe p\u00ebrpunimin ton\u00eb t\u00eb t\u00eb dh\u00ebnave tuaja personale ose deri te Agjencia p\u00ebr Mbrojtjen e t\u00eb Dh\u00ebnave Personale<\/li>\n<\/ul>\n<p style=\"text-align: justify;\">Me q\u00ebllim p\u00ebr t\u00eb marr\u00eb m\u00eb shum\u00eb informacione, p\u00ebr t\u00eb gjitha pyetjet tjera dhe p\u00ebr realizimin e t\u00eb drejtave Tuaja n\u00eb lidhje me mbrojtjen e t\u00eb dh\u00ebnave Tuaja personale, mund t\u00eb kontaktoni oficeren ton\u00eb p\u00ebr mbrojtjen e t\u00eb dh\u00ebnave personale, Valentina Cvetanovska, n\u00eb adres\u00ebn e m\u00ebposhtme t\u00eb post\u00ebs elektronike: <span style=\"color: #800080;\"><a style=\"color: #800080;\" href=\"mailto:valentina.cvetanovska@malmed.gov.mk\">valentina.cvetanovska@malmed.gov.mk<\/a><\/span> dhe tel: 076 401-615.<\/p>\n<p style=\"text-align: justify;\"><span style=\"color: #800080;\"><strong>PERIUDHA E RUAJTJES S\u00cb T\u00cb DH\u00cbNAVE T\u00cb MBLEDHURA<\/strong><\/span><\/p>\n<p style=\"text-align: justify;\">T\u00eb gjitha t\u00eb dh\u00ebnat t\u00eb cilat i mbledh dhe i p\u00ebrpunon MALMED-i p\u00ebrdoren n\u00eb periudh\u00eb ekskluzivisht n\u00eb p\u00ebrputhje me ligjin dhe vet\u00ebm p\u00ebr shkak t\u00eb q\u00ebllimit t\u00eb p\u00ebrdorimit.<\/p>\n<p style=\"text-align: justify;\"><span style=\"color: #800080;\"><strong>JU KENI T\u00cb DREJT\u00cb T\u00cb PARAQITNI KUND\u00cbRSHTIM DERI TE MALMED-I OSE K\u00cbRKES\u00cb DERI TE APDHP-JA<\/strong><\/span><\/p>\n<p style=\"text-align: justify;\" class=\"translation-block\">Subjekti i t\u00eb dh\u00ebnave personale, n\u00eb \u00e7do koh\u00eb, ka t\u00eb drejt\u00eb t\u00eb paraqes\u00eb kund\u00ebrshtim deri te MALMED-i kund\u00ebr p\u00ebrpunimit t\u00eb t\u00eb dh\u00ebnave t\u00eb tij personale, ose n\u00ebse konsideron se me p\u00ebrpunimin e t\u00eb dh\u00ebnave t\u00eb tij personale jan\u00eb shkelur dispozitat e Ligjit p\u00ebr mbrojtjen e t\u00eb dh\u00ebnave personale. (*), ai ka t\u00eb drejt\u00eb t\u00eb paraqes\u00eb k\u00ebrkes\u00eb deri te<a href=\"https:\/\/azlp.mk\/\" target=\"_self\" rel=\"noopener noreferrer\"> Agjencia p\u00ebr Mbrojtjen e t\u00eb Dh\u00ebnave Personale.<\/p>\n<p>[\/et_pb_text][\/et_pb_column][\/et_pb_row][\/et_pb_section]<\/p>","protected":false},"excerpt":{"rendered":"<p>[et_pb_section fb_built=&#8221;1&#8243; _builder_version=&#8221;3.0.97&#8243;][et_pb_row _builder_version=&#8221;3.0.97&#8243;][et_pb_column type=&#8221;4_4&#8243; _builder_version=&#8221;3.0.97&#8243; parallax=&#8221;off&#8221; parallax_method=&#8221;on&#8221;][et_pb_text _builder_version=&#8221;3.0.97&#8243;] \u0418\u043d\u0444\u043e\u0440\u043c\u0430\u0446\u0438\u0438 \u0438 \u043f\u0440\u0438\u0441\u0442\u0430\u043f \u0434\u043e \u043b\u0438\u0447\u043d\u0438 \u043f\u043e\u0434\u0430\u0442\u043e\u0446\u0438 \u041a\u043e\u043d\u0442\u0440\u043e\u043b\u043e\u0440 \u043d\u0430 \u0437\u0431\u0438\u0440\u043a\u0438 \u043d\u0430 \u043b\u0438\u0447\u043d\u0438 \u043f\u043e\u0434\u0430\u0442\u043e\u0446\u0438 \u041a\u043e\u043d\u0442\u0440\u043e\u043b\u043e\u0440 \u043d\u0430 \u043b\u0438\u0447\u043d\u0438\u0442\u0435 \u043f\u043e\u0434\u0430\u0442\u043e\u0446\u0438 \u0435 \u0410\u0433\u0435\u043d\u0446\u0438\u0458\u0430\u0442\u0430 \u0437\u0430 \u043b\u0435\u043a\u043e\u0432\u0438 \u0438 \u043c\u0435\u0434\u0438\u0446\u0438\u043d\u0441\u043a\u0438 \u0441\u0440\u0435\u0434\u0441\u0442\u0432\u0430 (\u0432\u043e \u043d\u0430\u0442\u0430\u043c\u043e\u0448\u043d\u0438\u043e\u0442 \u0442\u0435\u043a\u0441\u0442: \u041c\u0410\u041b\u041c\u0415\u0414), \u0441\u043e \u0441\u0435\u0434\u0438\u0448\u0442\u0435 \u043d\u0430 \u0443\u043b.\u201e\u0421\u0432. \u041a\u0438\u0440\u0438\u043b \u0438 \u041c\u0435\u0442\u043e\u0434\u0438\u0458\u201c \u0431\u0440.54 \u043a\u0430\u0442 1, 1000 \u0421\u043a\u043e\u043f\u0458\u0435, \u0420\u0435\u043f\u0443\u0431\u043b\u0438\u043a\u0430 \u0421\u0435\u0432\u0435\u0440\u043d\u0430 \u041c\u0430\u043a\u0435\u0434\u043e\u043d\u0438\u0458\u0430. \u041b\u0438\u0447\u043d\u0438\u0442\u0435 \u043f\u043e\u0434\u0430\u0442\u043e\u0446\u0438 \u0441\u0435 \u043e\u0431\u0440\u0430\u0431\u043e\u0442\u0443\u0432\u0430\u0430\u0442 [&hellip;]<\/p>","protected":false},"author":2,"featured_media":0,"parent":0,"menu_order":0,"comment_status":"closed","ping_status":"closed","template":"","meta":{"footnotes":""},"class_list":["post-4834","page","type-page","status-publish","hentry"],"_links":{"self":[{"href":"https:\/\/malmed.gov.mk\/sq\/wp-json\/wp\/v2\/pages\/4834","targetHints":{"allow":["GET"]}}],"collection":[{"href":"https:\/\/malmed.gov.mk\/sq\/wp-json\/wp\/v2\/pages"}],"about":[{"href":"https:\/\/malmed.gov.mk\/sq\/wp-json\/wp\/v2\/types\/page"}],"author":[{"embeddable":true,"href":"https:\/\/malmed.gov.mk\/sq\/wp-json\/wp\/v2\/users\/2"}],"replies":[{"embeddable":true,"href":"https:\/\/malmed.gov.mk\/sq\/wp-json\/wp\/v2\/comments?post=4834"}],"version-history":[{"count":0,"href":"https:\/\/malmed.gov.mk\/sq\/wp-json\/wp\/v2\/pages\/4834\/revisions"}],"wp:attachment":[{"href":"https:\/\/malmed.gov.mk\/sq\/wp-json\/wp\/v2\/media?parent=4834"}],"curies":[{"name":"wp","href":"https:\/\/api.w.org\/{rel}","templated":true}]}}