{"id":4820,"date":"2021-01-29T13:07:34","date_gmt":"2021-01-29T13:07:34","guid":{"rendered":"https:\/\/malmed.gov.mk\/?page_id=4820"},"modified":"2021-01-29T13:15:13","modified_gmt":"2021-01-29T13:15:13","slug":"%d0%bf%d0%be%d0%bb%d0%b8%d1%82%d0%b8%d0%ba%d0%b0-%d0%b7%d0%b0-%d0%ba%d0%be%d1%80%d0%b8%d1%81%d1%82%d0%b5%d1%9a%d0%b5-%d0%bd%d0%b0-%d0%ba%d0%be%d0%bb%d0%b0%d1%87%d0%b8%d1%9a%d0%b0-cookies","status":"publish","type":"page","link":"https:\/\/malmed.gov.mk\/sq\/%d0%bf%d0%be%d0%bb%d0%b8%d1%82%d0%b8%d0%ba%d0%b0-%d0%b7%d0%b0-%d0%ba%d0%be%d1%80%d0%b8%d1%81%d1%82%d0%b5%d1%9a%d0%b5-%d0%bd%d0%b0-%d0%ba%d0%be%d0%bb%d0%b0%d1%87%d0%b8%d1%9a%d0%b0-cookies\/","title":{"rendered":"Politika e p\u00ebrdorimit t\u00eb biskotave (cookies)"},"content":{"rendered":"<p>[et_pb_section fb_built=&#8221;1&#8243; _builder_version=&#8221;3.0.97&#8243;][et_pb_row _builder_version=&#8221;3.0.97&#8243;][et_pb_column type=&#8221;4_4&#8243; _builder_version=&#8221;3.0.97&#8243; parallax=&#8221;off&#8221; parallax_method=&#8221;on&#8221;][et_pb_text _builder_version=&#8221;3.0.97&#8243;]<\/p>\n<h2><span style=\"color: #800080;\"><strong>Politika e p\u00ebrdorimit t\u00eb biskotave (cookies)<\/strong><\/span><\/h2>\n<p><span style=\"color: #800080;\"><strong><\/strong><\/span><\/p>\n<p style=\"text-align: justify;\"><span style=\"color: #800080;\"><strong>\u00c7far\u00eb jan\u00eb biskotat (cookies)?<\/strong><\/span><\/p>\n<p style=\"text-align: justify;\">Biskotat (cookies) jan\u00eb dosje t\u00eb vogla tekstuale, t\u00eb cilat vendosen n\u00eb pajisjen tuaj kompjuterike ose telefonin celular nga ana e ueb-faqeve t\u00eb cilat i vizitoni. K\u00ebto dosje tekstuale, mund t\u00eb lexohen nga ueb-faqet t\u00eb cilat i vizitoni dhe mund t\u00eb ndihmojn\u00eb n\u00eb identifikimin tuaj kur t\u00eb rihapni ueb-faqen. K\u00ebto dosje tekstuale mund t\u00eb jen\u00eb t\u00eb \u201cp\u00ebrkohshme\u201d ose t\u00eb \u201cp\u00ebrhershme\u201d.<\/p>\n<p style=\"text-align: justify;\">Biskotat e p\u00ebrhershme (cookies) q\u00ebndrojn\u00eb n\u00eb pajisjen tuaj kompjuterike edhe kur t\u00eb mbyllni shfletuesin e internetit (t\u00eb kaloni n\u00eb gjendje oflajn), derisa t\u00eb p\u00ebrkohshmet fshihen n\u00eb momentin q\u00eb e mbyllni shfletuesin e internetit. Biskotat (cookies) p\u00ebrdoren p\u00ebr m\u00eb shum\u00eb q\u00ebllime, si p\u00ebr shembull p\u00ebr t\u00eb ruajtur aktivitetet dhe preferencat Tuaja (ky\u00e7jet, preferencat gjuh\u00ebsore, madh\u00ebsia e shkronjave ose si t\u00eb shfaqet faqja), p\u00ebr t\u00eb siguruar p\u00ebrmbajtje t\u00eb personalizuar n\u00eb ueb-faqen dhe p\u00ebr t\u00eb shfaqur historin\u00eb naviguese t\u00eb t\u00eb nj\u00ebjt\u00ebs.<\/p>\n<p style=\"text-align: justify;\">Kjo faqe interneti do t\u00eb p\u00ebrdor\u00eb biskota ekskluzivisht p\u00ebr p\u00ebrmir\u00ebsimin e performanc\u00ebs dhe nevojave statistikore (Google Analytics) edhe at\u00eb n\u00eb nj\u00eb m\u00ebnyr\u00eb q\u00eb privat\u00ebsia Juaj t\u00eb mos c\u00ebnohet<\/p>\n<p style=\"text-align: justify;\">Pranimi i k\u00ebtyre biskotave (cookies)   nuk \u00ebsht\u00eb i nevojsh\u00ebm p\u00ebr funksionimin e ueb-faqes, por ato do t'ju mund\u00ebsojn\u00eb nj\u00eb p\u00ebrvoj\u00eb m\u00eb t\u00eb mir\u00eb shfletimi. N\u00ebse d\u00ebshironi k\u00ebto biskota (cookies), mund t'i fshini ose bllokoni, por n\u00ebse e b\u00ebni k\u00ebt\u00eb, disa karakteristika t\u00eb k\u00ebsaj ueb-faqe mund t\u00eb mos funksionojn\u00eb si\u00e7 duhet.<\/p>\n<p style=\"text-align: justify;\">Ju mund t\u00eb fshini t\u00eb gjitha biskotat (cookies) q\u00eb jan\u00eb tashm\u00eb n\u00eb kompjuterin Tuaj dhe mund t\u00eb konfiguroni shumic\u00ebn e shfletuesve p\u00ebr t'i parandaluar ato. N\u00ebse e b\u00ebni k\u00ebt\u00eb, mund t'ju duhet t\u00eb rregulloni manualisht preferencat tuaja sa her\u00eb q\u00eb vizitoni nj\u00eb faqe n\u00eb internet, po ashtu disa sh\u00ebrbime dhe funksionalitete mund t\u00eb mos funksionojn\u00eb.<\/p>\n<p style=\"text-align: justify;\">Krahas k\u00ebsaj Politike t\u00eb biskotave, vlen edhe Politika e privat\u00ebsis\u00eb, e cila e plot\u00ebson k\u00ebt\u00eb Politik\u00eb t\u00eb biskotave.\u00a0<span style=\"text-decoration: underline;\"><span style=\"color: #800080;\"><a href=\"https:\/\/malmed.gov.mk\/sq\/%d0%bf%d0%be%d0%bb%d0%b8%d1%82%d0%b8%d0%ba%d0%b0-%d0%bd%d0%b0-%d0%bf%d1%80%d0%b8%d0%b2%d0%b0%d1%82%d0%bd%d0%be%d1%81%d1%82\/\" style=\"color: #800080; text-decoration: underline;\" target=\"_blank\" rel=\"noopener noreferrer\">Politika e privat\u00ebsis\u00eb<\/a><\/span><\/span>\u00a0e cila e plot\u00ebson k\u00ebt\u00eb Politik\u00eb t\u00eb biskotave.<\/p>\n<p>[\/et_pb_text][\/et_pb_column][\/et_pb_row][\/et_pb_section]<\/p>","protected":false},"excerpt":{"rendered":"<p>[et_pb_section fb_built=&#8221;1&#8243; _builder_version=&#8221;3.0.97&#8243;][et_pb_row _builder_version=&#8221;3.0.97&#8243;][et_pb_column type=&#8221;4_4&#8243; _builder_version=&#8221;3.0.97&#8243; parallax=&#8221;off&#8221; parallax_method=&#8221;on&#8221;][et_pb_text _builder_version=&#8221;3.0.97&#8243;] \u041f\u043e\u043b\u0438\u0442\u0438\u043a\u0430 \u0437\u0430 \u043a\u043e\u0440\u0438\u0441\u0442\u0435\u045a\u0435 \u043d\u0430 \u043a\u043e\u043b\u0430\u0447\u0438\u045a\u0430 (cookies) \u0428\u0442\u043e \u0441\u0435 \u043a\u043e\u043b\u0430\u0447\u0438\u045a\u0430 (cookies)? \u041a\u043e\u043b\u0430\u0447\u0438\u045a\u0430 (cookies) \u0441\u0435 \u043c\u0430\u043b\u0438 \u0442\u0435\u043a\u0441\u0442\u0443\u0430\u043b\u043d\u0438 \u0434\u0430\u0442\u043e\u0442\u0435\u043a\u0438, \u043a\u043e\u0438 \u0441\u0435 \u0441\u043c\u0435\u0441\u0442\u0443\u0432\u0430\u0430\u0442 \u0432\u043e \u0412\u0430\u0448\u0438\u043e\u0442 \u043a\u043e\u043c\u043f\u0458\u0443\u0442\u0435\u0440 \u0438\u043b\u0438 \u043c\u043e\u0431\u0438\u043b\u0435\u043d \u0442\u0435\u043b\u0435\u0444\u043e\u043d \u043e\u0434 \u0441\u0442\u0440\u0430\u043d\u0430 \u043d\u0430 \u0432\u0435\u0431 \u0441\u0442\u0440\u0430\u043d\u0438\u0446\u0438\u0442\u0435 \u043a\u043e\u0438 \u0433\u0438 \u043f\u043e\u0441\u0435\u0442\u0443\u0432\u0430\u0442\u0435. \u041e\u0432\u0438\u0435 \u0442\u0435\u043a\u0441\u0442\u0443\u0430\u043b\u043d\u0438 \u0434\u0430\u0442\u043e\u0442\u0435\u043a\u0438 \u043c\u043e\u0436\u0430\u0442 \u0434\u0430 \u0431\u0438\u0434\u0430\u0442 \u043f\u0440\u043e\u0447\u0438\u0442\u0430\u043d\u0438 \u043e\u0434 \u0441\u0442\u0440\u0430\u043d\u0430 \u043d\u0430 \u0432\u0435\u0431 \u0441\u0442\u0440\u0430\u043d\u0438\u0446\u0438\u0442\u0435 \u043a\u043e\u0438 [&hellip;]<\/p>","protected":false},"author":2,"featured_media":0,"parent":0,"menu_order":0,"comment_status":"closed","ping_status":"closed","template":"","meta":{"footnotes":""},"class_list":["post-4820","page","type-page","status-publish","hentry"],"_links":{"self":[{"href":"https:\/\/malmed.gov.mk\/sq\/wp-json\/wp\/v2\/pages\/4820","targetHints":{"allow":["GET"]}}],"collection":[{"href":"https:\/\/malmed.gov.mk\/sq\/wp-json\/wp\/v2\/pages"}],"about":[{"href":"https:\/\/malmed.gov.mk\/sq\/wp-json\/wp\/v2\/types\/page"}],"author":[{"embeddable":true,"href":"https:\/\/malmed.gov.mk\/sq\/wp-json\/wp\/v2\/users\/2"}],"replies":[{"embeddable":true,"href":"https:\/\/malmed.gov.mk\/sq\/wp-json\/wp\/v2\/comments?post=4820"}],"version-history":[{"count":0,"href":"https:\/\/malmed.gov.mk\/sq\/wp-json\/wp\/v2\/pages\/4820\/revisions"}],"wp:attachment":[{"href":"https:\/\/malmed.gov.mk\/sq\/wp-json\/wp\/v2\/media?parent=4820"}],"curies":[{"name":"wp","href":"https:\/\/api.w.org\/{rel}","templated":true}]}}