{"id":4622,"date":"2020-09-24T12:04:12","date_gmt":"2020-09-24T12:04:12","guid":{"rendered":"https:\/\/malmed.gov.mk\/?page_id=4622"},"modified":"2020-09-24T12:04:58","modified_gmt":"2020-09-24T12:04:58","slug":"%d0%be%d1%84%d0%b8%d1%86%d0%b5%d1%80-%d0%b7%d0%b0-%d0%b7%d0%b0%d1%88%d1%82%d0%b8%d1%82%d0%b0-%d0%bd%d0%b0-%d0%bb%d0%b8%d1%87%d0%bd%d0%b8-%d0%bf%d0%be%d0%b4%d0%b0%d1%82%d0%be%d1%86%d0%b8","status":"publish","type":"page","link":"https:\/\/malmed.gov.mk\/sq\/%d0%be%d1%84%d0%b8%d1%86%d0%b5%d1%80-%d0%b7%d0%b0-%d0%b7%d0%b0%d1%88%d1%82%d0%b8%d1%82%d0%b0-%d0%bd%d0%b0-%d0%bb%d0%b8%d1%87%d0%bd%d0%b8-%d0%bf%d0%be%d0%b4%d0%b0%d1%82%d0%be%d1%86%d0%b8\/","title":{"rendered":"Zyrtari p\u00ebr mbrojtjen e t\u00eb dh\u00ebnave personale"},"content":{"rendered":"<p><span style=\"text-decoration: underline;\"><strong>Zyrtari p\u00ebr mbrojtjen e t\u00eb dh\u00ebnave personale<\/strong><\/span><\/p>\n<p>Valentina Cvetanovska<\/p>\n<p>e-mail: <span style=\"text-decoration: underline;\"><span style=\"color: #912777; text-decoration: underline;\">valentina.cvetanovska@malmed.gov.mk<\/span><\/span><\/p>\n<p>Telefoni: 02-5112-394, lokal13<\/p>\n<p><\/p>\n\n\n<p><\/p>\n\n\n\n<p><\/p>\n\n\n\n<p><\/p>\n\n\n\n<p><\/p>\n\n\n\n<p><\/p>","protected":false},"excerpt":{"rendered":"<p>\u041e\u0444\u0438\u0446\u0435\u0440 \u0437\u0430 \u0437\u0430\u0448\u0442\u0438\u0442\u0430 \u043d\u0430 \u043b\u0438\u0447\u043d\u0438 \u043f\u043e\u0434\u0430\u0442\u043e\u0446\u0438 \u0412\u0430\u043b\u0435\u043d\u0442\u0438\u043d\u0430 \u0426\u0432\u0435\u0442\u0430\u043d\u043e\u0432\u0441\u043a\u0430 \u0435-\u043c\u0430\u0438\u043b: valentina.cvetanovska@malmed.gov.mk \u0442\u0435\u043b\u0435\u0444\u043e\u043d: 02-5112-394, \u043b\u043e\u043a\u0430\u043b 13<\/p>","protected":false},"author":2,"featured_media":0,"parent":0,"menu_order":0,"comment_status":"closed","ping_status":"closed","template":"","meta":{"footnotes":""},"class_list":["post-4622","page","type-page","status-publish","hentry"],"_links":{"self":[{"href":"https:\/\/malmed.gov.mk\/sq\/wp-json\/wp\/v2\/pages\/4622","targetHints":{"allow":["GET"]}}],"collection":[{"href":"https:\/\/malmed.gov.mk\/sq\/wp-json\/wp\/v2\/pages"}],"about":[{"href":"https:\/\/malmed.gov.mk\/sq\/wp-json\/wp\/v2\/types\/page"}],"author":[{"embeddable":true,"href":"https:\/\/malmed.gov.mk\/sq\/wp-json\/wp\/v2\/users\/2"}],"replies":[{"embeddable":true,"href":"https:\/\/malmed.gov.mk\/sq\/wp-json\/wp\/v2\/comments?post=4622"}],"version-history":[{"count":0,"href":"https:\/\/malmed.gov.mk\/sq\/wp-json\/wp\/v2\/pages\/4622\/revisions"}],"wp:attachment":[{"href":"https:\/\/malmed.gov.mk\/sq\/wp-json\/wp\/v2\/media?parent=4622"}],"curies":[{"name":"wp","href":"https:\/\/api.w.org\/{rel}","templated":true}]}}