{"id":415,"date":"2017-02-27T14:11:02","date_gmt":"2017-02-27T14:11:02","guid":{"rendered":"https:\/\/malmed.gov.mk\/?page_id=415"},"modified":"2020-01-24T08:48:23","modified_gmt":"2020-01-24T08:48:23","slug":"%d0%b2%d0%b5%d0%bb%d0%b5%d0%b4%d1%80%d0%be%d0%b3%d0%b5%d1%80%d0%b8%d0%b8","status":"publish","type":"page","link":"https:\/\/malmed.gov.mk\/sq\/%d0%b2%d0%b5%d0%bb%d0%b5%d0%b4%d1%80%d0%be%d0%b3%d0%b5%d1%80%d0%b8%d0%b8\/","title":{"rendered":"Tregtia n\u00eb shumic\u00eb"},"content":{"rendered":"<p>Regjistri i bart\u00ebsve t\u00eb autorizuar n\u00eb Republik\u00ebn e Maqedonis\u00eb s\u00eb Veriut , mund ta shihni <span style=\"color: #912777;\"><strong><a style=\"color: #912777;\" href=\"https:\/\/lekovi.zdravstvo.gov.mk\/wholesales\" target=\"_blank\" rel=\"noopener noreferrer\">K\u00ebtu<\/a><\/strong><\/span><\/p>\n\n\n<p><\/p>","protected":false},"excerpt":{"rendered":"<p>\u0420\u0435\u0433\u0438\u0441\u0442\u0430\u0440\u043e\u0442 \u043d\u0430 \u0432\u0435\u043b\u0435\u0434\u0440\u043e\u0433\u0435\u0440\u0438\u0438\u0442\u0435 \u0432\u043e \u0420\u0435\u043f\u0443\u0431\u043b\u0438\u043a\u0430 \u041c\u0430\u043a\u0435\u0434\u043e\u043d\u0438\u0458\u0430 \u043c\u043e\u0436\u0435\u0442\u0435 \u0434\u0430 \u0433\u043e \u043f\u043e\u0433\u043b\u0435\u0434\u043d\u0435\u0442\u0435 \u0442\u0443\u043a\u0430:<\/p>","protected":false},"author":1,"featured_media":0,"parent":0,"menu_order":0,"comment_status":"closed","ping_status":"closed","template":"","meta":{"footnotes":""},"class_list":["post-415","page","type-page","status-publish","hentry"],"_links":{"self":[{"href":"https:\/\/malmed.gov.mk\/sq\/wp-json\/wp\/v2\/pages\/415","targetHints":{"allow":["GET"]}}],"collection":[{"href":"https:\/\/malmed.gov.mk\/sq\/wp-json\/wp\/v2\/pages"}],"about":[{"href":"https:\/\/malmed.gov.mk\/sq\/wp-json\/wp\/v2\/types\/page"}],"author":[{"embeddable":true,"href":"https:\/\/malmed.gov.mk\/sq\/wp-json\/wp\/v2\/users\/1"}],"replies":[{"embeddable":true,"href":"https:\/\/malmed.gov.mk\/sq\/wp-json\/wp\/v2\/comments?post=415"}],"version-history":[{"count":0,"href":"https:\/\/malmed.gov.mk\/sq\/wp-json\/wp\/v2\/pages\/415\/revisions"}],"wp:attachment":[{"href":"https:\/\/malmed.gov.mk\/sq\/wp-json\/wp\/v2\/media?parent=415"}],"curies":[{"name":"wp","href":"https:\/\/api.w.org\/{rel}","templated":true}]}}