{"id":4140,"date":"2020-01-28T20:00:13","date_gmt":"2020-01-28T20:00:13","guid":{"rendered":"https:\/\/malmed.gov.mk\/?page_id=4140"},"modified":"2026-02-16T10:36:51","modified_gmt":"2026-02-16T10:36:51","slug":"%d0%be%d1%80%d0%b3%d0%b0%d0%bd%d0%b8%d0%b7%d0%b0%d1%86%d0%b8%d1%98%d0%b0","status":"publish","type":"page","link":"https:\/\/malmed.gov.mk\/sq\/%d0%be%d1%80%d0%b3%d0%b0%d0%bd%d0%b8%d0%b7%d0%b0%d1%86%d0%b8%d1%98%d0%b0\/","title":{"rendered":"\u041e\u0440\u0433\u0430\u043d\u0438\u0437\u0430\u0446\u0438\u0458\u0430 \u0438 \u0432\u0440\u0430\u0431\u043e\u0442\u0435\u043d\u0438"},"content":{"rendered":"<p>[et_pb_section fb_built=&#8221;1&#8243; _builder_version=&#8221;3.0.97&#8243;][et_pb_row _builder_version=&#8221;3.0.97&#8243;][et_pb_column type=&#8221;4_4&#8243; _builder_version=&#8221;3.0.97&#8243; parallax=&#8221;off&#8221; parallax_method=&#8221;on&#8221;][et_pb_text _builder_version=&#8221;3.0.97&#8243; text_font=&#8221;||||||||&#8221; header_font=&#8221;||||||||&#8221;]<\/p>\n<h1 class=\"entry-title main_title\">\u041e\u0440\u0433\u0430\u043d\u0438\u0437\u0430\u0446\u0438\u0458\u0430 \u0438 \u0432\u0440\u0430\u0431\u043e\u0442\u0435\u043d\u0438<\/h1>\n<div class=\"entry-content\">\n<p>N\u00eb krye t\u00eb Agjencis\u00eb s\u00eb Barnave dhe Pajisjeve Mjek\u00ebsore\u2013MALMED q\u00ebndron\u00a0<strong><span style=\"text-decoration: underline;\"><span style=\"color: #800080;\"><a style=\"color: #800080;\" href=\"..\/%d0%b7%d0%b0-%d0%b4%d0%b8%d1%80%d0%b5%d0%ba%d1%82%d0%be%d1%80%d0%be%d1%82\/\">DREJTORI<\/a><\/span><\/span><\/strong>\u00a0, i cili \u00ebsht\u00eb p\u00ebrgjegj\u00ebs p\u00ebr pun\u00ebn e tij  dhe t\u00eb njejt\u00ebn e p\u00ebrfaq\u00ebson dhe e koordinon funksionimin e nj\u00ebsive organizative t\u00eb tij.<br data-rich-text-line-break=\"true\" \/>Struktura organizative e Agjencis\u00eb \u00ebsht\u00eb si m\u00eb posht\u00eb:<\/p>\n<ul>\n<li><strong>Drejtori<\/strong><\/li>\n<\/ul>\n<p><span style=\"color: #ffffff;\">&#8212;&#8212;&#8212;- <\/span><b>\u0421\u0430\u0431\u0440\u0438 \u0410\u043b\u0438\u0442\u0438\u00a0<\/b>, \u0435-\u043c\u0430\u0438\u043b:<span style=\"color: #912777;\"> <a style=\"color: #912777;\" href=\"\/sq\/sefedin.jonuzi@malmed.gov.mk\/\">sabri.aliti@malmed.gov.mk<\/a>,<\/span> Telefoni: 02-5112-394<\/p>\n<ul>\n<li><strong>Z\u00ebvend\u00ebsdrejtori<\/strong><\/li>\n<\/ul>\n<p><span style=\"color: #000000;\"><span style=\"color: #ffffff;\">&#8212;&#8212;&#8212;-<\/span>\u00a0\u041c\u0430\u0458\u0430 \u041a\u043e\u0432\u0430\u0447\u0435\u0432\u0430<\/span>, \u0435-\u043c\u0430\u0438\u043b: <span style=\"color: #912777;\"><a href=\"mailto:maja.kovaceva@malmed.gov.mk\"><span style=\"color: #921777;\">maja.kovaceva@malmed.gov.mk<\/span><\/a>,<\/span> \u0442\u0435\u043b\u0435\u0444\u043e\u043d: 02-3200-043<\/p>\n<ul>\n<li><strong>Nj\u00ebsia e Revizionit t\u00eb Brendsh\u00ebm<\/strong><\/li>\n<\/ul>\n<p><span style=\"color: #ffffff;\">&#8212;&#8212;&#8212;- <\/span>Elena Trajanovska, udh\u00ebheq\u00ebse e nj\u00ebsis\u00eb, e-mail:\u00a0<span style=\"color: #921777;\"><a style=\"color: #921777;\" href=\"mailto:elena.trajanovska@malmed.gov.mk\">elena.trajanovska@malmed.gov.mk<\/a>,<\/span> telefoni: 075-401-644<\/p>\n<ul>\n<li><strong>Nj\u00ebsia e Menaxhimit t\u00eb Burimeve Njer\u00ebzore<\/strong><\/li>\n<\/ul>\n<p><span style=\"color: #ffffff;\">&#8212;&#8212;&#8212;- <\/span>Dragan Dimitrov, bashk\u00ebpun\u00ebtor i lart\u00eb, e-mail: <span style=\"color: #921777;\"><a style=\"color: #921777;\" href=\"mailto:dragan.dimitrov@malmed.gov.mk\">dragan.dimitrov@malmed.gov.mk<\/a>,<\/span>\u00a0\u00a0telefoni: 075-401-622<\/p>\n<ul>\n<li><strong>Nj\u00ebsia e \u00c7\u00ebshtjeve Financiare<\/strong><\/li>\n<\/ul>\n<p><span style=\"color: #ffffff;\">&#8212;&#8212;&#8212;- <\/span>\/<\/p>\n<ul>\n<li><strong>Sektori i Informacioneve t\u00eb Barnave dhe Pajisjeve Mjek\u00ebsore<\/strong><\/li>\n<\/ul>\n<p><span style=\"color: #ffffff;\">&#8212;&#8212;-<\/span>\u00a0&#8211;\u00a0<strong>Nj\u00ebsia e Farmakovigjenc\u00ebs dhe Materiovigjilenc\u00ebs<\/strong><\/p>\n<p><span style=\"color: #ffffff;\">&#8212;&#8212;&#8212;-<\/span> \u0418\u0441\u043a\u0440\u0430 \u041f\u0435\u0447\u0438\u0458\u0430\u0440\u0435\u0432\u0430 \u0421\u0430\u0434\u0438\u043a\u0430\u0440\u0438\u0458\u043e, \u0420\u0430\u043a\u043e\u0432\u043e\u0434\u0438\u0442\u0435\u043b \u043d\u0430 \u043e\u0434\u0434\u0435\u043b\u0435\u043d\u0438\u0435 \u0437\u0430 \u0444\u0430\u0440\u043c\u0430\u043a\u043e\u0432\u0438\u0433\u0438\u043b\u0430\u043d\u0446\u0430 \u0438 \u043c\u0430\u0442\u0435\u0440\u0438<\/p>\n<p><span style=\"color: #ffffff;\">&#8212;&#8212;&#8212;-<\/span> Sabri Aliti, bashk\u00ebpun\u00ebtor i lart\u00eb, e-mail: <span style=\"color: #921777;\"><a style=\"color: #921777;\" href=\"mailto:sabri.aliti@malmed.gov.mk\">sabri.aliti@malmed.gov.mk<\/a>,<\/span>\u00a0\u00a0telefoni: 075-401-639<\/p>\n<p><span style=\"color: #ffffff;\">&#8212;&#8212;&#8212;-<\/span> Vera Georgieva, bashk\u00ebpun\u00ebtore e re, e-mail: <a href=\"mailto:vera.georgieva@malmed.gov.mk\"><span style=\"color: #912777;\">vera.georgieva@malmed.gov.mk<\/span><\/a><span style=\"color: #921777;\">,<\/span>\u00a0\u00a0telefoni: 075-401-638<\/p>\n<p>\u041d\u0430\u0442\u0430\u0448\u0430 \u0421\u0438\u043c\u0438\u045c, \u0441\u043e\u0432\u0435\u0442\u043d\u0438\u043a , \u0435-\u043c\u0430\u0438\u043b: <span style=\"color: #d82ce8;\"><a style=\"color: #d82ce8;\" href=\"mailto:natasa.simik@malmed.gov.mk\">natasa.simik@malmed.gov.mk<\/a><\/span>,\u00a0\u00a0\u0442\u0435\u043b\u0435\u0444\u043e\u043d:\u00a0075-401-619<\/p>\n<p><span style=\"color: #ffffff;\">&#8212;&#8212;-<\/span> &#8211;\u00a0<strong>Nj\u00ebsia e Opinioneve Farmakoekonomike dhe Farmakoepidemiologjike<\/strong><\/p>\n<p><strong>\u00a0 \u00a0 \u00a0 \u00a0 \u00a0 \u00a0 \u00a0 <\/strong>\u0408\u0435\u0445\u043e\u043d\u0430 \u0410\u043b\u0438\u0443 \u0428\u0430\u045c\u0438\u0440\u0438, \u0420\u0430\u043a\u043e\u0432\u043e\u0434\u0438\u0442\u0435\u043b \u043d\u0430 \u043e\u0434\u0434\u0435\u043b\u0435\u043d\u0438\u0435 \u0437\u0430 \u0444\u0430\u0440\u043c\u0430\u043a\u043e-\u0435\u043a\u043e\u043d\u043e\u043c\u0441\u043a\u0438 \u0438 \u0444\u0430\u0440\u043c\u0430\u043a\u043e \u0435\u043f\u0438\u0434\u0435\u043c\u0438\u043e\u043b\u043e\u0448\u043a\u0438 \u043c\u0438\u0441\u043b\u0435\u045a\u0430, \u0435-\u043c\u0430\u0438\u043b: <span style=\"color: #c425b7;\"><a style=\"color: #c425b7;\" href=\"mailto:jehona.shakiri@malmed.gov.mk\">jehona.shakiri@malmed.gov.mk<\/a><\/span>,\u00a0\u00a0\u0442\u0435\u043b\u0435\u0444\u043e\u043d:\u00a0075-401-627<\/p>\n<p><span style=\"color: #ffffff;\">&#8212;&#8212;&#8212;-<\/span> Dragica Edrovska, bashk\u00ebpun\u00ebtore e lart\u00eb, e-mail: <span style=\"color: #912777;\"><a style=\"color: #912777;\" href=\"mailto:dragica.edrovska@malmed.gov.mk\">dragica.edrovska@malmed.gov.mk<\/a>,<\/span>\u00a0\u00a0telefoni: 075-401-649<\/p>\n<ul>\n<li><strong>Sektori i Vler\u00ebsimit t\u00eb Dokumentacionit p\u00ebr Vendosjen e Barnave dhe Pajisjeve Mjek\u00ebsore n\u00eb Qarkullim<\/strong><\/li>\n<\/ul>\n<p><span style=\"color: #ffffff;\">&#8212;&#8211;<\/span>\u00a0Marija Traj\u00e7uleski, udh\u00ebheq\u00ebse e sektorit, e-mail: <span style=\"color: #912777;\"><a style=\"color: #912777;\" href=\"mailto:marija.trajculeski@malmed.gov.mk,\">marija.trajculeski@malmed.gov.mk,<\/a><\/span>\u00a0telefoni: 075-401-612<\/p>\n<p><span style=\"color: #ffffff;\">&#8212;&#8212;-<\/span> &#8211;\u00a0\u00a0<strong>Nj\u00ebsia e Barnave Humane<\/strong><\/p>\n<p><span style=\"color: #ffffff;\">&#8212;&#8212;&#8212;-<\/span> \u0415\u043b\u043e\u043d\u0430 \u0427\u0438\u043b\u043a\u0443, \u0420\u0430\u043a\u043e\u0432\u043e\u0434\u0438\u0442\u0435\u043b \u043d\u0430 \u043e\u0434\u0434\u0435\u043b\u0435\u043d\u0438\u0435 \u0437\u0430 \u0445\u0443\u043c\u0430\u043d\u0438 \u043b\u0435\u043a\u043e\u0432\u0438, \u0435-\u043c\u0430\u0438\u043b: <span style=\"color: #912777;\"><a style=\"color: #912777;\" href=\"mailto:elona.cilku@malmed.gov.mk\">elona.cilku@malmed.gov.mk<\/a>,<\/span>\u00a0\u00a0telefoni: 075-401-635<\/p>\n<p><span style=\"color: #ffffff;\">&#8212;&#8212;&#8212;-<\/span> Simona Zafiroska Trpeska, k\u00ebshilltare, e-mail: <span style=\"color: #912777;\"><a style=\"color: #912777;\" href=\"mailto:simona.zafiroska@malmed.gov.mk\">simona.zafiroska@malmed.gov.mk<\/a>,<\/span>\u00a0\u00a0telefoni: 075-401-637<\/p>\n<p><span style=\"color: #ffffff;\">&#8212;&#8212;&#8212;-<\/span> Elena Cvetanovska, bashk\u00ebpun\u00ebtore e lart\u00eb, e-mail: <span style=\"color: #912777;\"><a style=\"color: #912777;\" href=\"mailto:elena.cvetanovska@malmed.gov.mk\">elena.cvetanovska@malmed.gov.mk<\/a>,<\/span>\u00a0\u00a0telefoni: 075-401-648<\/p>\n<p><span style=\"color: #ffffff;\">&#8212;&#8212;&#8212;-<\/span> Ajten Ademi Avdurramani, bashk\u00ebpun\u00ebtore e lart\u00eb, e-mail: <span style=\"color: #912777;\"><a style=\"color: #912777;\" href=\"mailto:ajten.ademi@malmed.gov.mk\">ajten.ademi@malmed.gov.mk<\/a>,<\/span>\u00a0\u00a0\u0442\u0435\u043b\u0435\u0444\u043e\u043d:\u00a0075-246-645<\/p>\n<p><span style=\"color: #ffffff;\">&#8212;&#8212;&#8212;-<\/span> Rejhan Ejub, bashk\u00ebpun\u00ebtore e lart\u00eb, e-mail: <span style=\"color: #912777;\"><a style=\"color: #912777;\" href=\"mailto:rejhan.ejub@malmed.gov.mk\">rejhan.ejub@malmed.gov.mk<\/a>,<\/span>\u00a0\u00a0telefoni: 075-401-620<\/p>\n<p><span style=\"color: #ffffff;\">&#8212;&#8212;&#8212;-<\/span> Bisera Petrovska, bashk\u00ebpun\u00ebtore e re, e-mail: <span style=\"color: #912777;\"><a style=\"color: #912777;\" href=\"mailto:bisera.petrovska@malmed.gov.mk\">bisera.petrovska@malmed.gov.mk<\/a>,<\/span>\u00a0\u00a0telefoni: 075-401-636<\/p>\n<p><span style=\"color: #ffffff;\">&#8212;&#8212;&#8212;-<\/span> Kristina Qur\u00e7eva, bashk\u00ebpun\u00ebtore e re, e-mail: <span style=\"color: #912777;\"><a style=\"color: #912777;\" href=\"mailto:kristina.peno@malmed.gov.mk\">kristina.peno@malmed.gov.mk<\/a>,<\/span>\u00a0\u00a0telefoni: 075-401-652<\/p>\n<p><span style=\"color: #ffffff;\">&#8212;&#8212;&#8212;-<\/span> \u041b\u0443\u043c\u043d\u0438\u0435 \u0411\u0430\u043b\u0430\u0436\u0438 \u0424\u0435\u0458\u0437\u0430, \u0441\u043e\u0432\u0435\u0442\u043d\u0438\u043a, \u0435-\u043c\u0430\u0438\u043b: <span style=\"color: #912777;\"><a style=\"color: #912777;\" href=\"mailto:lumnie.balazhi@malmed.gov.mk\">lumnie.balazhi@malmed.gov.mk<\/a>,<\/span>\u00a0\u00a0telefoni: 075-401-653<\/p>\n<p><span style=\"color: #ffffff;\">&#8212;&#8212;&#8212;- <\/span>\u0411\u0435\u0458\u0442\u0443\u043b\u0430\u0445 \u0417\u0438\u0431\u0435\u0440\u0438, \u043f\u043e\u043c\u043b\u0430\u0434 \u0441\u043e\u0440\u0430\u0431\u043e\u0442\u043d\u0438\u043a, \u0435-\u043c\u0430\u0438\u043b: <a href=\"mailto:bejtullah.ziberi@malmed.gov.mk\"><span style=\"color: #800080;\">bejtullah.ziberi@malmed.gov.mk<\/span><\/a>,\u00a0\u00a0\u0442\u0435\u043b\u0435\u0444\u043e\u043d:\u00a0075-251-027<\/p>\n<p><span style=\"color: #ffffff;\">&#8212;&#8212;-<\/span> &#8211;\u00a0<strong>Nj\u00ebsia e Pajisjeve Mjek\u00ebsore<\/strong><\/p>\n<p><span style=\"color: #ffffff;\">&#8212;&#8212;&#8212;-<\/span> Eleonora Pandova, udh\u00ebheq\u00ebse e sektorit, e-mail: <span style=\"color: #912777;\"><a style=\"color: #912777;\" href=\"mailto:eleonora.pandova@malmed.gov.mk\">eleonora.pandova@malmed.gov.mk<\/a>,<\/span>\u00a0\u00a0telefoni:  075-401-643<\/p>\n<p><span style=\"color: #ffffff;\">&#8212;&#8212;&#8212;-<\/span> Foti Stefanov, bashk\u00ebpun\u00ebtor i lart\u00eb, e-mail: <span style=\"color: #912777;\"><a style=\"color: #912777;\" href=\"mailto:foti.stefanov@malmed.gov.mk\">foti.stefanov@malmed.gov.mk<\/a>,<\/span>\u00a0\u00a0telefoni: 075-401-631<\/p>\n<p><span style=\"color: #ffffff;\">&#8212;&#8212;&#8212;-<\/span> Ivana Cvetnoska, bashk\u00ebpun\u00ebtore e lart\u00eb, e-mail: <span style=\"color: #912777;\"><a style=\"color: #912777;\" href=\"mailto:ivana.cvetanoska@malmed.gov.mk\">ivana.cvetanoska@malmed.gov.mk<\/a>,<\/span>\u00a0\u00a0telefoni: 075-401-646<\/p>\n<p><span style=\"color: #ffffff;\">&#8212;&#8212;&#8212;-<\/span> Sedat Durmishi, bashk\u00ebpun\u00ebtor i ri, e-mail: <span style=\"color: #912777;\"><a style=\"color: #912777;\" href=\"mailto:sedat.durmisi@malmed.gov.mk\">sedat.durmisi@malmed.gov.mk<\/a>,<\/span>\u00a0\u00a0telefoni: 075-401-630<\/p>\n<p><span style=\"color: #ffffff;\">&#8212;&#8212;&#8212;- <\/span>\u041a\u0440\u0438\u0441\u0442\u0438\u043d\u0430 \u041c\u0430\u0442\u043e\u0432\u0441\u043a\u0430 \u0403\u0443\u0440\u0447\u0435\u0441\u043a\u0430, \u0441\u043e\u0432\u0435\u0442\u043d\u0438\u043a, \u0435-\u043c\u0430\u0438\u043b: <span style=\"color: #800080;\"><a style=\"color: #800080;\" href=\"mailto:kristina.matovska@malmed.gov.mk\">kristina.matovska@malmed.gov.mk<\/a><\/span>,\u00a0\u00a0\u0442\u0435\u043b\u0435\u0444\u043e\u043d:\u00a0075-303-989<\/p>\n<ul>\n<li><strong>Sektori i \u00c7\u00ebshtjeve Juridike dhe Pun\u00ebve t\u00eb P\u00ebrgjithshme, Mb\u00ebshtetje Informatike dhe Pun\u00eb Tekniko \u2013 Administrative<\/strong><\/li>\n<\/ul>\n<p><span style=\"color: #ffffff;\">&#8212;&#8211;<\/span>\u00a0Valentina Cvetanovska, udh\u00ebheq\u00ebse e sektorit, e-mail: <span style=\"color: #912777;\"><a style=\"color: #912777;\" href=\"mailto:valentina.cvetanovska@malmed.gov.mk\">valentina.cvetanovska@malmed.gov.mk<\/a>,<\/span>\u00a0\u00a0telefoni: 075-401-615<\/p>\n<p><span style=\"color: #ffffff;\">&#8212;&#8212;-<\/span> &#8211;\u00a0<strong>Nj\u00ebsia e \u00c7\u00ebshtjeve Juridike dhe t\u00eb P\u00ebrgjithshme si dhe Pun\u00ebt Tekniko-Administrative<\/strong><\/p>\n<p><span style=\"color: #ffffff;\">&#8212;&#8212;&#8212;-<\/span> Ana Gjorgjioska, referente e pavarur, e-mail: <span style=\"color: #912777;\"><a style=\"color: #912777;\" href=\"mailto:ana.gjorgjioska@malmed.gov.mk\">ana.gjorgjioska@malmed.gov.mk<\/a>,<\/span>\u00a0\u00a0telefoni: 075-401-634<\/p>\n<p><span style=\"color: #ffffff;\">&#8212;&#8212;&#8212;-<\/span> Frosina Karapandova, referente e re, e-mail: <span style=\"color: #912777;\"><a style=\"color: #912777;\" href=\"mailto:frosina.karapandova@malmed.gov.mk\">frosina.karapandova@malmed.gov.mk<\/a>,<\/span>\u00a0\u00a0telefoni: 075-401-623<\/p>\n<p><span style=\"color: #ffffff;\">&#8212;&#8212;&#8212;-<\/span> Zoran Andonovski, person ndihm\u00ebs teknik-korrier, telefoni: 075-401-621<\/p>\n<p><span style=\"color: #ffffff;\">&#8212;&#8212;-<\/span> &#8211;\u00a0<strong>Nj\u00ebsia p\u00ebr Mb\u00ebshtetje Informatike<\/strong><\/p>\n<p><span style=\"color: #ffffff;\">&#8212;&#8212;&#8212;-<\/span> \u041c\u0443\u0430\u0437 \u0425\u0430\u043b\u0438\u043b\u0438, \u0435-\u043c\u0430\u0438\u043b: <span style=\"color: #912777;\"><a style=\"color: #912777;\" href=\"mailto:viktor.mitevski@malmed.gov.mk\">muaz.halili@malmed.gov.mk<\/a>,<\/span> \u00a0\u0442\u0435\u043b\u0435\u0444\u043e\u043d: 072-695-666<\/p>\n<ul>\n<li><strong>Sektori p\u00ebr Mbikqyrjen e Inspektimit<\/strong><\/li>\n<\/ul>\n<p><span style=\"color: #ffffff;\">&#8212;&#8211;<\/span>\u00a0Mirjana Don\u00e7eva, udh\u00ebheq\u00ebse e sektorit. e-mail: <span style=\"color: #912777;\"><a style=\"color: #912777;\" href=\"mailto:mirjana.donceva@malmed.gov.mk\">mirjana.donceva@malmed.gov.mk<\/a>,<\/span>\u00a0\u00a0telefoni: 075-401-614<\/p>\n<p><span style=\"color: #ffffff;\">&#8212;&#8212;-<\/span> &#8211;\u00a0<strong>Sektori p\u00ebr Mbikqyrjen e Inspektimit n\u00eb Fush\u00ebn e Barnave dhe Pajisjeve Mjek\u00ebsore<\/strong><\/p>\n<p><span style=\"color: #ffffff;\">&#8212;&#8212;&#8212;-<\/span> \u0409\u0443\u0431\u0438\u0446\u0430 \u0410\u0442\u0430\u043d\u0430\u0441\u043e\u0432\u0430, \u041f\u043e\u043c\u043e\u0448\u043d\u0438\u043a \u0420\u0430\u043a\u043e\u0432\u043e\u0434\u0438\u0442\u0435\u043b \u043d\u0430 \u0441\u0435\u043a\u0442\u043e\u0440 \u0437\u0430 \u0438\u043d\u0441\u043f\u0435\u043a\u0446\u0438\u0441\u043a\u0438 \u043d\u0430\u0434\u0437\u043e\u0440 \u0438 \u043b\u0438\u0446\u0435\u043d\u0446\u0438\u0440\u0430\u045a\u0435 \u043d\u0430 \u043b\u0435\u043a\u043e\u0432\u0438\u0442\u0435 \u0438 \u043c\u0435\u0434\u0438\u0446\u0438\u043d\u0441\u043a\u0438\u0442\u0435 \u0441\u0440\u0435\u0434\u0441\u0442\u0432\u0430 \u2013 \u043f\u043e\u043c\u043e\u0448\u043d\u0438\u043a \u0433\u043b\u0430\u0432\u0435\u043d \u0438\u043d\u0441\u043f\u0435\u043a\u0442\u043e\u0440, \u0435-\u043c\u0430\u0438\u043b: <span style=\"color: #912777;\"><a style=\"color: #912777;\" href=\"mailto:ljubica.atanasova@malmed.gov.mk\">ljubica.atanasova@malmed.gov.mk<\/a>,<\/span>\u00a0\u00a0telefoni:  075-401-624<\/p>\n<p><span style=\"color: #ffffff;\">&#8212;&#8212;&#8212;-<\/span> \u041c\u0438\u0440\u043b\u0438\u043d\u0434\u0430 \u0410\u043b\u0438\u043c\u0438, \u0420\u0430\u043a\u043e\u0432\u043e\u0434\u0438\u0442\u0435\u043b \u043d\u0430 \u043e\u0434\u0434\u0435\u043b\u0435\u043d\u0438\u0435 \u0437\u0430 \u0438\u043d\u0441\u043f\u0435\u043a\u0446\u0438\u0441\u043a\u0438 \u043d\u0430\u0434\u0437\u043e\u0440 \u043e\u0434 \u043e\u0431\u043b\u0430\u0441\u0442\u0430 \u043d\u0430 \u043b\u0435\u043a\u043e\u0432\u0438\u0442\u0435 \u0438 \u043c\u0435\u0434\u0438\u0446\u0438\u043d\u0441\u043a\u0438\u0442\u0435 \u0441\u0440\u0435\u0434\u0441\u0442\u0432\u0430 \u2013 \u0412\u0438\u0448 \u0438\u043d\u0441\u043f\u0435\u043a\u0442\u043e\u0440, \u0435-\u043c\u0430\u0438\u043b: <span style=\"color: #912777;\"><a style=\"color: #912777;\" href=\"mailto:mirlinda.alimi@malmed.gov.mk\">mirlinda.alimi@malmed.gov.mk<\/a>,<\/span>\u00a0\u00a0telefoni: 075-401-628<\/p>\n<p><span style=\"color: #ffffff;\">&#8212;&#8212;&#8212;-<\/span> Slavica On\u00e7evska, inspektore p\u00ebr mbikqyrje, e-mail: <span style=\"color: #912777;\"><a style=\"color: #912777;\" href=\"mailto:slavica.onceska@malmed.gov.mk\">slavica.onceska@malmed.gov.mk<\/a>,<\/span>\u00a0\u00a0telefoni: 075-401-625<\/p>\n<hr \/>\n<p>Bilana Prentovska, inspektore p\u00ebr mbikqyrje, e-mail: <span style=\"color: #912777;\"><a style=\"color: #912777;\" href=\"mailto:biljana.prentovska@malmed.gov.mk\">biljana.prentovska@malmed.gov.mk<\/a>,<\/span>\u00a0\u00a0telefoni:  075-401-626<\/p>\n<p>\u0410\u0434\u0435\u043b\u0438\u043d\u0430 \u041c\u0443\u0440\u0430\u0442\u0438, \u041f\u043e\u043c\u043b\u0430\u0434 \u0438\u043d\u0441\u043f\u0435\u043a\u0442\u043e\u0440, \u0435-\u043c\u0430\u0438\u043b: <span style=\"color: #912777;\">adelina.murati@malmed.gov.mk<\/span>, \u0442\u0435\u043b\u0435\u0444\u043e\u043d: 070-627-355<\/p>\n<p><span style=\"color: #ffffff;\">&#8212;&#8212;-<\/span> &#8211;\u00a0<strong>Nj\u00ebsia p\u00ebr Licencimin e Barnave dhe Pajisjeve Mjek\u00ebsore<\/strong><\/p>\n<p><span style=\"color: #ffffff;\">&#8212;&#8212;&#8212;-<\/span> Rajna Kostoska, udh\u00ebheq\u00ebse e sektorit, e-mail: <span style=\"color: #912777;\"><a style=\"color: #912777;\" href=\"mailto:rajna.kostoska@malmed.gov.mk\">rajna.kostoska@malmed.gov.mk<\/a>,<\/span>\u00a0\u00a0telefoni: 075-401-613<\/p>\n<p><span style=\"color: #ffffff;\">&#8212;&#8212;&#8212;-<\/span> Snezhana Kocevska, bashk\u00ebpun\u00ebtore e lart\u00eb, e-mail: <span style=\"color: #912777;\"><a style=\"color: #912777;\" href=\"mailto:snezana.kocevska@malmed.gov.mk\">snezana.kocevska@malmed.gov.mk<\/a>,<\/span>\u00a0\u00a0telefoni: 075-401-651<\/p>\n<p><span style=\"color: #ffffff;\">&#8212;&#8212;&#8212;-<\/span> Shpend Saliu, bashk\u00ebpun\u00ebtor i ri, e-mail: <span style=\"color: #912777;\"><a style=\"color: #912777;\" href=\"mailto:shpend.saliu@malmed.gov.mk\">shpend.saliu@malmed.gov.mk<\/a>,<\/span>\u00a0\u00a0telefoni: 075-401-629<\/p>\n<p>\u0417\u0435\u043c\u0431\u0440\u0438 \u0422\u0430\u0438\u0440\u0438, \u0441\u043e\u0432\u0435\u0442\u043d\u0438\u043a\u00a0 \u0435-\u043c\u0430\u0438\u043b: <a href=\"mailto:zemri.tairi@malmed.gov.mk\"><span style=\"color: #de2ce8;\"><span style=\"color: #c425b1;\">zemri.tairi@malmed.gov.mk<\/span><\/span><\/a>,\u00a0\u00a0\u0442\u0435\u043b\u0435\u0444\u043e\u043d:\u00a0075-401-647<\/p>\n<\/div>\n<p>[\/et_pb_text][\/et_pb_column][\/et_pb_row][et_pb_row _builder_version=&#8221;3.0.97&#8243;][et_pb_column type=&#8221;4_4&#8243; _builder_version=&#8221;3.0.97&#8243; parallax=&#8221;off&#8221; parallax_method=&#8221;on&#8221;][et_pb_image src=&#8221;https:\/\/malmed.gov.mk\/wp-content\/uploads\/Organzaciska-postavenost-na-MALMED-za-2020-v2.jpg&#8221; show_in_lightbox=&#8221;on&#8221; _builder_version=&#8221;3.0.97&#8243; box_shadow_style=&#8221;preset2&#8243; box_shadow_horizontal=&#8221;2px&#8221; box_shadow_vertical=&#8221;2px&#8221; box_shadow_blur=&#8221;15px&#8221; box_shadow_spread=&#8221;2px&#8221; box_shadow_color=&#8221;#912777&#8243;][\/et_pb_image][et_pb_image src=&#8221;https:\/\/malmed.gov.mk\/wp-content\/uploads\/Organzaciska-postavenost-na-MALMED-za-2020-v2-alb.jpg&#8221; show_in_lightbox=&#8221;on&#8221; _builder_version=&#8221;3.0.97&#8243; box_shadow_style=&#8221;preset2&#8243; box_shadow_horizontal=&#8221;2px&#8221; box_shadow_vertical=&#8221;2px&#8221; box_shadow_blur=&#8221;15px&#8221; box_shadow_spread=&#8221;2px&#8221; box_shadow_color=&#8221;#912777&#8243;][\/et_pb_image][\/et_pb_column][\/et_pb_row][\/et_pb_section]<\/p>","protected":false},"excerpt":{"rendered":"<p>[et_pb_section fb_built=&#8221;1&#8243; _builder_version=&#8221;3.0.97&#8243;][et_pb_row _builder_version=&#8221;3.0.97&#8243;][et_pb_column type=&#8221;4_4&#8243; _builder_version=&#8221;3.0.97&#8243; parallax=&#8221;off&#8221; parallax_method=&#8221;on&#8221;][et_pb_text _builder_version=&#8221;3.0.97&#8243; text_font=&#8221;||||||||&#8221; header_font=&#8221;||||||||&#8221;] \u041e\u0440\u0433\u0430\u043d\u0438\u0437\u0430\u0446\u0438\u0458\u0430 \u0438 \u0432\u0440\u0430\u0431\u043e\u0442\u0435\u043d\u0438 \u041d\u0430\u00a0 \u0447\u0435\u043b\u043e \u043d\u0430 \u0410\u0433\u0435\u043d\u0446\u0438\u0458\u0430\u0442\u0430 \u0437\u0430 \u043b\u0435\u043a\u043e\u0432\u0438 \u0438 \u043c\u0435\u0434\u0438\u0446\u0438\u043d\u0441\u043a\u0438 \u0441\u0440\u0435\u0434\u0441\u0442\u0432\u0430-\u041c\u0410\u041b\u041c\u0415\u0414 \u0441\u0442\u043e\u0438\u00a0\u0414\u0418\u0420\u0415\u041a\u0422\u041e\u0420\u00a0\u043a\u043e\u0458 \u0435 \u043e\u0434\u0433\u043e\u0432\u043e\u0440\u0435\u043d \u0437\u0430 \u043d\u0435\u0458\u0437\u0438\u043d\u043e\u0442\u043e \u0440\u0430\u0431\u043e\u0442\u0435\u045a\u0435, \u0438\u0441\u0442\u0430\u0442\u0430 \u0458\u0430 \u043f\u0440\u0435\u0442\u0441\u0442\u0430\u0432\u0443\u0432\u0430 \u0438 \u0433\u043e \u043a\u043e\u043e\u0440\u0434\u0438\u043d\u0438\u0440\u0430 \u0440\u0430\u0431\u043e\u0442\u0435\u045a\u0435\u0442\u043e \u043d\u0430 \u043d\u0435\u0458\u0437\u0438\u043d\u0438\u0442\u0435 \u043e\u0440\u0433\u0430\u043d\u0438\u0437\u0430\u0446\u0438\u0441\u043a\u0438 \u0435\u0434\u0438\u043d\u0438\u0446\u0438.\u041e\u0440\u0433\u0430\u043d\u0438\u0437\u0430\u0446\u0438\u0441\u043a\u0430\u0442\u0430 \u043f\u043e\u0441\u0442\u0430\u0432\u0435\u043d\u043e\u0441\u0442 \u043d\u0430 \u0410\u0433\u0435\u043d\u0446\u0438\u0458\u0430\u0442\u0430 \u0435 \u0441\u043b\u0435\u0434\u043d\u0430: \u0414\u0438\u0440\u0435\u043a\u0442\u043e\u0440 &#8212;&#8212;&#8212;- \u0421\u0430\u0431\u0440\u0438 \u0410\u043b\u0438\u0442\u0438\u00a0, \u0435-\u043c\u0430\u0438\u043b: sabri.aliti@malmed.gov.mk, \u0442\u0435\u043b\u0435\u0444\u043e\u043d: 02-5112-394 \u0417\u0430\u043c\u0435\u043d\u0438\u043a \u0414\u0438\u0440\u0435\u043a\u0442\u043e\u0440 [&hellip;]<\/p>","protected":false},"author":2,"featured_media":0,"parent":0,"menu_order":0,"comment_status":"closed","ping_status":"closed","template":"","meta":{"footnotes":""},"class_list":["post-4140","page","type-page","status-publish","hentry"],"_links":{"self":[{"href":"https:\/\/malmed.gov.mk\/sq\/wp-json\/wp\/v2\/pages\/4140","targetHints":{"allow":["GET"]}}],"collection":[{"href":"https:\/\/malmed.gov.mk\/sq\/wp-json\/wp\/v2\/pages"}],"about":[{"href":"https:\/\/malmed.gov.mk\/sq\/wp-json\/wp\/v2\/types\/page"}],"author":[{"embeddable":true,"href":"https:\/\/malmed.gov.mk\/sq\/wp-json\/wp\/v2\/users\/2"}],"replies":[{"embeddable":true,"href":"https:\/\/malmed.gov.mk\/sq\/wp-json\/wp\/v2\/comments?post=4140"}],"version-history":[{"count":0,"href":"https:\/\/malmed.gov.mk\/sq\/wp-json\/wp\/v2\/pages\/4140\/revisions"}],"wp:attachment":[{"href":"https:\/\/malmed.gov.mk\/sq\/wp-json\/wp\/v2\/media?parent=4140"}],"curies":[{"name":"wp","href":"https:\/\/api.w.org\/{rel}","templated":true}]}}