{"id":4120,"date":"2020-01-27T12:32:51","date_gmt":"2020-01-27T12:32:51","guid":{"rendered":"https:\/\/malmed.gov.mk\/?page_id=4120"},"modified":"2025-12-29T07:19:43","modified_gmt":"2025-12-29T07:19:43","slug":"%d0%b7%d0%b0-%d0%b4%d0%b8%d1%80%d0%b5%d0%ba%d1%82%d0%be%d1%80%d0%be%d1%82","status":"publish","type":"page","link":"https:\/\/malmed.gov.mk\/sq\/%d0%b7%d0%b0-%d0%b4%d0%b8%d1%80%d0%b5%d0%ba%d1%82%d0%be%d1%80%d0%be%d1%82\/","title":{"rendered":"P\u00ebr Drejtorin"},"content":{"rendered":"<p>[et_pb_section fb_built=&#8221;1&#8243; _builder_version=&#8221;3.0.97&#8243;][et_pb_row _builder_version=&#8221;3.0.97&#8243;][et_pb_column type=&#8221;1_2&#8243; _builder_version=&#8221;3.0.97&#8243; parallax=&#8221;off&#8221; parallax_method=&#8221;on&#8221;][et_pb_image src=&#8221;https:\/\/malmed.gov.mk\/wp-content\/uploads\/2-1.jpg&#8221; _builder_version=&#8221;3.0.97&#8243; max_width=&#8221;75%&#8221;][\/et_pb_image][\/et_pb_column][et_pb_column type=&#8221;1_2&#8243; _builder_version=&#8221;3.0.97&#8243; parallax=&#8221;off&#8221; parallax_method=&#8221;on&#8221;][et_pb_text _builder_version=&#8221;3.0.97&#8243;]<\/p>\n<p>Drejtore e Agjencis\u00eb s\u00eb Barnave dhe Pajisjeve Mjek\u00ebsore<\/p>\n<p><b>\u041c-\u0440 \u0444\u0430\u0440\u043c \u0421\u0430\u0431\u0440\u0438 \u0410\u043b\u0438\u0442\u0438\u00a0<\/b><\/p>\n<p>\u0420\u043e\u0434\u0435\u043d: 15.12.1982 \u0433\u043e\u0434\u0438\u043d\u0430<\/p>\n<p>\u0413\u0440\u0430\u0434:<span class=\"Y2IQFc\" lang=\"mk\">\u0422\u0435\u0442\u043e\u0432\u043e<\/span><\/p>\n<p>\u0435-\u043c\u0430\u0438\u043b: sabri.aliti@malmed.gov.mk<\/p>\n<p>Telefoni: 02-5112-394<\/p>\n<p>[\/et_pb_text][\/et_pb_column][\/et_pb_row][et_pb_row _builder_version=&#8221;3.0.97&#8243;][et_pb_column type=&#8221;4_4&#8243; _builder_version=&#8221;3.0.97&#8243; parallax=&#8221;off&#8221; parallax_method=&#8221;on&#8221;][et_pb_text _builder_version=&#8221;3.0.97&#8243;]<\/p>\n<p><strong>T\u00eb dh\u00ebna biografike:<\/strong><span data-ccp-props=\"{\">\u00a0<\/span><\/p>\n<p>\u0421\u0430\u0431\u0440\u0438 \u0410\u043b\u0438\u0442\u0438 \u0435 \u043c\u0430\u0433\u0438\u0441\u0442\u0435\u0440 \u043f\u043e \u0444\u0430\u0440\u043c\u0430\u0446\u0438\u0458\u0430 \u0441\u043e \u0434\u043e\u043b\u0433\u043e\u0433\u043e\u0434\u0438\u0448\u043d\u043e \u0438\u0441\u043a\u0443\u0441\u0442\u0432\u043e \u0432\u043e \u043e\u0431\u043b\u0430\u0441\u0442\u0430 \u043d\u0430 \u0444\u0430\u0440\u043c\u0430\u0446\u0438\u0458\u0430\u0442\u0430.\u041e\u0431\u0440\u0430\u0437\u043e\u0432\u0430\u043d\u0438\u0435\u0442\u043e \u0433\u043e \u0441\u0442\u0435\u043a\u043d\u0443\u0432\u0430 \u0432\u043e \u0437\u0435\u043c\u0458\u0430\u0442\u0430 \u0438 \u0441\u0442\u0440\u0430\u043d\u0441\u0442\u0432\u043e, \u0437\u0430\u0432\u0440\u0448\u0443\u0432\u0430\u0458\u045c\u0438 \u0433\u0438 \u0441\u0442\u0443\u0434\u0438\u0438\u0442\u0435 \u043d\u0430 \u0424\u0430\u0440\u043c\u0430\u0446\u0435\u0432\u0442\u0441\u043a\u0438\u043e\u0442 \u0444\u0430\u043a\u0443\u043b\u0442\u0435\u0442 \u043f\u0440\u0438 \u0423\u043d\u0438\u0432\u0435\u0440\u0437\u0438\u0442\u0435\u0442\u043e\u0442 \u0432\u043e \u0422\u0438\u0440\u0430\u043d\u0430, \u0430 \u043f\u043e\u0441\u0442\u0434\u0438\u043f\u043b\u043e\u043c\u0441\u043a\u0438\u0442\u0435 \u0441\u0442\u0443\u0434\u0438\u0438 \u0433\u0438 \u043f\u0440\u043e\u0434\u043e\u043b\u0436\u0443\u0432\u0430 \u043d\u0430 \u0423\u043d\u0438\u0432\u0435\u0440\u0437\u0438\u0442\u0435\u0442\u043e\u0442 \u0432\u043e \u041a\u0430\u043c\u0435\u0440\u0438\u043d\u043e (UNICAM), \u0418\u0442\u0430\u043b\u0438\u0458\u0430. \u041f\u0440\u043e\u0444\u0435\u0441\u0438\u043e\u043d\u0430\u043b\u043d\u0430\u0442\u0430 \u043a\u0430\u0440\u0438\u0435\u0440\u0430 \u0458\u0430 \u0437\u0430\u043f\u043e\u0447\u043d\u0443\u0432\u0430 \u043a\u0430\u043a\u043e \u043d\u043e\u0441\u0438\u0442\u0435\u043b \u043d\u0430 \u0434\u0435\u0458\u043d\u043e\u0441\u0442 \u0432\u043e \u043d\u0435\u043a\u043e\u043b\u043a\u0443 \u043f\u0440\u0438\u0432\u0430\u0442\u043d\u0438 \u0430\u043f\u0442\u0435\u043a\u0438, \u0430 \u043f\u043e\u0434\u043e\u0446\u043d\u0430 \u0458\u0430 \u0433\u0440\u0430\u0434\u0438 \u0441\u0432\u043e\u0458\u0430\u0442\u0430 \u0435\u043a\u0441\u043f\u0435\u0440\u0442\u0438\u0437\u0430 \u0432\u043e \u0438\u043d\u0441\u0442\u0438\u0442\u0443\u0446\u0438\u0438 \u043e\u0434 \u0458\u0430\u0432\u043d\u0438\u043e\u0442 \u0441\u0435\u043a\u0442\u043e\u0440, \u0441\u043e \u043e\u0441\u043e\u0431\u0435\u043d \u0444\u043e\u043a\u0443\u0441 \u043d\u0430 \u0444\u0430\u0440\u043c\u0430\u043a\u043e\u0432\u0438\u0433\u0438\u043b\u0430\u043d\u0446\u0430 \u0438 \u0431\u0435\u0437\u0431\u0435\u0434\u043d\u043e\u0441\u0442 \u043d\u0430 \u043b\u0435\u043a\u043e\u0432\u0438.<\/p>\n<p>\u0421\u0430\u0431\u0440\u0438 \u0410\u043b\u0438\u0442\u0438 \u0430\u043a\u0442\u0438\u0432\u043d\u043e \u0443\u0447\u0435\u0441\u0442\u0432\u0443\u0432\u0430\u043b \u00a0\u0432\u043e \u043c\u0435\u0453\u0443\u043d\u0430\u0440\u043e\u0434\u043d\u0438 \u0438 \u0440\u0435\u0433\u0438\u043e\u043d\u0430\u043b\u043d\u0438 \u043a\u043e\u043d\u0433\u0440\u0435\u0441\u0438 \u0438 \u0441\u0438\u043c\u043f\u043e\u0437\u0438\u0443\u043c\u0438, \u0441\u043e \u043f\u043e\u0441\u0435\u0431\u0435\u043d \u0430\u043a\u0446\u0435\u043d\u0442 \u043d\u0430 \u0431\u0435\u0437\u0431\u0435\u0434\u043d\u043e\u0441\u0442\u0430 \u043d\u0430 \u043b\u0435\u043a\u043e\u0432\u0438\u0442\u0435, \u043c\u0435\u0434\u0438\u0446\u0438\u043d\u0441\u043a\u0438\u0442\u0435 \u0441\u0440\u0435\u0434\u0441\u0442\u0432\u0430 \u0438 \u0441\u043b\u0435\u0434\u0435\u045a\u0435\u0442\u043e \u043d\u0430 \u043d\u0435\u0441\u0430\u043a\u0430\u043d\u0438\u0442\u0435 \u0440\u0435\u0430\u043a\u0446\u0438\u0438. \u0423\u0447\u0435\u0441\u0442\u0432\u0443\u0432\u0430\u043b \u0432\u043e MedDRA \u043e\u0431\u0443\u043a\u0438 \u0438 TAIEX \u0438\u043d\u0438\u0446\u0438\u0458\u0430\u0442\u0438\u0432\u0438 \u0437\u0430 \u0445\u0430\u0440\u043c\u043e\u043d\u0438\u0437\u0430\u0446\u0438\u0458\u0430 \u043d\u0430 \u0440\u0435\u0433\u0443\u043b\u0430\u0442\u0438\u0432\u0438\u0442\u0435 \u0441\u043e \u0435\u0432\u0440\u043e\u043f\u0441\u043a\u043e\u0442\u043e \u0437\u0430\u043a\u043e\u043d\u043e\u0434\u0430\u0432\u0441\u0442\u0432\u043e.<\/p>\n<p>\u041a\u0430\u043a\u043e \u0434\u0435\u043b \u043e\u0434 \u0441\u0432\u043e\u0458\u043e\u0442 \u0430\u043d\u0433\u0430\u0436\u043c\u0430\u043d \u0432\u043e \u0410\u0433\u0435\u043d\u0446\u0438\u0458\u0430\u0442\u0430 \u0437\u0430 \u043b\u0435\u043a\u043e\u0432\u0438 \u0438 \u043c\u0435\u0434\u0438\u0446\u0438\u043d\u0441\u043a\u0438 \u0441\u0440\u0435\u0434\u0441\u0442\u0432\u0430, \u0432\u043e\u0441\u043f\u043e\u0441\u0442\u0430\u0432\u0438\u043b \u0431\u043b\u0438\u0441\u043a\u0430 \u0441\u043e\u0440\u0430\u0431\u043e\u0442\u043a\u0430 \u0441\u043e \u0415\u0432\u0440\u043e\u043f\u0441\u043a\u0430\u0442\u0430 \u0430\u0433\u0435\u043d\u0446\u0438\u0458\u0430 \u0437\u0430 \u043b\u0435\u043a\u043e\u0432\u0438 (EMA), \u0430\u043a\u0442\u0438\u0432\u043d\u043e \u043f\u0440\u0438\u043c\u0435\u043d\u0443\u0432\u0430\u0458\u045c\u0438 \u0433\u043e MedDRA \u0441\u0438\u0441\u0442\u0435\u043c\u043e\u0442 \u0437\u0430 \u0441\u043b\u0435\u0434\u0435\u045a\u0435, \u043a\u043b\u0430\u0441\u0438\u0444\u0438\u043a\u0430\u0446\u0438\u0458\u0430 \u0438 \u043f\u0440\u0438\u0458\u0430\u0432\u0443\u0432\u0430\u045a\u0435 \u043d\u0430 \u043d\u0435\u0441\u0430\u043a\u0430\u043d\u0438 \u0440\u0435\u0430\u043a\u0446\u0438\u0438 \u043e\u0434 \u043b\u0435\u043a\u043e\u0432\u0438.<\/p>\n<p>\u0421\u0430\u0431\u0440\u0438 \u0410\u043b\u0438\u0442\u0438 \u00a0\u0435 \u0436\u0435\u043d\u0435\u0442 \u0438 \u0438\u043c\u0430 \u0434\u0432\u0435 \u0434\u0435\u0446\u0430.<\/p>\n<p>Sabri Aliti \u00ebsht\u00eb magjist\u00ebr i farmacis\u00eb me p\u00ebrvoj\u00eb shum\u00ebvje\u00e7are n\u00eb fush\u00ebn e farmacis\u00eb.Arsimin e ka ndjekur si n\u00eb vend ashtu edhe jasht\u00eb tij, duke i p\u00ebrfunduar studimet n\u00eb Fakultetin e Farmacis\u00eb n\u00eb Universitetin e Tiran\u00ebs, nd\u00ebrsa studimet pasuniversitare i ka vazhduar n\u00eb Universitetin e Kamerinos (UNICAM), n\u00eb Itali. Karrier\u00ebn profesionale e ka filluar si bart\u00ebs i veprimtaris\u00eb n\u00eb disa farmaci private, nd\u00ebrsa m\u00eb pas e ka nd\u00ebrtuar ekspertiz\u00ebn e tij n\u00eb institucione t\u00eb sektorit publik, me fokus t\u00eb ve\u00e7ant\u00eb n\u00eb farmakovigjilenc\u00eb dhe sigurin\u00eb e barnave.<\/p>\n<p>Sabri Aliti ka marr\u00eb pjes\u00eb aktive n\u00eb kongrese dhe simpoziume nd\u00ebrkomb\u00ebtare dhe rajonale, me theks t\u00eb ve\u00e7ant\u00eb n\u00eb sigurin\u00eb e barnave, pajisjeve mjek\u00ebsore dhe ndjekjen e reaksioneve an\u00ebsore. Ka qen\u00eb pjes\u00ebmarr\u00ebs n\u00eb trajnime p\u00ebr MedDRA dhe n\u00eb iniciativat TAIEX p\u00ebr harmonizimin e legjislacionit me at\u00eb evropian.<\/p>\n<p>N\u00eb kuad\u00ebr t\u00eb angazhimit t\u00eb tij n\u00eb Agjencin\u00eb p\u00ebr barna dhe Pajisje Mjek\u00ebsore, ka vendosur bashk\u00ebpunim t\u00eb ngusht\u00eb me Agjencin\u00eb Evropiane p\u00ebr Ila\u00e7e (EMA), duke e zbatuar n\u00eb m\u00ebnyr\u00eb aktive sistemin MedDRA p\u00ebr ndjekjen, klasifikimin dhe raportimin e reaksioneve an\u00ebsore nga barnat.<\/p>\n<p>Sabri Aliti \u00ebsht\u00eb i martuar dhe ka dy f\u00ebmij\u00eb.<\/p>\n<p>[\/et_pb_text][\/et_pb_column][\/et_pb_row][\/et_pb_section]<\/p>","protected":false},"excerpt":{"rendered":"<p>[et_pb_section fb_built=&#8221;1&#8243; _builder_version=&#8221;3.0.97&#8243;][et_pb_row _builder_version=&#8221;3.0.97&#8243;][et_pb_column type=&#8221;1_2&#8243; _builder_version=&#8221;3.0.97&#8243; parallax=&#8221;off&#8221; parallax_method=&#8221;on&#8221;][et_pb_image src=&#8221;https:\/\/malmed.gov.mk\/wp-content\/uploads\/2-1.jpg&#8221; _builder_version=&#8221;3.0.97&#8243; max_width=&#8221;75%&#8221;][\/et_pb_image][\/et_pb_column][et_pb_column type=&#8221;1_2&#8243; _builder_version=&#8221;3.0.97&#8243; parallax=&#8221;off&#8221; parallax_method=&#8221;on&#8221;][et_pb_text _builder_version=&#8221;3.0.97&#8243;] \u0414\u0438\u0440\u0435\u043a\u0442\u043e\u0440 \u043d\u0430 \u0410\u0433\u0435\u043d\u0446\u0438\u0458\u0430\u0442\u0430 \u0437\u0430 \u043b\u0435\u043a\u043e\u0432\u0438 \u0438 \u043c\u0435\u0434\u0438\u0446\u0438\u043d\u0441\u043a\u0438 \u0441\u0440\u0435\u0434\u0441\u0442\u0432\u0430: \u041c-\u0440 \u0444\u0430\u0440\u043c \u0421\u0430\u0431\u0440\u0438 \u0410\u043b\u0438\u0442\u0438\u00a0 \u0420\u043e\u0434\u0435\u043d: 15.12.1982 \u0433\u043e\u0434\u0438\u043d\u0430 \u0413\u0440\u0430\u0434:\u0422\u0435\u0442\u043e\u0432\u043e \u0435-\u043c\u0430\u0438\u043b: sabri.aliti@malmed.gov.mk \u0442\u0435\u043b\u0435\u0444\u043e\u043d: 02-5112-394 [\/et_pb_text][\/et_pb_column][\/et_pb_row][et_pb_row _builder_version=&#8221;3.0.97&#8243;][et_pb_column type=&#8221;4_4&#8243; _builder_version=&#8221;3.0.97&#8243; parallax=&#8221;off&#8221; parallax_method=&#8221;on&#8221;][et_pb_text _builder_version=&#8221;3.0.97&#8243;] \u0411\u0438\u043e\u0433\u0440\u0430\u0444\u0441\u043a\u0438 \u043f\u043e\u0434\u0430\u0442\u043e\u0446\u0438:\u00a0 \u0421\u0430\u0431\u0440\u0438 \u0410\u043b\u0438\u0442\u0438 \u0435 \u043c\u0430\u0433\u0438\u0441\u0442\u0435\u0440 \u043f\u043e \u0444\u0430\u0440\u043c\u0430\u0446\u0438\u0458\u0430 \u0441\u043e \u0434\u043e\u043b\u0433\u043e\u0433\u043e\u0434\u0438\u0448\u043d\u043e \u0438\u0441\u043a\u0443\u0441\u0442\u0432\u043e \u0432\u043e [&hellip;]<\/p>","protected":false},"author":3,"featured_media":0,"parent":0,"menu_order":0,"comment_status":"closed","ping_status":"closed","template":"","meta":{"footnotes":""},"class_list":["post-4120","page","type-page","status-publish","hentry"],"_links":{"self":[{"href":"https:\/\/malmed.gov.mk\/sq\/wp-json\/wp\/v2\/pages\/4120","targetHints":{"allow":["GET"]}}],"collection":[{"href":"https:\/\/malmed.gov.mk\/sq\/wp-json\/wp\/v2\/pages"}],"about":[{"href":"https:\/\/malmed.gov.mk\/sq\/wp-json\/wp\/v2\/types\/page"}],"author":[{"embeddable":true,"href":"https:\/\/malmed.gov.mk\/sq\/wp-json\/wp\/v2\/users\/3"}],"replies":[{"embeddable":true,"href":"https:\/\/malmed.gov.mk\/sq\/wp-json\/wp\/v2\/comments?post=4120"}],"version-history":[{"count":0,"href":"https:\/\/malmed.gov.mk\/sq\/wp-json\/wp\/v2\/pages\/4120\/revisions"}],"wp:attachment":[{"href":"https:\/\/malmed.gov.mk\/sq\/wp-json\/wp\/v2\/media?parent=4120"}],"curies":[{"name":"wp","href":"https:\/\/api.w.org\/{rel}","templated":true}]}}