{"id":407,"date":"2017-02-27T14:08:00","date_gmt":"2017-02-27T14:08:00","guid":{"rendered":"https:\/\/malmed.gov.mk\/?page_id=407"},"modified":"2020-01-30T08:06:46","modified_gmt":"2020-01-30T08:06:46","slug":"%d0%bf%d1%80%d0%b0%d0%b2%d0%b8%d0%bb%d0%bd%d0%b8%d1%86%d0%b8-%d0%b7%d0%b0-%d0%bc%d0%b5%d0%b4%d0%b8%d1%86%d0%b8%d0%bd%d1%81%d0%ba%d0%b8-%d1%81%d1%80%d0%b5%d0%b4%d1%81%d1%82%d0%b2%d0%b0","status":"publish","type":"page","link":"https:\/\/malmed.gov.mk\/sq\/%d0%bf%d1%80%d0%b0%d0%b2%d0%b8%d0%bb%d0%bd%d0%b8%d1%86%d0%b8-%d0%b7%d0%b0-%d0%bc%d0%b5%d0%b4%d0%b8%d1%86%d0%b8%d0%bd%d1%81%d0%ba%d0%b8-%d1%81%d1%80%d0%b5%d0%b4%d1%81%d1%82%d0%b2%d0%b0\/","title":{"rendered":"Rregulloret e pajisjeve mjek\u00ebsore"},"content":{"rendered":"<ol>\n<li><a href=\"https:\/\/malmed.gov.mk\/wp-content\/uploads\/Pravilnik_za_specijalizirani_prodavnici_101-od-2018.pdf\" target=\"_blank\" rel=\"noreferrer noopener\" aria-label=\" (opens in a new tab)\" data-rich-text-format-boundary=\"true\"><span style=\"color: #912777;\">Rregullore e kushteve t\u00eb hap\u00ebsir\u00ebs, pajisjeve, kuadrit dhe dokumentacionit t\u00eb nevojsh\u00ebm p\u00ebr regjistrim n\u00eb regjistrin e shitoreve t\u00eb specializuara p\u00ebr pajisje mjek\u00ebsore \u201cGazeta Zyrtare e RM-s\u00eb\u201d, nr. 101\/18<\/span><\/a><\/li>\n<li><span style=\"color: #912777;\"><a style=\"color: #912777;\" href=\"http:\/\/malmed.gov.mk\/wp-content\/uploads\/1-Pravilnik-pravni_lica_za_promet_na_golemo_so_medicinski_sredstva-Sl.Vesnik-br.220_od_2016.pdf\" target=\"_blank\" rel=\"noreferrer noopener\" data-rich-text-format-boundary=\"true\">Rregullore e kushteve m\u00eb t\u00eb af\u00ebrta t\u00eb hap\u00ebsir\u00ebs, pajisjeve dhe kuadrit, dokumentacionit p\u00ebr regjistrim n\u00eb regjistrin e personave juridik\u00eb p\u00ebr shitblerje me shumic\u00eb t\u00eb pajisjeve mjek\u00ebsore \u201cGazeta Zyrtare e RM-s\u00eb\u201d, nr. 220\/16<\/a><\/span><\/li>\n<li><span style=\"color: #912777;\"><a style=\"color: #912777;\" href=\"http:\/\/malmed.gov.mk\/wp-content\/uploads\/2-Pravilnik_za_materiovigilanca-Sl.Vesnik-br.100_od_2016.pdf\" target=\"_blank\" rel=\"noreferrer noopener\" data-rich-text-format-boundary=\"true\">Rregullore e m\u00ebnyr\u00ebs s\u00eb informimit t\u00eb efekteve t\u00eb pad\u00ebshiruara gjat\u00eb p\u00ebrdorimit t\u00eb pajisjeve mjek\u00ebsore, llojet e reaksioneve t\u00eb cilat i shkaktojn\u00eb, veprimet e n\u00ebpun\u00ebsve sh\u00ebndet\u00ebsor\u00eb dhe furnizuesve, si dhe m\u00ebnyra e organizimit t\u00eb sistemit t\u00eb p\u00ebrcjelljes s\u00eb efekteve t\u00eb pad\u00ebshiruara dhe reaksioneve nga pajisjet mjek\u00ebsore \u201cGazeta Zyrtare e RM-s\u00eb\u201d nr. 100\/16<\/a><\/span><\/li>\n<li><span style=\"color: #912777;\"><a style=\"color: #912777;\" href=\"http:\/\/malmed.gov.mk\/wp-content\/uploads\/3-Pravilnik-za-nadomestoci-vo-postapki-Sl.Vesnik-br.166_od_2011.pdf\" target=\"_blank\" rel=\"noreferrer noopener\" data-rich-text-format-boundary=\"true\">Rregullore e kompensimeve q\u00eb paguhen n\u00eb procedurat q\u00eb udh\u00ebzohen sipas Ligjit p\u00ebr Barna dhe Pajisje Mjek\u00ebsore \u201cGazeta Zyrtare e RM-s\u00eb\u201d, nr. 166\/11<\/a><\/span><\/li>\n<li><span style=\"color: #912777;\"><a style=\"color: #912777;\" href=\"http:\/\/malmed.gov.mk\/wp-content\/uploads\/4-Pravilnik-za-obrazec-za-zapisuvanje-na-med.-pomagala-Sl.Vesnik-br.151_od_2010.pdf\" target=\"_blank\" rel=\"noreferrer noopener\" data-rich-text-format-boundary=\"true\">Rregullore e p\u00ebrmbajtjes s\u00eb formularit t\u00eb k\u00ebrkes\u00ebs dhe dokumentacioni i nevojsh\u00ebm q\u00eb duhet t\u00eb dor\u00ebzohet p\u00ebr sh\u00ebnimin e ndihmesave mjek\u00ebsore n\u00eb regjistrin e ndihmesave mjek\u00ebsore n\u00eb Republik\u00ebn e Maqedonis\u00eb \u201cGazeta Zyrtare e RM-s\u00eb\u201d, nr. 151\/10<\/a><\/span><\/li>\n<li><span style=\"color: #912777;\"><a style=\"color: #912777;\" href=\"http:\/\/malmed.gov.mk\/wp-content\/uploads\/5-Pravilnik-za-institucii-sto-vrsat-ocena-Sl.Vesnik-br.143_od_2010.pdf\" target=\"_blank\" rel=\"noreferrer noopener\" data-rich-text-format-boundary=\"true\">Rregullore e kushteve q\u00eb duhet t\u2019i p\u00ebrmbushin institucionet q\u00eb kryejn\u00eb vler\u00ebsimin e efekteve an\u00ebsore t\u00eb llojeve t\u00eb caktuara t\u00eb ndihmesave mjek\u00ebsore \u201cGazeta Zyrtare e RM-s\u00eb\u201d, nr. 143\/10<\/a><\/span><\/li>\n<li><span style=\"color: #912777;\"><a style=\"color: #912777;\" href=\"http:\/\/malmed.gov.mk\/wp-content\/uploads\/6-Pravilnik-za-nacin-na-prijavuvanje-na-klinicki-ispituvanje-Sl.Vesnik-br.62_od_2010.pdf\" target=\"_blank\" rel=\"noreferrer noopener\" data-rich-text-format-boundary=\"true\">Rregullore e dokumentacionit t\u00eb nevojsh\u00ebm dhe m\u00ebnyr\u00ebs s\u00eb paraqitjes s\u00eb analizave klinike t\u00eb pajisjeve mjek\u00ebsore dhe ndryshimeve t\u00eb b\u00ebra dhe njoftimi p\u00ebr reaksione dhe ndodhi t\u00eb pad\u00ebshiruara, p\u00ebrkat\u00ebsisht incidente, si dhe kushtet q\u00eb  duhet t\u2019i p\u00ebrmbushin personat juridik\u00eb t\u00eb cil\u00ebt kryejn\u00eb analiza klinike t\u00eb pajisjeve mjek\u00ebsore \u201cGazeta Zyrtare e RM-s\u00eb\u201d, nr. 62\/10<\/a><\/span><\/li>\n<li><span style=\"color: #912777;\"><a style=\"color: #912777;\" href=\"http:\/\/malmed.gov.mk\/wp-content\/uploads\/7-Pravilnik-za-opsti-i-posebni-uslovi-za-med.-pomagala-Sl.Vesnik-br.92_od_2009.pdf\" target=\"_blank\" rel=\"noreferrer noopener\" data-rich-text-format-boundary=\"true\">Rregullore e form\u00ebs dhe e p\u00ebrmbajtjes s\u00eb formularit p\u00ebr k\u00ebrkes\u00ebn dhe form\u00ebn e dokumentacionit q\u00eb duhet t\u00eb parashtrohet p\u00ebr t\u2019u sh\u00ebnuar n\u00eb regjistrin e prodhuesve t\u00eb pajisjeve mjek\u00ebsore \u201cGazeta Zyrtare e RM-s\u00eb\u201d, nr. 92\/09<\/a><\/span><\/li>\n<li><span style=\"color: #912777;\"><a style=\"color: #912777;\" href=\"http:\/\/malmed.gov.mk\/wp-content\/uploads\/8-Pravilnik-za-sodrzina-na-kontaktno-pakuvanje-za-med.-pomagalo-Sl.Vesnik-br.24_od_2009.pdf\" target=\"_blank\" rel=\"noreferrer noopener\" data-rich-text-format-boundary=\"true\">Rregullore e p\u00ebrmbajtjes dhe m\u00ebnyr\u00ebs s\u00eb sh\u00ebnimit t\u00eb paketimit t\u00eb jasht\u00ebm dhe kontaktues, si dhe udh\u00ebzuesi i p\u00ebrdorimit t\u00eb ndihmes\u00ebs mjek\u00ebsore \u201cGazeta Zyrtare e RM-s\u00eb\u201d, nr. 24\/09<\/a><\/span><\/li>\n<li><span style=\"color: #912777;\"><a style=\"color: #912777;\" href=\"http:\/\/malmed.gov.mk\/wp-content\/uploads\/9-Pravlinik-za-opsti-i-posebni-uslovi-za-med.-pomagala-Sl.Vesnik-br.24_od_2009.pdf\" target=\"_blank\" rel=\"noreferrer noopener\" data-rich-text-format-boundary=\"true\">Rregullore e kushteve t\u00eb p\u00ebrgjithshme dhe t\u00eb ve\u00e7anta q\u00eb duhet t\u2019i p\u00ebrmbushin ndihmesat mjek\u00ebsore \u201cGazeta Zyrtare e RM-s\u00eb\u201d, nr. 24\/09<\/a><\/span><\/li>\n<li><span style=\"color: #912777;\"><a style=\"color: #912777;\" href=\"http:\/\/malmed.gov.mk\/wp-content\/uploads\/12-Pravilnik-za-uslovi-za-proizvoditeli-na-med.-pomagala-Sl.Vesnik-br.19_od_2009.pdf\" target=\"_blank\" rel=\"noreferrer noopener\">Rregullore e marr\u00ebdh\u00ebnieve m\u00eb t\u00eb af\u00ebrta t\u00eb hap\u00ebsir\u00ebs, pajisjes dhe kuadrit q\u00eb duhet t\u2019i p\u00ebrmbushin prodhuesit e ndihmesave mjek\u00ebsore \u201cGazeta Zyrtare e RM-s\u00eb\u201d, nr. 19\/09<\/a><\/span><\/li>\n<li><span style=\"color: #912777;\"><a style=\"color: #912777;\" href=\"http:\/\/malmed.gov.mk\/wp-content\/uploads\/11-Pravilnik-za-uslovi-i-klasificiranje-na-med.-pomagala-Sl.Vesnik.br-125_od_2008.pdf\" target=\"_blank\" rel=\"noreferrer noopener\" data-rich-text-format-boundary=\"true\">Rregullore e kushteve m\u00eb t\u00eb af\u00ebrta dhe m\u00ebnyr\u00ebs s\u00eb klasifikimit t\u00eb ndihmesave mjek\u00ebsore \u201cGazeta Zyrtare e RM-s\u00eb\u201d, nr. 125\/08<\/a><\/span><\/li>\n<\/ol>\n\n\n<p><\/p>\n\n\n\n<p><\/p>\n\n\n\n<p><\/p>\n\n\n\n<p><\/p>\n\n\n\n<p><\/p>","protected":false},"excerpt":{"rendered":"<p>\u041f\u0440\u0430\u0432\u0438\u043b\u043d\u0438\u043a \u0437\u0430 \u0443\u0441\u043b\u043e\u0432\u0438\u0442\u0435 \u043f\u043e \u043e\u0434\u043d\u043e\u0441 \u043d\u0430 \u043f\u0440\u043e\u0441\u0442\u043e\u0440\u043e\u0442, \u043e\u043f\u0440\u0435\u043c\u0430\u0442\u0430, \u043a\u0430\u0434\u0430\u0440\u043e\u0442 \u0438 \u043f\u043e\u0442\u0440\u0435\u0431\u043d\u0430\u0442\u0430 \u0434\u043e\u043a\u0443\u043c\u0435\u043d\u0442\u0430\u0446\u0438\u0458\u0430 \u0437\u0430 \u0437\u0430\u043f\u0438\u0448\u0443\u0432\u0430\u045a\u0435 \u0432\u043e \u0440\u0435\u0433\u0438\u0441\u0442\u0430\u0440\u043e\u0442 \u043d\u0430 \u0441\u043f\u0435\u0446\u0438\u0458\u0430\u043b\u0438\u0437\u0438\u0440\u0430\u043d\u0438 \u043f\u0440\u043e\u0434\u0430\u0432\u043d\u0438\u0446\u0438 \u0437\u0430 \u043c\u0435\u0434\u0438\u0446\u0438\u043d\u0441\u043a\u0438 \u0441\u0440\u0435\u0434\u0441\u0442\u0432\u0430 \u201e\u0421\u043b\u0443\u0436\u0431\u0435\u043d \u0432\u0435\u0441\u043d\u0438\u043a \u043d\u0430 \u0420\u041c\u201c, \u0431\u0440. 101\/18 \u041f\u0440\u0430\u0432\u0438\u043b\u043d\u0438\u043a \u0437\u0430 \u043f\u043e\u0431\u043b\u0438\u0441\u043a\u0438\u0442\u0435 \u0443\u0441\u043b\u043e\u0432\u0438 \u043f\u043e \u043e\u0434\u043d\u043e\u0441 \u043d\u0430 \u043f\u0440\u043e\u0441\u0442\u043e\u0440, \u043e\u043f\u0440\u0435\u043c\u0430\u0442\u0430 \u0438 \u043a\u0430\u0434\u0430\u0440\u043e\u0442, \u0434\u043e\u043a\u0443\u043c\u0435\u043d\u0442\u0430\u0446\u0438\u0458\u0430\u0442\u0430 \u0437\u0430 \u0437\u0430\u043f\u0438\u0448\u0443\u0432\u0430\u045a\u0435 \u0432\u043e \u0440\u0435\u0433\u0438\u0441\u0442\u0430\u0440\u043e\u0442 \u043d\u0430 \u043f\u0440\u0430\u0432\u043d\u0438 \u043b\u0438\u0446\u0430 \u0437\u0430 \u043f\u0440\u043e\u043c\u0435\u0442 \u043d\u0430 \u0433\u043e\u043b\u0435\u043c\u043e \u0441\u043e \u043c\u0435\u0434\u0438\u0446\u0438\u043d\u0441\u043a\u0438 \u0441\u0440\u0435\u0434\u0441\u0442\u0432\u0430 \u201e\u0421\u043b\u0443\u0436\u0431\u0435\u043d [&hellip;]<\/p>","protected":false},"author":1,"featured_media":0,"parent":0,"menu_order":0,"comment_status":"closed","ping_status":"closed","template":"","meta":{"footnotes":""},"class_list":["post-407","page","type-page","status-publish","hentry"],"_links":{"self":[{"href":"https:\/\/malmed.gov.mk\/sq\/wp-json\/wp\/v2\/pages\/407","targetHints":{"allow":["GET"]}}],"collection":[{"href":"https:\/\/malmed.gov.mk\/sq\/wp-json\/wp\/v2\/pages"}],"about":[{"href":"https:\/\/malmed.gov.mk\/sq\/wp-json\/wp\/v2\/types\/page"}],"author":[{"embeddable":true,"href":"https:\/\/malmed.gov.mk\/sq\/wp-json\/wp\/v2\/users\/1"}],"replies":[{"embeddable":true,"href":"https:\/\/malmed.gov.mk\/sq\/wp-json\/wp\/v2\/comments?post=407"}],"version-history":[{"count":0,"href":"https:\/\/malmed.gov.mk\/sq\/wp-json\/wp\/v2\/pages\/407\/revisions"}],"wp:attachment":[{"href":"https:\/\/malmed.gov.mk\/sq\/wp-json\/wp\/v2\/media?parent=407"}],"curies":[{"name":"wp","href":"https:\/\/api.w.org\/{rel}","templated":true}]}}