{"id":405,"date":"2017-02-27T14:07:46","date_gmt":"2017-02-27T14:07:46","guid":{"rendered":"https:\/\/malmed.gov.mk\/?page_id=405"},"modified":"2022-03-29T13:37:45","modified_gmt":"2022-03-29T13:37:45","slug":"%d0%ba%d0%bb%d0%b8%d0%bd%d0%b8%d1%87%d0%ba%d0%b8-%d0%b8%d1%81%d0%bf%d0%b8%d1%82%d1%83%d0%b2%d0%b0%d1%9a%d0%b0-2","status":"publish","type":"page","link":"https:\/\/malmed.gov.mk\/sq\/%d0%ba%d0%bb%d0%b8%d0%bd%d0%b8%d1%87%d0%ba%d0%b8-%d0%b8%d1%81%d0%bf%d0%b8%d1%82%d1%83%d0%b2%d0%b0%d1%9a%d0%b0-2\/","title":{"rendered":"Studime klinike"},"content":{"rendered":"<p>N\u00eb pajtim me nenin 5 t\u00eb Ligjit t\u00eb Barnave dhe Pajisjeve Mjek\u00ebsore n\u00eb kompetencat e Agjencis\u00eb p\u00ebrfshihet edhe:<br \/>l\u00ebshimi i miratimeve dhe \/ose njoftimeve p\u00ebr provat klinike t\u00eb barnave, mbajtja e nj\u00eb regjistri p\u00ebr studimet klinike.<br \/>L\u00ebshimin dhe miratimin dhe \/ ose informimin p\u00ebr studimet klinike t\u00eb pajisjeve mjek\u00ebsore.<br \/>kryerjen e analizave dhe vler\u00ebsim t\u00eb siguris\u00eb dhe efektet e pad\u00ebshiruara ndaj t\u00eb anketuarve  n\u00eb studimet klinike dhe<br \/>kryerjen e mbikqyrjes s\u00eb inspektimit ndaj studimeve klinike, efektet an\u00ebsore dhe mosfunksionimi i barnave.<br \/>\u0412\u043e \u0410\u0433\u0435\u043d\u0446\u0438\u0458\u0430\u0442\u0430 \u0441\u0435 \u0444\u043e\u0440\u043c\u0438\u0440\u0430 \u041a\u043e\u043c\u0438\u0441\u0438\u0458\u0430 \u0437\u0430 \u043a\u043b\u0438\u043d\u0438\u0447\u043a\u0438 \u0438\u0441\u043f\u0438\u0442\u0443\u0432\u0430\u045a\u0430 \u043d\u0430 \u043b\u0435\u043a\u043e\u0432\u0438 \u0438 \u043c\u0435\u0434\u0438\u0446\u0438\u043d\u0441\u043a\u0438 \u0441\u0440\u0435\u0434\u0441\u0442\u0432\u0430 \u043a\u043e\u0458\u0430 \u043f\u0440\u0435\u0442\u0441\u0442\u0430\u0432\u0443\u0432\u0430 \u043f\u043e\u0441\u0442\u043e\u0458\u0430\u043d\u0430 \u0441\u0442\u0440\u0443\u0447\u043d\u043e &#8211; \u0441\u043e\u0432\u0435\u0442\u043e\u0434\u0430\u0432\u043d\u0430 \u043a\u043e\u043c\u0438\u0441\u0438\u0458\u0430. \u041a\u043e\u043c\u0438\u0441\u0438\u0438\u0442\u0435 \u0441\u0435 \u0441\u0442\u0440\u0443\u0447\u043d\u043e \u043d\u0435\u0437\u0430\u0432\u0438\u0441\u043d\u0438 \u0438 \u0441\u0430\u043c\u043e\u0441\u0442\u043e\u0458\u043d\u0438 \u0432\u043e \u0440\u0430\u043c\u043a\u0438\u0442\u0435 \u043d\u0430 \u0441\u0432\u043e\u0458\u043e\u0442 \u0434\u0435\u043b\u043e\u043a\u0440\u0443\u0433 \u043d\u0430 \u0440\u0430\u0431\u043e\u0442\u0430\u00a0 \u0438 \u0440\u0430\u0431\u043e\u0442\u0430\u0442 \u0432\u0440\u0437 \u043e\u0441\u043d\u043e\u0432\u0430 \u043d\u0430 \u0434\u0435\u043b\u043e\u0432\u043d\u0438\u043a \u0437\u0430 \u043d\u0438\u0432\u043d\u0430\u0442\u0430 \u0440\u0430\u0431\u043e\u0442\u0430.<\/p>\n<p>\u0420\u0435\u0433\u0438\u0441\u0442\u0430\u0440\u043e\u0442 \u043d\u0430 \u043a\u043b\u0438\u043d\u0438\u0447\u043a\u0438 \u0438\u0441\u043f\u0438\u0442\u0443\u0432\u0430\u045a\u0430 \u043c\u043e\u0436\u0435 \u0434\u0430 \u0433\u043e \u043f\u043e\u0433\u043b\u0435\u0434\u043d\u0435\u0442\u0435 <a href=\"https:\/\/registar.malmed.gov.mk\/registar\/klinicki_ispituvanja\" target=\"_blank\" rel=\"noopener noreferrer\"><span style=\"text-decoration: underline; color: #912777;\"><strong>k\u00ebtu<\/strong><\/span><\/a>:<\/p>\n<p>\u00a0<\/p>\n<p>\u041e\u0411\u0420\u0410\u0421\u0426\u0418 \u0417\u0410 \u041a\u041b\u0418\u041d\u0418\u0427\u041a\u041e \u0418\u0421\u041f\u0418\u0422\u0423\u0412\u0410\u040a\u0415 \u041d\u0410 \u041b\u0415\u041a:<\/p>\n<ul>\n<li><a href=\"https:\/\/malmed.gov.mk\/wp-content\/uploads\/Baranje_za_odobruvanje_izvestuvanje-klinicko_ispituvanje.pdf\" target=\"_blank\" rel=\"noopener noreferrer\"><span style=\"color: #912777;\">\u0411\u0410\u0420\u0410\u040a\u0415 \u0417\u0410 \u041e\u0414\u041e\u0411\u0420\u0423\u0412\u0410\u040a\u0415 \u041d\u0410 \u041a\u041b\u0418\u041d\u0418\u0427\u041a\u041e \u0418\u0421\u041f\u0418\u0422\u0423\u0412\u0410\u040a\u0415 \u041d\u0410 \u041b\u0415\u041a \u2013 \u0418\u0417\u0412\u0415\u0421\u0422\u0423\u0412\u0410\u040a\u0415 \u0417\u0410 \u041a\u041b\u0418\u041d\u0418\u0427\u041a\u041e \u0418\u0421\u041f\u0418\u0422\u0423\u0412\u0410\u040a\u0415<\/span><\/a><\/li>\n<li><a href=\"https:\/\/malmed.gov.mk\/wp-content\/uploads\/Baranje_za_promena-dopolnuvanje-klinicko_ispituvanje.pdf\" target=\"_blank\" rel=\"noopener noreferrer\"><span style=\"color: #912777;\">\u0411\u0410\u0420\u0410\u040a\u0415 \u0417\u0410 \u041e\u0414\u041e\u0411\u0420\u0423\u0412\u0410\u040a\u0415 \u041d\u0410 \u041f\u0420\u041e\u041c\u0415\u041d\u0410\/\u0414\u041e\u041f\u041e\u041b\u041d\u0423\u0412\u0410\u040a\u0415 \u041d\u0410 \u041e\u0414\u041e\u0411\u0420\u0415\u041d\u0418\u0415\u0422\u041e \u0417\u0410 \u041a\u041b\u0418\u041d\u0418\u0427\u041a\u041e \u0418\u0421\u041f\u0418\u0422\u0423\u0412\u0410\u040a\u0415 \u041d\u0410 \u041b\u0415\u041a<\/span><\/a><\/li>\n<li><a href=\"https:\/\/malmed.gov.mk\/wp-content\/uploads\/Baranje_za_odobruvanje_izvestuvanje-bioekvivalentna_studija-klinicko_ispituvanje.pdf\" target=\"_blank\" rel=\"noopener noreferrer\"><span style=\"color: #912777;\">\u0411\u0410\u0420\u0410\u040a\u0415 \u0417\u0410 \u0414\u041e\u0411\u0418\u0412\u0410\u040a\u0415 \u041e\u0414\u041e\u0411\u0420\u0423\u0412\u0410\u040a\u0415 \u0417\u0410 \u0411\u0418\u041e\u0415\u041a\u0412\u0418\u0412\u0410\u041b\u0415\u041d\u0422\u041d\u0410 \u0421\u0422\u0423\u0414\u0418\u0408\u0410<\/span><\/a><\/li>\n<li><a href=\"https:\/\/malmed.gov.mk\/wp-content\/uploads\/Izvestuvanje_za_tekovni_studii-Godisen_izvestaj-DSUR-klinicko_ispituvanje.pdf\" target=\"_blank\" rel=\"noopener noreferrer\"><span style=\"color: #912777;\">\u0418\u0417\u0412\u0415\u0421\u0422\u0423\u0412\u0410\u040a\u0415 \u0417\u0410 \u0422\u0415\u041a\u041e\u0412\u041d\u0418 \u0421\u0422\u0423\u0414\u0418\u0418 \u0417\u0410 \u041a\u041b\u0418\u041d\u0418\u0427\u041a\u041e \u0418\u0421\u041f\u0418\u0422\u0423\u0412\u0410\u040a\u0415 &#8211; \u0413\u041e\u0414\u0418\u0428\u0415\u041d \u0418\u0417\u0412\u0415\u0428\u0422\u0410\u0408 \u0417\u0410 \u0411\u0415\u0417\u0411\u0415\u0414\u041d\u041e\u0421\u0422 (Annual Safety Report) \/ DSUR (Development Saftey Updated Report)<\/span><\/a><\/li>\n<li><a href=\"https:\/\/malmed.gov.mk\/wp-content\/uploads\/Izvestuvanje_za_tekovni_studii-zavrseno_klinicko_ispituvanje.pdf\" target=\"_blank\" rel=\"noopener noreferrer\"><span style=\"color: #912777;\">\u0418\u0417\u0412\u0415\u0421\u0422\u0423\u0412\u0410\u040a\u0415 \u0417\u0410 \u0422\u0415\u041a\u041e\u0412\u041d\u0418 \u0421\u0422\u0423\u0414\u0418\u0418 \u041d\u0410 \u041a\u041b\u0418\u041d\u0418\u0427\u041a\u041e \u0418\u0421\u041f\u0418\u0422\u0423\u0412\u0410\u040a\u0415 \u041d\u0410 \u041b\u0415\u041a &#8211; \u0418\u0417\u0412\u0415\u0421\u0422\u0423\u0412\u0410\u040a\u0415 \u0417\u0410 \u0417\u0410\u0412\u0420\u0428\u0415\u041d\u041e \u041a\u041b\u0418\u041d\u0418\u0427\u041a\u041e \u0418\u0421\u041f\u0418\u0422\u0423\u0412\u0410\u040a\u0415 \u041d\u0410 \u041b\u0415\u041a<\/span><\/a><\/li>\n<li><a href=\"https:\/\/malmed.gov.mk\/wp-content\/uploads\/Izvestuvanje_za_tekovni_studii-nesakana_reakcija-SUSAR-klinicko_ispituvanje.pdf\" target=\"_blank\" rel=\"noopener noreferrer\"><span style=\"color: #912777;\">\u0418\u0417\u0412\u0415\u0421\u0422\u0423\u0412\u0410\u040a\u0415 \u0417\u0410 \u0422\u0415\u041a\u041e\u0412\u041d\u0418 \u0421\u0422\u0423\u0414\u0418\u0418 \u041d\u0410 \u041a\u041b\u0418\u041d\u0418\u0427\u041a\u041e \u0418\u0421\u041f\u0418\u0422\u0423\u0412\u0410\u040a\u0415 \u041d\u0410 \u041b\u0415\u041a &#8211; \u041f\u0420\u0418\u0408\u0410\u0412\u0410 \u041d\u0410 \u0421\u0415\u0420\u0418\u041e\u0417\u041d\u0410 \u041d\u0415\u041e\u0427\u0415\u041a\u0423\u0412\u0410\u041d\u0410 \u041d\u0415\u0421\u0410\u041a\u0410\u041d\u0410 \u0420\u0415\u0410\u041a\u0426\u0418\u0408\u0410 \u041d\u0410 \u041b\u0415\u041a (SUSAR)<\/span><\/a><\/li>\n<\/ul>\n<p>\u041e\u0411\u0420\u0410\u0421\u0426\u0418 \u0417\u0410 \u0415\u0422\u0418\u0427\u041a\u0410 \u041a\u041e\u041c\u0418\u0421\u0418\u0408\u0410:<\/p>\n<ul>\n<li><a href=\"https:\/\/malmed.gov.mk\/wp-content\/uploads\/Baranje_za_dobivanje_mislenje-eticka_komisija.pdf\" target=\"_blank\" rel=\"noopener noreferrer\"><span style=\"color: #912777;\">\u0411\u0410\u0420\u0410\u040a\u0415 \u0417\u0410 \u0414\u041e\u0411\u0418\u0412\u0410\u040a\u0415 \u041c\u0418\u0421\u041b\u0415\u040a\u0415 \u041e\u0414 \u0415\u0422\u0418\u0427\u041a\u0410 \u041a\u041e\u041c\u0418\u0421\u0418\u0408\u0410 \u0417\u0410 \u041e\u0414\u041e\u0411\u0420\u0423\u0412\u0410\u040a\u0415 \u041d\u0410 \u041a\u041b\u0418\u041d\u0418\u0427\u041a\u041e \u0418\u0421\u041f\u0418\u0422\u0423\u0412\u0410\u040a\u0415 \u041d\u0410 \u041b\u0415\u041a<\/span><\/a><\/li>\n<li><a href=\"https:\/\/malmed.gov.mk\/wp-content\/uploads\/Baranje_za_promena-dopolnuvanje-eticka_komisija.pdf\" target=\"_blank\" rel=\"noopener noreferrer\"><span style=\"color: #912777;\">\u0411\u0410\u0420\u0410\u040a\u0415 \u0417\u0410 \u0414\u041e\u0411\u0418\u0412\u0410\u040a\u0415 \u041c\u0418\u0421\u041b\u0415\u040a\u0415 \u0417\u0410 \u041f\u0420\u041e\u041c\u0415\u041d\u0410 \u041d\u0410 \u041f\u0420\u041e\u0422\u041e\u041a\u041e\u041b \u041d\u0410 \u041e\u0414\u041e\u0411\u0420\u0415\u041d\u041e\u0422\u041e \u041a\u041b\u0418\u041d\u0418\u0427\u041a\u041e \u0418\u0421\u041f\u0418\u0422\u0423\u0412\u0410\u040a\u0415 \u041d\u0410 \u041b\u0415\u041a &#8211; \u0415\u0422\u0418\u0427\u041a\u0410 \u041a\u041e\u041c\u0418\u0421\u0418\u0408\u0410<\/span><\/a><\/li>\n<li><a href=\"https:\/\/malmed.gov.mk\/wp-content\/uploads\/Baranje_za_odobruvanje_izvestuvanje-bioekvivalentna_studija-eticka_komisija.pdf\" target=\"_blank\" rel=\"noopener noreferrer\"><span style=\"color: #912777;\">\u0411\u0410\u0420\u0410\u040a\u0415 \u0417\u0410 \u0414\u041e\u0411\u0418\u0412\u0410\u040a\u0415 \u041e\u0414\u041e\u0411\u0420\u0423\u0412\u0410\u040a\u0415 \u0417\u0410 \u0411\u0418\u041e\u0415\u041a\u0412\u0418\u0412\u0410\u041b\u0415\u041d\u0422\u041d\u0410 \u0421\u0422\u0423\u0414\u0418\u0408\u0410 &#8211; \u0415\u0422\u0418\u0427\u041a\u0410 \u041a\u041e\u041c\u0418\u0421\u0418\u0408\u0410<\/span><\/a><\/li>\n<li><a href=\"https:\/\/malmed.gov.mk\/wp-content\/uploads\/Izvestuvanje_za_tekovni_studii-Godisen_izvestaj-DSUR-eticka_komisija.pdf\" target=\"_blank\" rel=\"noopener noreferrer\"><span style=\"color: #912777;\">\u0418\u0417\u0412\u0415\u0421\u0422\u0423\u0412\u0410\u040a\u0415 \u0417\u0410 \u0422\u0415\u041a\u041e\u0412\u041d\u0418 \u0421\u0422\u0423\u0414\u0418\u0418 \u041d\u0410 \u041a\u041b\u0418\u041d\u0418\u0427\u041a\u041e \u0418\u0421\u041f\u0418\u0422\u0423\u0412\u0410\u040a\u0415 \u041d\u0410 \u041b\u0415\u041a &#8211; \u0413\u041e\u0414\u0418\u0428\u0415\u041d \u0418\u0417\u0412\u0415\u0428\u0422\u0410\u0408 \u0417\u0410 \u0411\u0415\u0417\u0411\u0415\u0414\u041d\u041e\u0421\u0422 \/ DSUR &#8211; \u0415\u0422\u0418\u0427\u041a\u0410 \u041a\u041e\u041c\u0418\u0421\u0418\u0408\u0410<\/span><\/a><\/li>\n<li><a href=\"https:\/\/malmed.gov.mk\/wp-content\/uploads\/Izvestuvanje_za_tekovni_studii-zavrseno_klinicko-eticka_komisija.pdf\" target=\"_blank\" rel=\"noopener noreferrer\"><span style=\"color: #912777;\">\u0418\u0417\u0412\u0415\u0421\u0422\u0423\u0412\u0410\u040a\u0415 \u0417\u0410 \u0422\u0415\u041a\u041e\u0412\u041d\u0418 \u0421\u0422\u0423\u0414\u0418\u0418 \u041d\u0410 \u041a\u041b\u0418\u041d\u0418\u0427\u041a\u041e \u0418\u0421\u041f\u0418\u0422\u0423\u0412\u0410\u040a\u0415 \u041d\u0410 \u041b\u0415\u041a &#8211; \u0418\u0417\u0412\u0415\u0421\u0422\u0423\u0412\u0410\u040a\u0415 \u0417\u0410 \u0417\u0410\u0412\u0420\u0428\u0415\u041d\u041e \u041a\u041b\u0418\u041d\u0418\u0427\u041a\u041e \u0418\u0421\u041f\u0418\u0422\u0423\u0412\u0410\u040a\u0415 \u041d\u0410 \u041b\u0415\u041a &#8211; \u0415\u0422\u0418\u0427\u041a\u0410 \u041a\u041e\u041c\u0418\u0421\u0418\u0408\u0410<\/span><\/a><\/li>\n<li><a href=\"https:\/\/malmed.gov.mk\/wp-content\/uploads\/Izvestuvanje_za_tekovni_studii-nesakana_reakcija-SUSAR-eticka_komisija.pdf\" target=\"_blank\" rel=\"noopener noreferrer\"><span style=\"color: #912777;\">\u0418\u0417\u0412\u0415\u0421\u0422\u0423\u0412\u0410\u040a\u0415 \u0417\u0410 \u0422\u0415\u041a\u041e\u0412\u041d\u0418 \u0421\u0422\u0423\u0414\u0418\u0418 \u041d\u0410 \u041a\u041b\u0418\u041d\u0418\u0427\u041a\u041e \u0418\u0421\u041f\u0418\u0422\u0423\u0412\u0410\u040a\u0415 \u041d\u0410 \u041b\u0415\u041a &#8211; \u041f\u0420\u0418\u0408\u0410\u0412\u0410 \u041d\u0410 \u041d\u0415\u041e\u0427\u0415\u041a\u0423\u0412\u0410\u041d\u0410 \u041d\u0415\u0421\u0410\u041a\u0410\u041d\u0410 \u0420\u0415\u0410\u041a\u0426\u0418\u0408\u0410 \u041d\u0410 \u041b\u0415\u041a (SUSAR) &#8211; \u0415\u0422\u0418\u0427\u041a\u0410 \u041a\u041e\u041c\u0418\u0421\u0418\u0408\u0410<\/span><\/a><\/li>\n<\/ul>\n\n\n<p><\/p>\n\n\n\n<p><\/p>\n\n\n\n<p><\/p>\n\n\n\n<p><\/p>\n\n\n\n<p><\/p>","protected":false},"excerpt":{"rendered":"<p>\u0421\u043e\u0433\u043b\u0430\u0441\u043d\u043e \u0427\u043b\u0435\u043d 5 \u043e\u0434 \u0417\u0430\u043a\u043e\u043d\u043e\u0442 \u0437\u0430 \u043b\u0435\u043a\u043e\u0432\u0438 \u0438 \u043c\u0435\u0434\u0438\u0446\u0438\u043d\u0441\u043a\u0438 \u0441\u0440\u0435\u0434\u0441\u0442\u0432\u0430 \u0432\u043e \u043d\u0430\u0434\u043b\u0435\u0436\u043d\u043e\u0441\u0442 \u043d\u0430 \u0410\u0433\u0435\u043d\u0446\u0438\u0458\u0430\u0442\u0430 \u0441\u043f\u0430\u0453\u0430 \u0438:\u0438\u0437\u0434\u0430\u0432\u0430\u045a\u0435 \u043e\u0434\u043e\u0431\u0440\u0435\u043d\u0438\u0458\u0430 \u0438\/\u0438\u043b\u0438 \u0438\u0437\u0432\u0435\u0441\u0442\u0443\u0432\u0430\u045a\u0430 \u0437\u0430 \u043a\u043b\u0438\u043d\u0438\u0447\u043a\u0438 \u0438\u0441\u043f\u0438\u0442\u0443\u0432\u0430\u045a\u0430 \u043d\u0430 \u043b\u0435\u043a\u043e\u0432\u0438, \u0432\u043e\u0434\u0435\u045a\u0435 \u043d\u0430 \u0440\u0435\u0433\u0438\u0441\u0442\u0430\u0440 \u0437\u0430 \u043a\u043b\u0438\u043d\u0438\u0447\u043a\u0438 \u0438\u0441\u043f\u0438\u0442\u0443\u0432\u0430\u045a\u0430\u0438\u0437\u0434\u0430\u0432\u0430\u045a\u0435 \u043e\u0434\u043e\u0431\u0440\u0435\u043d\u0438\u0458\u0430 \u0438\/\u0438\u043b\u0438 \u0438\u0437\u0432\u0435\u0441\u0442\u0443\u0432\u0430\u045a\u0430 \u0437\u0430 \u043a\u043b\u0438\u043d\u0438\u0447\u043a\u0438 \u0438\u0441\u043f\u0438\u0442\u0443\u0432\u0430\u045a\u0430 \u043d\u0430 \u043c\u0435\u0434\u0438\u0446\u0438\u043d\u0441\u043a\u0438 \u043f\u043e\u043c\u0430\u0433\u0430\u043b\u0430,\u0432\u0440\u0448\u0435\u045a\u0435 \u0430\u043d\u0430\u043b\u0438\u0437\u0430 \u0438 \u043e\u0446\u0435\u043d\u0443\u0432\u0430\u045a\u0435 \u043d\u0430 \u0441\u0438\u0433\u0443\u0440\u043d\u043e\u0441\u0442\u0430 \u0438 \u043d\u0435\u0441\u0430\u043a\u0430\u043d\u0438\u0442\u0435 \u0435\u0444\u0435\u043a\u0442\u0438 \u0432\u0440\u0437 \u0438\u0441\u043f\u0438\u0442\u0430\u043d\u0438\u0446\u0438\u0442\u0435 \u0432\u043e \u043a\u043b\u0438\u043d\u0438\u0447\u043a\u0438\u0442\u0435 \u0438\u0441\u043f\u0438\u0442\u0443\u0432\u0430\u045a\u0430 \u0438\u0432\u0440\u0448\u0435\u045a\u0435 \u043d\u0430 \u0438\u043d\u0441\u043f\u0435\u043a\u0446\u0438\u0441\u043a\u0438 [&hellip;]<\/p>","protected":false},"author":1,"featured_media":0,"parent":0,"menu_order":0,"comment_status":"closed","ping_status":"closed","template":"","meta":{"footnotes":""},"class_list":["post-405","page","type-page","status-publish","hentry"],"_links":{"self":[{"href":"https:\/\/malmed.gov.mk\/sq\/wp-json\/wp\/v2\/pages\/405","targetHints":{"allow":["GET"]}}],"collection":[{"href":"https:\/\/malmed.gov.mk\/sq\/wp-json\/wp\/v2\/pages"}],"about":[{"href":"https:\/\/malmed.gov.mk\/sq\/wp-json\/wp\/v2\/types\/page"}],"author":[{"embeddable":true,"href":"https:\/\/malmed.gov.mk\/sq\/wp-json\/wp\/v2\/users\/1"}],"replies":[{"embeddable":true,"href":"https:\/\/malmed.gov.mk\/sq\/wp-json\/wp\/v2\/comments?post=405"}],"version-history":[{"count":0,"href":"https:\/\/malmed.gov.mk\/sq\/wp-json\/wp\/v2\/pages\/405\/revisions"}],"wp:attachment":[{"href":"https:\/\/malmed.gov.mk\/sq\/wp-json\/wp\/v2\/media?parent=405"}],"curies":[{"name":"wp","href":"https:\/\/api.w.org\/{rel}","templated":true}]}}