{"id":4044,"date":"2020-01-25T01:38:47","date_gmt":"2020-01-25T01:38:47","guid":{"rendered":"https:\/\/malmed.gov.mk\/?page_id=4044"},"modified":"2020-01-28T21:37:03","modified_gmt":"2020-01-28T21:37:03","slug":"%d0%be%d1%80%d0%b3%d0%b0%d0%bd%d0%b8%d0%b7%d0%b0%d1%86%d0%b8%d1%98%d0%b0-2","status":"publish","type":"page","link":"https:\/\/malmed.gov.mk\/sq\/%d0%be%d1%80%d0%b3%d0%b0%d0%bd%d0%b8%d0%b7%d0%b0%d1%86%d0%b8%d1%98%d0%b0-2\/","title":{"rendered":"\u041e\u0440\u0433\u0430\u043d\u0438\u0437\u0430\u0446\u0438\u0458\u0430 2"},"content":{"rendered":"<p>\u041d\u0430&nbsp; \u0447\u0435\u043b\u043e \u043d\u0430 \u0410\u0433\u0435\u043d\u0446\u0438\u0458\u0430\u0442\u0430 \u0437\u0430 \u043b\u0435\u043a\u043e\u0432\u0438 \u0438 \u043c\u0435\u0434\u0438\u0446\u0438\u043d\u0441\u043a\u0438 \u0441\u0440\u0435\u0434\u0441\u0442\u0432\u0430-\u041c\u0410\u041b\u041c\u0415\u0414 \u0441\u0442\u043e\u0438&nbsp;<span style=\"color: #912777;\"><a style=\"color: #912777;\" href=\"https:\/\/malmed.gov.mk\/sq\/%d0%b7%d0%b0-%d0%b4%d0%b8%d1%80%d0%b5%d0%ba%d1%82%d0%be%d1%80%d0%be%d1%82\/\"><strong>DREJTORI<\/strong><\/a><\/span>&nbsp;, i cili \u00ebsht\u00eb p\u00ebrgjegj\u00ebs p\u00ebr pun\u00ebn e tij  dhe t\u00eb njejt\u00ebn e p\u00ebrfaq\u00ebson dhe e koordinon funksionimin e nj\u00ebsive organizative t\u00eb tij.<br data-rich-text-line-break=\"true\">Struktura organizative e Agjencis\u00eb \u00ebsht\u00eb si m\u00eb posht\u00eb:<\/p>\n\n\n<ol class=\"wp-block-list\"><li>Z\u00ebvend\u00ebsdrejtori<\/li><li>Nj\u00ebsia e Revizionit t\u00eb Brendsh\u00ebm<\/li><li>Nj\u00ebsia e Menaxhimit t\u00eb Burimeve Njer\u00ebzore<\/li><li>Nj\u00ebsia e \u00c7\u00ebshtjeve Financiare<\/li><li>Sektori i Informacioneve t\u00eb Barnave dhe Pajisjeve Mjek\u00ebsore<ul><li>Nj\u00ebsia e Farmakovigjenc\u00ebs dhe Materiovigjilenc\u00ebs<\/li><li>Nj\u00ebsia e Opinioneve Farmakoekonomike dhe Farmakoepidemiologjike<\/li><\/ul><\/li><li>Sektori i Vler\u00ebsimit t\u00eb Dokumentacionit p\u00ebr Vendosjen e Barnave dhe Pajisjeve Mjek\u00ebsore n\u00eb Qarkullim<ul><li>Nj\u00ebsia e Barnave Humane<\/li><li>Nj\u00ebsia e Pajisjeve Mjek\u00ebsore<\/li><\/ul><\/li><li>Sektori i \u00c7\u00ebshtjeve Juridike dhe Pun\u00ebve t\u00eb P\u00ebrgjithshme, Mb\u00ebshtetje Informatike dhe Pun\u00eb Tekniko \u2013 Administrative<ul><li>Nj\u00ebsia e \u00c7\u00ebshtjeve Juridike dhe t\u00eb P\u00ebrgjithshme si dhe Pun\u00ebt Tekniko-Administrative<\/li><li>Nj\u00ebsia p\u00ebr Mb\u00ebshtetje Informatike<\/li><\/ul><\/li><li>Sektori p\u00ebr Mbikqyrjen e Inspektimit<ul><li>Sektori p\u00ebr Mbikqyrjen e Inspektimit n\u00eb Fush\u00ebn e Barnave dhe Pajisjeve Mjek\u00ebsore<\/li><li>Nj\u00ebsia p\u00ebr Licencimin e Barnave dhe Pajisjeve Mjek\u00ebsore<\/li><\/ul><\/li><\/ol>\n\n\n<p><a href=\"http:\/\/malmed.gov.mk\/wp-content\/uploads\/Spisok-na-vraboteni-MALMED-01.08.2019.pdf\" target=\"_blank\" rel=\"noreferrer noopener\" data-rich-text-format-boundary=\"true\"><span style=\"color: #912777;\">\u0421\u043f\u0438\u0441\u043e\u043a \u043d\u0430 \u0432\u0440\u0430\u0431\u043e\u0442\u0435\u043d\u0438 \u0432\u043e A\u0433\u0435\u043d\u0446\u0438\u0458\u0430 \u0437\u0430 \u043b\u0435\u043a\u043e\u0432\u0438 \u0438 \u043c\u0435\u0434\u0438\u0446\u0438\u043d\u0441\u043a\u0438 \u0441\u0440\u0435\u0434\u0441\u0442\u0432\u0430<\/span><\/a><\/p>\n\n\n<p><\/p>\n\n\n\n<figure class=\"wp-block-image size-large\"><img loading=\"lazy\" decoding=\"async\" width=\"7137\" height=\"3010\" src=\"https:\/\/malmed.gov.mk\/wp-content\/uploads\/Organzaciska-postavenost-na-MALMED-za-2020-v2.jpg\" alt=\"\" class=\"wp-image-4137\"\/><\/figure>\n\n\n\n<p><\/p>\n\n\n\n<p><\/p>\n\n\n\n<p><\/p>\n\n\n\n<p><\/p>","protected":false},"excerpt":{"rendered":"<p>\u041d\u0430&nbsp; \u0447\u0435\u043b\u043e \u043d\u0430 \u0410\u0433\u0435\u043d\u0446\u0438\u0458\u0430\u0442\u0430 \u0437\u0430 \u043b\u0435\u043a\u043e\u0432\u0438 \u0438 \u043c\u0435\u0434\u0438\u0446\u0438\u043d\u0441\u043a\u0438 \u0441\u0440\u0435\u0434\u0441\u0442\u0432\u0430-\u041c\u0410\u041b\u041c\u0415\u0414 \u0441\u0442\u043e\u0438&nbsp;\u0414\u0418\u0420\u0415\u041a\u0422\u041e\u0420&nbsp;\u043a\u043e\u0458 \u0435 \u043e\u0434\u0433\u043e\u0432\u043e\u0440\u0435\u043d \u0437\u0430 \u043d\u0435\u0458\u0437\u0438\u043d\u043e\u0442\u043e \u0440\u0430\u0431\u043e\u0442\u0435\u045a\u0435, \u0438\u0441\u0442\u0430\u0442\u0430 \u0458\u0430 \u043f\u0440\u0435\u0442\u0441\u0442\u0430\u0432\u0443\u0432\u0430 \u0438 \u0433\u043e \u043a\u043e\u043e\u0440\u0434\u0438\u043d\u0438\u0440\u0430 \u0440\u0430\u0431\u043e\u0442\u0435\u045a\u0435\u0442\u043e \u043d\u0430 \u043d\u0435\u0458\u0437\u0438\u043d\u0438\u0442\u0435 \u043e\u0440\u0433\u0430\u043d\u0438\u0437\u0430\u0446\u0438\u0441\u043a\u0438 \u0435\u0434\u0438\u043d\u0438\u0446\u0438.\u041e\u0440\u0433\u0430\u043d\u0438\u0437\u0430\u0446\u0438\u0441\u043a\u0430\u0442\u0430 \u043f\u043e\u0441\u0442\u0430\u0432\u0435\u043d\u043e\u0441\u0442 \u043d\u0430 \u0410\u0433\u0435\u043d\u0446\u0438\u0458\u0430\u0442\u0430 \u0435 \u0441\u043b\u0435\u0434\u043d\u0430: \u0417\u0430\u043c\u0435\u043d\u0438\u043a \u0414\u0438\u0440\u0435\u043a\u0442\u043e\u0440 \u041e\u0434\u0434\u0435\u043b\u0435\u043d\u0438e \u0437\u0430 \u0432\u043d\u0430\u0442\u0440\u0435\u0448\u043d\u0430 \u0440\u0435\u0432\u0438\u0437\u0438\u0458\u0430 \u041e\u0434\u0434\u0435\u043b\u0435\u043d\u0438\u0435 \u0437\u0430 \u0443\u043f\u0440\u0430\u0432\u0443\u0432\u0430\u045a\u0435 \u0441\u043e \u0447\u043e\u0432\u0435\u0447\u043a\u0438 \u0440\u0435\u0441\u0443\u0440\u0441\u0438 \u041e\u0434\u0434\u0435\u043b\u0435\u043d\u0438\u0435 \u0437\u0430 \u0444\u0438\u043d\u0430\u043d\u0441\u0438\u0441\u043a\u0438 \u043f\u0440\u0430\u0448\u0430\u045a\u0430 \u0421\u0435\u043a\u0442\u043e\u0440 \u0437\u0430 \u0438\u043d\u0444\u043e\u0440\u043c\u0430\u0446\u0438\u0438 \u0437\u0430 \u043b\u0435\u043a\u043e\u0432\u0438 \u0438 \u043c\u0435\u0434\u0438\u0446\u0438\u043d\u0441\u043a\u0438 \u0441\u0440\u0435\u0434\u0441\u0442\u0432\u0430 [&hellip;]<\/p>","protected":false},"author":2,"featured_media":0,"parent":0,"menu_order":0,"comment_status":"closed","ping_status":"closed","template":"","meta":{"footnotes":""},"class_list":["post-4044","page","type-page","status-publish","hentry"],"_links":{"self":[{"href":"https:\/\/malmed.gov.mk\/sq\/wp-json\/wp\/v2\/pages\/4044","targetHints":{"allow":["GET"]}}],"collection":[{"href":"https:\/\/malmed.gov.mk\/sq\/wp-json\/wp\/v2\/pages"}],"about":[{"href":"https:\/\/malmed.gov.mk\/sq\/wp-json\/wp\/v2\/types\/page"}],"author":[{"embeddable":true,"href":"https:\/\/malmed.gov.mk\/sq\/wp-json\/wp\/v2\/users\/2"}],"replies":[{"embeddable":true,"href":"https:\/\/malmed.gov.mk\/sq\/wp-json\/wp\/v2\/comments?post=4044"}],"version-history":[{"count":0,"href":"https:\/\/malmed.gov.mk\/sq\/wp-json\/wp\/v2\/pages\/4044\/revisions"}],"wp:attachment":[{"href":"https:\/\/malmed.gov.mk\/sq\/wp-json\/wp\/v2\/media?parent=4044"}],"curies":[{"name":"wp","href":"https:\/\/api.w.org\/{rel}","templated":true}]}}