{"id":403,"date":"2017-02-27T14:07:31","date_gmt":"2017-02-27T14:07:31","guid":{"rendered":"https:\/\/malmed.gov.mk\/?page_id=403"},"modified":"2020-02-04T09:52:52","modified_gmt":"2020-02-04T09:52:52","slug":"%d0%be%d0%b3%d0%bb%d0%b0%d1%81%d1%83%d0%b2%d0%b0%d1%9a%d0%b5-%d0%bd%d0%b0-%d0%bc%d0%b5%d0%b4%d0%b8%d1%86%d0%b8%d0%bd%d1%81%d0%ba%d0%b8-%d1%81%d1%80%d0%b5%d0%b4%d1%81%d1%82%d0%b2%d0%b0","status":"publish","type":"page","link":"https:\/\/malmed.gov.mk\/sq\/%d0%be%d0%b3%d0%bb%d0%b0%d1%81%d1%83%d0%b2%d0%b0%d1%9a%d0%b5-%d0%bd%d0%b0-%d0%bc%d0%b5%d0%b4%d0%b8%d1%86%d0%b8%d0%bd%d1%81%d0%ba%d0%b8-%d1%81%d1%80%d0%b5%d0%b4%d1%81%d1%82%d0%b2%d0%b0\/","title":{"rendered":"Reklamimi i Pajisjeve Mjek\u00ebsore"},"content":{"rendered":"<div id=\"main-body\" class=\"row-fluid\">\n<div id=\"sp-message-area\" class=\"span9\">\n<section id=\"sp-component-area-wrapper\" class=\"\">\n<div id=\"component-area\" class=\"row-fluid\">\n<div id=\"sp-component-area\" class=\"span12\">\n<section id=\"sp-component-wrapper\">\n<div id=\"sp-component\">\n<section class=\"blog\">\n<div class=\"items-leading clearfix\">\n<div class=\"leading-0\">\n<article class=\"post-79 post hentry status-publish category-2015-09-15-10-13-41\">\n<section class=\"entry-content\">Reklamimi i pajisjeve mjek\u00ebsore \u00ebsht\u00eb \u00e7do form\u00eb e shp\u00ebrndarjes s\u00eb informacionit p\u00ebr pajisjet mjek\u00ebsore t\u00eb publikut t\u00eb gj\u00ebr\u00eb ose profesional  p\u00ebr t\u00eb promovuar p\u00ebrshkrimin e pajisjeve mjek\u00ebsore, t\u00eb stimulohet l\u00ebshimi i pajisjeve mjek\u00ebsore, furnizimin me pajisje mjek\u00ebsore, si dhe shitjen dhe p\u00ebrdorimin e tyre<p><\/p>\n<p>Bart\u00ebsit e autorizuar p\u00ebr v\u00ebnien n\u00eb qarkullim dhe prodhuesit, p\u00ebr pajisje mjek\u00ebsore q\u00eb l\u00ebshohen (jipen) pa recet\u00eb mjek\u00ebsore, mund ta informojn\u00eb publikun e gjer\u00eb p\u00ebr karakteristikat e pajisjeve mjek\u00ebsore n\u00eb pajtueshm\u00ebri me udh\u00ebzimin p\u00ebr pacientin, nd\u00ebrsa jan\u00eb t\u00eb detyruar ta b\u00ebjn\u00eb k\u00ebt\u00eb n\u00eb m\u00ebnyr\u00eb objektive edhe pas aprovimit paraprak prej Agjencis\u00eb.<\/p>\n<p>Reklamimi i pajisjeve mjek\u00ebsore q\u00eb l\u00ebshohen me recet\u00eb mjek\u00ebsore t\u00eb destinuara p\u00ebr pun\u00ebtor\u00ebt sh\u00ebndet\u00ebsor (promovimi i pajisjeve mjek\u00ebsore) \u00ebsht\u00eb lejuar p\u00ebr t\u00eb siguruar informacione n\u00eb p\u00ebrputhje me udh\u00ebzimin p\u00ebr p\u00ebrdorimin ose  n\u00eb lidhje me kushtet n\u00eb t\u00eb cilat pajisjet mjek\u00ebsore jan\u00eb v\u00ebn\u00eb n\u00eb qarkullim.\nReklamimi i pajisjeve mjek\u00ebsore t\u00eb destinuara p\u00ebr pun\u00ebtor\u00ebt sh\u00ebndet\u00ebsor  e b\u00ebjn\u00eb bart\u00ebsit e autorizuar p\u00ebr v\u00ebnien n\u00eb qarkullim p\u00ebrmes shpalljeve n\u00eb let\u00ebrsin\u00eb profesionale dhe publikime tjera profesionale si dhe dh\u00ebnia e drejt\u00ebp\u00ebrdrejt\u00eb e informacioneve t\u00eb pun\u00ebtor\u00ebve sh\u00ebndet\u00ebsor  t\u00eb cil\u00ebt p\u00ebrshkruajn\u00eb ose shp\u00ebrndajn\u00eb pajisje mjek\u00ebsore.<\/p>\n<p>Reklamimi b\u00ebhet duke dh\u00ebn\u00eb informacione p\u00ebr pajisjet mjek\u00ebsore t\u00eb cilat duhen t\u00eb jen\u00eb t\u00eb v\u00ebrteta dhe shkencarisht t\u00eb v\u00ebrtetuara.<\/p>\n<p><strong>Reklamimi i pajisjeve mjek\u00ebsore mund t\u00eb b\u00ebhet p\u00ebrmes: <\/strong><\/p>\n<p><strong>1)<\/strong> Reklamimi n\u00eb mediumet publike p\u00ebrmes internetit, n\u00eb vendet publike dhe llojet tjera t\u00eb reklamimeve  t\u00eb destinuara p\u00ebr publikun e gjer\u00eb (dor\u00ebzimin e materialit p\u00ebr reklamim me post\u00eb, vizita etj).<\/p>\n<p><strong>2)<\/strong> Promovimi i pajisjeve mjek\u00ebsore t\u00eb pun\u00ebtor\u00ebve sh\u00ebndet\u00ebsor q\u00eb e p\u00ebrshkruajn\u00eb pajisjen mjek\u00ebsore edhe at\u00eb me informim t\u00eb menj\u00ebhersh\u00ebm  n\u00eb revistat profesionale dhe forma t\u00eb tjera t\u00eb promovimit.<\/p>\n<p><strong>&nbsp;&nbsp;&nbsp;&nbsp;&nbsp;&nbsp; 3)<\/strong> Sponzorimin e tubimeve shkencore dhe promovuese n\u00eb t\u00eb cil\u00ebn marrin pjes\u00eb persona nga radh\u00ebt e publikut profesionist.<\/p>\n<\/section>\n<footer class=\"entry-meta\"><\/footer>\n<\/article>\n<\/div>\n<\/div>\n<\/section>\n<\/div>\n<\/section>\n<\/div>\n<\/div>\n<\/section>\n<\/div>\n<\/div>\n\n\n<p><\/p>\n\n\n\n<p><\/p>\n\n\n\n<p><\/p>\n\n\n\n<p><\/p>\n\n\n\n<p><\/p>","protected":false},"excerpt":{"rendered":"<p>\u041e\u0433\u043b\u0430\u0441\u0443\u0432\u0430\u045a\u0435 \u043d\u0430 \u043c\u0435\u0434\u0438\u0446\u0438\u043d\u0441\u043a\u0438 \u0441\u0440\u0435\u0434\u0441\u0442\u0432\u0430 \u0435 \u0441\u0435\u043a\u043e\u0458\u0430 \u0444\u043e\u0440\u043c\u0430 \u043d\u0430 \u0448\u0438\u0440\u0435\u045a\u0435 \u0438\u043d\u0444\u043e\u0440\u043c\u0430\u0446\u0438\u0438 \u0437\u0430 \u043c\u0435\u0434\u0438\u0446\u0438\u043d\u0441\u043a\u0438\u0442\u0435 \u0441\u0440\u0435\u0434\u0441\u0442\u0432\u0430 \u043d\u0430 \u0448\u0438\u0440\u043e\u043a\u0430\u0442\u0430 \u0438\u043b\u0438 \u043d\u0430 \u0441\u0442\u0440\u0443\u0447\u043d\u0430\u0442\u0430 \u0458\u0430\u0432\u043d\u043e\u0441\u0442 \u0437\u0430 \u0434\u0430 \u0441\u0435 \u043f\u0440\u043e\u043c\u043e\u0432\u0438\u0440\u0430 \u043f\u0440\u043e\u043f\u0438\u0448\u0443\u0432\u0430\u045a\u0435\u0442\u043e \u043d\u0430 \u043c\u0435\u0434\u0438\u0446\u0438\u043d\u0441\u043a\u0438\u0442\u0435 \u0441\u0440\u0435\u0434\u0441\u0442\u0432\u0430, \u0434\u0430 \u0441\u0435 \u0441\u0442\u0438\u043c\u0443\u043b\u0438\u0440\u0430 \u0438\u0437\u0434\u0430\u0432\u0430\u045a\u0435\u0442\u043e \u043d\u0430 \u043c\u0435\u0434\u0438\u0446\u0438\u043d\u0441\u043a\u0438\u0442\u0435 \u0441\u0440\u0435\u0434\u0441\u0442\u0432\u0430, \u0441\u043d\u0430\u0431\u0434\u0443\u0432\u0430\u045a\u0435\u0442\u043e \u0441\u043e \u043c\u0435\u0434\u0438\u0446\u0438\u043d\u0441\u043a\u0438 \u0441\u0440\u0435\u0434\u0441\u0442\u0432\u0430, \u043a\u0430\u043a\u043e \u0438 \u043d\u0438\u0432\u043d\u0430\u0442\u0430 \u043f\u0440\u043e\u0434\u0430\u0436\u0431\u0430 \u0438 \u0443\u043f\u043e\u0442\u0440\u0435\u0431\u0430. \u041d\u043e\u0441\u0438\u0442\u0435\u043b\u0438\u0442\u0435 \u043d\u0430 \u043e\u0434\u043e\u0431\u0440\u0435\u043d\u0438\u0458\u0430\u0442\u0430 \u0437\u0430 \u0441\u0442\u0430\u0432\u0430\u045a\u0435 \u0432\u043e \u043f\u0440\u043e\u043c\u0435\u0442 \u0438 \u043f\u0440\u043e\u0438\u0437\u0432\u043e\u0434\u0438\u0442\u0435\u043b\u0438\u0442\u0435, \u0437\u0430 \u043c\u0435\u0434\u0438\u0446\u0438\u043d\u0441\u043a\u0438 [&hellip;]<\/p>","protected":false},"author":1,"featured_media":0,"parent":0,"menu_order":0,"comment_status":"closed","ping_status":"closed","template":"","meta":{"footnotes":""},"class_list":["post-403","page","type-page","status-publish","hentry"],"_links":{"self":[{"href":"https:\/\/malmed.gov.mk\/sq\/wp-json\/wp\/v2\/pages\/403","targetHints":{"allow":["GET"]}}],"collection":[{"href":"https:\/\/malmed.gov.mk\/sq\/wp-json\/wp\/v2\/pages"}],"about":[{"href":"https:\/\/malmed.gov.mk\/sq\/wp-json\/wp\/v2\/types\/page"}],"author":[{"embeddable":true,"href":"https:\/\/malmed.gov.mk\/sq\/wp-json\/wp\/v2\/users\/1"}],"replies":[{"embeddable":true,"href":"https:\/\/malmed.gov.mk\/sq\/wp-json\/wp\/v2\/comments?post=403"}],"version-history":[{"count":0,"href":"https:\/\/malmed.gov.mk\/sq\/wp-json\/wp\/v2\/pages\/403\/revisions"}],"wp:attachment":[{"href":"https:\/\/malmed.gov.mk\/sq\/wp-json\/wp\/v2\/media?parent=403"}],"curies":[{"name":"wp","href":"https:\/\/api.w.org\/{rel}","templated":true}]}}