{"id":401,"date":"2017-02-27T14:07:11","date_gmt":"2017-02-27T14:07:11","guid":{"rendered":"https:\/\/malmed.gov.mk\/?page_id=401"},"modified":"2017-10-09T08:22:29","modified_gmt":"2017-10-09T08:22:29","slug":"%d0%b8%d0%bd%d1%84%d0%be%d1%80%d0%bc%d0%b0%d1%86%d0%b8%d0%b8-%d0%b7%d0%b0-%d0%bc%d0%b5%d0%b4%d0%b8%d1%86%d0%b8%d0%bd%d1%81%d0%ba%d0%b8-%d1%81%d1%80%d0%b5%d0%b4%d1%81%d1%82%d0%b2%d0%b0","status":"publish","type":"page","link":"https:\/\/malmed.gov.mk\/sq\/%d0%b8%d0%bd%d1%84%d0%be%d1%80%d0%bc%d0%b0%d1%86%d0%b8%d0%b8-%d0%b7%d0%b0-%d0%bc%d0%b5%d0%b4%d0%b8%d1%86%d0%b8%d0%bd%d1%81%d0%ba%d0%b8-%d1%81%d1%80%d0%b5%d0%b4%d1%81%d1%82%d0%b2%d0%b0\/","title":{"rendered":"Informacione p\u00ebr Pajisjet Mjek\u00ebsore"},"content":{"rendered":"<section class=\"entry-content\">Pajisje mjek\u00ebsore \u00ebsht\u00eb secili instrument, aparat,  pajisje materiale ose prodhime tjera  q\u00eb p\u00ebrdoren n\u00eb mjek\u00ebsin\u00eb njer\u00ebzore q\u00eb nuk kan\u00eb efekte farmakologjike, imunologjike ose metabolike ose p\u00ebrdoren n\u00eb m\u00ebnyra t\u00eb pavarura ose n\u00eb kombinim, duke p\u00ebrfshir\u00eb  programin e nevojsh\u00ebm  p\u00ebr p\u00ebrdorimin e duhur t\u00eb pajisjeve me q\u00ebllim:<\/p>\n<ul>\n<li>Diagnoza, parandalimi, monitorimi, trajtimi ose leht\u00ebsimi i s\u00ebmundjes,<\/li>\n<li>Diagnoza, moniterimi dhe mbikqyrja, tretmani, leht\u00ebsimi dhe kompenzimi i d\u00ebmtimit ose handikap.<\/li>\n<li>studimi, z\u00ebvend\u00ebsimi ose modifikimi i procesit anatomik ose fiziologjik dhe:<\/li>\n<li>Kontrolla e koncepimit.<\/li>\n<\/ul>\n<p>Pajisjet Mjek\u00ebsore, gjithashtu i p\u00ebrfshijn\u00eb edhe:<\/p>\n<ol>\n<li>Materiale t\u00eb destinuara nga prodhuesit e tyre p\u00ebr p\u00ebrdorimin s\u00eb bashku me pajisjen mjek\u00ebsore q\u00eb t\u00eb mund\u00ebsohet p\u00ebrdorimi i saj:<\/li>\n<li>Materiale q\u00eb kan\u00eb karekteristika specifike t\u00eb dizajnuara dhe b\u00ebhen me shkrim nga personi i kualifikuar p\u00ebr p\u00ebrdorime individuale nga pacient\u00eb t\u00eb ve\u00e7ant\u00eb dhe<\/li>\n<li>Materiale t\u00eb destinuar p\u00ebr provat klinike<\/li>\n<\/ol>\n<p>Pajisjet mjek\u00ebsore p\u00ebr diagnostifikimin In Vitro jan\u00eb pajisje mjek\u00ebsore q\u00eb p\u00ebrmbajn\u00eb reagent\u00eb, paket\u00eb reagent\u00ebsh , prodhim t\u00eb reagentit, materiali i kontrollit dhe kalibrimit, instrumente dhe aparate, pajisje q\u00eb p\u00ebrdoret n\u00eb m\u00ebnyr\u00eb t\u00eb pavarur, ose n\u00eb kombinim dhe t\u00eb destinuara p\u00ebr p\u00ebrdorim n\u00eb kushte in vitro p\u00ebr studimin e ekzemplar\u00ebve biologjik, p\u00ebrfshir\u00eb ekzemplar\u00ebt nga indet q\u00eb rrjedhin nga trupi i njeriut me q\u00ebllim t\u00eb sigurimit t\u00eb informacionit:<\/p>\n<ul>\n<li>n\u00eb lidhje me gjendjen fiziologjike ose patologjike,<\/li>\n<li>n\u00eb lidhje me anomali kongjinitale,<\/li>\n<li>p\u00ebr p\u00ebrcaktim t\u00eb pajtueshm\u00ebris\u00eb me marr\u00ebs potencial  dhe<\/li>\n<li>p\u00ebr monitorim  t\u00eb masave terapiotike,<\/li>\n<\/ul>\n<p>Pajisjet Mjek\u00ebsore, n\u00eb lidhje me rrezikun potencial  p\u00ebr p\u00ebdoruesit klasifikohen si:<\/p>\n<ol>\n<li>Klasa I \u2013 pajisjet mjek\u00ebsore me potencial t\u00eb ul\u00ebt t\u00eb rrezikut,<\/li>\n<li>Klasa II \u2013 a \u2013 pajisjet mjek\u00ebsore me potencial t\u00eb lart\u00eb t\u00eb rrezikut;<\/li>\n<li>Klasa II \u2013 b \u2013 pajisjet mjek\u00ebsore me potencial m\u00eb t\u00eb lart\u00eb rreziku dhe<\/li>\n<li>Klasa III \u2013 pajisjet mjek\u00ebsore me potencial m\u00eb t\u00eb lart\u00eb t\u00eb rrezikut<\/li>\n<\/ol>\n<p>Pajisjet Mjek\u00ebsore p\u00ebr in vitro diagnostifikim kualifikohen si:<\/p>\n<ol>\n<li>Pajisjet diagnostike p\u00ebr in vitro q\u00eb p\u00ebrdoren ekskluzivisht nga ana  e personave profesionist\u00eb dhe t\u00eb klasifikuar pavar\u00ebsisht prej llojit t\u00eb pajisjeve t\u00eb listave A dhe B;<\/li>\n<li>Pajisje diagnostike p\u00ebr in vitro vet\u00ebm p\u00ebr diagnostifikimin dhe<\/li>\n<li>T\u00eb gjitha pajisjet tjera diagnostike p\u00ebr in vitro:<\/li>\n<\/ol>\n<p>Pajisjet Mjek\u00ebsore sa i p\u00ebrket m\u00ebnyr\u00ebs dhe vendit t\u00eb l\u00ebshimit klasifikohen si:<\/p>\n<ol>\n<li>Pajisjet mjek\u00ebsore q\u00eb l\u00ebshohen (jepen) me re\u00e7et\u00eb n\u00eb p\u00ebrputhje me evidenc\u00ebn e Regjistrit t\u00eb pajisjeve mjek\u00ebsore, vet\u00ebm n\u00eb barnatore dhe shitore t\u00eb specializuara;<\/li>\n<li>Pajisjet mjek\u00ebsore q\u00eb l\u00ebshohen pa recept, n\u00eb p\u00ebrputhje m\u00eb evidenc\u00ebn n\u00eb regjistrin te pajisjet mjek\u00ebsore, vet\u00ebm n\u00eb barnatore dhe shitore t\u00eb specializuara.<\/li>\n<li>Pajisjet mjek\u00ebsore q\u00eb l\u00ebshohen me recept n\u00eb p\u00ebrputhje me evidenc\u00ebn n\u00eb regjistrin e pajisjeve mjek\u00ebsore n\u00eb barnatoret e spitalit<\/li>\n<li>Pajisjet mjek\u00ebsore q\u00eb l\u00ebshohen pa recept  n\u00eb shitje falas.<\/li>\n<\/ol>\n<p>&nbsp;<\/p>\n<\/section>","protected":false},"excerpt":{"rendered":"<p>\u041c\u0435\u0434\u0438\u0446\u0438\u043d\u0441\u043a\u043e \u0441\u0440\u0435\u0434\u0441\u0442\u0432\u043e \u0435 \u0441\u0435\u043a\u043e\u0458 \u0438\u043d\u0441\u0442\u0440\u0443\u043c\u0435\u043d\u0442, \u0430\u043f\u0430\u0440\u0430\u0442, \u0443\u0440\u0435\u0434, \u043c\u0430\u0442\u0435\u0440\u0438\u0458\u0430\u043b \u0438\u043b\u0438 \u0434\u0440\u0443\u0433 \u043f\u0440\u043e\u0438\u0437\u0432\u043e\u0434 \u0448\u0442\u043e \u0441\u0435 \u043a\u043e\u0440\u0438\u0441\u0442\u0438 \u0432\u043e \u0445\u0443\u043c\u0430\u043d\u0430\u0442\u0430 \u043c\u0435\u0434\u0438\u0446\u0438\u043d\u0430, \u0448\u0442\u043e \u043d\u0435\u043c\u0430 \u0444\u0430\u0440\u043c\u0430\u043a\u043e\u043b\u043e\u0448\u043a\u043e, \u0438\u043c\u0443\u043d\u043e\u043b\u043e\u0448\u043a\u043e \u0438\u043b\u0438 \u043c\u0435\u0442\u0430\u0431\u043e\u043b\u0438\u0447\u043a\u043e \u0434\u0435\u0458\u0441\u0442\u0432\u043e, \u0430 \u0441\u0435 \u043a\u043e\u0440\u0438\u0441\u0442\u0438 \u0441\u0430\u043c\u043e\u0441\u0442\u043e\u0458\u043d\u043e \u0438\u043b\u0438 \u0432\u043e \u043a\u043e\u043c\u0431\u0438\u043d\u0430\u0446\u0438\u0458\u0430, \u0432\u043a\u043b\u0443\u0447\u0443\u0432\u0430\u0458\u045c\u0438 \u0433\u043e \u0438 \u043d\u0435\u043e\u043f\u0445\u043e\u0434\u043d\u0438\u043e\u0442 \u0441\u043e\u0444\u0442\u0432\u0435\u0440 \u0437\u0430 \u043f\u0440\u0430\u0432\u0438\u043b\u043d\u0430 \u0443\u043f\u043e\u0442\u0440\u0435\u0431\u0430 \u043d\u0430 \u0441\u0440\u0435\u0434\u0441\u0442\u0432\u043e\u0442\u043e \u0441\u043e \u0446\u0435\u043b: \u0434\u0438\u0458\u0430\u0433\u043d\u043e\u0437\u0430, \u043f\u0440\u0435\u0432\u0435\u043d\u0446\u0438\u0458\u0430, \u0441\u043b\u0435\u0434\u0435\u045a\u0435, \u0442\u0440\u0435\u0442\u043c\u0430\u043d \u0438\u043b\u0438 \u043e\u043b\u0435\u0441\u043d\u0443\u0432\u0430\u045a\u0435 \u043d\u0430 \u0431\u043e\u043b\u0435\u0441\u0442, \u0434\u0438\u0458\u0430\u0433\u043d\u043e\u0437\u0430, \u0441\u043b\u0435\u0434\u0435\u045a\u0435 \u0438 \u043d\u0430\u0434\u0437\u043e\u0440, [&hellip;]<\/p>","protected":false},"author":1,"featured_media":0,"parent":0,"menu_order":0,"comment_status":"closed","ping_status":"closed","template":"","meta":{"footnotes":""},"class_list":["post-401","page","type-page","status-publish","hentry"],"_links":{"self":[{"href":"https:\/\/malmed.gov.mk\/sq\/wp-json\/wp\/v2\/pages\/401","targetHints":{"allow":["GET"]}}],"collection":[{"href":"https:\/\/malmed.gov.mk\/sq\/wp-json\/wp\/v2\/pages"}],"about":[{"href":"https:\/\/malmed.gov.mk\/sq\/wp-json\/wp\/v2\/types\/page"}],"author":[{"embeddable":true,"href":"https:\/\/malmed.gov.mk\/sq\/wp-json\/wp\/v2\/users\/1"}],"replies":[{"embeddable":true,"href":"https:\/\/malmed.gov.mk\/sq\/wp-json\/wp\/v2\/comments?post=401"}],"version-history":[{"count":0,"href":"https:\/\/malmed.gov.mk\/sq\/wp-json\/wp\/v2\/pages\/401\/revisions"}],"wp:attachment":[{"href":"https:\/\/malmed.gov.mk\/sq\/wp-json\/wp\/v2\/media?parent=401"}],"curies":[{"name":"wp","href":"https:\/\/api.w.org\/{rel}","templated":true}]}}