{"id":397,"date":"2017-02-27T14:06:14","date_gmt":"2017-02-27T14:06:14","guid":{"rendered":"https:\/\/malmed.gov.mk\/?page_id=397"},"modified":"2020-02-04T09:53:25","modified_gmt":"2020-02-04T09:53:25","slug":"%d0%bb%d0%b5%d0%ba%d0%be%d0%b2%d0%b8-%d1%81%d0%be-%d0%bf%d0%b0%d1%80%d0%b0%d0%bb%d0%b5%d0%bb%d0%b5%d0%bd-%d1%83%d0%b2%d0%be%d0%b7","status":"publish","type":"page","link":"https:\/\/malmed.gov.mk\/sq\/%d0%bb%d0%b5%d0%ba%d0%be%d0%b2%d0%b8-%d1%81%d0%be-%d0%bf%d0%b0%d1%80%d0%b0%d0%bb%d0%b5%d0%bb%d0%b5%d0%bd-%d1%83%d0%b2%d0%be%d0%b7\/","title":{"rendered":"Barnat Paralel me Importin"},"content":{"rendered":"<section class=\"entry-content\">Importi paralel i barnave \u00ebsht\u00eb import i  barnave q\u00eb ka autorizim p\u00ebr v\u00ebnien n\u00eb qarkullim dhe ndodhet n\u00eb p\u00ebrdorim n\u00eb shtetin an\u00ebtar t\u00eb Bashkimit Evropian ose n\u00eb Zvic\u00ebr, Norvegji, Kanada, Japoni, Izrael, SHBA, Rusi ose Turqi dhe \u00ebsht\u00eb prodhuar nga i nj\u00ebjti prodhues i barnave q\u00eb \u00ebsht\u00eb i autorizuar p\u00ebr v\u00ebnien n\u00eb qarkullim n\u00eb Republik\u00ebn e Maqedonis\u00eb s\u00eb Veriut me t\u00eb nj\u00ebjt\u00ebn form\u00eb farmaceutike, fuqia dhe paketimi p\u00ebr t\u00eb cilat \u00ebsht\u00eb l\u00ebshuar autorizim p\u00ebr import paralel nga ana e Agjencis\u00eb s\u00eb Barnave n\u00eb baz\u00eb t\u00eb ngjajshm\u00ebris\u00eb dometh\u00ebn\u00ebse t\u00eb t\u00eb dy barnave. Importuesi i barnave q\u00eb \u00ebsht\u00eb subjekt i importit paralel nuk duhet t\u00eb jet\u00eb n\u00eb lidhje tregtare ose n\u00eb lidhje kapitale me bart\u00ebsin e autorizuar p\u00ebr v\u00ebnien e barnave n\u00eb qarkullim n\u00eb Republik\u00ebn e Maqedonis\u00eb s\u00eb Veriut n\u00eb p\u00ebrputhje me miratimin e dh\u00ebn\u00eb p\u00ebr barnat.<p><\/p>\n<p>Dometh\u00ebnia mes dy barnave konsiderohet kur barnat q\u00eb jan\u00eb subjekt i importit paralel dhe barnat q\u00eb kan\u00eb marr\u00eb autorizim p\u00ebr vendosjen n\u00eb qarkullim n\u00eb territorin e Republik\u00ebs s\u00eb Maqedonis\u00eb s\u00eb Veriut kan\u00eb t\u00eb nj\u00ebjtin kualitet dhe kuantitet t\u00eb substanc\u00ebs aktive t\u00eb nj\u00ebjtin efekt terapeutik, e nj\u00ebjta form\u00eb dozimi farmaceutik, paketim par\u00ebsor me nj\u00eb dizajn\u00eb grafik t\u00eb paketimit dhe jan\u00eb t\u00eb prodhuara prej t\u00eb nj\u00ebjtit prodhues  ose  prodhuesit q\u00eb i p\u00ebrkasin t\u00eb nj\u00ebjtit grup prodhues ose jan\u00eb prodhuar n\u00ebn licenc\u00ebn e t\u00eb nj\u00ebjtit partner t\u00eb licencuar.<\/p>\n<\/section>\n\n\n<p><\/p>\n\n\n\n<p><\/p>\n\n\n\n<p><\/p>\n\n\n\n<p><\/p>\n\n\n\n<p><\/p>","protected":false},"excerpt":{"rendered":"<p>\u041f\u0430\u0440\u0430\u043b\u0435\u043b\u0435\u043d \u0443\u0432\u043e\u0437 \u043d\u0430 \u043b\u0435\u043a\u043e\u0432\u0438 \u0435 \u0443\u0432\u043e\u0437 \u043d\u0430 \u043b\u0435\u043a \u0448\u0442\u043e \u0438\u043c\u0430 \u043e\u0434\u043e\u0431\u0440\u0435\u043d\u0438\u0435 \u0437\u0430 \u0441\u0442\u0430\u0432\u0430\u045a\u0435 \u0432\u043e \u043f\u0440\u043e\u043c\u0435\u0442 \u0438 \u0441\u0435 \u043d\u0430\u043e\u0453\u0430 \u0432\u043e \u0443\u043f\u043e\u0442\u0440\u0435\u0431\u0430 \u0432\u043e \u0437\u0435\u043c\u0458\u0430 \u0447\u043b\u0435\u043d\u043a\u0430 \u043d\u0430 \u0415\u0432\u0440\u043e\u043f\u0441\u043a\u0430\u0442\u0430 \u0443\u043d\u0438\u0458\u0430 \u0438\u043b\u0438 \u0432\u043e \u0428\u0432\u0430\u0458\u0446\u0430\u0440\u0438\u0458\u0430, \u041d\u043e\u0440\u0432\u0435\u0448\u043a\u0430, \u041a\u0430\u043d\u0430\u0434\u0430, \u0408\u0430\u043f\u043e\u043d\u0438\u0458\u0430, \u0418\u0437\u0440\u0430\u0435\u043b, \u0421\u0410\u0414, \u0420\u0443\u0441\u0438\u0458\u0430 \u0438\u043b\u0438 \u0422\u0443\u0440\u0446\u0438\u0458\u0430&nbsp; \u0438 \u0435 \u043f\u0440\u043e\u0438\u0437\u0432\u0435\u0434\u0435\u043d \u043e\u0434 \u0438\u0441\u0442 \u043f\u0440\u043e\u0438\u0437\u0432\u043e\u0434\u0438\u0442\u0435\u043b \u043d\u0430 \u043b\u0435\u043a \u0448\u0442\u043e \u0438\u043c\u0430 \u0434\u043e\u0431\u0438\u0435\u043d\u043e \u043e\u0434\u043e\u0431\u0440\u0435\u043d\u0438\u0435 \u0437\u0430 \u0441\u0442\u0430\u0432\u0430\u045a\u0435 \u0432\u043e \u043f\u0440\u043e\u043c\u0435\u0442 \u0432\u043e \u0420\u0435\u043f\u0443\u0431\u043b\u0438\u043a\u0430 [&hellip;]<\/p>","protected":false},"author":1,"featured_media":0,"parent":0,"menu_order":0,"comment_status":"closed","ping_status":"closed","template":"","meta":{"footnotes":""},"class_list":["post-397","page","type-page","status-publish","hentry"],"_links":{"self":[{"href":"https:\/\/malmed.gov.mk\/sq\/wp-json\/wp\/v2\/pages\/397","targetHints":{"allow":["GET"]}}],"collection":[{"href":"https:\/\/malmed.gov.mk\/sq\/wp-json\/wp\/v2\/pages"}],"about":[{"href":"https:\/\/malmed.gov.mk\/sq\/wp-json\/wp\/v2\/types\/page"}],"author":[{"embeddable":true,"href":"https:\/\/malmed.gov.mk\/sq\/wp-json\/wp\/v2\/users\/1"}],"replies":[{"embeddable":true,"href":"https:\/\/malmed.gov.mk\/sq\/wp-json\/wp\/v2\/comments?post=397"}],"version-history":[{"count":0,"href":"https:\/\/malmed.gov.mk\/sq\/wp-json\/wp\/v2\/pages\/397\/revisions"}],"wp:attachment":[{"href":"https:\/\/malmed.gov.mk\/sq\/wp-json\/wp\/v2\/media?parent=397"}],"curies":[{"name":"wp","href":"https:\/\/api.w.org\/{rel}","templated":true}]}}