{"id":391,"date":"2017-02-27T14:03:41","date_gmt":"2017-02-27T14:03:41","guid":{"rendered":"https:\/\/malmed.gov.mk\/?page_id=391"},"modified":"2023-09-25T07:13:47","modified_gmt":"2023-09-25T07:13:47","slug":"%d0%b3%d1%80%d0%b0%d0%bd%d0%b8%d1%87%d0%bd%d0%b8-%d0%bf%d1%80%d0%be%d0%b8%d0%b7%d0%b2%d0%be%d0%b4%d0%b8","status":"publish","type":"page","link":"https:\/\/malmed.gov.mk\/sq\/%d0%b3%d1%80%d0%b0%d0%bd%d0%b8%d1%87%d0%bd%d0%b8-%d0%bf%d1%80%d0%be%d0%b8%d0%b7%d0%b2%d0%be%d0%b4%d0%b8\/","title":{"rendered":"Prodhime kufitare - t\u00eb kufizuara (Sipas Ligjit t\u00eb Barnave n\u00eb RMV-s\u00eb)"},"content":{"rendered":"<p>Prodhime kufitare jan\u00eb secila substanc\u00eb ose kombinim i substancave q\u00eb munden t\u00eb ndihmojn\u00eb n\u00eb trajtimin ose preventiv\u00ebn e s\u00ebmundjeve ose secila substanc\u00eb ose kombinim i substancave q\u00eb sipas nevoj\u00ebs tek njer\u00ebzit mund t\u00eb ndihmojn\u00eb n\u00eb rip\u00ebrtrirjen, korrigjimin ose modifikimin e funksioneve fiziologjike.<br \/>Drejtori i Agjencis\u00eb i p\u00ebrshkruan kushtet e af\u00ebrta p\u00ebr prodhimin kufitar, m\u00ebnyr\u00ebn e autorizimit, dokumentacioni i nevojsh\u00ebm dhe kostoja e shpenzimeve.<\/p>\n<p><strong>Rregullore<\/strong><\/p>\n<ol>\n<li style=\"list-style-type: none;\">\n<ol>\n<li><a href=\"https:\/\/malmed.gov.mk\/wp-content\/uploads\/Pravilnik_za_pobliskite_uslovi_za_granicen_proizvod-Sl.Vesnik-br.203_od_2015.pdf\" target=\"_blank\" rel=\"noopener noreferrer\"><span style=\"color: #912777;\">Rregullore p\u00ebr kushtet m\u00eb t\u00eb p\u00ebraf\u00ebrta p\u00ebr produktin kufitar, m\u00ebnyr\u00ebn e aprovimit dhe dokumentacioni i nevojsh\u00ebm (\u201cGazeta Zyrtare e Republik\u00ebs s\u00eb Maqedonis\u00eb\" Nr 203\/15)<\/span><\/a><\/li>\n<li><span style=\"color: #912777;\"><a style=\"color: #912777;\" href=\"https:\/\/malmed.gov.mk\/wp-content\/uploads\/Pravilnik_za_kategorizacija_na_lek_sto_se_prodava_bez_recept-Sl.Vesnik-br.134_od_2015.pdf\" target=\"_blank\" rel=\"noopener noreferrer\">Rregullore p\u00ebr kategorizimin e e barnave q\u00eb shiten pa recet\u00eb (\"Gazeta Zyrtare e RM\" nr. 134\/15)<\/a><\/span><\/li>\n<\/ol>\n<\/li>\n<\/ol>\n<p><strong>Formular\u00eb:<\/strong><\/p>\n<ol>\n<li><a href=\"https:\/\/malmed.gov.mk\/wp-content\/uploads\/Formular-Baranje_za_klasifikacija_na_proizvodi.doc\" target=\"_blank\" rel=\"noopener noreferrer\"><span style=\"color: #912777;\">\u0411\u0430\u0440\u0430\u045a\u0435 \u0437\u0430 \u043a\u043b\u0430\u0441\u0438\u0444\u0438\u043a\u0430\u0446\u0438\u0458\u0430 \u043d\u0430 \u043f\u0440\u043e\u0438\u0437\u0432\u043e\u0434<\/span><\/a><\/li>\n<li><a href=\"https:\/\/malmed.gov.mk\/wp-content\/uploads\/Obrazec_baranje_za_odobruvanje_na_granicen_proizvod.doc\" target=\"_blank\" rel=\"noopener noreferrer\"><span style=\"color: #912777;\">K\u00ebrkesa p\u00ebr autorizimin e produktit kufitar<\/span><\/a><\/li>\n<li><a href=\"https:\/\/malmed.gov.mk\/wp-content\/uploads\/2-Klasifikacija-potrebni-dokumenti-2-1.doc\"><span style=\"color: #912777;\">\u041f\u043e\u0442\u0440\u0435\u0431\u043d\u0438 \u0434\u043e\u043a\u0443\u043c\u0435\u043d\u0442\u0438 \u0430\u0437 \u043a\u043b\u0430\u0441\u0438\u0444\u0438\u043a\u0430\u0446\u0438\u0458\u0430 \u043d\u0430 \u043f\u0440\u043e\u0438\u0437\u0432\u043e\u0434\u0438<\/span><\/a><\/li>\n<\/ol>\n\n\n<p><\/p>\n\n\n\n<p><\/p>\n\n\n\n<p><\/p>\n\n\n\n<p><\/p>","protected":false},"excerpt":{"rendered":"<p>\u0413\u0440\u0430\u043d\u0438\u0447\u0435\u043d \u043f\u0440\u043e\u0438\u0437\u0432\u043e\u0434 \u0435 \u0441\u0435\u043a\u043e\u0458\u0430 \u0441\u0443\u043f\u0441\u0442\u0430\u043d\u0446\u0430 \u0438\u043b\u0438 \u043a\u043e\u043c\u0431\u0438\u043d\u0430\u0446\u0438\u0438 \u043d\u0430 \u0441\u0443\u043f\u0441\u0442\u0430\u043d\u0446\u0438\u0438 \u043a\u043e\u0438 \u043c\u043e\u0436\u0430\u0442 \u0434\u0430 \u043f\u043e\u043c\u043e\u0433\u043d\u0430\u0442 \u0432\u043e \u043b\u0435\u043a\u0443\u0432\u0430\u045a\u0435 \u0438\u043b\u0438 \u043f\u0440\u0435\u0432\u0435\u043d\u0446\u0438\u0458\u0430 \u043d\u0430 \u0431\u043e\u043b\u0435\u0441\u0442\u0438 \u0438\u043b\u0438 \u0441\u0435\u043a\u043e\u0458\u0430 \u0441\u0443\u043f\u0441\u0442\u0430\u043d\u0446\u0430 \u0438\u043b\u0438 \u043a\u043e\u043c\u0431\u0438\u043d\u0430\u0446\u0438\u0438 \u043d\u0430 \u0441\u0443\u043f\u0441\u0442\u0430\u043d\u0446\u0438\u0438 \u043a\u043e\u0438 \u043f\u043e \u0443\u043f\u043e\u0442\u0440\u0435\u0431\u0430 \u043a\u0430\u0458 \u043b\u0443\u0453\u0435 \u043c\u043e\u0436\u0435 \u0434\u0430 \u043f\u043e\u043c\u043e\u0433\u043d\u0430\u0442 \u0432\u043e \u043f\u043e\u0432\u0442\u043e\u0440\u043d\u043e \u0432\u043e\u0437\u043e\u0431\u043d\u043e\u0432\u0443\u0432\u0430\u045a\u0435, \u043a\u043e\u0440\u0438\u0433\u0438\u0440\u0430\u045a\u0435 \u0438\u043b\u0438 \u043c\u043e\u0434\u0438\u0444\u0438\u0446\u0438\u0440\u0430\u045a\u0435 \u043d\u0430 \u0444\u0438\u0437\u0438\u043e\u043b\u043e\u0448\u043a\u0438\u0442\u0435 \u0444\u0443\u043d\u043a\u0446\u0438\u0438.\u201c\u0414\u0438\u0440\u0435\u043a\u0442\u043e\u0440\u043e\u0442 \u043d\u0430 \u0410\u0433\u0435\u043d\u0446\u0438\u0458\u0430\u0442\u0430 \u0433\u0438 \u043f\u0440\u043e\u043f\u0438\u0448\u0443\u0432\u0430 \u043f\u043e\u0431\u043b\u0438\u0441\u043a\u0438\u0442\u0435 \u0443\u0441\u043b\u043e\u0432\u0438 \u0437\u0430 \u0433\u0440\u0430\u043d\u0438\u0447\u0435\u043d \u043f\u0440\u043e\u0438\u0437\u0432\u043e\u0434, \u043d\u0430\u0447\u0438\u043d\u043e\u0442 \u043d\u0430 \u043e\u0434\u043e\u0431\u0440\u0443\u0432\u0430\u045a\u0435, [&hellip;]<\/p>","protected":false},"author":1,"featured_media":0,"parent":0,"menu_order":0,"comment_status":"closed","ping_status":"closed","template":"","meta":{"footnotes":""},"class_list":["post-391","page","type-page","status-publish","hentry"],"_links":{"self":[{"href":"https:\/\/malmed.gov.mk\/sq\/wp-json\/wp\/v2\/pages\/391","targetHints":{"allow":["GET"]}}],"collection":[{"href":"https:\/\/malmed.gov.mk\/sq\/wp-json\/wp\/v2\/pages"}],"about":[{"href":"https:\/\/malmed.gov.mk\/sq\/wp-json\/wp\/v2\/types\/page"}],"author":[{"embeddable":true,"href":"https:\/\/malmed.gov.mk\/sq\/wp-json\/wp\/v2\/users\/1"}],"replies":[{"embeddable":true,"href":"https:\/\/malmed.gov.mk\/sq\/wp-json\/wp\/v2\/comments?post=391"}],"version-history":[{"count":0,"href":"https:\/\/malmed.gov.mk\/sq\/wp-json\/wp\/v2\/pages\/391\/revisions"}],"wp:attachment":[{"href":"https:\/\/malmed.gov.mk\/sq\/wp-json\/wp\/v2\/media?parent=391"}],"curies":[{"name":"wp","href":"https:\/\/api.w.org\/{rel}","templated":true}]}}