{"id":381,"date":"2017-02-27T14:02:12","date_gmt":"2017-02-27T14:02:12","guid":{"rendered":"https:\/\/malmed.gov.mk\/?page_id=381"},"modified":"2020-02-04T09:55:53","modified_gmt":"2020-02-04T09:55:53","slug":"%d0%ba%d0%bb%d0%b8%d0%bd%d0%b8%d1%87%d0%ba%d0%b8-%d0%b8%d1%81%d0%bf%d0%b8%d1%82%d1%83%d0%b2%d0%b0%d1%9a%d0%b0","status":"publish","type":"page","link":"https:\/\/malmed.gov.mk\/sq\/%d0%ba%d0%bb%d0%b8%d0%bd%d0%b8%d1%87%d0%ba%d0%b8-%d0%b8%d1%81%d0%bf%d0%b8%d1%82%d1%83%d0%b2%d0%b0%d1%9a%d0%b0\/","title":{"rendered":"Studime klinike"},"content":{"rendered":"<p>Sipas nenit 5 t\u00eb Ligjit t\u00eb Barnave dhe Pajisjeve Mjek\u00ebsore n\u00eb kompetencat e Agjencis\u00eb, kjo p\u00ebrfshin l\u00ebshimin e miratimeve dhe\/ose njoftimet studimet klinike t\u00eb barnave, mbajtjen e nj\u00eb regjistri p\u00ebr studimet klinike p\u00ebr dh\u00ebnien e miratimeve, dhe\/ose njoftime p\u00ebr studimet klinike t\u00eb pajisjeve mjek\u00ebsore, kryerja e analiz\u00ebs dhe vler\u00ebsimi i siguris\u00eb dhe efektet an\u00ebsore ndaj  t\u00eb anketuarve n\u00eb studimet klinike dhe kryerja e mbikqyerjes s\u00eb inspektimit ndaj studimeve klinike, efektet an\u00ebsore dhe mosfunksionimi i barnave.\nN\u00eb Agjenci \u00ebsht\u00eb formuar Komisioni p\u00ebr studimet klinike t\u00eb barnave dhe pajisjeve mjek\u00ebsore e cila p\u00ebrfaq\u00ebson profesioniz\u00ebm t\u00eb p\u00ebrhersh\u00ebm \u2013 komisioni k\u00ebshill\u00ebdh\u00ebn\u00ebs, Komisionet profesionalisht jan\u00eb t\u00eb pavarura dhe autonome brenda fush\u00ebveprimit t\u00eb tyre t\u00eb pun\u00ebs dhe punojn\u00eb n\u00eb baz\u00eb t\u00eb rregullave t\u00eb procedur\u00ebs p\u00ebr pun\u00ebn e tyre.<br>\nN\u00eb Agjenci \u00ebsht\u00eb formuar Komisioni i  Studimeve Klinike t\u00eb Barnave dhe Pajisjeve Mjek\u00ebsore  q\u00eb e p\u00ebrfaq\u00ebsojn\u00eb  profesionist t\u00eb p\u00ebrhersh\u00ebm \u2013 Komisioni K\u00ebshill\u00ebdh\u00ebn\u00ebs. Komisionet profesionalisht jan\u00eb t\u00eb pavarura dhe autonome brenda fush\u00ebveprimit t\u00eb saj t\u00eb pun\u00ebs dhe punojn\u00eb  n\u00eb baz\u00eb t\u00eb Rregullores p\u00ebr pun\u00ebn e tyre.<\/p>\n\n\n<p><\/p>\n\n\n\n<p><\/p>\n\n\n\n<p><\/p>\n\n\n\n<p><\/p>\n\n\n\n<p><\/p>","protected":false},"excerpt":{"rendered":"<p>\u0421\u043e\u0433\u043b\u0430\u0441\u043d\u043e \u0427\u043b\u0435\u043d 5 \u043e\u0434 \u0417\u0430\u043a\u043e\u043d\u043e\u0442 \u0437\u0430 \u043b\u0435\u043a\u043e\u0432\u0438 \u0438 \u043c\u0435\u0434\u0438\u0446\u0438\u043d\u0441\u043a\u0438 \u0441\u0440\u0435\u0434\u0441\u0442\u0432\u0430 \u0432\u043e \u043d\u0430\u0434\u043b\u0435\u0436\u043d\u043e\u0441\u0442 \u043d\u0430 \u0410\u0433\u0435\u043d\u0446\u0438\u0458\u0430\u0442\u0430 \u0441\u043f\u0430\u0453\u0430 \u0438 \u0438\u0437\u0434\u0430\u0432\u0430\u045a\u0435 \u043e\u0434\u043e\u0431\u0440\u0435\u043d\u0438\u0458\u0430 \u0438\/\u0438\u043b\u0438 \u0438\u0437\u0432\u0435\u0441\u0442\u0443\u0432\u0430\u045a\u0430 \u0437\u0430 \u043a\u043b\u0438\u043d\u0438\u0447\u043a\u0438 \u0438\u0441\u043f\u0438\u0442\u0443\u0432\u0430\u045a\u0430 \u043d\u0430 \u043b\u0435\u043a\u043e\u0432\u0438, \u0432\u043e\u0434\u0435\u045a\u0435 \u043d\u0430 \u0440\u0435\u0433\u0438\u0441\u0442\u0430\u0440 \u0437\u0430 \u043a\u043b\u0438\u043d\u0438\u0447\u043a\u0438 \u0438\u0441\u043f\u0438\u0442\u0443\u0432\u0430\u045a\u0430 \u0438\u0437\u0434\u0430\u0432\u0430\u045a\u0435 \u043e\u0434\u043e\u0431\u0440\u0435\u043d\u0438\u0458\u0430 \u0438\/\u0438\u043b\u0438 \u0438\u0437\u0432\u0435\u0441\u0442\u0443\u0432\u0430\u045a\u0430 \u0437\u0430 \u043a\u043b\u0438\u043d\u0438\u0447\u043a\u0438 \u0438\u0441\u043f\u0438\u0442\u0443\u0432\u0430\u045a\u0430 \u043d\u0430 \u043c\u0435\u0434\u0438\u0446\u0438\u043d\u0441\u043a\u0438 \u043f\u043e\u043c\u0430\u0433\u0430\u043b\u0430, \u0432\u0440\u0448\u0435\u045a\u0435 \u0430\u043d\u0430\u043b\u0438\u0437\u0430 \u0438 \u043e\u0446\u0435\u043d\u0443\u0432\u0430\u045a\u0435 \u043d\u0430 \u0441\u0438\u0433\u0443\u0440\u043d\u043e\u0441\u0442\u0430 \u0438 \u043d\u0435\u0441\u0430\u043a\u0430\u043d\u0438\u0442\u0435 \u0435\u0444\u0435\u043a\u0442\u0438 \u0432\u0440\u0437 \u0438\u0441\u043f\u0438\u0442\u0430\u043d\u0438\u0446\u0438\u0442\u0435 \u0432\u043e \u043a\u043b\u0438\u043d\u0438\u0447\u043a\u0438\u0442\u0435 \u0438\u0441\u043f\u0438\u0442\u0443\u0432\u0430\u045a\u0430 [&hellip;]<\/p>","protected":false},"author":1,"featured_media":0,"parent":0,"menu_order":0,"comment_status":"closed","ping_status":"closed","template":"","meta":{"footnotes":""},"class_list":["post-381","page","type-page","status-publish","hentry"],"_links":{"self":[{"href":"https:\/\/malmed.gov.mk\/sq\/wp-json\/wp\/v2\/pages\/381","targetHints":{"allow":["GET"]}}],"collection":[{"href":"https:\/\/malmed.gov.mk\/sq\/wp-json\/wp\/v2\/pages"}],"about":[{"href":"https:\/\/malmed.gov.mk\/sq\/wp-json\/wp\/v2\/types\/page"}],"author":[{"embeddable":true,"href":"https:\/\/malmed.gov.mk\/sq\/wp-json\/wp\/v2\/users\/1"}],"replies":[{"embeddable":true,"href":"https:\/\/malmed.gov.mk\/sq\/wp-json\/wp\/v2\/comments?post=381"}],"version-history":[{"count":0,"href":"https:\/\/malmed.gov.mk\/sq\/wp-json\/wp\/v2\/pages\/381\/revisions"}],"wp:attachment":[{"href":"https:\/\/malmed.gov.mk\/sq\/wp-json\/wp\/v2\/media?parent=381"}],"curies":[{"name":"wp","href":"https:\/\/api.w.org\/{rel}","templated":true}]}}