{"id":379,"date":"2017-02-27T14:01:59","date_gmt":"2017-02-27T14:01:59","guid":{"rendered":"https:\/\/malmed.gov.mk\/?page_id=379"},"modified":"2025-12-17T08:37:35","modified_gmt":"2025-12-17T08:37:35","slug":"%d0%bf%d1%80%d0%be%d0%bc%d0%b5%d1%82-%d0%b8-%d0%bf%d0%be%d1%82%d1%80%d0%be%d1%88%d1%83%d0%b2%d0%b0%d1%87%d0%ba%d0%b0-%d0%bd%d0%b0-%d0%bb%d0%b5%d0%ba%d0%be%d0%b2%d0%b8","status":"publish","type":"page","link":"https:\/\/malmed.gov.mk\/sq\/%d0%bf%d1%80%d0%be%d0%bc%d0%b5%d1%82-%d0%b8-%d0%bf%d0%be%d1%82%d1%80%d0%be%d1%88%d1%83%d0%b2%d0%b0%d1%87%d0%ba%d0%b0-%d0%bd%d0%b0-%d0%bb%d0%b5%d0%ba%d0%be%d0%b2%d0%b8\/","title":{"rendered":"Qarkullimi dhe konsumi i barnave"},"content":{"rendered":"<div id=\"main-body\" class=\"row-fluid\">\n<div id=\"sp-message-area\" class=\"span9\">\n<section id=\"sp-component-area-wrapper\" class=\"\">\n<div id=\"component-area\" class=\"row-fluid\">\n<div id=\"sp-component-area\" class=\"span12\">\n<section id=\"sp-component-wrapper\">\n<div id=\"sp-component\">\n<section class=\"blog\">\n<div class=\"items-leading clearfix\">\n<div class=\"leading-0\">\n<article class=\"post-73 post hentry status-publish category-2015-09-15-09-42-00\">\n<section class=\"entry-content\">Me p\u00ebrdit\u00ebsimin e Sistemit Ekzistues IT, Agjencia n\u00eb p\u00ebrputhje me Ligjin e Barnave dhe Pajisjeve Mjek\u00ebsore do t\u00eb filloj\u00eb me monitorimin e barnave dhe grumbullimin e t\u00eb dh\u00ebnave p\u00ebr l\u00ebshimin vjetor t\u00eb barnave  n\u00eb barnatore dhe Tregtit\u00eb n\u00eb shumic\u00eb dhe sht\u00ebpit\u00eb sh\u00ebndet\u00ebsore si dhe duke analizuar me situatat\u00eb p\u00ebrdorimit racional t\u00eb barnave, trendet dhe incidencat e konsumit t\u00eb barnave  t\u00eb caktuara sipas grupeve terapeutike, gjenerike, emri i mark\u00ebs ose \u00e7mimi i barnave.\n<p>\u0421\u043b\u0435\u0434\u0435\u045a\u0435\u0442\u043e \u043d\u0430 \u043f\u043e\u0442\u0440\u043e\u0448\u0443\u0432\u0430\u0447\u043a\u0430\u0442\u0430 \u043d\u0430 \u043b\u0435\u043a\u043e\u0432\u0438 \u045c\u0435 \u043e\u0432\u043e\u0437\u043c\u043e\u0436\u0438 \u043f\u043e\u0432\u0435\u0440\u043e\u0434\u043e\u0441\u0442\u043e\u0458\u043d\u0438 \u043f\u043e\u0434\u0430\u0442\u043e\u0446\u0438 \u0437\u0430 \u0437\u0430\u0448\u0442\u0435\u0434\u0438\u0442\u0435 \u043d\u0430 \u043b\u0435\u043a\u043e\u0432\u0438 \u043d\u0430 \u0433\u043e\u0434\u0438\u0448\u043d\u043e \u043d\u0438\u0432\u043e,\u00a0 \u0431\u0440\u043e\u0458\u043e\u0442 \u043d\u0430 \u043f\u0430\u0446\u0438\u0435\u043d\u0442\u0438 \u043e\u0434 \u043e\u0434\u0440\u0435\u0434\u0435\u043d\u0430 \u0442\u0435\u0440\u0430\u043f\u0435\u0432\u0442\u0441\u043a\u0430 \u043e\u0431\u043b\u0430\u0441\u0442, \u043f\u043e\u0435\u0444\u0438\u043a\u0430\u0441\u043d\u043e \u043f\u043b\u0430\u043d\u0438\u0440\u0430\u045a\u0435 \u043d\u0430 \u0441\u043d\u0430\u0431\u0434\u0443\u0432\u0430\u045a\u0435\u0442\u043e \u0441\u043e \u043b\u0435\u043a\u043e\u0432\u0438 \u0437\u0430 \u0441\u0438\u0442\u0435 \u0438\u043d\u0434\u0438\u043a\u0430\u0446\u0438\u0441\u043a\u0438 \u043f\u043e\u0434\u0440\u0430\u0447\u0458\u0430.<\/p>\n<p><a href=\"https:\/\/malmed.gov.mk\/wp-content\/uploads\/\u0413\u041e\u0414\u0418\u0428\u0415\u041d-\u0418\u0417\u0412\u0415\u0428\u0422\u0410\u0408-\u0417\u0410-\u041f\u041e\u0422\u0420\u041e\u0428\u0423\u0412\u0410\u0427\u041a\u0410\u0422\u0410-\u041d\u0410-\u041b\u0415\u041a\u041e\u0412\u0418-\u0412\u041e-\u0420\u0415\u041f\u0423\u0411\u041b\u0418\u041a\u0410-\u0421\u0415\u0412\u0415\u0420\u041d\u0410-\u041c\u0410\u041a\u0415\u0414\u041e\u041d\u0418\u0408\u0410-\u0417\u0410-2023-\u0413\u041e\u0414\u0418\u041d\u0410-RAPORT-VJETOR-PER-HARXHUESHMERINE-E-BARNAVE-PER-VITIN-2023.pdf\"><span style=\"color: #800080;\">\u0413\u041e\u0414\u0418\u0428\u0415\u041d \u0418\u0417\u0412\u0415\u0428\u0422\u0410\u0408 \u0417\u0410 \u041f\u041e\u0422\u0420\u041e\u0428\u0423\u0412\u0410\u0427\u041a\u0410\u0422\u0410 \u041d\u0410 \u041b\u0415\u041a\u041e\u0412\u0418 \u0412\u041e \u0420\u0415\u041f\u0423\u0411\u041b\u0418\u041a\u0410 \u0421\u0415\u0412\u0415\u0420\u041d\u0410 \u041c\u0410\u041a\u0415\u0414\u041e\u041d\u0418\u0408\u0410 \u0417\u0410 2023 \u0413\u041e\u0414\u0418\u041d\u0410 \/ RAPORT VJETOR P\u00cbR HARXHUESHM\u00cbRIN\u00cb E BARNAVE P\u00cbR VITIN 2023<\/span><\/a><\/p>\n<p><a href=\"https:\/\/malmed.gov.mk\/wp-content\/uploads\/\u0413\u041e\u0414\u0418\u0428\u0415\u041d-\u0418\u0417\u0412\u0415\u0428\u0422\u0410\u0408-\u0417\u0410-\u041f\u041e\u0422\u0420\u041e\u0428\u0423\u0412\u0410\u0427\u041a\u0410-\u041d\u0410-\u041b\u0415\u041a\u041e\u0412\u0418-\u0417\u0410-2024-\u0413\u041e\u0414\u0418\u041d\u0410-\u041c\u0410\u041b\u041c\u0415\u0414-12.05.2025-21-INN-\u0424\u0418\u041d\u0410\u041b-\u0412\u0415\u0420\u0417\u0418\u0408\u0410.pdf\"><span style=\"color: #800080;\">\u0413\u041e\u0414\u0418\u0428\u0415\u041d \u0418\u0417\u0412\u0415\u0428\u0422\u0410\u0408 \u0417\u0410 \u041f\u041e\u0422\u0420\u041e\u0428\u0423\u0412\u0410\u0427\u041a\u0410\u0422\u0410 \u041d\u0410 \u041b\u0415\u041a\u041e\u0412\u0418 \u0412\u041e \u0420\u0415\u041f\u0423\u0411\u041b\u0418\u041a\u0410 \u0421\u0415\u0412\u0415\u0420\u041d\u0410 \u041c\u0410\u041a\u0415\u0414\u041e\u041d\u0418\u0408\u0410 \u0417\u0410 2024 \u0413\u041e\u0414\u0418\u041d\u0410 \/ RAPORT VJETOR P\u00cbR HARXHUESHM\u00cbRIN\u00cb E BARNAVE P\u00cbR VITIN 2024<\/span><\/a><\/p>\n<p>\u00a0<\/p>\n<\/section>\n<footer class=\"entry-meta\"><\/footer><\/article>\n<\/div>\n<\/div>\n<\/section>\n<\/div>\n<\/section>\n<\/div>\n<\/div>\n<\/section>\n<\/div>\n<\/div>\n\n\n<p><\/p>\n\n\n\n<p><\/p>\n\n\n\n<p><\/p>\n\n\n\n<p><\/p>","protected":false},"excerpt":{"rendered":"<p>\u0421\u043e \u043d\u0430\u0434\u0433\u0440\u0430\u0434\u0431\u0430 \u043d\u0430 \u043f\u043e\u0441\u0442\u043e\u0435\u0447\u043a\u0438\u043e\u0442 IT \u0421\u0438\u0441\u0442\u0435\u043c, \u0410\u0433\u0435\u043d\u0446\u0438\u0458\u0430\u0442\u0430 \u0441\u043e\u0433\u043b\u0430\u0441\u043d\u043e \u0417\u0430\u043a\u043e\u043d\u043e\u0442 \u0437\u0430 \u043b\u0435\u043a\u043e\u0432\u0438 \u0438 \u043c\u0435\u0434\u0438\u0446\u0438\u043d\u0441\u043a\u0438 \u0441\u0440\u0435\u0434\u0441\u0442\u0432\u0430 \u045c\u0435 \u0437\u0430\u043f\u043e\u0447\u043d\u0435 \u0441\u043e \u0441\u043b\u0435\u0434\u0435\u045a\u0435 \u043d\u0430 \u043f\u043e\u0442\u0440\u043e\u0448\u0443\u0432\u0430\u0447\u043a\u0430\u0442\u0430 \u043d\u0430 \u043b\u0435\u043a\u043e\u0432\u0438 \u0438 \u043f\u0440\u0438\u0431\u0438\u0440\u0430\u045a\u0435 \u043d\u0430 \u043f\u043e\u0434\u0430\u0442\u043e\u0446\u0438 \u0437\u0430 \u0433\u043e\u0434\u0438\u0448\u043d\u043e\u0442\u043e \u0438\u0437\u0434\u0430\u0432\u0430\u045a\u0435 \u043d\u0430 \u043b\u0435\u043a\u043e\u0432\u0438 \u0432\u043e \u0430\u043f\u0442\u0435\u043a\u0438\u0442\u0435 \u0438 \u0432\u0435\u043b\u0435\u0434\u0440\u043e\u0433\u0435\u0440\u0438\u0438\u0442\u0435 \u0438 \u0437\u0434\u0440\u0430\u0432\u0441\u0442\u0432\u0435\u043d\u0438\u0442\u0435 \u0443\u0441\u0442\u0430\u043d\u043e\u0432\u0438, \u043a\u0430\u043a\u043e \u0438 \u043f\u0440\u0430\u0432\u0435\u045a\u0435 \u043d\u0430 \u0430\u043d\u0430\u043b\u0438\u0437\u0438 \u0437\u0430 \u0441\u043e\u0441\u0442\u043e\u0458\u0431\u0438\u0442\u0435 \u043d\u0430 \u0440\u0430\u0446\u0438\u043e\u043d\u0430\u043b\u043d\u0430\u0442\u0430 \u0443\u043f\u043e\u0442\u0440\u0435\u0431\u0430 \u043d\u0430 \u043b\u0435\u043a\u043e\u0432\u0438, \u0442\u0440\u0435\u043d\u0434\u043e\u0432\u0438\u0442\u0435 \u0438 \u0438\u043d\u0446\u0438\u0434\u0435\u043d\u0446\u0430\u0442\u0430 \u043d\u0430 \u043f\u043e\u0442\u0440\u043e\u0448\u0443\u0432\u0430\u0447\u043a\u0430 [&hellip;]<\/p>","protected":false},"author":1,"featured_media":0,"parent":0,"menu_order":0,"comment_status":"closed","ping_status":"closed","template":"","meta":{"footnotes":""},"class_list":["post-379","page","type-page","status-publish","hentry"],"_links":{"self":[{"href":"https:\/\/malmed.gov.mk\/sq\/wp-json\/wp\/v2\/pages\/379","targetHints":{"allow":["GET"]}}],"collection":[{"href":"https:\/\/malmed.gov.mk\/sq\/wp-json\/wp\/v2\/pages"}],"about":[{"href":"https:\/\/malmed.gov.mk\/sq\/wp-json\/wp\/v2\/types\/page"}],"author":[{"embeddable":true,"href":"https:\/\/malmed.gov.mk\/sq\/wp-json\/wp\/v2\/users\/1"}],"replies":[{"embeddable":true,"href":"https:\/\/malmed.gov.mk\/sq\/wp-json\/wp\/v2\/comments?post=379"}],"version-history":[{"count":0,"href":"https:\/\/malmed.gov.mk\/sq\/wp-json\/wp\/v2\/pages\/379\/revisions"}],"wp:attachment":[{"href":"https:\/\/malmed.gov.mk\/sq\/wp-json\/wp\/v2\/media?parent=379"}],"curies":[{"name":"wp","href":"https:\/\/api.w.org\/{rel}","templated":true}]}}