{"id":377,"date":"2017-02-27T14:01:41","date_gmt":"2017-02-27T14:01:41","guid":{"rendered":"https:\/\/malmed.gov.mk\/?page_id=377"},"modified":"2026-04-01T09:06:48","modified_gmt":"2026-04-01T09:06:48","slug":"%d0%be%d0%b3%d0%bb%d0%b0%d1%81%d1%83%d0%b2%d0%b0%d1%9a%d0%b5-%d0%bd%d0%b0-%d1%85%d1%83%d0%bc%d0%b0%d0%bd%d0%b8-%d0%bb%d0%b5%d0%ba%d0%be%d0%b2%d0%b8","status":"publish","type":"page","link":"https:\/\/malmed.gov.mk\/sq\/%d0%be%d0%b3%d0%bb%d0%b0%d1%81%d1%83%d0%b2%d0%b0%d1%9a%d0%b5-%d0%bd%d0%b0-%d1%85%d1%83%d0%bc%d0%b0%d0%bd%d0%b8-%d0%bb%d0%b5%d0%ba%d0%be%d0%b2%d0%b8\/","title":{"rendered":"Reklamim t\u00eb Barnave Humane"},"content":{"rendered":"<section class=\"entry-content\">Reklamimi i barnave \u00ebsht\u00eb \u00e7do form\u00eb e shp\u00ebrndarjes s\u00eb informacioneve p\u00ebr barna  t\u00eb publikut t\u00eb gjer\u00eb ose profesional p\u00ebr t\u00eb promovuar p\u00ebrshkrimin e barnave q\u00eb t\u00eb stimulohet l\u00ebshimi i barnave, furnizimi me barna si dhe shitja dhe p\u00ebrdorimi i tyre.P\u00ebr barnat q\u00eb jepen pa re\u00e7et\u00eb, bart\u00ebsit e autorizimeve p\u00ebr v\u00ebnien n\u00eb qarkullim  dhe prodhuesit mund ta njoftojn\u00eb publikun e gjer\u00eb p\u00ebr karakteristikat e barnave.E t\u00ebr\u00eb kjo  patjet\u00ebr duhet t\u00eb jet\u00eb n\u00eb p\u00ebrputhje me p\u00ebrmbledhjen e karakteristikave  n\u00eb lidhje me vetit\u00eb e barnave  ose me udh\u00ebzimet p\u00ebr pacientin. Bart\u00ebsit (mbajt\u00ebsit) e autorizimeve p\u00ebr v\u00ebnien n\u00eb qarkullim dhe prodhuesit jan\u00eb t\u00eb detyruar at\u00eb ta b\u00ebjn\u00eb n\u00eb m\u00ebnyr\u00eb objektive  dhe me miratimin paraprak t\u00eb Agjencis\u00eb.\nReklamimi i barnave q\u00eb l\u00ebshohen pa re\u00e7et\u00eb mund t\u00eb kryhet p\u00ebrmes shpalljeve  n\u00eb mediumet publike, p\u00ebrmes internetit, shpalljeve n\u00eb vendet publike dhe llojeve t\u00eb tjera t\u00eb shpalljeve t\u00eb destinuara p\u00ebr publikun e gjer\u00eb (D\u00ebrgimi i materialit p\u00ebr reklamim me post\u00eb , vizita e tij). Reklamimin e barnave q\u00eb  l\u00ebshohen me re\u00e7et\u00eb mjek\u00ebsore p\u00ebrmes mediave  p\u00ebr publikun e gjer\u00eb \u00ebsht\u00eb e ndaluar.\n<p>Reklamimi i barnave q\u00eb l\u00ebshohen me re\u00e7et\u00eb mjek\u00ebsore t\u00eb destinuara p\u00ebr pun\u00ebtor\u00ebt sh\u00ebndet\u00ebsor (promovimi i barnave) lejohet me q\u00ebllim t\u00eb sigurimit t\u00eb informacioneve n\u00eb p\u00ebrputhje me p\u00ebrmbledhjen e raportit n\u00eb lidhje me vetit\u00eb e barnave ose me kushtet me t\u00eb cilat barnat jan\u00eb vendosur n\u00eb qarkullim. Shpalljen e barnave t\u00eb destinuara  p\u00ebr pun\u00ebtor\u00ebt sh\u00ebndet\u00ebsor e b\u00ebjn\u00eb bart\u00ebsit e autorizuar p\u00ebr v\u00ebnien n\u00eb qarkullim duke dh\u00ebn\u00eb drejtp\u00ebrdrejt\u00eb informacione t\u00eb pun\u00ebtor\u00ebve sh\u00ebndet\u00ebsor t\u00eb cil\u00ebt i p\u00ebrshkruajn\u00eb ose i l\u00ebshojn\u00eb barnat.<\/p>\n<p>Reklamimi b\u00ebhet duke dh\u00ebn\u00eb informacione p\u00ebr barnat t\u00eb cilat duhet t\u00eb jen\u00eb t\u00eb v\u00ebrteta dhe shkenc\u00ebrisht t\u00eb d\u00ebshmuara.<\/p>\n<p><a href=\"https:\/\/malmed.gov.mk\/wp-content\/uploads\/\u0418\u0437\u0434\u0430\u0434\u0435\u043d\u0438-\u043e\u0434\u0431\u0440\u0435\u043d\u0438\u0458\u0430-\u0437\u0430-\u043e\u0433\u043b\u0430\u0441\u0443\u0432\u0430\u045a\u0435-\u0434\u043e-\u0430\u043f\u0440\u0438\u043b-2026-\u0433\u043e\u0434_.xlsx\"><span style=\"color: #912777;\">\u0422\u0430\u0431\u0435\u043b\u0430 \u0441\u043e \u0438\u0437\u0434\u0430\u0434\u0435\u043d\u0438 \u043e\u0434\u043e\u0431\u0440\u0435\u043d\u0438\u0458\u0430 \u0437\u0430 \u043e\u0433\u043b\u0430\u0441\u0443\u0432\u0430\u045a\u0435 \u0434\u043e \u0410\u043f\u0440\u0438\u043b 2026 \u0433\u043e\u0434\u0438\u043d\u0430<\/span><\/a><\/p>\n<p><a href=\"https:\/\/malmed.gov.mk\/wp-content\/uploads\/\u0418\u0437\u0434\u0430\u0434\u0435\u043d\u0438-\u043e\u0434\u0431\u0440\u0435\u043d\u0438\u0458\u0430-\u0437\u0430-\u043e\u0433\u043b\u0430\u0441\u0443\u0432\u0430\u045a\u0435-\u0432\u043e-2025-\u0433\u043e\u0434_.xlsx\"><span style=\"color: #912777;\">\u0422\u0430\u0431\u0435\u043b\u0430 \u0441\u043e \u0438\u0437\u0434\u0430\u0434\u0435\u043d\u0438 \u043e\u0434\u043e\u0431\u0440\u0435\u043d\u0438\u0458\u0430 \u0437\u0430 \u043e\u0433\u043b\u0430\u0441\u0443\u0432\u0430\u045a\u0435 \u0432\u043e 2025 \u0433\u043e\u0434\u0438\u043d\u0430<\/span><\/a><\/p>\n<hr \/><\/section>\n<p><span style=\"color: #800080;\"><a style=\"color: #800080;\" href=\"https:\/\/malmed.gov.mk\/wp-content\/uploads\/\u0422\u0430\u0431\u0435\u043b\u0430-\u0441\u043e-\u0438\u0437\u0434\u0430\u0434\u0435\u043d\u0438-\u043e\u0434\u0431\u0440\u0435\u043d\u0438\u0458\u0430-\u0437\u0430-\u043e\u0433\u043b\u0430\u0441\u0443\u0432\u0430\u045a\u0435-\u0432\u043e-2024-\u0433\u043e\u0434.-1.xlsx\">T\u0430\u0431\u0435\u043b\u0430 \u0441\u043e \u0438\u0437\u0434\u0430\u0434\u0435\u043d\u0438 \u043e\u0434\u043e\u0431\u0440\u0435\u043d\u0438\u0458\u0430 \u0437\u0430 \u043e\u0433\u043b\u0430\u0441\u0443\u0432\u0430\u045a\u0435 \u0432\u043e 2024 \u0433\u043e\u0434\u0438\u043d\u0430<\/a><\/span><\/p>\n<section class=\"entry-content\"><hr \/><\/section>\n<p><span style=\"color: #800080;\"><a style=\"color: #800080;\" href=\"https:\/\/malmed.gov.mk\/wp-content\/uploads\/\u0438\u0437\u0434\u0430\u0434\u0435\u043d\u0438-\u043e\u0434\u0431\u0440\u0435\u043d\u0438\u0458\u0430-\u0432\u043e-2023-\u0433\u043e\u0434..xlsx\"><span lang=\"MK\">\u0422\u0430\u0431\u0435\u043b\u0430 \u0441\u043e \u0438\u0437\u0434\u0430\u0434\u0435\u043d\u0438 \u043e\u0434\u043e\u0434\u0431\u0440\u0435\u043d\u0438\u0458\u0430 \u0437\u0430 \u043e\u0433\u043b\u0430\u0441\u0443\u0432\u0430\u045a\u0435 \u0432\u043e <\/span><span lang=\"MK\">2023 \u0433<\/span><span lang=\"MK\">\u043e\u0434\u0438\u043d\u0430<\/span><\/a><\/span><\/p>\n<hr \/>\n<p><span style=\"color: #800080;\"><a style=\"color: #800080;\" href=\"https:\/\/malmed.gov.mk\/wp-content\/uploads\/FINAL-TABELA-SO-ODOBRENIJA-IZDADENI-VO-2022.xlsx\" target=\"_blank\" rel=\"noopener noreferrer\">\u0422\u0430\u0431\u0435\u043b\u0430 \u043d\u0430 \u0438\u0437\u0434\u0430\u0434\u0435\u043d\u0438 \u043e\u0434\u043e\u0431\u0440\u0435\u043d\u0438\u0458\u0430 \u0437\u0430 \u043e\u0433\u043b\u0430\u0441\u0443\u0432\u0430\u045a\u0435 \u0432\u043e 2022 \u0433\u043e\u0434\u0438\u043d\u0430<\/a><\/span><\/p>\n<section class=\"entry-content\"><hr \/><\/section>\n<p><span style=\"color: #800080;\"><a style=\"color: #800080;\" href=\"https:\/\/malmed.gov.mk\/wp-content\/uploads\/Tabela-na-izdadeni-odobrenija-za-oglasuvanje-vo-2021.pdf\" target=\"_blank\" rel=\"noopener noreferrer\">\u0422\u0430\u0431\u0435\u043b\u0430 \u043d\u0430 \u0438\u0437\u0434\u0430\u0434\u0435\u043d\u0438 \u043e\u0434\u043e\u0431\u0440\u0435\u043d\u0438\u0458\u0430 \u0437\u0430 \u043e\u0433\u043b\u0430\u0441\u0443\u0432\u0430\u045a\u0435 \u0432\u043e 2021 \u0433\u043e\u0434\u0438\u043d\u0430<\/a><\/span><\/p>\n<hr \/>\n<p><span style=\"color: #800080;\"><a style=\"color: #800080;\" href=\"https:\/\/malmed.gov.mk\/wp-content\/uploads\/Tabela-na-izdadeni-odobrenija-za-oglasuvanje-vo-2020.pdf\" target=\"_blank\" rel=\"noopener noreferrer\">\u0422\u0430\u0431\u0435\u043b\u0430 \u043d\u0430 \u0438\u0437\u0434\u0430\u0434\u0435\u043d\u0438 \u043e\u0434\u043e\u0431\u0440\u0435\u043d\u0438\u0458\u0430 \u0437\u0430 \u043e\u0433\u043b\u0430\u0441\u0443\u0432\u0430\u045a\u0435 \u0432\u043e 2020 \u0433\u043e\u0434\u0438\u043d\u0430<\/a><\/span><\/p>\n<hr \/>\n<p><span style=\"color: #800080;\"><a style=\"color: #800080;\" href=\"https:\/\/malmed.gov.mk\/wp-content\/uploads\/Tabela-na-izdadeni-odobrenija-za-oglasuvanje-vo-2019-godina-1.pdf\" target=\"_blank\" rel=\"noopener noreferrer\">Tabela e miratimeve t\u00eb l\u00ebshuara p\u00ebr reklamim n\u00eb vitin 2019<\/a><\/span><\/p>\n<hr \/>\n<p><span style=\"color: #800080;\"><a style=\"color: #800080;\" href=\"http:\/\/malmed.gov.mk\/wp-content\/uploads\/Tabela-na-izdadeni-odobrenija-za-Oglasuvanje-vo-2018-godina.pdf\" target=\"_blank\" rel=\"noopener noreferrer\">Tabela e autorizimeve t\u00eb miratuara p\u00ebr reklamim n\u00eb vitin 2018<\/a><strong> \u00a0<\/strong><\/span><\/p>\n\n\n<div class=\"wp-block-file\"><a href=\"https:\/\/malmed.gov.mk\/wp-content\/uploads\/\u0422\u0430\u0431\u0435\u043b\u0430-\u0441\u043e-\u0438\u0437\u0434\u0430\u0434\u0435\u043d\u0438-\u043e\u0434\u0431\u0440\u0435\u043d\u0438\u0458\u0430-\u0434\u043e-\u043c\u0430\u0458-2025-\u0433\u043e\u0434.-2.pdf\">\u0422\u0430\u0431\u0435\u043b\u0430-\u0441\u043e-\u0438\u0437\u0434\u0430\u0434\u0435\u043d\u0438-\u043e\u0434\u0431\u0440\u0435\u043d\u0438\u0458\u0430-\u0434\u043e-\u043c\u0430\u0458-2025-\u0433\u043e\u0434.-2<\/a><a href=\"https:\/\/malmed.gov.mk\/wp-content\/uploads\/\u0422\u0430\u0431\u0435\u043b\u0430-\u0441\u043e-\u0438\u0437\u0434\u0430\u0434\u0435\u043d\u0438-\u043e\u0434\u0431\u0440\u0435\u043d\u0438\u0458\u0430-\u0434\u043e-\u043c\u0430\u0458-2025-\u0433\u043e\u0434.-2.pdf\" class=\"wp-block-file__button wp-element-button\" download>Download<\/a><\/div>\n\n\n\n<p><\/p>\n\n\n\n<p><\/p>","protected":false},"excerpt":{"rendered":"<p>\u041e\u0433\u043b\u0430\u0441\u0443\u0432\u0430\u045a\u0435 \u043d\u0430 \u043b\u0435\u043a\u043e\u0432\u0438 \u0435 \u0441\u0435\u043a\u043e\u0458\u0430 \u0444\u043e\u0440\u043c\u0430 \u043d\u0430 \u0448\u0438\u0440\u0435\u045a\u0435 \u0438\u043d\u0444\u043e\u0440\u043c\u0430\u0446\u0438\u0438 \u0437\u0430 \u043b\u0435\u043a\u043e\u0432\u0438\u0442\u0435 \u043d\u0430 \u0448\u0438\u0440\u043e\u043a\u0430\u0442\u0430 \u0438\u043b\u0438 \u043d\u0430 \u0441\u0442\u0440\u0443\u0447\u043d\u0430\u0442\u0430 \u0458\u0430\u0432\u043d\u043e\u0441\u0442 \u0437\u0430 \u0434\u0430 \u0441\u0435 \u043f\u0440\u043e\u043c\u043e\u0432\u0438\u0440\u0430 \u043f\u0440\u043e\u043f\u0438\u0448\u0443\u0432\u0430\u045a\u0435\u0442\u043e \u043d\u0430 \u043b\u0435\u043a\u043e\u0432\u0438\u0442\u0435, \u0434\u0430 \u0441\u0435 \u0441\u0442\u0438\u043c\u0443\u043b\u0438\u0440\u0430 \u0438\u0437\u0434\u0430\u0432\u0430\u045a\u0435\u0442\u043e \u043d\u0430 \u043b\u0435\u043a\u043e\u0432\u0438\u0442\u0435, \u0441\u043d\u0430\u0431\u0434\u0443\u0432\u0430\u045a\u0435\u0442\u043e \u0441\u043e \u043b\u0435\u043a\u043e\u0432\u0438\u0442\u0435, \u043a\u0430\u043a\u043e \u0438 \u043d\u0438\u0432\u043d\u0430\u0442\u0430 \u043f\u0440\u043e\u0434\u0430\u0436\u0431\u0430 \u0438 \u0443\u043f\u043e\u0442\u0440\u0435\u0431\u0430.\u0417\u0430 \u043b\u0435\u043a\u043e\u0432\u0438\u0442\u0435 \u0448\u0442\u043e \u0441\u0435 \u0438\u0437\u0434\u0430\u0432\u0430\u0430\u0442 \u0431\u0435\u0437 \u043b\u0435\u043a\u0430\u0440\u0441\u043a\u0438 \u0440\u0435\u0446\u0435\u043f\u0442, \u043d\u043e\u0441\u0438\u0442\u0435\u043b\u0438\u0442\u0435 \u043d\u0430 \u043e\u0434\u043e\u0431\u0440\u0435\u043d\u0438\u0458\u0430\u0442\u0430 \u0437\u0430 \u0441\u0442\u0430\u0432\u0430\u045a\u0435 \u0432\u043e \u043f\u0440\u043e\u043c\u0435\u0442 \u0438 \u043f\u0440\u043e\u0438\u0437\u0432\u043e\u0434\u0438\u0442\u0435\u043b\u0438\u0442\u0435, [&hellip;]<\/p>","protected":false},"author":1,"featured_media":0,"parent":0,"menu_order":0,"comment_status":"closed","ping_status":"closed","template":"","meta":{"footnotes":""},"class_list":["post-377","page","type-page","status-publish","hentry"],"_links":{"self":[{"href":"https:\/\/malmed.gov.mk\/sq\/wp-json\/wp\/v2\/pages\/377","targetHints":{"allow":["GET"]}}],"collection":[{"href":"https:\/\/malmed.gov.mk\/sq\/wp-json\/wp\/v2\/pages"}],"about":[{"href":"https:\/\/malmed.gov.mk\/sq\/wp-json\/wp\/v2\/types\/page"}],"author":[{"embeddable":true,"href":"https:\/\/malmed.gov.mk\/sq\/wp-json\/wp\/v2\/users\/1"}],"replies":[{"embeddable":true,"href":"https:\/\/malmed.gov.mk\/sq\/wp-json\/wp\/v2\/comments?post=377"}],"version-history":[{"count":0,"href":"https:\/\/malmed.gov.mk\/sq\/wp-json\/wp\/v2\/pages\/377\/revisions"}],"wp:attachment":[{"href":"https:\/\/malmed.gov.mk\/sq\/wp-json\/wp\/v2\/media?parent=377"}],"curies":[{"name":"wp","href":"https:\/\/api.w.org\/{rel}","templated":true}]}}