{"id":375,"date":"2017-02-27T14:01:18","date_gmt":"2017-02-27T14:01:18","guid":{"rendered":"https:\/\/malmed.gov.mk\/?page_id=375"},"modified":"2020-02-04T09:54:45","modified_gmt":"2020-02-04T09:54:45","slug":"%d0%ba%d0%be%d0%bd%d1%82%d1%80%d0%be%d0%bb%d0%b0-%d0%bd%d0%b0-%d0%ba%d0%b2%d0%b0%d0%bb%d0%b8%d1%82%d0%b5%d1%82","status":"publish","type":"page","link":"https:\/\/malmed.gov.mk\/sq\/%d0%ba%d0%be%d0%bd%d1%82%d1%80%d0%be%d0%bb%d0%b0-%d0%bd%d0%b0-%d0%ba%d0%b2%d0%b0%d0%bb%d0%b8%d1%82%d0%b5%d1%82\/","title":{"rendered":"Kontrolli i cil\u00ebsis\u00eb"},"content":{"rendered":"<section class=\"entry-content\">Ekzaminimi dhe kontrolli i barnave dhe pajisjeve mjek\u00ebsore kryhet n\u00eb dy laborator\u00eb t\u00eb akredituar n\u00eb Republik\u00ebn e Maqedonis\u00eb s\u00eb Veriut t\u00eb autorizuar nga ana e Drejtorit t\u00eb MALMED \u2013it edhe at\u00eb:<br>\n1) Laboratoria p\u00ebr kontrollin e barnave pran\u00eb Institutit t\u00eb Sh\u00ebndetit Publik n\u00eb Shkup, e cila \u00ebsht\u00eb akredituar n\u00eb ISO 17025 dhe<br>\n2) Qendra p\u00ebr testimin dhe kontroll\u00ebn e barnave pran\u00eb  fakultetit t\u00eb Farmacis\u00eb n\u00eb Shkup, i cili pavar\u00ebsisht q\u00eb ka prezantuar sistemin e cil\u00ebsis\u00eb 17025 dhe \u00ebsht\u00eb an\u00ebtar i rrjetit evropian OMCL.<p><\/p>\n<\/section>\n\n\n<p><\/p>\n\n\n\n<p><\/p>\n\n\n\n<p><\/p>\n\n\n\n<p><\/p>\n\n\n\n<p><\/p>","protected":false},"excerpt":{"rendered":"<p>\u0418\u0441\u043f\u0438\u0442\u0443\u0432\u0430\u045a\u0435\u0442\u043e \u0438 \u043a\u043e\u043d\u0442\u0440\u043e\u043b\u0430\u0442\u0430 \u043d\u0430 \u043b\u0435\u043a\u043e\u0432\u0438 \u0438 \u043c\u0435\u0434\u0438\u0446\u0438\u043d\u0441\u043a\u0438 \u0441\u0440\u0435\u0434\u0441\u0442\u0432\u0430 \u0441\u0435 \u0432\u0440\u0448\u0438 \u0432\u043e \u0434\u0432\u0435 \u0430\u043a\u0440\u0435\u0434\u0438\u0442\u0438\u0440\u0430\u043d\u0438 \u043b\u0430\u0431\u043e\u0440\u0430\u0442\u043e\u0440\u0438\u0438 \u0432\u043e \u0420\u0435\u043f\u0443\u0431\u043b\u0438\u043a\u0430 \u041c\u0430\u043a\u0435\u0434\u043e\u043d\u0438\u0458\u0430, \u043e\u0432\u043b\u0441\u0442\u0435\u043d\u0438 \u043e\u0434 \u0441\u0442\u0440\u0430\u043d\u0430 \u043d\u0430 \u0434\u0438\u0440\u0435\u043a\u0442\u043e\u0440\u043e\u0442 \u043d\u0430 \u041c\u0410\u041b\u041c\u0415\u0414 \u0438 \u0442\u043e\u0430: 1)&nbsp;&nbsp; &nbsp;\u043b\u0430\u0431\u043e\u0440\u0430\u0442\u043e\u0440\u0438\u0458\u0430\u0442\u0430 \u0437\u0430 \u043a\u043e\u043d\u0442\u0440\u043e\u043b\u0430 \u043d\u0430 \u043b\u0435\u043a\u043e\u0432\u0438 \u043f\u0440\u0438 \u0418\u043d\u0441\u0442\u0438\u0442\u0443\u0442\u043e\u0442 \u0437\u0430 \u0408\u0430\u0432\u043d\u043e \u0437\u0434\u0440\u0430\u0432\u0458\u0435 \u0432\u043e \u0421\u043a\u043e\u043f\u0458\u0435, \u043a\u043e\u0458\u0430 \u0435 \u0430\u043a\u0440\u0435\u0434\u0438\u0442\u0438\u0440\u0430\u043d\u0430 \u043f\u043e ISO 17025 \u0438 2)&nbsp;&nbsp; &nbsp;\u0426\u0435\u043d\u0442\u0430\u0440\u043e\u0442 \u0437\u0430 \u0438\u0441\u043f\u0438\u0442\u0443\u0432\u0430\u045a\u0435 \u0438 \u043a\u043e\u043d\u0442\u0440\u043e\u043b\u0430 \u043d\u0430 \u043b\u0435\u043a\u043e\u0432\u0438 \u043f\u0440\u0438 [&hellip;]<\/p>","protected":false},"author":1,"featured_media":0,"parent":0,"menu_order":0,"comment_status":"closed","ping_status":"closed","template":"","meta":{"footnotes":""},"class_list":["post-375","page","type-page","status-publish","hentry"],"_links":{"self":[{"href":"https:\/\/malmed.gov.mk\/sq\/wp-json\/wp\/v2\/pages\/375","targetHints":{"allow":["GET"]}}],"collection":[{"href":"https:\/\/malmed.gov.mk\/sq\/wp-json\/wp\/v2\/pages"}],"about":[{"href":"https:\/\/malmed.gov.mk\/sq\/wp-json\/wp\/v2\/types\/page"}],"author":[{"embeddable":true,"href":"https:\/\/malmed.gov.mk\/sq\/wp-json\/wp\/v2\/users\/1"}],"replies":[{"embeddable":true,"href":"https:\/\/malmed.gov.mk\/sq\/wp-json\/wp\/v2\/comments?post=375"}],"version-history":[{"count":0,"href":"https:\/\/malmed.gov.mk\/sq\/wp-json\/wp\/v2\/pages\/375\/revisions"}],"wp:attachment":[{"href":"https:\/\/malmed.gov.mk\/sq\/wp-json\/wp\/v2\/media?parent=375"}],"curies":[{"name":"wp","href":"https:\/\/api.w.org\/{rel}","templated":true}]}}