{"id":373,"date":"2017-02-27T14:00:58","date_gmt":"2017-02-27T14:00:58","guid":{"rendered":"https:\/\/malmed.gov.mk\/?page_id=373"},"modified":"2020-02-04T09:55:24","modified_gmt":"2020-02-04T09:55:24","slug":"%d1%81%d1%82%d0%b0%d0%b2%d0%b0%d1%9a%d0%b5-%d0%bd%d0%b0-%d0%bb%d0%b5%d0%ba%d0%be%d0%b2%d0%b8-%d0%b2%d0%be-%d0%bf%d1%80%d0%be%d0%bc%d0%b5%d1%82","status":"publish","type":"page","link":"https:\/\/malmed.gov.mk\/sq\/%d1%81%d1%82%d0%b0%d0%b2%d0%b0%d1%9a%d0%b5-%d0%bd%d0%b0-%d0%bb%d0%b5%d0%ba%d0%be%d0%b2%d0%b8-%d0%b2%d0%be-%d0%bf%d1%80%d0%be%d0%bc%d0%b5%d1%82\/","title":{"rendered":"V\u00ebnia e Barnave n\u00eb Qarkullim"},"content":{"rendered":"<p>Barnat jan\u00eb \u00e7do substanc\u00eb ose kombinim i substancave t\u00eb formuluara n\u00eb nj\u00eb m\u00ebnyr\u00eb p\u00ebr t\u00eb sh\u00ebruar ose parandalojn\u00eb s\u00ebmundjet tek njer\u00ebzit. Bari \u00ebsht\u00eb, gjithashtu \u00e7do substanc\u00eb ose kombinim i substancave q\u00eb mund  t\u00eb p\u00ebrdoret ose t`u jepet njer\u00ebzve  p\u00ebr rivendosjen, korrigjimin ose modifikimin e funksioneve fiziologjike duke inicuar (rizbuluar) farmakologjin\u00eb, aktivitetin imunologjik ose p\u00ebr t\u00eb b\u00ebr\u00eb nj\u00eb diagnoz\u00eb mjek\u00ebsore.<br>\nN\u00eb p\u00ebrputhjet me kompetencat juridike, Agjencia e Barnave dhe Pajisjeve Mjek\u00ebsore \u00ebsht\u00eb p\u00ebrgjegj\u00ebse p\u00ebr l\u00ebshimin (dh\u00ebnien) e autorizimeve p\u00ebr v\u00ebnien e  barnave n\u00eb qarkullim, si dhe ndryshimin, plot\u00ebsimin ose rinovimin e miratimit.<br>\nN\u00eb p\u00ebrputhje me nenin 17 t\u00eb Ligjit t\u00eb Barnave dhe Pajisjeve Mjek\u00ebsore, barnat mund t\u00eb vendosen n\u00eb qarkullim n\u00ebse i \u00ebsht\u00eb dh\u00ebn\u00eb miratimi p\u00ebr ta l\u00ebshuar n\u00eb qarkullim. K\u00ebrkesa dor\u00ebzohet p\u00ebr secil\u00ebn fuqi t\u00eb form\u00ebs dhe paketimi farmaceutik. Agjencia i l\u00ebshon miratimet n\u00eb baz\u00eb t\u00eb propozimit t\u00eb komisionit p\u00ebr barna e cila p\u00ebrfaq\u00ebson ekspert t\u00eb p\u00ebrhersh\u00ebm - komisioni k\u00ebshillues. Komisionet jan\u00eb profesionalisht t\u00eb pavarur dhe autonom brenda  fush\u00ebveprimit t\u00eb tyre t\u00eb pun\u00ebs dhe punojn\u00eb bazuar n\u00eb rregullat e procedur\u00ebs p\u00ebr pun\u00ebn e tyre.<\/p>\n\n\n<p><\/p>\n\n\n\n<p><\/p>\n\n\n\n<p><\/p>\n\n\n\n<p><\/p>\n\n\n\n<p><\/p>","protected":false},"excerpt":{"rendered":"<p>\u041b\u0435\u043a \u0435 \u0441\u0435\u043a\u043e\u0458\u0430 \u0441\u0443\u043f\u0441\u0442\u0430\u043d\u0446\u0438\u0458\u0430 \u0438\u043b\u0438 \u043a\u043e\u043c\u0431\u0438\u043d\u0430\u0446\u0438\u0458\u0430 \u043d\u0430 \u0441\u0443\u043f\u0441\u0442\u0430\u043d\u0446\u0438\u0438 \u0444\u043e\u0440\u043c\u0443\u043b\u0438\u0440\u0430\u043d\u0438 \u043d\u0430 \u043d\u0430\u0447\u0438\u043d \u0437\u0430 \u0434\u0430 \u043b\u0435\u043a\u0443\u0432\u0430\u0430\u0442 \u0438\u043b\u0438 \u043f\u0440\u0435\u0432\u0435\u043d\u0438\u0440\u0430\u0430\u0442 \u0431\u043e\u043b\u0435\u0441\u0442\u0438 \u043a\u0430\u0458 \u043b\u0443\u0453\u0435\u0442\u043e. \u041b\u0435\u043a \u0435, \u0438\u0441\u0442\u043e \u0442\u0430\u043a\u0430, \u0441\u0435\u043a\u043e\u0458\u0430 \u0441\u0443\u043f\u0441\u0442\u0430\u043d\u0446\u0438\u0458\u0430 \u0438\u043b\u0438 \u043a\u043e\u043c\u0431\u0438\u043d\u0430\u0446\u0438\u0458\u0430 \u043d\u0430 \u0441\u0443\u043f\u0441\u0442\u0430\u043d\u0446\u0438\u0438 \u0448\u0442\u043e \u043c\u043e\u0436\u0435 \u0434\u0430 \u0441\u0435 \u0443\u043f\u043e\u0442\u0440\u0435\u0431\u0443\u0432\u0430 \u0438\u043b\u0438 \u0434\u0430 \u0441\u0435 \u0434\u0430\u0432\u0430 \u043d\u0430 \u043b\u0443\u0453\u0435 \u0437\u0430 o\u0431\u043d\u043e\u0432\u0443\u0432\u0430\u045a\u0435, \u043a\u043e\u0440\u0435\u0433\u0438\u0440\u0430\u045a\u0435 \u0438\u043b\u0438 \u043c\u043e\u0434\u0438\u0444\u0438\u0446\u0438\u0440\u0430\u045a\u0435 \u043d\u0430 \u0444\u0438\u0437\u0438\u043e\u043b\u043e\u0448\u043a\u0438\u0442\u0435 \u0444\u0443\u043d\u043a\u0446\u0438\u0438 \u0441\u043e \u0440\u0435\u0434\u0438\u0437\u0432\u0438\u043a\u0443\u0432\u0430\u045a\u0435 \u043d\u0430 \u0444\u0430\u0440\u043c\u0430\u043a\u043e\u043b\u043e\u0448\u043a\u0430, \u0438\u043c\u0443\u043d\u043e\u043b\u043e\u0448\u043a\u0430 \u0438\u043b\u0438 \u043c\u0435\u0442\u0430\u0431\u043e\u043b\u0438\u0447\u043a\u0430 [&hellip;]<\/p>","protected":false},"author":1,"featured_media":0,"parent":0,"menu_order":0,"comment_status":"closed","ping_status":"closed","template":"","meta":{"footnotes":""},"class_list":["post-373","page","type-page","status-publish","hentry"],"_links":{"self":[{"href":"https:\/\/malmed.gov.mk\/sq\/wp-json\/wp\/v2\/pages\/373","targetHints":{"allow":["GET"]}}],"collection":[{"href":"https:\/\/malmed.gov.mk\/sq\/wp-json\/wp\/v2\/pages"}],"about":[{"href":"https:\/\/malmed.gov.mk\/sq\/wp-json\/wp\/v2\/types\/page"}],"author":[{"embeddable":true,"href":"https:\/\/malmed.gov.mk\/sq\/wp-json\/wp\/v2\/users\/1"}],"replies":[{"embeddable":true,"href":"https:\/\/malmed.gov.mk\/sq\/wp-json\/wp\/v2\/comments?post=373"}],"version-history":[{"count":0,"href":"https:\/\/malmed.gov.mk\/sq\/wp-json\/wp\/v2\/pages\/373\/revisions"}],"wp:attachment":[{"href":"https:\/\/malmed.gov.mk\/sq\/wp-json\/wp\/v2\/media?parent=373"}],"curies":[{"name":"wp","href":"https:\/\/api.w.org\/{rel}","templated":true}]}}