{"id":361,"date":"2017-02-21T15:05:39","date_gmt":"2017-02-21T15:05:39","guid":{"rendered":"https:\/\/malmed.gov.mk\/?page_id=361"},"modified":"2022-01-17T13:29:53","modified_gmt":"2022-01-17T13:29:53","slug":"%d0%be%d0%b1%d1%80%d0%b0%d1%81%d1%86%d0%b8-%d0%b7%d0%b0-%d0%bc%d0%b5%d0%b4%d0%b8%d1%86%d0%b8%d0%bd%d1%81%d0%ba%d0%b8-%d1%81%d1%80%d0%b5%d0%b4%d1%81%d1%82%d0%b2%d0%b0","status":"publish","type":"page","link":"https:\/\/malmed.gov.mk\/sq\/%d0%be%d0%b1%d1%80%d0%b0%d1%81%d1%86%d0%b8-%d0%b7%d0%b0-%d0%bc%d0%b5%d0%b4%d0%b8%d1%86%d0%b8%d0%bd%d1%81%d0%ba%d0%b8-%d1%81%d1%80%d0%b5%d0%b4%d1%81%d1%82%d0%b2%d0%b0\/","title":{"rendered":"Formular\u00eb p\u00ebr pajisjet mjek\u00ebsore"},"content":{"rendered":"<ol>\n<li><span class=\"outer\" style=\"color: #912777;\"><span class=\"inner\"><a style=\"color: #912777;\" href=\"https:\/\/malmed.gov.mk\/wp-content\/uploads\/1-Baranje-za-vrsenje-dejnost-promet-na-golemo-so-lekovi-i_ili-medicinski-sredstva.doc\" rel=\"noopener noreferrer\">K\u00ebrkesa p\u00ebr kryerjen e veprimtaris\u00eb-tregtis\u00eb me shumic\u00eb me barna dhe \/ ose mjek\u00ebsore<\/a><\/span><\/span><\/li>\n<li><a href=\"https:\/\/malmed.gov.mk\/wp-content\/uploads\/Upatstvo-za-veledrogerija.doc\" rel=\"noopener noreferrer\"><span style=\"color: #912777;\">Udh\u00ebzues p\u00ebr grosist<\/span><\/a><\/li>\n<li><span class=\"outer\" style=\"color: #912777;\"><span class=\"inner\"><a style=\"color: #912777;\" href=\"https:\/\/malmed.gov.mk\/wp-content\/uploads\/2-Baranje_za_odobrenie_za_paralelen_uvoz_na_medicinski_sredstva-obrazec_PUMPS.doc\">K\u00ebrkes\u00eb p\u00ebr marrje t\u00eb lejes s\u00eb importit paralel t\u00eb pajisjeve mjek\u00ebsore \u2013 Formulari PUMPS<\/a><\/span><\/span><\/li>\n<li><a href=\"https:\/\/malmed.gov.mk\/wp-content\/uploads\/3-Obrazec-na-baranje-za-zapisuvanje-na-medicinski-pomagala-od-klasa-I-Obrazec-br.1.docx\"><span class=\"outer\" style=\"color: #912777;\"><span class=\"inner\">Formular i k\u00ebrkes\u00ebs p\u00ebr regjistrim t\u00eb ndihmesave mjek\u00ebsore t\u00eb KLAS\u00cbS I n\u00eb regjistrin e ndihmesave mjek\u00ebsore n\u00eb Republik\u00ebn e Maqedonis\u00eb \u2013 Formular nr. 1  \u201cGazeta Zyrtare e RM-s\u00eb\u201d, nr. 151\/10<\/span><\/span><\/a><\/li>\n<li><span class=\"outer\" style=\"color: #912777;\"><span class=\"inner\"><a style=\"color: #912777;\" href=\"https:\/\/malmed.gov.mk\/wp-content\/uploads\/4-Obrazec-na-baranje-za-zapisuvanje-na-medicinski-pomagala-od-klasa-IIa-IIb-i-III-Obrazec-br.2.docx\">Formular i k\u00ebrkes\u00ebs p\u00ebr regjistrim t\u00eb ndihmesave mjek\u00ebsore t\u00eb KLAS\u00cbS IIA, IIB dhe III n\u00eb regjistrin e ndihmesave mjek\u00ebsore n\u00eb Republik\u00ebn e Maqedonis\u00eb - \u201cGazeta Zyrtare e RM-s\u00eb\u201d, nr. 151\/10<\/a><\/span><\/span><\/li>\n<li><span class=\"outer\" style=\"color: #912777;\"><span class=\"inner\"><a style=\"color: #912777;\" href=\"https:\/\/malmed.gov.mk\/wp-content\/uploads\/5-Obrazec-na-baranje-za-zapisuvanje-na-IN-Vitro-dijagnosticki-medicinski-pomagala-Obrazec-br.3.docx\">Formular i k\u00ebrkes\u00ebs p\u00ebr regjistrim t\u00eb ndihmesave mjek\u00ebsore diagnostifikuese \u201cIN VITRO\u201d n\u00eb regjistrin e ndihmesave mjek\u00ebsore n\u00eb Republik\u00ebn e Maqedonis\u00eb \u201c- Formular nr. 3 \u201cGazeta Zyrtare e RM-s\u00eb\u201d, nr. 151\/10<\/a><\/span><\/span><\/li>\n<li><span class=\"outer\" style=\"color: #912777;\"><span class=\"inner\"><a style=\"color: #912777;\" href=\"https:\/\/malmed.gov.mk\/wp-content\/uploads\/6-Obrazec-na-baranje-za-zapisuvanje-na-AIMD-medicinski-pomagala-Obrazec-br.4.docx\">Formular i k\u00ebrkes\u00ebs p\u00ebr regjistrim t\u00eb ndihmesave mjek\u00ebsore AIMD n\u00eb regjistrin e ndihmesave mjek\u00ebsore n\u00eb Republik\u00ebn e Maqedonis\u00eb \u2013 formulari nr. 4 \u201cGazeta Zyrtare e RM-s\u00eb\u201d, nr. 151\/10<\/a><\/span><\/span><\/li>\n<\/ol>\n\n\n<p><\/p>\n\n\n\n<p><\/p>\n\n\n\n<p><\/p>\n\n\n\n<p><\/p>","protected":false},"excerpt":{"rendered":"<p>\u0411\u0430\u0440\u0430\u045a\u0435 \u0437\u0430 \u0432\u0440\u0448\u0435\u045a\u0435 \u043d\u0430 \u0434\u0435\u0458\u043d\u043e\u0441\u0442-\u043f\u0440\u043e\u043c\u0435\u0442 \u043d\u0430 \u0433\u043e\u043b\u0435\u043c\u043e \u0441\u043e \u043b\u0435\u043a\u043e\u0432\u0438 \u0438\/\u0438\u043b\u0438 \u043c\u0435\u0434\u0438\u0446\u0438\u043d\u0441\u043a\u0438 \u0441\u0440\u0435\u0434\u0441\u0442\u0432\u0430 \u0423\u043f\u0430\u0442\u0441\u0442\u0432\u043e \u0437\u0430 \u0432\u0435\u043b\u0435\u0434\u0440\u043e\u0433\u0435\u0440\u0438\u0458\u0430 \u0411\u0430\u0440\u0430\u045a\u0435 \u0437\u0430 \u0434\u043e\u0431\u0438\u0432\u0430\u045a\u0435 \u043d\u0430 \u043e\u0434\u043e\u0431\u0440\u0435\u043d\u0438\u0435 \u0437\u0430 \u043f\u0430\u0440\u0430\u043b\u0435\u043b\u0435\u043d \u0443\u0432\u043e\u0437 \u043d\u0430 \u043c\u0435\u0434\u0438\u0446\u0438\u043d\u0441\u043a\u0438 \u0441\u0440\u0435\u0434\u0441\u0442\u0432\u0430 &#8211; \u043e\u0431\u0440\u0430\u0437\u0435\u0446 \u041f\u0423\u041c\u041f\u0421 O\u0431\u0440\u0430\u0437\u0435\u0446 \u043d\u0430 \u0431\u0430\u0440\u0430\u045a\u0435\u0442\u043e \u0437\u0430 \u0437\u0430\u043f\u0438\u0448\u0443\u0432\u0430\u045a\u0435 \u043d\u0430 \u043c\u0435\u0434\u0438\u0446\u0438\u043d\u0441\u043a\u0438\u0442\u0435 \u043f\u043e\u043c\u0430\u0433\u0430\u043b\u0430 \u043e\u0434 \u041a\u041b\u0410\u0421\u0410 I \u0432\u043e \u0440\u0435\u0433\u0438\u0441\u0442\u0435\u0440\u043e\u0442 \u043d\u0430 \u043c\u0435\u0434\u0438\u0446\u0438\u043d\u0441\u043a\u0438 \u043f\u043e\u043c\u0430\u0433\u0430\u043b\u0430 \u0432\u043e \u0420\u0435\u043f\u0443\u0431\u043b\u0438\u043a\u0430 \u041c\u0430\u043a\u0435\u0434\u043e\u043d\u0438\u0458\u0430 &#8211; \u041e\u0431\u0440\u0430\u0437\u0435\u0446 \u0431\u0440. 1 \u201e\u0421\u043b\u0443\u0436\u0431\u0435\u043d \u0432\u0435\u0441\u043d\u0438\u043a \u043d\u0430 [&hellip;]<\/p>","protected":false},"author":1,"featured_media":0,"parent":0,"menu_order":0,"comment_status":"closed","ping_status":"closed","template":"","meta":{"footnotes":""},"class_list":["post-361","page","type-page","status-publish","hentry"],"_links":{"self":[{"href":"https:\/\/malmed.gov.mk\/sq\/wp-json\/wp\/v2\/pages\/361","targetHints":{"allow":["GET"]}}],"collection":[{"href":"https:\/\/malmed.gov.mk\/sq\/wp-json\/wp\/v2\/pages"}],"about":[{"href":"https:\/\/malmed.gov.mk\/sq\/wp-json\/wp\/v2\/types\/page"}],"author":[{"embeddable":true,"href":"https:\/\/malmed.gov.mk\/sq\/wp-json\/wp\/v2\/users\/1"}],"replies":[{"embeddable":true,"href":"https:\/\/malmed.gov.mk\/sq\/wp-json\/wp\/v2\/comments?post=361"}],"version-history":[{"count":0,"href":"https:\/\/malmed.gov.mk\/sq\/wp-json\/wp\/v2\/pages\/361\/revisions"}],"wp:attachment":[{"href":"https:\/\/malmed.gov.mk\/sq\/wp-json\/wp\/v2\/media?parent=361"}],"curies":[{"name":"wp","href":"https:\/\/api.w.org\/{rel}","templated":true}]}}