{"id":344,"date":"2017-02-21T14:51:15","date_gmt":"2017-02-21T14:51:15","guid":{"rendered":"https:\/\/malmed.gov.mk\/?page_id=344"},"modified":"2021-02-05T13:08:52","modified_gmt":"2021-02-05T13:08:52","slug":"%d1%85%d1%83%d0%bc%d0%b0%d0%bd%d0%b8-%d0%bb%d0%b5%d0%ba%d0%be%d0%b2%d0%b8-%d0%be%d0%b1%d1%80%d0%b0%d1%81%d1%86%d0%b8-%d0%b7%d0%b0-%d1%85%d1%83%d0%bc%d0%b0%d0%bd%d0%b8-%d0%bb%d0%b5%d0%ba%d0%be%d0%b2","status":"publish","type":"page","link":"https:\/\/malmed.gov.mk\/sq\/%d1%85%d1%83%d0%bc%d0%b0%d0%bd%d0%b8-%d0%bb%d0%b5%d0%ba%d0%be%d0%b2%d0%b8-%d0%be%d0%b1%d1%80%d0%b0%d1%81%d1%86%d0%b8-%d0%b7%d0%b0-%d1%85%d1%83%d0%bc%d0%b0%d0%bd%d0%b8-%d0%bb%d0%b5%d0%ba%d0%be%d0%b2\/","title":{"rendered":"Formular\u00eb p\u00ebr barnat humane"},"content":{"rendered":"<p><span style=\"color: #912777;\"><strong>FORMULAR\u00cb T\u00cb BARNAVE:<\/strong><\/span><\/p>\n<ol>\n<li><span class=\"outer\" style=\"color: #912777;\"><span class=\"inner\"><a style=\"color: #912777;\" href=\"https:\/\/malmed.gov.mk\/wp-content\/uploads\/1-Baranje_za_dobivanje_na_odobrenie_za_stavanje_lek_vo_promet-Obrazec_1.doc\" target=\"_blank\" rel=\"noopener noreferrer\">K\u00ebrkes\u00eb p\u00ebr marrje t\u00eb lejes s\u00eb l\u00ebshimit t\u00eb barit n\u00eb qarkullim \u2013 Formulari 1 \u201cGazeta Zyrtare e RM-s\u00eb\u201d, nr. 203\/15<\/a><\/span><\/span><\/li>\n<li><span class=\"outer\" style=\"color: #912777;\"><span class=\"inner\"><a style=\"color: #912777;\" href=\"https:\/\/malmed.gov.mk\/wp-content\/uploads\/2-Baranje_za_obnovuvanje_na_odobrenie_za_lek-Obrazec_2.doc\" target=\"_blank\" rel=\"noopener noreferrer\">K\u00ebrkes\u00eb p\u00ebr p\u00ebrt\u00ebritje t\u00eb lejes s\u00eb l\u00ebshimit t\u00eb barit n\u00eb qarkullim \u2013 Formulari 2<\/a><\/span><\/span><\/li>\n<li><span class=\"outer\" style=\"color: #912777;\"><span class=\"inner\"><a style=\"color: #912777;\" href=\"https:\/\/malmed.gov.mk\/wp-content\/uploads\/5-Baranje_za_prenos_na_odbrenie_za_lek-Obrazec_3.doc\" target=\"_blank\" rel=\"noopener noreferrer\">K\u00ebrkes\u00eb p\u00ebr bartje t\u00eb lejes s\u00eb l\u00ebshimit t\u00eb barit n\u00eb qarkullim \u2013 Formulari 3<\/a><\/span><\/span><\/li>\n<li><span class=\"outer\" style=\"color: #912777;\"><span class=\"inner\"><a style=\"color: #912777;\" href=\"https:\/\/malmed.gov.mk\/wp-content\/uploads\/Obrazec-za-varijacii-Sl.-Vesnik-br.42-od-2018.docx\" target=\"_blank\" rel=\"noopener noreferrer\">K\u00ebrkes\u00eb\/Lajm\u00ebrim p\u00ebr variacion \u2013 Shtojca nr. 1 \u201cGazeta Zyrtare e RM-s\u00eb\u201d, nr. 42\/18<\/a><\/span><\/span><\/li>\n<li><span class=\"outer\" style=\"color: #912777;\"><span class=\"inner\"><a style=\"color: #912777;\" href=\"https:\/\/malmed.gov.mk\/wp-content\/uploads\/7-Baranje_za_nadraduvanje_na_dokumentacija_za_lek-Obrazec_5.doc\" target=\"_blank\" rel=\"noopener noreferrer\">K\u00ebrkes\u00eb p\u00ebr p\u00ebrdit\u00ebsim t\u00eb dokumentacionit t\u00eb barit q\u00eb ka leje t\u00eb l\u00ebshimit n\u00eb qarkullim \u2013 Formulari 5<\/a><\/span><\/span><\/li>\n<li><span class=\"outer\" style=\"color: #912777;\"><span class=\"inner\"><a style=\"color: #912777;\" href=\"https:\/\/malmed.gov.mk\/wp-content\/uploads\/3-Baranje_za_dobivanje_odobrenie_paralelen_uvoz-obrazec_PU-1.doc\" target=\"_blank\" rel=\"noopener noreferrer\">K\u00ebrkes\u00eb p\u00ebr marrje t\u00eb lejes s\u00eb importit paralel t\u00eb barnave \u2013 Formulari PU 1<\/a><\/span><\/span><\/li>\n<li><span class=\"outer\" style=\"color: #912777;\"><span class=\"inner\"><a style=\"color: #912777;\" href=\"https:\/\/malmed.gov.mk\/wp-content\/uploads\/4-Baranje_za_varijacii_za_paralelen_uvoz-obrazec_PU-2.doc\" target=\"_blank\" rel=\"noopener noreferrer\">K\u00ebrkes\u00eb p\u00ebr miratim t\u00eb ndryshimit t\u00eb lejes s\u00eb importit paralel t\u00eb barnave \u2013 Formulari PU 2 \u201cGazeta Zyrtare e RM-s\u00eb\u201d, nr. 33\/12<\/a><\/span><\/span><\/li>\n<li><span class=\"outer\" style=\"color: #912777;\"><span class=\"inner\"><a style=\"color: #912777;\" href=\"https:\/\/malmed.gov.mk\/wp-content\/uploads\/8-Baranje_za_odobruvanje_na_registracija_na_homeopatski_lek-Prilog_br.1.doc\" target=\"_blank\" rel=\"noopener noreferrer\">K\u00ebrkes\u00eb p\u00ebr dh\u00ebnie t\u00eb vendimit p\u00ebr miratim t\u00eb regjistrimit t\u00eb barit homeopatik n\u00eb regjist\u00ebr \u2013 Shtojc\u00eb nr. 1<\/a><\/span><\/span><\/li>\n<li><span class=\"outer\" style=\"color: #912777;\"><span class=\"inner\"><a style=\"color: #912777;\" href=\"https:\/\/malmed.gov.mk\/wp-content\/uploads\/9-Baranje_za_resenie_za_izmena_na_homeopatski_lek-Prilog_br.2.doc\" target=\"_blank\" rel=\"noopener noreferrer\">K\u00ebrkes\u00eb p\u00ebr dh\u00ebnie t\u00eb vendimit p\u00ebr miratim t\u00eb ndryshim t\u00eb regjistrimit t\u00eb barit homeopatik n\u00eb regjist\u00ebr \u2013 Shtojc\u00eb nr. 2<\/a><\/span><\/span><\/li>\n<li><span class=\"outer\" style=\"color: #912777;\"><span class=\"inner\"><a style=\"color: #912777;\" href=\"https:\/\/malmed.gov.mk\/wp-content\/uploads\/10-Baranje_za_resenie_za_obnova_za_homeopatski_lek-Prilog_br.3.doc\" target=\"_blank\" rel=\"noopener noreferrer\">K\u00ebrkes\u00eb p\u00ebr dh\u00ebnie t\u00eb vendimit p\u00ebr p\u00ebrt\u00ebritje t\u00eb regjistrimit t\u00eb barit homeopatik n\u00eb regjist\u00ebr \u2013 Shtojc\u00eb nr. 3<\/a><\/span><\/span><\/li>\n<li><span class=\"outer\" style=\"color: #912777;\"><span class=\"inner\"><a style=\"color: #912777;\" href=\"https:\/\/malmed.gov.mk\/wp-content\/uploads\/11-Baranje_za_brisenje_na_homeopatski_lek-Prilog_br.4.doc\" target=\"_blank\" rel=\"noopener noreferrer\">K\u00ebrkes\u00eb p\u00ebr fshirje t\u00eb barit homeopatik nga regjistri \u2013 Shtojc\u00eb nr. 4<\/a><\/span><\/span><\/li>\n<li><span class=\"outer\" style=\"color: #912777;\"><span class=\"inner\"><a style=\"color: #912777;\" href=\"http:\/\/malmed.gov.mk\/wp-content\/uploads\/12-Baranje_za_registracija_na_herbalen_lek-Obrazec_1.pdf\" target=\"_blank\" rel=\"noopener noreferrer\">K\u00ebrkes\u00eb p\u00ebr regjistrim t\u00eb barit tradicional bimor (bari \u2013tb) \u2013 Formulari 1<\/a><\/span><\/span><\/li>\n<li><span class=\"outer\" style=\"color: #912777;\"><span class=\"inner\"><a style=\"color: #912777;\" href=\"https:\/\/malmed.gov.mk\/wp-content\/uploads\/13-Obrazec_za_baranje_za_proizvodstvo_na_lek-Obrazec_1.doc\" target=\"_blank\" rel=\"noopener noreferrer\">Formular i parashtrimit t\u00eb k\u00ebrkes\u00ebs p\u00ebr marrje t\u00eb lejes p\u00ebr prodhim t\u00eb barnave \u2013 Formulari 1<\/a><\/span><\/span><\/li>\n<li><span class=\"outer\" style=\"color: #912777;\"><span class=\"inner\"><a style=\"color: #912777;\" href=\"http:\/\/malmed.gov.mk\/wp-content\/uploads\/14-Potrebna-dokumentacija-za-dobivanje-na-promet-na-malo.pdf\" target=\"_blank\" rel=\"noopener noreferrer\">Dokumentacion i nevojsh\u00ebm p\u00ebr marrje t\u00eb lejes p\u00ebr shitblerje me pakic\u00eb t\u00eb barnave q\u00eb shiten pa recet\u00eb<\/a><\/span><\/span><\/li>\n<li><span style=\"color: #912777;\"><a style=\"color: #912777;\" href=\"https:\/\/malmed.gov.mk\/wp-content\/uploads\/1-Baranje-za-vrsenje-dejnost-promet-na-golemo-so-lekovi-i_ili-medicinski-sredstva.doc\" target=\"_blank\" rel=\"noopener noreferrer\">K\u00ebrkesa p\u00ebr kryerjen e veprimtaris\u00eb-tregtis\u00eb me shumic\u00eb me barna dhe \/ ose mjek\u00ebsore<\/a><\/span><\/li>\n<li><span style=\"color: #912777;\"><a style=\"color: #912777;\" href=\"https:\/\/malmed.gov.mk\/wp-content\/uploads\/Upatstvo-za-veledrogerija.doc\" target=\"_blank\" rel=\"noopener noreferrer\">Udh\u00ebzues p\u00ebr grosist<\/a><\/span><\/li>\n<li><a href=\"https:\/\/malmed.gov.mk\/wp-content\/uploads\/Baranje-obrazec-za-kontrola-na-kvalitet-na-prva-proizvedena-uvezena-serija-na-lek.docx\" target=\"_blank\" rel=\"noopener noreferrer\"><span style=\"color: #912777;\">\u0411\u0430\u0440\u0430\u045a\u0435-\u043e\u0431\u0440\u0430\u0437\u0435\u0446 \u0437\u0430 \u00a0\u043a\u043e\u043d\u0442\u0440\u043e\u043b\u0430 \u043d\u0430 \u043a\u0432\u0430\u043b\u0438\u0442\u0435\u0442\u043e\u0442 \u043d\u0430 \u043f\u0440\u0432\u0430 \u043f\u0440\u043e\u0438\u0437\u0432\u0435\u0434\u0435\u043d\u0430\/\u0443\u0432\u0435\u0437\u0435\u043d\u0430 \u0441\u0435\u0440\u0438\u0458\u0430 \u043d\u0430 \u043b\u0435\u043a \u043f\u043e \u0434\u043e\u0431\u0438\u0432\u0430\u045a\u0435 \u043e\u0434\u043e\u0431\u0440\u0435\u043d\u0438\u0435 \u0437\u0430 \u0441\u0442\u0430\u0432\u0430\u045a\u0435 \u0432\u043e \u043f\u0440\u043e\u043c\u0435\u0442<\/span><\/a><\/li>\n<\/ol>\n<p><span style=\"color: #912777;\"><strong>FORMULAR\u00cb T\u00cb ANALIZAVE KLINIKE:<\/strong><\/span><\/p>\n<ol>\n<li><span class=\"outer\" style=\"color: #912777;\"><span class=\"inner\"><a style=\"color: #912777;\" href=\"https:\/\/malmed.gov.mk\/wp-content\/uploads\/Baranje-za-odobrenie-za-klinicko-ispituvanje-na-lek-Prilog-1.doc\" target=\"_blank\" rel=\"noopener noreferrer\">K\u00ebrkes\u00eb p\u00ebr miratimin e studimeve klinike t\u00eb barnave - njoftim p\u00ebr studime klinike-Shtojca 1 \"Gazeta Zyrtare e RM\", nr. 29\/09<\/a><\/span><\/span><\/li>\n<li><span class=\"outer\" style=\"color: #912777;\"><span class=\"inner\"><a style=\"color: #912777;\" href=\"https:\/\/malmed.gov.mk\/wp-content\/uploads\/Baranje-za-odobrenie-za-promena-klinicki-ispituvanja-Prilog-2.doc\" target=\"_blank\" rel=\"noopener noreferrer\">K\u00ebrkesa p\u00ebr miratimin e ndryshimeve dhe plot\u00ebsimin e protokollit - miratimin p\u00ebr studimet klinike-Shtojca 2 \"Gazeta Zyrtare e RM\", nr. 29\/09<\/a><\/span><\/span><\/li>\n<\/ol>\n\n\n<p><\/p>\n\n\n\n<p><\/p>\n\n\n\n<p><\/p>\n\n\n\n<p><\/p>\n\n\n\n<p><\/p>","protected":false},"excerpt":{"rendered":"<p>\u041e\u0411\u0420\u0410\u0421\u0426\u0418 \u0417\u0410 \u041b\u0415\u041a\u041e\u0412\u0418: \u0411\u0430\u0440\u0430\u045a\u0435 \u0437\u0430 \u0434\u043e\u0431\u0438\u0432\u0430\u045a\u0435 \u043d\u0430 \u043e\u0434\u043e\u0431\u0440\u0435\u043d\u0438\u0435 \u0437\u0430 \u0441\u0442\u0430\u0432\u0430\u045a\u0435 \u043d\u0430 \u043b\u0435\u043a \u0432\u043e \u043f\u0440\u043e\u043c\u0435\u0442-\u041e\u0431\u0440\u0430\u0437\u0435\u0446 1 \u201e\u0421\u043b\u0443\u0436\u0431\u0435\u043d \u0432\u0435\u0441\u043d\u0438\u043a \u043d\u0430 \u0420\u041c\u201c, \u0431\u0440. 203\/15 \u0411\u0430\u0440\u0430\u045a\u0435 \u0437\u0430 \u043e\u0431\u043d\u043e\u0432\u0443\u0432\u0430\u045a\u0435 \u043d\u0430 \u043e\u0434\u043e\u0431\u0440\u0435\u043d\u0438\u0435\u0442\u043e \u0437\u0430 \u0441\u0442\u0430\u0432\u0430\u045a\u0435 \u043d\u0430 \u043b\u0435\u043a \u0432\u043e \u043f\u0440\u043e\u043c\u0435\u0442-\u041e\u0431\u0440\u0430\u0437\u0435\u0446 2 \u0411\u0430\u0440\u0430\u045a\u0435 \u0437\u0430 \u043f\u0440\u0435\u043d\u043e\u0441 \u043d\u0430 \u043e\u0434\u043e\u0431\u0440\u0435\u043d\u0438\u0435\u0442\u043e \u0437\u0430 \u0441\u0442\u0430\u0432\u0430\u045a\u0435 \u043d\u0430 \u043b\u0435\u043a \u0432\u043e \u043f\u0440\u043e\u043c\u0435\u0442-\u041e\u0431\u0440\u0430\u0437\u0435\u0446 3 \u0411\u0430\u0440\u0430\u045a\u0435 \/\u0438\u0437\u0432\u0435\u0441\u0442\u0443\u0432\u0430\u045a\u0435 \u0437\u0430 \u0432\u0430\u0440\u0438\u0458\u0430\u0446\u0438ja-\u041f\u0440\u0438\u043b\u043e\u0433 \u0431\u0440. 1 \u201e\u0421\u043b\u0443\u0436\u0431\u0435\u043d \u0432\u0435\u0441\u043d\u0438\u043a \u043d\u0430 \u0420\u041c\u201c, [&hellip;]<\/p>","protected":false},"author":1,"featured_media":0,"parent":0,"menu_order":0,"comment_status":"closed","ping_status":"closed","template":"","meta":{"footnotes":""},"class_list":["post-344","page","type-page","status-publish","hentry"],"_links":{"self":[{"href":"https:\/\/malmed.gov.mk\/sq\/wp-json\/wp\/v2\/pages\/344","targetHints":{"allow":["GET"]}}],"collection":[{"href":"https:\/\/malmed.gov.mk\/sq\/wp-json\/wp\/v2\/pages"}],"about":[{"href":"https:\/\/malmed.gov.mk\/sq\/wp-json\/wp\/v2\/types\/page"}],"author":[{"embeddable":true,"href":"https:\/\/malmed.gov.mk\/sq\/wp-json\/wp\/v2\/users\/1"}],"replies":[{"embeddable":true,"href":"https:\/\/malmed.gov.mk\/sq\/wp-json\/wp\/v2\/comments?post=344"}],"version-history":[{"count":0,"href":"https:\/\/malmed.gov.mk\/sq\/wp-json\/wp\/v2\/pages\/344\/revisions"}],"wp:attachment":[{"href":"https:\/\/malmed.gov.mk\/sq\/wp-json\/wp\/v2\/media?parent=344"}],"curies":[{"name":"wp","href":"https:\/\/api.w.org\/{rel}","templated":true}]}}