{"id":3415,"date":"2019-12-10T15:19:20","date_gmt":"2019-12-10T15:19:20","guid":{"rendered":"https:\/\/malmed.gov.mk\/?page_id=3415"},"modified":"2020-01-30T07:30:50","modified_gmt":"2020-01-30T07:30:50","slug":"%d1%83%d0%bf%d0%b0%d1%82%d1%81%d1%82%d0%b2%d0%b0-%d0%b7%d0%b0-%d0%bc%d0%b5%d0%b4%d0%b8%d1%86%d0%b8%d0%bd%d1%81%d0%ba%d0%b8-%d1%81%d1%80%d0%b5%d0%b4%d1%81%d1%82%d0%b2%d0%b0","status":"publish","type":"page","link":"https:\/\/malmed.gov.mk\/sq\/%d1%83%d0%bf%d0%b0%d1%82%d1%81%d1%82%d0%b2%d0%b0-%d0%b7%d0%b0-%d0%bc%d0%b5%d0%b4%d0%b8%d1%86%d0%b8%d0%bd%d1%81%d0%ba%d0%b8-%d1%81%d1%80%d0%b5%d0%b4%d1%81%d1%82%d0%b2%d0%b0\/","title":{"rendered":"Udh\u00ebzime p\u00ebr pajisjet mjek\u00ebsore"},"content":{"rendered":"<ol>\n<li><a href=\"http:\/\/malmed.gov.mk\/wp-content\/uploads\/Upatstvo-za-nacin-na-oglasuvanje-na-lekovi-i-med.-pomagala-Sl.Vesnik-br.66-2008.pdf\" target=\"_blank\" rel=\"noreferrer noopener\" data-rich-text-format-boundary=\"true\"><span style=\"color: #912777;\">Udh\u00ebzues i m\u00ebnyr\u00ebs s\u00eb shpalljes s\u00eb barnave dhe pajisjeve mjek\u00ebsore \u201cGazeta Zyrtare e RM-s\u00eb\u201d, nr. 66\/08<\/span><\/a><\/li>\n<\/ol>\n\n\n<p><\/p>\n\n\n\n<p><\/p>\n\n\n\n<p><\/p>\n\n\n\n<p><\/p>","protected":false},"excerpt":{"rendered":"<p>Udh\u00ebzues i m\u00ebnyr\u00ebs s\u00eb shpalljes s\u00eb barnave dhe pajisjeve mjek\u00ebsore \u201cGazeta Zyrtare e RM-s\u00eb\u201d, nr. 66\/08<\/p>","protected":false},"author":1,"featured_media":0,"parent":0,"menu_order":0,"comment_status":"closed","ping_status":"closed","template":"","meta":{"footnotes":""},"class_list":["post-3415","page","type-page","status-publish","hentry"],"_links":{"self":[{"href":"https:\/\/malmed.gov.mk\/sq\/wp-json\/wp\/v2\/pages\/3415","targetHints":{"allow":["GET"]}}],"collection":[{"href":"https:\/\/malmed.gov.mk\/sq\/wp-json\/wp\/v2\/pages"}],"about":[{"href":"https:\/\/malmed.gov.mk\/sq\/wp-json\/wp\/v2\/types\/page"}],"author":[{"embeddable":true,"href":"https:\/\/malmed.gov.mk\/sq\/wp-json\/wp\/v2\/users\/1"}],"replies":[{"embeddable":true,"href":"https:\/\/malmed.gov.mk\/sq\/wp-json\/wp\/v2\/comments?post=3415"}],"version-history":[{"count":0,"href":"https:\/\/malmed.gov.mk\/sq\/wp-json\/wp\/v2\/pages\/3415\/revisions"}],"wp:attachment":[{"href":"https:\/\/malmed.gov.mk\/sq\/wp-json\/wp\/v2\/media?parent=3415"}],"curies":[{"name":"wp","href":"https:\/\/api.w.org\/{rel}","templated":true}]}}