{"id":3278,"date":"2019-11-28T12:50:48","date_gmt":"2019-11-28T12:50:48","guid":{"rendered":"https:\/\/malmed.gov.mk\/?page_id=3278"},"modified":"2025-01-08T08:23:13","modified_gmt":"2025-01-08T08:23:13","slug":"%d0%bf%d0%be%d1%87%d0%b5%d1%82%d0%bd%d0%b0","status":"publish","type":"page","link":"https:\/\/malmed.gov.mk\/sq\/","title":{"rendered":"\u041f\u043e\u0447\u0435\u0442\u043d\u0430"},"content":{"rendered":"<p>[et_pb_section fb_built=&#8221;1&#8243; admin_label=&#8221;section&#8221; _builder_version=&#8221;3.0.97&#8243; background_repeat=&#8221;repeat&#8221; max_width=&#8221;70%&#8221; module_alignment=&#8221;center&#8221; custom_padding=&#8221;0px|0px|0px|2px&#8221;][et_pb_row _builder_version=&#8221;3.0.97&#8243;][et_pb_column type=&#8221;4_4&#8243; _builder_version=&#8221;3.0.97&#8243; parallax=&#8221;off&#8221; parallax_method=&#8221;on&#8221;][et_pb_button button_url=&#8221;https:\/\/koronavirus.gov.mk&#8221; url_new_window=&#8221;on&#8221; button_text=&#8221;\u041d\u0430\u0458\u043d\u043e\u0432\u0438 \u0438\u043d\u0444\u043e\u0440\u043c\u0430\u0446\u0438\u0438 \u0432\u043e \u0432\u0440\u0441\u043a\u0430 \u0441\u043e \u041a\u043e\u0440\u043e\u043d\u0430 \u0432\u0438\u0440\u0443\u0441\u043e\u0442 \u0432\u043e \u0420.\u0421. \u041c\u0430\u043a\u0435\u0434\u043e\u043d\u0438\u0458\u0430&#8221; button_alignment=&#8221;center&#8221; _builder_version=&#8221;3.0.97&#8243; custom_button=&#8221;on&#8221; button_text_color=&#8221;#912777&#8243; button_border_width=&#8221;3px&#8221; button_font=&#8221;|700|||||||&#8221; button_text_color_hover=&#8221;#ffffff&#8221; button_bg_color_hover=&#8221;#912777&#8243;][\/et_pb_button][\/et_pb_column][\/et_pb_row][et_pb_row use_custom_width=&#8221;on&#8221; custom_padding=&#8221;0px|0px|0px|0px&#8221; _builder_version=&#8221;3.0.97&#8243; module_alignment=&#8221;center&#8221;][et_pb_column type=&#8221;4_4&#8243; _builder_version=&#8221;3.0.97&#8243; parallax=&#8221;off&#8221; parallax_method=&#8221;on&#8221;][et_pb_code _builder_version=&#8221;3.0.97&#8243;][\/et_pb_code][\/et_pb_column][\/et_pb_row][\/et_pb_section][et_pb_section fb_built=&#8221;1&#8243; _builder_version=&#8221;3.0.97&#8243; custom_padding=&#8221;0px|0px|0px|0px&#8221;][et_pb_row custom_padding=&#8221;37px|0px|27px|0px&#8221; _builder_version=&#8221;3.0.97&#8243;][et_pb_column type=&#8221;1_4&#8243; _builder_version=&#8221;3.0.97&#8243; parallax=&#8221;off&#8221; parallax_method=&#8221;on&#8221;][et_pb_blurb title=&#8221;\u0420\u0435\u0433\u0438\u0441\u0442\u0430\u0440 \u043d\u0430 \u043b\u0435\u043a\u043e\u0432\u0438&#8221; url=&#8221;https:\/\/lekovi.zdravstvo.gov.mk\/drugsregister\/overview&#8221; url_new_window=&#8221;on&#8221; image=&#8221;https:\/\/malmed.gov.mk\/wp-content\/uploads\/pexels-photo-415825.jpeg&#8221; _builder_version=&#8221;3.0.97&#8243; header_font=&#8221;||||||||&#8221; header_font_size=&#8221;16px&#8221; header_line_height=&#8221;1.8em&#8221; text_orientation=&#8221;center&#8221; box_shadow_style=&#8221;preset1&#8243;][\/et_pb_blurb][\/et_pb_column][et_pb_column type=&#8221;1_4&#8243; _builder_version=&#8221;3.0.97&#8243; parallax=&#8221;off&#8221; parallax_method=&#8221;on&#8221;][et_pb_blurb title=&#8221;\u0420\u0435\u0433\u0438\u0441\u0442\u0430\u0440 \u043d\u0430 \u043c\u0435\u0434\u0438\u0446\u0438\u043d\u0441\u043a\u0438 \u0441\u0440\u0435\u0434\u0441\u0442\u0432\u0430&#8221; url=&#8221;https:\/\/lekovi.zdravstvo.gov.mk\/medicaldevices&#8221; url_new_window=&#8221;on&#8221; image=&#8221;https:\/\/malmed.gov.mk\/wp-content\/uploads\/sredstva_medicinski.jpg&#8221; _builder_version=&#8221;3.0.97&#8243; header_font=&#8221;||||||||&#8221; header_font_size=&#8221;16px&#8221; body_font=&#8221;||||||||&#8221; text_orientation=&#8221;center&#8221; box_shadow_style=&#8221;preset1&#8243; locked=&#8221;off&#8221;][\/et_pb_blurb][\/et_pb_column][et_pb_column type=&#8221;1_4&#8243; _builder_version=&#8221;3.0.97&#8243; parallax=&#8221;off&#8221; parallax_method=&#8221;on&#8221;][et_pb_blurb title=&#8221;\u0418\u043d\u0442\u0435\u0433\u0440\u0438\u0440\u0430\u043d \u0438\u043d\u0444\u043e\u0440\u043c\u0430\u0446\u0438\u043e\u043d\u0435\u043d \u0441\u0438\u0441\u0442\u0435\u043c&#8221; url=&#8221;https:\/\/malmed.gov.mk\/iis&#8221; url_new_window=&#8221;on&#8221; image=&#8221;https:\/\/malmed.gov.mk\/wp-content\/uploads\/pexels-photo-577210.jpeg&#8221; _builder_version=&#8221;3.0.97&#8243; header_font=&#8221;||||||||&#8221; header_font_size=&#8221;16px&#8221; body_font=&#8221;||||||||&#8221; text_orientation=&#8221;center&#8221; box_shadow_style=&#8221;preset1&#8243; locked=&#8221;off&#8221;][\/et_pb_blurb][\/et_pb_column][et_pb_column type=&#8221;1_4&#8243; _builder_version=&#8221;3.0.97&#8243; parallax=&#8221;off&#8221; parallax_method=&#8221;on&#8221;][et_pb_blurb title=&#8221;\u041f\u0440\u0438\u0458\u0430\u0432\u0438 \u043d\u0435\u0441\u0430\u043a\u0430\u043d\u0438 \u0440\u0435\u0430\u043a\u0446\u0438\u0438&#8221; url=&#8221;https:\/\/public.malmed.gov.mk\/farmakovigilanca-public-forms\/&#8221; image=&#8221;https:\/\/malmed.gov.mk\/wp-content\/uploads\/farmako-1.png&#8221; _builder_version=&#8221;3.0.97&#8243; header_font=&#8221;||||||||&#8221; header_font_size=&#8221;16px&#8221; header_font_size_last_edited=&#8221;off|desktop&#8221; header_line_height=&#8221;1.8em&#8221; body_font=&#8221;||||||||&#8221; text_orientation=&#8221;center&#8221; box_shadow_style=&#8221;preset1&#8243; locked=&#8221;off&#8221;][\/et_pb_blurb][et_pb_button _builder_version=&#8221;3.0.97&#8243;][\/et_pb_button][\/et_pb_column][\/et_pb_row][\/et_pb_section][et_pb_section fb_built=&#8221;1&#8243; _builder_version=&#8221;3.0.97&#8243; custom_padding=&#8221;10px|0px|0px|0px&#8221;][et_pb_row custom_padding=&#8221;0px|0px|0px|0px&#8221; custom_margin=&#8221;|||&#8221; _builder_version=&#8221;3.0.97&#8243;][et_pb_column type=&#8221;4_4&#8243; _builder_version=&#8221;3.0.97&#8243; parallax=&#8221;off&#8221; parallax_method=&#8221;on&#8221;][et_pb_post_slider include_categories=&#8221;10,72&#8243; more_text=&#8221;\u041f\u0440\u043e\u0447\u0438\u0442\u0430\u0458 \u043f\u043e\u0432\u0435\u045c\u0435&#8221; content_source=&#8221;off&#8221; show_meta=&#8221;off&#8221; show_image=&#8221;off&#8221; _builder_version=&#8221;3.0.97&#8243; background_color=&#8221;#912777&#8243; custom_padding=&#8221;|||&#8221;][\/et_pb_post_slider][\/et_pb_column][\/et_pb_row][\/et_pb_section][et_pb_section fb_built=&#8221;1&#8243; _builder_version=&#8221;3.0.97&#8243; custom_padding=&#8221;23px|0px|39px|0px&#8221;][et_pb_row custom_padding=&#8221;25.25px|0px|22px|0px&#8221; _builder_version=&#8221;3.0.97&#8243;][et_pb_column type=&#8221;1_4&#8243; _builder_version=&#8221;3.0.97&#8243; parallax=&#8221;off&#8221; parallax_method=&#8221;on&#8221;][et_pb_blurb title=&#8221;\u041f\u0430\u0446\u0438\u0435\u043d\u0442\u0438 \u0438 \u0458\u0430\u0432\u043d\u043e\u0441\u0442&#8221; url=&#8221;\/?cat=42&#8243; use_icon=&#8221;on&#8221; font_icon=&#8221;%%148%%&#8221; icon_color=&#8221;#ad1879&#8243; _builder_version=&#8221;3.0.97&#8243; header_font=&#8221;||||||||&#8221; header_line_height=&#8221;2em&#8221; body_font=&#8221;||||||||&#8221; text_orientation=&#8221;center&#8221; custom_padding=&#8221;10px|||&#8221; box_shadow_style=&#8221;preset2&#8243;][\/et_pb_blurb][\/et_pb_column][et_pb_column type=&#8221;1_4&#8243; _builder_version=&#8221;3.0.97&#8243; parallax=&#8221;off&#8221; parallax_method=&#8221;on&#8221;][et_pb_blurb title=&#8221;\u0417\u0434\u0440\u0430\u0432\u0441\u0442\u0432\u0435\u043d\u0438 \u0440\u0430\u0431\u043e\u0442\u043d\u0438\u0446\u0438&#8221; url=&#8221;\/?cat=43&#8243; use_icon=&#8221;on&#8221; font_icon=&#8221;%%74%%&#8221; icon_color=&#8221;#ad1879&#8243; _builder_version=&#8221;3.0.97&#8243; header_font=&#8221;||||||||&#8221; header_line_height=&#8221;2em&#8221; body_font=&#8221;||||||||&#8221; text_orientation=&#8221;center&#8221; custom_margin=&#8221;|||&#8221; custom_padding=&#8221;10px|||&#8221; box_shadow_style=&#8221;preset1&#8243;][\/et_pb_blurb][\/et_pb_column][et_pb_column type=&#8221;1_4&#8243; _builder_version=&#8221;3.0.97&#8243; parallax=&#8221;off&#8221; parallax_method=&#8221;on&#8221;][et_pb_blurb title=&#8221;\u041d\u043e\u0441\u0438\u0442\u0435\u043b\u0438 \u043d\u0430 \u043e\u0434\u043e\u0431\u0440\u0435\u043d\u0438\u0435&#8221; url=&#8221;https:\/\/lekovi.zdravstvo.gov.mk\/approvalcarriers&#8221; url_new_window=&#8221;on&#8221; use_icon=&#8221;on&#8221; font_icon=&#8221;%%57%%&#8221; icon_color=&#8221;#ad1879&#8243; _builder_version=&#8221;3.0.97&#8243; header_font=&#8221;||||||||&#8221; header_line_height=&#8221;2em&#8221; text_orientation=&#8221;center&#8221; custom_padding=&#8221;10px|||&#8221; box_shadow_style=&#8221;preset1&#8243;][\/et_pb_blurb][\/et_pb_column][et_pb_column type=&#8221;1_4&#8243; _builder_version=&#8221;3.0.97&#8243; parallax=&#8221;off&#8221; parallax_method=&#8221;on&#8221;][et_pb_blurb title=&#8221;\u0420\u0435\u0433\u0438\u0441\u0442\u0430\u0440 \u043d\u0430 \u0430\u043f\u0442\u0435\u043a\u0438&#8221; url=&#8221;https:\/\/lekovi.zdravstvo.gov.mk\/pharmacies&#8221; url_new_window=&#8221;on&#8221; use_icon=&#8221;on&#8221; font_icon=&#8221;%%65%%&#8221; icon_color=&#8221;#ad1879&#8243; _builder_version=&#8221;3.0.97&#8243; header_font=&#8221;||||||||&#8221; header_line_height=&#8221;2em&#8221; text_orientation=&#8221;center&#8221; custom_padding=&#8221;10px|||&#8221; box_shadow_style=&#8221;preset1&#8243; locked=&#8221;off&#8221;][\/et_pb_blurb][\/et_pb_column][\/et_pb_row][et_pb_row _builder_version=&#8221;3.0.97&#8243;][et_pb_column type=&#8221;1_4&#8243; _builder_version=&#8221;3.0.97&#8243; parallax=&#8221;off&#8221; parallax_method=&#8221;on&#8221;][et_pb_blurb title=&#8221;EXIM&#8221; url=&#8221;http:\/\/exim.gov.mk\/EILWeb\/&#8221; url_new_window=&#8221;on&#8221; use_icon=&#8221;on&#8221; font_icon=&#8221;%%150%%&#8221; icon_color=&#8221;#ad1879&#8243; _builder_version=&#8221;3.0.97&#8243; header_font=&#8221;||||||||&#8221; header_line_height=&#8221;2em&#8221; text_orientation=&#8221;center&#8221; custom_padding=&#8221;10px|||&#8221; box_shadow_style=&#8221;preset2&#8243;][\/et_pb_blurb][\/et_pb_column][et_pb_column type=&#8221;1_4&#8243; _builder_version=&#8221;3.0.97&#8243; parallax=&#8221;off&#8221; parallax_method=&#8221;on&#8221;][et_pb_blurb title=&#8221;\u041e\u0431\u0440\u0430\u0441\u0446\u0438&#8221; use_icon=&#8221;on&#8221; font_icon=&#8221;%%72%%&#8221; icon_color=&#8221;#ad1879&#8243; _builder_version=&#8221;3.0.97&#8243; header_font=&#8221;||||||||&#8221; header_line_height=&#8221;2em&#8221; text_orientation=&#8221;center&#8221; custom_padding=&#8221;10px|||&#8221; box_shadow_style=&#8221;preset2&#8243;][\/et_pb_blurb][\/et_pb_column][et_pb_column type=&#8221;1_4&#8243; _builder_version=&#8221;3.0.97&#8243; parallax=&#8221;off&#8221; parallax_method=&#8221;on&#8221;][et_pb_blurb title=&#8221;\u041d\u0430\u0458\u0447\u0435\u0441\u0442\u043e \u043f\u043e\u0441\u0442\u0430\u0432\u0443\u0432\u0430\u043d\u0438 \u043f\u0440\u0430\u0448\u0430\u045a\u0430&#8221; use_icon=&#8221;on&#8221; font_icon=&#8221;%%220%%&#8221; icon_color=&#8221;#ad1879&#8243; _builder_version=&#8221;3.0.97&#8243; header_font=&#8221;||||||||&#8221; text_orientation=&#8221;center&#8221; custom_padding=&#8221;10px|||&#8221; box_shadow_style=&#8221;preset2&#8243;][\/et_pb_blurb][\/et_pb_column][et_pb_column type=&#8221;1_4&#8243; _builder_version=&#8221;3.0.97&#8243; parallax=&#8221;off&#8221; parallax_method=&#8221;on&#8221;][et_pb_blurb title=&#8221;\u041a\u043e\u043d\u0442\u0430\u043a\u0442&#8221; url=&#8221;https:\/\/malmed.gov.mk\/contact\/&#8221; use_icon=&#8221;on&#8221; font_icon=&#8221;%%109%%&#8221; icon_color=&#8221;#ad1879&#8243; _builder_version=&#8221;3.0.97&#8243; header_font=&#8221;||||||||&#8221; header_line_height=&#8221;2em&#8221; text_orientation=&#8221;center&#8221; custom_padding=&#8221;10px|||&#8221; box_shadow_style=&#8221;preset2&#8243;][\/et_pb_blurb][\/et_pb_column][\/et_pb_row][\/et_pb_section][et_pb_section fb_built=&#8221;1&#8243; background_color=&#8221;#912777&#8243; _builder_version=&#8221;3.0.97&#8243;][et_pb_row _builder_version=&#8221;3.0.97&#8243;][et_pb_column type=&#8221;1_4&#8243; _builder_version=&#8221;3.0.97&#8243; parallax=&#8221;off&#8221; parallax_method=&#8221;on&#8221;][et_pb_blurb title=&#8221;\u0410\u0433\u0435\u043d\u0446\u0438\u0458\u0430 \u0437\u0430 \u043b\u0435\u043a\u043e\u0432\u0438 \u0438 \u043c\u0435\u0434\u0438\u0446\u0438\u043d\u0441\u043a\u0438 \u0441\u0440\u0435\u0434\u0441\u0442\u0432\u0430&#8221; background_layout=&#8221;dark&#8221; _builder_version=&#8221;3.0.97&#8243; header_font=&#8221;|700|||||||&#8221; header_text_align=&#8221;left&#8221; header_font_size=&#8221;18px&#8221; body_font=&#8221;||||||||&#8221; body_font_size=&#8221;12px&#8221; body_text_color=&#8221;#ffffff&#8221; text_orientation=&#8221;right&#8221;]<\/p>\n<h3 class=\"header\"><\/h3>\n<div class=\"content\">\n<div class=\"custom double\">\n<p style=\"text-align: left;\">Rr. \u201cSh\u00ebn Kirili dhe Metodi\u201d, nr. 54, kati i par\u00eb, 1000 Shkup R. e Maqedonis\u00eb s\u00eb Veriut<\/p>\n<p style=\"text-align: left;\">Telefoni: +389 2 5112 394<\/p>\n<p style=\"text-align: left;\">E-mail:\u00a0<strong>info@malmed.gov.mk<\/strong><\/p>\n<p style=\"text-align: left;\">\n<\/div>\n<\/div>\n<p>[\/et_pb_blurb][\/et_pb_column][et_pb_column type=&#8221;1_4&#8243; _builder_version=&#8221;3.0.97&#8243; parallax=&#8221;off&#8221; parallax_method=&#8221;on&#8221;][et_pb_blurb title=&#8221;\u0420\u0430\u0431\u043e\u0442\u043d\u043e \u0432\u0440\u0435\u043c\u0435&#8221; icon_color=&#8221;#ffffff&#8221; background_layout=&#8221;dark&#8221; _builder_version=&#8221;3.0.97&#8243; header_font=&#8221;|700|||||||&#8221; header_text_align=&#8221;center&#8221; header_font_size=&#8221;18px&#8221; body_font=&#8221;||||||||&#8221; body_font_size=&#8221;11px&#8221; body_text_color=&#8221;#ffffff&#8221; text_orientation=&#8221;center&#8221;]<\/p>\n<h3><\/h3>\n<p>E h\u00ebn\u00eb \u2013 e premte (07:30 \u2013 16:30)<\/p>\n<p><span style=\"text-decoration: underline;\">Arkiva<\/span><\/p>\n<p>\u043f\u043e\u043d\u0435\u0434\u0435\u043b\u043d\u0438\u043a &#8211; \u043f\u0435\u0442\u043e\u043a (08:00 &#8211; 13:00)<\/p>\n<p>[\/et_pb_blurb][\/et_pb_column][et_pb_column type=&#8221;1_4&#8243; _builder_version=&#8221;3.0.97&#8243; parallax=&#8221;off&#8221; parallax_method=&#8221;on&#8221;][et_pb_blurb title=&#8221;\u0421\u043b\u0435\u0434\u0435\u0442\u0435 \u043d\u0435!&#8221; _builder_version=&#8221;3.0.97&#8243; header_font=&#8221;|700|||||||&#8221; header_text_color=&#8221;#ffffff&#8221; body_font=&#8221;||||||||&#8221; body_font_size=&#8221;16px&#8221; body_text_color=&#8221;#ffffff&#8221; body_line_height=&#8221;2em&#8221; text_orientation=&#8221;center&#8221;]<\/p>\n<p style=\"text-align: center;\"><span style=\"color: #ffffff;\"><a style=\"color: #ffffff;\" href=\"https:\/\/www.facebook.com\/malmed.gov.mk\/\" target=\"_blank\" rel=\"noopener noreferrer\">Facebook<\/a><\/span><br \/>\n<span style=\"color: #ffffff;\"> <a style=\"color: #ffffff;\" href=\"https:\/\/twitter.com\/MALMED8\" target=\"_blank\" rel=\"noopener noreferrer\">Twitter<\/a><\/span><br \/>\n<span style=\"color: #ffffff;\"> <a style=\"color: #ffffff;\" href=\"https:\/\/www.instagram.com\/malmed.macedonia\/\" target=\"_blank\" rel=\"noopener noreferrer\">Instagram<\/a><\/span><\/p>\n<p style=\"text-align: center;\">[\/et_pb_blurb][\/et_pb_column][et_pb_column type=&#8221;1_4&#8243; _builder_version=&#8221;3.0.97&#8243; parallax=&#8221;off&#8221; parallax_method=&#8221;on&#8221;][et_pb_text background_layout=&#8221;dark&#8221; _builder_version=&#8221;3.0.97&#8243; text_font=&#8221;||||||||&#8221; header_font=&#8221;||||||||&#8221; header_text_align=&#8221;left&#8221;]<\/p>\n<p><label style=\"font-size: 14px;\" for=\"tnp-email\">E-mail adresa juaj<\/label> <input class=\"tnp-email\" name=\"ne\" required=\"\" type=\"email\" value=\"\" \/><\/p>\n<form class=\"newsletter\" action=\"https:\/\/malmed.gov.mk\/sq\/?na=s\" method=\"post\" data-trp-original-action=\"https:\/\/malmed.gov.mk\/?na=s\"><label for=\"tnp-name\"><label for=\"tnp-email\">Emri juaj<\/label>\u00a0 \u00a0 \u00a0 \u00a0\u00a0<\/label> <input class=\"tnp-name\" name=\"nn\" type=\"text\" value=\"\" \/><\/p>\n<p><input class=\"tnp-button\" type=\"submit\" value=\"Pranoni lajme!\" \/><\/p>\n<input type=\"hidden\" name=\"trp-form-language\" value=\"sq\"\/><\/form>\n<p>[\/et_pb_text][\/et_pb_column][\/et_pb_row][\/et_pb_section]<\/p>","protected":false},"excerpt":{"rendered":"<p>[et_pb_section fb_built=&#8221;1&#8243; admin_label=&#8221;section&#8221; _builder_version=&#8221;3.0.97&#8243; background_repeat=&#8221;repeat&#8221; max_width=&#8221;70%&#8221; module_alignment=&#8221;center&#8221; custom_padding=&#8221;0px|0px|0px|2px&#8221;][et_pb_row _builder_version=&#8221;3.0.97&#8243;][et_pb_column type=&#8221;4_4&#8243; _builder_version=&#8221;3.0.97&#8243; parallax=&#8221;off&#8221; parallax_method=&#8221;on&#8221;][et_pb_button button_url=&#8221;https:\/\/koronavirus.gov.mk&#8221; url_new_window=&#8221;on&#8221; button_text=&#8221;\u041d\u0430\u0458\u043d\u043e\u0432\u0438 \u0438\u043d\u0444\u043e\u0440\u043c\u0430\u0446\u0438\u0438 \u0432\u043e \u0432\u0440\u0441\u043a\u0430 \u0441\u043e \u041a\u043e\u0440\u043e\u043d\u0430 \u0432\u0438\u0440\u0443\u0441\u043e\u0442 \u0432\u043e \u0420.\u0421. \u041c\u0430\u043a\u0435\u0434\u043e\u043d\u0438\u0458\u0430&#8221; button_alignment=&#8221;center&#8221; _builder_version=&#8221;3.0.97&#8243; custom_button=&#8221;on&#8221; button_text_color=&#8221;#912777&#8243; button_border_width=&#8221;3px&#8221; button_font=&#8221;|700|||||||&#8221; button_text_color_hover=&#8221;#ffffff&#8221; button_bg_color_hover=&#8221;#912777&#8243;][\/et_pb_button][\/et_pb_column][\/et_pb_row][et_pb_row use_custom_width=&#8221;on&#8221; custom_padding=&#8221;0px|0px|0px|0px&#8221; _builder_version=&#8221;3.0.97&#8243; module_alignment=&#8221;center&#8221;][et_pb_column type=&#8221;4_4&#8243; _builder_version=&#8221;3.0.97&#8243; parallax=&#8221;off&#8221; parallax_method=&#8221;on&#8221;][et_pb_code _builder_version=&#8221;3.0.97&#8243;][\/et_pb_code][\/et_pb_column][\/et_pb_row][\/et_pb_section][et_pb_section fb_built=&#8221;1&#8243; _builder_version=&#8221;3.0.97&#8243; custom_padding=&#8221;0px|0px|0px|0px&#8221;][et_pb_row custom_padding=&#8221;37px|0px|27px|0px&#8221; _builder_version=&#8221;3.0.97&#8243;][et_pb_column type=&#8221;1_4&#8243; _builder_version=&#8221;3.0.97&#8243; parallax=&#8221;off&#8221; parallax_method=&#8221;on&#8221;][et_pb_blurb title=&#8221;\u0420\u0435\u0433\u0438\u0441\u0442\u0430\u0440 \u043d\u0430 \u043b\u0435\u043a\u043e\u0432\u0438&#8221; url=&#8221;https:\/\/lekovi.zdravstvo.gov.mk\/drugsregister\/overview&#8221; [&hellip;]<\/p>","protected":false},"author":1,"featured_media":0,"parent":0,"menu_order":0,"comment_status":"closed","ping_status":"closed","template":"","meta":{"footnotes":""},"class_list":["post-3278","page","type-page","status-publish","hentry"],"_links":{"self":[{"href":"https:\/\/malmed.gov.mk\/sq\/wp-json\/wp\/v2\/pages\/3278","targetHints":{"allow":["GET"]}}],"collection":[{"href":"https:\/\/malmed.gov.mk\/sq\/wp-json\/wp\/v2\/pages"}],"about":[{"href":"https:\/\/malmed.gov.mk\/sq\/wp-json\/wp\/v2\/types\/page"}],"author":[{"embeddable":true,"href":"https:\/\/malmed.gov.mk\/sq\/wp-json\/wp\/v2\/users\/1"}],"replies":[{"embeddable":true,"href":"https:\/\/malmed.gov.mk\/sq\/wp-json\/wp\/v2\/comments?post=3278"}],"version-history":[{"count":0,"href":"https:\/\/malmed.gov.mk\/sq\/wp-json\/wp\/v2\/pages\/3278\/revisions"}],"wp:attachment":[{"href":"https:\/\/malmed.gov.mk\/sq\/wp-json\/wp\/v2\/media?parent=3278"}],"curies":[{"name":"wp","href":"https:\/\/api.w.org\/{rel}","templated":true}]}}