{"id":2915,"date":"2019-01-24T14:00:48","date_gmt":"2019-01-24T14:00:48","guid":{"rendered":"https:\/\/malmed.gov.mk\/?page_id=2915"},"modified":"2020-02-04T09:56:12","modified_gmt":"2020-02-04T09:56:12","slug":"%d0%bd%d0%be%d0%b2%d0%be%d1%81%d1%82%d0%b8-%d0%b7%d0%b0-%d1%84%d0%b0%d1%80%d0%bc%d0%b0%d0%ba%d0%be%d0%b2%d0%b8%d0%b3%d0%b8%d0%bb%d0%b0%d0%bd%d1%86%d0%b0","status":"publish","type":"page","link":"https:\/\/malmed.gov.mk\/sq\/%d0%bd%d0%be%d0%b2%d0%be%d1%81%d1%82%d0%b8-%d0%b7%d0%b0-%d1%84%d0%b0%d1%80%d0%bc%d0%b0%d0%ba%d0%be%d0%b2%d0%b8%d0%b3%d0%b8%d0%bb%d0%b0%d0%bd%d1%86%d0%b0\/","title":{"rendered":"Lajmet p\u00ebr Farmakovigjilenc\u00ebn"},"content":{"rendered":"<p><span style=\"color: #912777;\"><a style=\"color: #912777;\" href=\"http:\/\/malmed.gov.mk\/wp-content\/uploads\/Edukativno-predavanje-vo-Privatno-Opsta-Bolnica-Remedika.pdf\" target=\"_blank\" rel=\"noopener noreferrer\">Agjencia e Barnave dhe Pajisjeve Mjek\u00ebsore si pjes\u00eb e aktiviteteve t\u00eb vazhdueshme n\u00eb fush\u00ebn e farmakovigjilenc\u00ebs,  m\u00eb 16.01.2019  ka mbajtur ligjerat\u00eb edukative n\u00eb spitalin e p\u00ebrgjithsh\u00ebm privat \u201cRemedika\u201d \u2013 Shkup<\/a><\/span><\/p>\n<hr>\n\n\n<p><\/p>\n\n\n\n<p><\/p>\n\n\n\n<p><\/p>\n\n\n\n<p><\/p>\n\n\n\n<p><\/p>","protected":false},"excerpt":{"rendered":"<p>Agjencia e Barnave dhe Pajisjeve Mjek\u00ebsore si pjes\u00eb e aktiviteteve t\u00eb vazhdueshme n\u00eb fush\u00ebn e farmakovigjilenc\u00ebs,  m\u00eb 16.01.2019  ka mbajtur ligjerat\u00eb edukative n\u00eb spitalin e p\u00ebrgjithsh\u00ebm privat \u201cRemedika\u201d \u2013 Shkup<\/p>","protected":false},"author":2,"featured_media":0,"parent":0,"menu_order":0,"comment_status":"closed","ping_status":"closed","template":"","meta":{"footnotes":""},"class_list":["post-2915","page","type-page","status-publish","hentry"],"_links":{"self":[{"href":"https:\/\/malmed.gov.mk\/sq\/wp-json\/wp\/v2\/pages\/2915","targetHints":{"allow":["GET"]}}],"collection":[{"href":"https:\/\/malmed.gov.mk\/sq\/wp-json\/wp\/v2\/pages"}],"about":[{"href":"https:\/\/malmed.gov.mk\/sq\/wp-json\/wp\/v2\/types\/page"}],"author":[{"embeddable":true,"href":"https:\/\/malmed.gov.mk\/sq\/wp-json\/wp\/v2\/users\/2"}],"replies":[{"embeddable":true,"href":"https:\/\/malmed.gov.mk\/sq\/wp-json\/wp\/v2\/comments?post=2915"}],"version-history":[{"count":0,"href":"https:\/\/malmed.gov.mk\/sq\/wp-json\/wp\/v2\/pages\/2915\/revisions"}],"wp:attachment":[{"href":"https:\/\/malmed.gov.mk\/sq\/wp-json\/wp\/v2\/media?parent=2915"}],"curies":[{"name":"wp","href":"https:\/\/api.w.org\/{rel}","templated":true}]}}