{"id":2762,"date":"2018-07-02T13:44:35","date_gmt":"2018-07-02T13:44:35","guid":{"rendered":"https:\/\/malmed.gov.mk\/?page_id=2762"},"modified":"2020-01-22T13:17:48","modified_gmt":"2020-01-22T13:17:48","slug":"%d0%bf%d0%bb%d0%b0%d0%bd-%d0%b8-%d1%81%d1%82%d1%80%d0%b0%d1%82%d0%b5%d0%b3%d0%b8%d1%98%d0%b0-%d0%be%d0%bf%d0%be%d1%98%d0%bd%d0%b8-%d0%b4%d1%80%d0%be%d0%b3%d0%b8","status":"publish","type":"page","link":"https:\/\/malmed.gov.mk\/sq\/%d0%bf%d0%bb%d0%b0%d0%bd-%d0%b8-%d1%81%d1%82%d1%80%d0%b0%d1%82%d0%b5%d0%b3%d0%b8%d1%98%d0%b0-%d0%be%d0%bf%d0%be%d1%98%d0%bd%d0%b8-%d0%b4%d1%80%d0%be%d0%b3%d0%b8\/","title":{"rendered":"Plani dhe strategjia \u2013 Barna Narkotike"},"content":{"rendered":"<p><span class=\"outer\" style=\"color: #993366;\"><span class=\"inner\"><a style=\"color: #993366;\" href=\"http:\/\/malmed.gov.mk\/wp-content\/uploads\/Nacionalna-strategija-za-drogi-2014-2020.pdf\" target=\"_blank\" rel=\"noopener noreferrer\"><span style=\"color: #921777;\">Nacionale<\/span> Strategjia e drog\u00ebs e Republik\u00ebs s\u00eb Maqedonis\u00eb p\u00ebr periudh\u00ebn 2014-2020<\/a><\/span><\/span><\/p>\n<p><span class=\"outer\" style=\"color: #921777;\"><span class=\"inner\"><a style=\"color: #921777;\" href=\"http:\/\/malmed.gov.mk\/wp-content\/uploads\/Plan-na-aktivnosti-na-nacionalnata-strategija-2014-2017.pdf\" target=\"_blank\" rel=\"noopener noreferrer\">Plan p\u00ebr aktivitetet e Strategjis\u00eb Nacionale t\u00eb drog\u00ebs s\u00eb Republik\u00ebs s\u00eb Maqedonis\u00eb p\u00ebr periudh\u00ebn 2014-2017<\/a><\/span><\/span><\/p>\n\n\n<p><\/p>\n\n\n\n<p><\/p>\n\n\n\n<p><\/p>\n\n\n\n<p><\/p>\n\n\n\n<p><\/p>","protected":false},"excerpt":{"rendered":"<p>\u041d\u0430\u0446\u0438\u043e\u043d\u0430\u043b\u043d\u0430 \u0441\u0442\u0440\u0430\u0442\u0435\u0433\u0438\u0458\u0430\u0442\u0430 \u0437\u0430 \u0434\u0440\u043e\u0433\u0430 \u043d\u0430 \u0420\u0435\u043f\u0443\u0431\u043b\u0438\u043a\u0430 \u041c\u0430\u043a\u0435\u0434\u043e\u043d\u0438\u0458\u0430 \u0437\u0430 \u043f\u0435\u0440\u0438\u043e\u0434 2014-2020 \u0433\u043e\u0434\u0438\u043d\u0430 \u041f\u043b\u0430\u043d \u0437\u0430 \u0430\u043a\u0442\u0438\u0432\u043d\u043e\u0441\u0442\u0438 \u043d\u0430 \u041d\u0430\u0446\u0438\u043e\u043d\u0430\u043b\u043d\u0430\u0442\u0430 \u0441\u0442\u0440\u0430\u0442\u0435\u0433\u0438\u0458\u0430 \u0437\u0430 \u0434\u0440\u043e\u0433\u0430 \u043d\u0430 \u0420\u0435\u043f\u0443\u0431\u043b\u0438\u043a\u0430 \u041c\u0430\u043a\u0435\u0434\u043e\u043d\u0438\u0458\u0430 \u0437\u0430 \u043f\u0435\u0440\u0438\u043e\u0434\u043e\u0442 2014\u20102017 \u0433\u043e\u0434\u0438\u043d\u0430<\/p>","protected":false},"author":2,"featured_media":0,"parent":0,"menu_order":0,"comment_status":"closed","ping_status":"closed","template":"","meta":{"footnotes":""},"class_list":["post-2762","page","type-page","status-publish","hentry"],"_links":{"self":[{"href":"https:\/\/malmed.gov.mk\/sq\/wp-json\/wp\/v2\/pages\/2762","targetHints":{"allow":["GET"]}}],"collection":[{"href":"https:\/\/malmed.gov.mk\/sq\/wp-json\/wp\/v2\/pages"}],"about":[{"href":"https:\/\/malmed.gov.mk\/sq\/wp-json\/wp\/v2\/types\/page"}],"author":[{"embeddable":true,"href":"https:\/\/malmed.gov.mk\/sq\/wp-json\/wp\/v2\/users\/2"}],"replies":[{"embeddable":true,"href":"https:\/\/malmed.gov.mk\/sq\/wp-json\/wp\/v2\/comments?post=2762"}],"version-history":[{"count":0,"href":"https:\/\/malmed.gov.mk\/sq\/wp-json\/wp\/v2\/pages\/2762\/revisions"}],"wp:attachment":[{"href":"https:\/\/malmed.gov.mk\/sq\/wp-json\/wp\/v2\/media?parent=2762"}],"curies":[{"name":"wp","href":"https:\/\/api.w.org\/{rel}","templated":true}]}}