{"id":2662,"date":"2018-04-02T13:32:25","date_gmt":"2018-04-02T13:32:25","guid":{"rendered":"https:\/\/malmed.gov.mk\/?page_id=2662"},"modified":"2021-10-22T09:35:18","modified_gmt":"2021-10-22T09:35:18","slug":"%d0%b8%d0%bd%d1%84%d0%be%d1%80%d0%bc%d0%b0%d1%86%d0%b8%d0%b8-%d0%be%d0%b4-%d1%98%d0%b0%d0%b2%d0%b5%d0%bd-%d0%ba%d0%b0%d1%80%d0%b0%d0%ba%d1%82%d0%b5%d1%80","status":"publish","type":"page","link":"https:\/\/malmed.gov.mk\/sq\/%d0%b8%d0%bd%d1%84%d0%be%d1%80%d0%bc%d0%b0%d1%86%d0%b8%d0%b8-%d0%be%d0%b4-%d1%98%d0%b0%d0%b2%d0%b5%d0%bd-%d0%ba%d0%b0%d1%80%d0%b0%d0%ba%d1%82%d0%b5%d1%80\/","title":{"rendered":"Informacione me karakter publik"},"content":{"rendered":"<p>Personi zyrtar p\u00ebr nd\u00ebrmjet\u00ebsimin gjat\u00eb ushtrimit t\u00eb s\u00eb drejt\u00ebs s\u00eb qasjes s\u00eb lir\u00eb deri te informacionet me karakter publik:<\/p>\n<p>Dragan Dimitrov<\/p>\n<p>e-mail: <span style=\"color: #912777;\">dragan.dimitrov@malmed.gov.mk<\/span><\/p>\n<p>Telefoni:  02-5112-394, lokal: 17<\/p>\n<hr \/>\n<p>\u0421\u043b\u043e\u0431\u043e\u0434\u0435\u043d \u043f\u0440\u0438\u0441\u0442\u0430\u043f \u0434\u043e \u0438\u043d\u0444\u043e\u0440\u043c\u0430\u0446\u0438\u0438 \u0438\u043c\u0430\u0430\u0442 \u0441\u0438\u0442\u0435 \u043f\u0440\u0430\u0432\u043d\u0438 \u0438 \u0444\u0438\u0437\u0438\u0447\u043a\u0438 \u043b\u0438\u0446\u0430. \u0421\u043b\u043e\u0431\u043e\u0434\u0435\u043d \u043f\u0440\u0438\u0441\u0442\u0430\u043f \u0434\u043e \u0438\u043d\u0444\u043e\u0440\u043c\u0430\u0446\u0438\u0438 \u0438\u043c\u0430\u0430\u0442 \u0438 \u0441\u0442\u0440\u0430\u043d\u0441\u043a\u0438 \u043f\u0440\u0430\u0432\u043d\u0438 \u0438 \u0444\u0438\u0437\u0438\u0447\u043a\u0438 \u043b\u0438\u0446\u0430 \u0432\u043e \u0441\u043e\u0433\u043b\u0430\u0441\u043d\u043e\u0441\u0442 \u0441\u043e \u043e\u0432\u043e\u0458 \u0438 \u0434\u0440\u0443\u0433 \u0437\u0430\u043a\u043e\u043d.<\/p>\n<p>\u041e\u0431\u0440\u0430\u0437\u0435\u0446\u043e\u0442 \u043d\u0430 \u0411\u0430\u0440\u0430\u045a\u0435\u0442\u043e \u0441\u043e\u0434\u0440\u0436\u0438 \u043d\u0430\u0437\u0438\u0432 \u043d\u0430 \u0418\u043c\u0430\u0442\u0435\u043b\u043e\u0442 \u043d\u0430 \u0438\u043d\u0444\u043e\u0440\u043c\u0430\u0446\u0438\u0458\u0430\u0442\u0430, \u043b\u0438\u0447\u043d\u043e\u0442\u043e \u0438\u043c\u0435 \u0438 \u043f\u0440\u0435\u0437\u0438\u043c\u0435 \u043d\u0430 \u0411\u0430\u0440\u0430\u0442\u0435\u043b\u043e\u0442 \u043d\u0430 \u0438\u043d\u0444\u043e\u0440\u043c\u0430\u0446\u0438\u0458\u0430\u0442\u0430, \u043f\u043e\u0434\u0430\u0442\u043e\u0446\u0438 \u0437\u0430 \u043c\u043e\u0436\u043d\u0438\u043e\u0442 \u0437\u0430\u0441\u0442\u0430\u043f\u043d\u0438\u043a \u0438\u043b\u0438 \u043e\u043f\u043e\u043b\u043d\u043e\u043c\u043e\u0448\u0442\u0435\u043d\u043e\u0442\u043e \u043b\u0438\u0446\u0435, \u0444\u0438\u0440\u043c\u0430\u0442\u0430 \u0438\u043b\u0438 \u043f\u0440\u0430\u0432\u043d\u043e\u0442\u043e \u043b\u0438\u0446\u0435, \u043e\u043f\u0438\u0441 \u043d\u0430 \u0438\u043d\u0444\u043e\u0440\u043c\u0430\u0446\u0438\u0458\u0430\u0442\u0430 \u0441\u043e \u043a\u043e\u0458\u0430 \u0441\u0430\u043a\u0430 \u0434\u0430 \u0441\u0435 \u0437\u0430\u043f\u043e\u0437\u043d\u0430\u0435, \u043d\u0430 \u043a\u0430\u043a\u043e\u0432 \u043d\u0430\u0447\u0438\u043d \u0441\u0430\u043a\u0430 \u0434\u0430 \u0441\u0435 \u0437\u0430\u043f\u043e\u0437\u043d\u0430\u0435 \u0441\u043e \u0441\u043e\u0434\u0440\u0436\u0438\u043d\u0430\u0442\u0430 \u043d\u0430 \u0431\u0430\u0440\u0430\u043d\u0430\u0442\u0430 \u0438\u043d\u0444\u043e\u0440\u043c\u0430\u0446\u0438\u0458\u0430 \u0438 \u043d\u0430 \u043a\u0430\u043a\u043e\u0432 \u043d\u0430\u0447\u0438\u043d \u0434\u0430 \u043c\u0443 \u0441\u0435 \u0434\u043e\u0441\u0442\u0430\u0432\u0438 \u0431\u0430\u0440\u0430\u043d\u0430\u0442\u0430 \u0438\u043d\u0444\u043e\u0440\u043c\u0430\u0446\u0438\u0458\u0430. \u0411\u0430\u0440\u0430\u045a\u0435 \u043c\u043e\u0436\u0435 \u0434\u0430 \u0441\u0435 \u043f\u043e\u0434\u043d\u0435\u0441\u0435 \u043f\u043e\u043f\u043e\u043b\u043d\u0435\u0442\u043e \u0438 \u043d\u0430 \u043e\u0431\u0438\u0447\u0435\u043d \u043b\u0438\u0441\u0442 \u0445\u0430\u0440\u0442\u0438\u0458\u0430 \u043d\u043e \u043d\u0430 \u0438\u0441\u0442\u043e\u0442\u043e \u0431\u0430\u0440\u0430\u0442\u0435\u043b\u043e\u0442 \u0435 \u0434\u043e\u043b\u0436\u0435\u043d \u0434\u0430 \u043d\u0430\u0432\u0435\u0434\u0435 \u0434\u0435\u043a\u0430 \u0441\u0442\u0430\u043d\u0443\u0432\u0430 \u0437\u0431\u043e\u0440 \u0437\u0430 \u0411\u0430\u0440\u0430\u045a\u0435 \u043f\u043e \u043e\u0441\u043d\u043e\u0432 \u043d\u0430 \u0417\u0430\u043a\u043e\u043d\u043e\u0442 \u0437\u0430 \u0441\u043b\u043e\u0431\u043e\u0434\u0435\u043d \u043f\u0440\u0438\u0441\u0442\u0430\u043f \u0434\u043e \u0438\u043d\u0444\u043e\u0440\u043c\u0430\u0446\u0438\u0438 \u043e\u0434 \u0458\u0430\u0432\u0435\u043d \u043a\u0430\u0440\u0430\u043a\u0442\u0435\u0440. \u0411\u0430\u0440\u0430\u0442\u0435\u043b\u043e\u0442 \u043d\u0435 \u0435 \u0434\u043e\u043b\u0436\u0435\u043d \u0434\u0430 \u0433\u043e \u043e\u0431\u0440\u0430\u0437\u043b\u043e\u0436\u0438 \u0431\u0430\u0440\u0430\u045a\u0435\u0442\u043e<\/p>\n<p><strong>Formularet<\/strong>:<\/p>\n<p><span style=\"color: #912777;\"><em><a style=\"color: #912777;\" href=\"https:\/\/malmed.gov.mk\/wp-content\/uploads\/Obrazec_na_Baranje_informacii_od_javen_karakter.pdf\" target=\"_blank\" rel=\"noopener noreferrer\">K\u00ebrkes\u00eb p\u00ebr qasje deri te informacionet me karakter publik \u2013 format pdf<\/a><\/em><\/span><\/p>\n<p><span style=\"color: #912777;\"><em><a style=\"color: #912777;\" href=\"https:\/\/malmed.gov.mk\/wp-content\/uploads\/Obrazec_na_Baranje_informacii_od_javen_karakter.doc\" target=\"_blank\" rel=\"noopener noreferrer\">K\u00ebrkes\u00eb p\u00ebr qasje deri te informacionet me karakter publik \u2013 word format<\/a><\/em><\/span><\/p>\n\n\n<p><\/p>\n\n\n\n<p><\/p>\n\n\n\n<p><\/p>\n\n\n\n<p><\/p>\n\n\n\n<p><\/p>\n\n\n\n<p><\/p>","protected":false},"excerpt":{"rendered":"<p>\u0421\u043b\u0443\u0436\u0431\u0435\u043d\u043e\u00a0\u043b\u0438\u0446\u0435 \u0437\u0430 \u043f\u043e\u0441\u0440\u0435\u0434\u0443\u0432\u0430\u045a\u0435 \u043f\u0440\u0438 \u043e\u0441\u0442\u0432\u0430\u0440\u0443\u0432\u0430\u045a\u0435\u0442\u043e \u043d\u0430 \u043f\u0440\u0430\u0432\u043e\u0442\u043e \u043d\u0430 \u0441\u043b\u043e\u0431\u043e\u0434\u0435\u043d \u043f\u0440\u0438\u0441\u0442\u0430\u043f \u0434\u043e \u0438\u043d\u0444\u043e\u0440\u043c\u0430\u0446\u0438\u0438 \u043e\u0434 \u0458\u0430\u0432\u0435\u043d \u043a\u0430\u0440\u0430\u043a\u0442\u0435\u0440: \u0414\u0440\u0430\u0433\u0430\u043d \u0414\u0438\u043c\u0438\u0442\u0440\u043e\u0432 \u0435-\u043c\u0430\u0438\u043b: dragan.dimitrov@malmed.gov.mk \u0442\u0435\u043b\u0435\u0444\u043e\u043d: 02-5112-394, \u043b\u043e\u043a\u0430\u043b: 17 \u0421\u043b\u043e\u0431\u043e\u0434\u0435\u043d \u043f\u0440\u0438\u0441\u0442\u0430\u043f \u0434\u043e \u0438\u043d\u0444\u043e\u0440\u043c\u0430\u0446\u0438\u0438 \u0438\u043c\u0430\u0430\u0442 \u0441\u0438\u0442\u0435 \u043f\u0440\u0430\u0432\u043d\u0438 \u0438 \u0444\u0438\u0437\u0438\u0447\u043a\u0438 \u043b\u0438\u0446\u0430. \u0421\u043b\u043e\u0431\u043e\u0434\u0435\u043d \u043f\u0440\u0438\u0441\u0442\u0430\u043f \u0434\u043e \u0438\u043d\u0444\u043e\u0440\u043c\u0430\u0446\u0438\u0438 \u0438\u043c\u0430\u0430\u0442 \u0438 \u0441\u0442\u0440\u0430\u043d\u0441\u043a\u0438 \u043f\u0440\u0430\u0432\u043d\u0438 \u0438 \u0444\u0438\u0437\u0438\u0447\u043a\u0438 \u043b\u0438\u0446\u0430 \u0432\u043e \u0441\u043e\u0433\u043b\u0430\u0441\u043d\u043e\u0441\u0442 \u0441\u043e \u043e\u0432\u043e\u0458 \u0438 \u0434\u0440\u0443\u0433 \u0437\u0430\u043a\u043e\u043d. \u041e\u0431\u0440\u0430\u0437\u0435\u0446\u043e\u0442 \u043d\u0430 \u0411\u0430\u0440\u0430\u045a\u0435\u0442\u043e \u0441\u043e\u0434\u0440\u0436\u0438 [&hellip;]<\/p>","protected":false},"author":2,"featured_media":0,"parent":0,"menu_order":0,"comment_status":"closed","ping_status":"closed","template":"","meta":{"footnotes":""},"class_list":["post-2662","page","type-page","status-publish","hentry"],"_links":{"self":[{"href":"https:\/\/malmed.gov.mk\/sq\/wp-json\/wp\/v2\/pages\/2662","targetHints":{"allow":["GET"]}}],"collection":[{"href":"https:\/\/malmed.gov.mk\/sq\/wp-json\/wp\/v2\/pages"}],"about":[{"href":"https:\/\/malmed.gov.mk\/sq\/wp-json\/wp\/v2\/types\/page"}],"author":[{"embeddable":true,"href":"https:\/\/malmed.gov.mk\/sq\/wp-json\/wp\/v2\/users\/2"}],"replies":[{"embeddable":true,"href":"https:\/\/malmed.gov.mk\/sq\/wp-json\/wp\/v2\/comments?post=2662"}],"version-history":[{"count":0,"href":"https:\/\/malmed.gov.mk\/sq\/wp-json\/wp\/v2\/pages\/2662\/revisions"}],"wp:attachment":[{"href":"https:\/\/malmed.gov.mk\/sq\/wp-json\/wp\/v2\/media?parent=2662"}],"curies":[{"name":"wp","href":"https:\/\/api.w.org\/{rel}","templated":true}]}}