{"id":1889,"date":"2017-11-02T12:52:54","date_gmt":"2017-11-02T12:52:54","guid":{"rendered":"https:\/\/malmed.gov.mk\/?page_id=1889"},"modified":"2017-11-02T13:09:20","modified_gmt":"2017-11-02T13:09:20","slug":"%d0%bd%d0%b5%d1%81%d0%b0%d0%ba%d0%b0%d0%bd%d0%b8-%d1%80%d0%b5%d0%b0%d0%ba%d1%86%d0%b8%d0%b8","status":"publish","type":"page","link":"https:\/\/malmed.gov.mk\/sq\/%d0%bd%d0%b5%d1%81%d0%b0%d0%ba%d0%b0%d0%bd%d0%b8-%d1%80%d0%b5%d0%b0%d0%ba%d1%86%d0%b8%d0%b8\/","title":{"rendered":"\u041d\u0435\u0441\u0430\u043a\u0430\u043d\u0438 \u0440\u0435\u0430\u043a\u0446\u0438\u0438"},"content":{"rendered":"<div class=\"wpforms-container wpforms-container-full\" id=\"wpforms-1894\"><form id=\"wpforms-form-1894\" class=\"wpforms-validate wpforms-form\" data-formid=\"1894\" method=\"post\" enctype=\"multipart\/form-data\" action=\"\/sq\/wp-json\/wp\/v2\/pages\/1889\" data-token=\"7e9c0a91909f4477eb1d4562c02f7b22\" data-token-time=\"1777589779\" data-trp-original-action=\"\/sq\/wp-json\/wp\/v2\/pages\/1889\"><noscript class=\"wpforms-error-noscript\">Please enable JavaScript in your browser to complete this form.<\/noscript><div class=\"wpforms-field-container\"><div id=\"wpforms-1894-field_29-container\" class=\"wpforms-field wpforms-field-text blue_color\" data-field-id=\"29\"><label class=\"wpforms-field-label\" for=\"wpforms-1894-field_29\">INFORMACIONE P\u00cbR PARAQIT\u00cbSIN<\/label><input type=\"text\" id=\"wpforms-1894-field_29\" class=\"wpforms-field-large\" name=\"wpforms[fields][29]\" ><\/div><div id=\"wpforms-1894-field_1-container\" class=\"wpforms-field wpforms-field-email\" data-field-id=\"1\"><label class=\"wpforms-field-label\" for=\"wpforms-1894-field_1\">E-maili <span class=\"wpforms-required-label\">*<\/span><\/label><input type=\"email\" id=\"wpforms-1894-field_1\" class=\"wpforms-field-large wpforms-field-required\" name=\"wpforms[fields][1]\" spellcheck=\"false\" required><\/div><div id=\"wpforms-1894-field_41-container\" class=\"wpforms-field wpforms-field-text\" data-field-id=\"41\"><label class=\"wpforms-field-label\" for=\"wpforms-1894-field_41\">Numri i telefonit kontaktues <span class=\"wpforms-required-label\">*<\/span><\/label><input type=\"text\" id=\"wpforms-1894-field_41\" class=\"wpforms-field-large wpforms-field-required\" name=\"wpforms[fields][41]\" required><\/div><div id=\"wpforms-1894-field_30-container\" class=\"wpforms-field wpforms-field-text blue_color\" data-field-id=\"30\"><label class=\"wpforms-field-label\" for=\"wpforms-1894-field_30\">INFORMACIONE P\u00cbR SHFRYT\u00cbZUESIN E BARNAVE<\/label><input type=\"text\" id=\"wpforms-1894-field_30\" class=\"wpforms-field-large\" name=\"wpforms[fields][30]\" ><\/div><div id=\"wpforms-1894-field_2-container\" class=\"wpforms-field wpforms-field-text\" data-field-id=\"2\"><label class=\"wpforms-field-label\" for=\"wpforms-1894-field_2\">Emri dhe Mbiemri <span class=\"wpforms-required-label\">*<\/span><\/label><input type=\"text\" id=\"wpforms-1894-field_2\" class=\"wpforms-field-large wpforms-field-required\" name=\"wpforms[fields][2]\" required><\/div><div id=\"wpforms-1894-field_3-container\" class=\"wpforms-field wpforms-field-radio wpforms-one-half wpforms-first\" data-field-id=\"3\"><label class=\"wpforms-field-label\">Gjinia<\/label><ul id=\"wpforms-1894-field_3\"><li class=\"choice-1 depth-1 wpforms-selected\"><input type=\"radio\" id=\"wpforms-1894-field_3_1\" name=\"wpforms[fields][3]\" value=\"Choice 1\"   checked='checked'><label class=\"wpforms-field-label-inline\" for=\"wpforms-1894-field_3_1\">Fem\u00ebr<\/label><\/li><li class=\"choice-2 depth-1\"><input type=\"radio\" id=\"wpforms-1894-field_3_2\" name=\"wpforms[fields][3]\" value=\"Choice 2\"  ><label class=\"wpforms-field-label-inline\" for=\"wpforms-1894-field_3_2\">Mashkull<\/label><\/li><\/ul><\/div><div id=\"wpforms-1894-field_44-container\" class=\"wpforms-field wpforms-field-text wpforms-one-half\" data-field-id=\"44\"><label class=\"wpforms-field-label\" for=\"wpforms-1894-field_44\">Data e lindjes <span class=\"wpforms-required-label\">*<\/span><\/label><input type=\"text\" id=\"wpforms-1894-field_44\" class=\"wpforms-field-large wpforms-field-required\" name=\"wpforms[fields][44]\" required><\/div><div id=\"wpforms-1894-field_43-container\" class=\"wpforms-field wpforms-field-text wpforms-one-half wpforms-first\" data-field-id=\"43\"><label class=\"wpforms-field-label\" for=\"wpforms-1894-field_43\">Pesha e p\u00ebrdoruesit t\u00eb barnave<\/label><input type=\"text\" id=\"wpforms-1894-field_43\" class=\"wpforms-field-large\" name=\"wpforms[fields][43]\" ><\/div><div id=\"wpforms-1894-field_6-container\" class=\"wpforms-field wpforms-field-text wpforms-one-half\" data-field-id=\"6\"><label class=\"wpforms-field-label\" for=\"wpforms-1894-field_6\">Vendi n\u00eb t\u00eb cilin filloi reaksioni<\/label><input type=\"text\" id=\"wpforms-1894-field_6\" class=\"wpforms-field-large\" name=\"wpforms[fields][6]\" ><\/div><div id=\"wpforms-1894-field_31-container\" class=\"wpforms-field wpforms-field-text blue_color\" data-field-id=\"31\"><label class=\"wpforms-field-label\" for=\"wpforms-1894-field_31\">P\u00cbRSHKRIMI I EFEKTEVE AN\u00cbSORE<\/label><input type=\"text\" id=\"wpforms-1894-field_31\" class=\"wpforms-field-medium\" name=\"wpforms[fields][31]\" ><\/div><div id=\"wpforms-1894-field_7-container\" class=\"wpforms-field wpforms-field-textarea\" data-field-id=\"7\"><label class=\"wpforms-field-label\" for=\"wpforms-1894-field_7\">P\u00ebrshkruane \u00e7ka ka ndodhur pas p\u00ebrdorimit t\u00eb barnave<\/label><textarea id=\"wpforms-1894-field_7\" class=\"wpforms-field-medium\" name=\"wpforms[fields][7]\" ><\/textarea><div class=\"wpforms-field-description\">Vendosni tekstin<\/div><\/div><div id=\"wpforms-1894-field_8-container\" class=\"wpforms-field wpforms-field-textarea\" data-field-id=\"8\"><label class=\"wpforms-field-label\" for=\"wpforms-1894-field_8\">Reaksioni\/ Simptomat <span class=\"wpforms-required-label\">*<\/span><\/label><textarea id=\"wpforms-1894-field_8\" class=\"wpforms-field-medium wpforms-field-required\" name=\"wpforms[fields][8]\" required><\/textarea><div class=\"wpforms-field-description\">P\u00ebrshkruani simptomat dhe reaksionin pas p\u00ebrdorimit t\u00eb barit <\/div><\/div><div id=\"wpforms-1894-field_37-container\" class=\"wpforms-field wpforms-field-text wpforms-one-half wpforms-first\" data-field-id=\"37\"><label class=\"wpforms-field-label\" for=\"wpforms-1894-field_37\">Data e fillimit \u00eb reaksionit<\/label><input type=\"text\" id=\"wpforms-1894-field_37\" class=\"wpforms-field-large\" name=\"wpforms[fields][37]\" ><\/div><div id=\"wpforms-1894-field_38-container\" class=\"wpforms-field wpforms-field-text wpforms-one-half\" data-field-id=\"38\"><label class=\"wpforms-field-label\" for=\"wpforms-1894-field_38\">Data e p\u00ebrfundimit t\u00eb reaksionit <\/label><input type=\"text\" id=\"wpforms-1894-field_38\" class=\"wpforms-field-large\" name=\"wpforms[fields][38]\" ><\/div><div id=\"wpforms-1894-field_12-container\" class=\"wpforms-field wpforms-field-checkbox\" data-field-id=\"12\"><label class=\"wpforms-field-label\">A \u00e7uan efektet an\u00ebsore n\u00eb ndonj\u00eb prej k\u00ebtyre gjendjeve? <span class=\"wpforms-required-label\">*<\/span><\/label><ul id=\"wpforms-1894-field_12\" class=\"wpforms-field-required\"><li class=\"choice-1 depth-1\"><input type=\"checkbox\" id=\"wpforms-1894-field_12_1\" name=\"wpforms[fields][12][]\" value=\"\u041f\u0440\u043e\u0434\u043e\u043b\u0436\u0435\u043d\u043e \u0431\u043e\u043b\u043d\u0438\u0447\u043a\u043e \u043b\u0435\u043a\u0443\u0432\u0430\u045a\u0435\" required><label class=\"wpforms-field-label-inline\" for=\"wpforms-1894-field_12_1\">Vazhdon trajtimi n\u00eb spital<\/label><\/li><li class=\"choice-2 depth-1\"><input type=\"checkbox\" id=\"wpforms-1894-field_12_2\" name=\"wpforms[fields][12][]\" value=\"\u0422\u0440\u0430\u0458\u043d\u043e \u0438\u043b\u0438 \u0442\u0435\u0448\u043a\u043e \u043e\u0448\u0442\u0435\u0442\u0443\u0432\u0430\u045a\u0435\/\u0438\u043d\u0432\u043b\u0438\u0434\u0438\u0442\u0435\u0442\" required><label class=\"wpforms-field-label-inline\" for=\"wpforms-1894-field_12_2\">D\u00ebmtimi \/ paaft\u00ebsia e vazhdueshme ose e r\u00ebnd\u00eb<\/label><\/li><li class=\"choice-3 depth-1\"><input type=\"checkbox\" id=\"wpforms-1894-field_12_3\" name=\"wpforms[fields][12][]\" value=\"\u041a\u043e\u043d\u0433\u0435\u043d\u0438\u0442\u0430\u043b\u043d\u0430 \u0430\u043d\u043e\u043c\u0430\u043b\u0438\u0458\u0430\/\u0432\u0440\u043e\u0434\u0435\u043d\u0430 \u043c\u0430\u0430\u043d\u0430\" required><label class=\"wpforms-field-label-inline\" for=\"wpforms-1894-field_12_3\">Anomali kongjenitale \/e met\u00eb e lindur<\/label><\/li><li class=\"choice-4 depth-1\"><input type=\"checkbox\" id=\"wpforms-1894-field_12_4\" name=\"wpforms[fields][12][]\" value=\"\u0417\u0430\u0433\u0440\u043e\u0437\u0443\u0432\u0430\u045a\u0435 \u043d\u0430 \u0436\u0438\u0432\u043e\u0442\u043e\u0442\" required><label class=\"wpforms-field-label-inline\" for=\"wpforms-1894-field_12_4\">Rreziku p\u00ebr jet\u00ebn<\/label><\/li><li class=\"choice-6 depth-1\"><input type=\"checkbox\" id=\"wpforms-1894-field_12_6\" name=\"wpforms[fields][12][]\" value=\"\u0414\u0440\u0443\u0433\u0430 \u043c\u0435\u0434\u0438\u0446\u0438\u043d\u0441\u043a\u0430 \u0441\u043e\u0441\u0442\u043e\u0458\u0431\u0430\" required><label class=\"wpforms-field-label-inline\" for=\"wpforms-1894-field_12_6\">Gjendje tjet\u00ebr mjek\u00ebsore<\/label><\/li><li class=\"choice-5 depth-1\"><input type=\"checkbox\" id=\"wpforms-1894-field_12_5\" name=\"wpforms[fields][12][]\" value=\"\u0421\u043c\u0440\u0442\" required><label class=\"wpforms-field-label-inline\" for=\"wpforms-1894-field_12_5\">Vdekje<\/label><\/li><\/ul><\/div><div id=\"wpforms-1894-field_32-container\" class=\"wpforms-field wpforms-field-text blue_color\" data-field-id=\"32\"><label class=\"wpforms-field-label\" for=\"wpforms-1894-field_32\">P\u00cbRSHKRIMI I BARIT<\/label><input type=\"text\" id=\"wpforms-1894-field_32\" class=\"wpforms-field-medium\" name=\"wpforms[fields][32]\" ><\/div><div id=\"wpforms-1894-field_14-container\" class=\"wpforms-field wpforms-field-text wpforms-one-half wpforms-first\" data-field-id=\"14\"><label class=\"wpforms-field-label\" for=\"wpforms-1894-field_14\">Emri i barit <span class=\"wpforms-required-label\">*<\/span><\/label><input type=\"text\" id=\"wpforms-1894-field_14\" class=\"wpforms-field-large wpforms-field-required\" name=\"wpforms[fields][14]\" required><\/div><div id=\"wpforms-1894-field_15-container\" class=\"wpforms-field wpforms-field-text wpforms-one-half\" data-field-id=\"15\"><label class=\"wpforms-field-label\" for=\"wpforms-1894-field_15\">Prodhuesi i barit <span class=\"wpforms-required-label\">*<\/span><\/label><input type=\"text\" id=\"wpforms-1894-field_15\" class=\"wpforms-field-large wpforms-field-required\" name=\"wpforms[fields][15]\" required><\/div><div id=\"wpforms-1894-field_16-container\" class=\"wpforms-field wpforms-field-text wpforms-one-half wpforms-first\" data-field-id=\"16\"><label class=\"wpforms-field-label\" for=\"wpforms-1894-field_16\">Forca e barit<\/label><input type=\"text\" id=\"wpforms-1894-field_16\" class=\"wpforms-field-large\" name=\"wpforms[fields][16]\" ><\/div><div id=\"wpforms-1894-field_17-container\" class=\"wpforms-field wpforms-field-text wpforms-one-half\" data-field-id=\"17\"><label class=\"wpforms-field-label\" for=\"wpforms-1894-field_17\">Dozimi<\/label><input type=\"text\" id=\"wpforms-1894-field_17\" class=\"wpforms-field-large\" name=\"wpforms[fields][17]\" ><\/div><div id=\"wpforms-1894-field_18-container\" class=\"wpforms-field wpforms-field-text wpforms-one-half wpforms-first\" data-field-id=\"18\"><label class=\"wpforms-field-label\" for=\"wpforms-1894-field_18\">M\u00ebnyr\u00eb e aplikimit <\/label><input type=\"text\" id=\"wpforms-1894-field_18\" class=\"wpforms-field-large\" name=\"wpforms[fields][18]\" ><\/div><div id=\"wpforms-1894-field_19-container\" class=\"wpforms-field wpforms-field-text wpforms-one-half\" data-field-id=\"19\"><label class=\"wpforms-field-label\" for=\"wpforms-1894-field_19\">Vendi ku e keni bler\u00eb barin <span class=\"wpforms-required-label\">*<\/span><\/label><input type=\"text\" id=\"wpforms-1894-field_19\" class=\"wpforms-field-large wpforms-field-required\" name=\"wpforms[fields][19]\" required><\/div><div id=\"wpforms-1894-field_39-container\" class=\"wpforms-field wpforms-field-text wpforms-one-half wpforms-first\" data-field-id=\"39\"><label class=\"wpforms-field-label\" for=\"wpforms-1894-field_39\">Data e fillimit t\u00eb p\u00ebrdorimit t\u00eb barit<\/label><input type=\"text\" id=\"wpforms-1894-field_39\" class=\"wpforms-field-large\" name=\"wpforms[fields][39]\" ><\/div><div id=\"wpforms-1894-field_40-container\" class=\"wpforms-field wpforms-field-text wpforms-one-half\" data-field-id=\"40\"><label class=\"wpforms-field-label\" for=\"wpforms-1894-field_40\">Data e p\u00ebrfundimit t\u00eb barit<\/label><input type=\"text\" id=\"wpforms-1894-field_40\" class=\"wpforms-field-large\" name=\"wpforms[fields][40]\" ><\/div><div id=\"wpforms-1894-field_23-container\" class=\"wpforms-field wpforms-field-textarea\" data-field-id=\"23\"><label class=\"wpforms-field-label\" for=\"wpforms-1894-field_23\">Arsyeja e p\u00ebrdorimit t\u00eb barit <span class=\"wpforms-required-label\">*<\/span><\/label><textarea id=\"wpforms-1894-field_23\" class=\"wpforms-field-medium wpforms-field-required\" name=\"wpforms[fields][23]\" required><\/textarea><\/div><div id=\"wpforms-1894-field_24-container\" class=\"wpforms-field wpforms-field-textarea\" data-field-id=\"24\"><label class=\"wpforms-field-label\" for=\"wpforms-1894-field_24\">Cilat barna t\u00eb tjera i keni konsumuar gjat\u00eb koh\u00ebs s\u00eb sh\u00ebrimit<\/label><textarea id=\"wpforms-1894-field_24\" class=\"wpforms-field-medium\" name=\"wpforms[fields][24]\" ><\/textarea><\/div><div id=\"wpforms-1894-field_25-container\" class=\"wpforms-field wpforms-field-radio\" data-field-id=\"25\"><label class=\"wpforms-field-label\">A ka shkaktuar bari m\u00eb par\u00eb nj\u00eb reaksion t\u00eb ngjash\u00ebm?<\/label><ul id=\"wpforms-1894-field_25\"><li class=\"choice-1 depth-1\"><input type=\"radio\" id=\"wpforms-1894-field_25_1\" name=\"wpforms[fields][25]\" value=\"\u0414\u0430\"  ><label class=\"wpforms-field-label-inline\" for=\"wpforms-1894-field_25_1\">Po<\/label><\/li><li class=\"choice-2 depth-1\"><input type=\"radio\" id=\"wpforms-1894-field_25_2\" name=\"wpforms[fields][25]\" value=\"\u041d\u0435\"  ><label class=\"wpforms-field-label-inline\" for=\"wpforms-1894-field_25_2\">Jo<\/label><\/li><li class=\"choice-3 depth-1\"><input type=\"radio\" id=\"wpforms-1894-field_25_3\" name=\"wpforms[fields][25]\" value=\"\u041d\u0435\u043f\u043e\u0437\u043d\u0430\u0442\u043e\"  ><label class=\"wpforms-field-label-inline\" for=\"wpforms-1894-field_25_3\">I panjohur<\/label><\/li><\/ul><\/div><div id=\"wpforms-1894-field_34-container\" class=\"wpforms-field wpforms-field-text blue_color\" data-field-id=\"34\"><label class=\"wpforms-field-label\" for=\"wpforms-1894-field_34\">INFORMACIONE PLOT\u00cbSUESE<\/label><input type=\"text\" id=\"wpforms-1894-field_34\" class=\"wpforms-field-medium\" name=\"wpforms[fields][34]\" ><\/div><div id=\"wpforms-1894-field_27-container\" class=\"wpforms-field wpforms-field-textarea\" data-field-id=\"27\"><label class=\"wpforms-field-label\" for=\"wpforms-1894-field_27\">S\u00ebmundjet aktuale dhe t\u00eb m\u00ebparshme<\/label><textarea id=\"wpforms-1894-field_27\" class=\"wpforms-field-medium\" name=\"wpforms[fields][27]\" ><\/textarea><\/div><div id=\"wpforms-1894-field_28-container\" class=\"wpforms-field wpforms-field-textarea\" data-field-id=\"28\"><label class=\"wpforms-field-label\" for=\"wpforms-1894-field_28\">Komente plot\u00ebsuese<\/label><textarea id=\"wpforms-1894-field_28\" class=\"wpforms-field-medium\" name=\"wpforms[fields][28]\" ><\/textarea><\/div><\/div><!-- .wpforms-field-container --><div class=\"wpforms-field wpforms-field-hp\"><label for=\"wpforms-1894-field-hp\" class=\"wpforms-field-label\">Comment<\/label><input type=\"text\" name=\"wpforms[hp]\" id=\"wpforms-1894-field-hp\" class=\"wpforms-field-medium\"><\/div><div class=\"wpforms-submit-container\" ><input type=\"hidden\" name=\"wpforms[id]\" value=\"1894\"><input type=\"hidden\" name=\"page_title\" value=\"\"><input type=\"hidden\" name=\"page_url\" value=\"https:\/\/malmed.gov.mk\/sq\/wp-json\/wp\/v2\/pages\/1889\"><input type=\"hidden\" name=\"url_referer\" value=\"\"><button type=\"submit\" name=\"wpforms[submit]\" id=\"wpforms-submit-1894\" class=\"wpforms-submit\" data-alt-text=\"\u0421\u0435 \u0438\u0441\u043f\u0440\u0430\u045c\u0430..\" data-submit-text=\"\u0418\u0441\u043f\u0440\u0430\u0442\u0438 \u043f\u0440\u0438\u0458\u0430\u0432\u0430\" aria-live=\"assertive\" value=\"wpforms-submit\">D\u00ebrgoni aplikacionin<\/button><\/div><input type=\"hidden\" name=\"trp-form-language\" value=\"sq\"\/><\/form><\/div>  <!-- .wpforms-container -->","protected":false},"excerpt":{"rendered":"","protected":false},"author":1,"featured_media":0,"parent":0,"menu_order":0,"comment_status":"closed","ping_status":"closed","template":"","meta":{"footnotes":""},"class_list":["post-1889","page","type-page","status-publish","hentry"],"_links":{"self":[{"href":"https:\/\/malmed.gov.mk\/sq\/wp-json\/wp\/v2\/pages\/1889","targetHints":{"allow":["GET"]}}],"collection":[{"href":"https:\/\/malmed.gov.mk\/sq\/wp-json\/wp\/v2\/pages"}],"about":[{"href":"https:\/\/malmed.gov.mk\/sq\/wp-json\/wp\/v2\/types\/page"}],"author":[{"embeddable":true,"href":"https:\/\/malmed.gov.mk\/sq\/wp-json\/wp\/v2\/users\/1"}],"replies":[{"embeddable":true,"href":"https:\/\/malmed.gov.mk\/sq\/wp-json\/wp\/v2\/comments?post=1889"}],"version-history":[{"count":0,"href":"https:\/\/malmed.gov.mk\/sq\/wp-json\/wp\/v2\/pages\/1889\/revisions"}],"wp:attachment":[{"href":"https:\/\/malmed.gov.mk\/sq\/wp-json\/wp\/v2\/media?parent=1889"}],"curies":[{"name":"wp","href":"https:\/\/api.w.org\/{rel}","templated":true}]}}