{"id":1631,"date":"2017-10-20T13:36:24","date_gmt":"2017-10-20T13:36:24","guid":{"rendered":"https:\/\/malmed.gov.mk\/?page_id=1631"},"modified":"2025-11-18T14:21:17","modified_gmt":"2025-11-18T14:21:17","slug":"%d1%80%d0%b5%d0%b3%d0%b8%d1%81%d1%82%d0%b0%d1%80-%d0%bd%d0%b0-%d0%bc%d0%b5%d0%b4%d0%b8%d1%86%d0%b8%d0%bd%d1%81%d0%ba%d0%b8-%d1%81%d1%80%d0%b5%d0%b4%d1%81%d1%82%d0%b2%d0%b0","status":"publish","type":"page","link":"https:\/\/malmed.gov.mk\/sq\/%d1%80%d0%b5%d0%b3%d0%b8%d1%81%d1%82%d0%b0%d1%80-%d0%bd%d0%b0-%d0%bc%d0%b5%d0%b4%d0%b8%d1%86%d0%b8%d0%bd%d1%81%d0%ba%d0%b8-%d1%81%d1%80%d0%b5%d0%b4%d1%81%d1%82%d0%b2%d0%b0\/","title":{"rendered":"Regjistri i Pajisjeve Mjek\u00ebsore"},"content":{"rendered":"<p>Agjencia e Barnave dhe Pajisjeve Mjek\u00ebsore mban Regjist\u00ebr p\u00ebr regjistrimin e pajisjeve mjek\u00ebsore n\u00eb territorin e Republik\u00ebs s\u00eb Maqedonis\u00eb s\u00eb Veriut  p\u00ebr t\u00eb cil\u00ebn \u00ebsht\u00eb l\u00ebshuar autorizimi i duhur p\u00ebr v\u00ebnien n\u00eb qarkullim t\u00eb barnave n\u00eb Republik\u00ebn e Maqedonis\u00eb s\u00eb Veriut.<\/p>\n<p><a href=\"https:\/\/registracija.malmed.gov.mk\/\" target=\"_blank\" rel=\"noopener noreferrer\"><strong><span style=\"color: #912777;\">\u041f\u0440\u0438\u0441\u0442\u0430\u043f \u0434\u043e \u0438\u043d\u0442\u0435\u0433\u0440\u0438\u0440\u0430\u043d\u0438\u043e\u0442 \u0438\u043d\u0444\u043e\u0440\u043c\u0430\u0446\u0438\u0441\u043a\u0438 \u0441\u0438\u0441\u0442\u0435\u043c \u043d\u0430 \u0410\u0433\u0435\u043d\u0446\u0438\u0458\u0430\u0442\u0430 \u0437\u0430 \u043b\u0435\u043a\u043e\u0432\u0438 \u0438 \u043c\u0435\u0434\u0438\u0446\u0438\u043d\u0441\u043a\u0438 \u0441\u0440\u0435\u0434\u0441\u0442\u0432\u0430 (\u0438 \u0434\u043e \u043d\u043e\u0432\u0438\u043e\u0442 \u043c\u043e\u0434\u0443\u043b \u0437\u0430 \u043c\u0435\u0434\u0438\u0446\u0438\u043d\u0441\u043a\u0438 \u0441\u0440\u0435\u0434\u0441\u0442\u0432\u0430)<\/span><\/strong><\/a><\/p>\n<p>Regjistri i Pajisjeve Mjek\u00ebsore, mund ta shikoni <span style=\"color: #912777;\"><strong><a style=\"color: #912777;\" href=\"https:\/\/registar.malmed.gov.mk\/registar\/medicinski_sredstva\" target=\"_blank\" rel=\"noopener noreferrer\"><span style=\"text-decoration: underline;\">k\u00ebtu<\/span>:<\/a><\/strong><\/span><\/p>\n<p>Tabel\u00ebn me pajisje mjek\u00ebsore mund ta shikoni <span style=\"color: #912777;\"><strong><a style=\"color: #912777;\" href=\"http:\/\/malmed.gov.mk\/wp-content\/uploads\/Tabela-Registar-na-medicinski-sredstva-20.09.2019.pdf\" target=\"_blank\" rel=\"noopener noreferrer\"><span style=\"text-decoration: underline;\">k\u00ebtu<\/span>:<\/a><\/strong><\/span><\/p>\n\n\n<p><\/p>\n\n\n\n<p><\/p>\n\n\n\n<p><\/p>\n\n\n\n<p><\/p>\n\n\n\n<p><\/p>","protected":false},"excerpt":{"rendered":"<p>\u0410\u0433\u0435\u043d\u0446\u0438\u0458\u0430\u0442\u0430 \u0437\u0430 \u043b\u0435\u043a\u043e\u0432\u0438 \u0438 \u043c\u0435\u0434\u0438\u0446\u0438\u043d\u0441\u043a\u0438 \u0441\u0440\u0435\u0434\u0441\u0442\u0432\u0430 \u0432\u043e\u0434\u0438\u00a0\u0440\u0435\u0433\u0438\u0441\u0442\u0430\u0440 \u043d\u0430 \u043c\u0435\u0434\u0438\u0446\u0438\u043d\u0441\u043a\u0438 \u0441\u0440\u0435\u0434\u0441\u0442\u0432\u0430 \u043d\u0430 \u0442\u0435\u0440\u0438\u0442\u043e\u0440\u0438\u0458\u0430\u0442\u0430 \u043d\u0430 \u0420\u0435\u043f\u0443\u0431\u043b\u0438\u043a\u0430 \u041c\u0430\u043a\u0435\u0434\u043e\u043d\u0438\u0458\u0430 \u0437\u0430 \u043a\u043e\u0438 \u0435 \u0438\u0437\u0434\u0430\u0434\u0435\u043d\u043e \u0441\u043e\u043e\u0434\u0432\u0435\u0442\u043d\u043e\u00a0\u043e\u0434\u043e\u0431\u0440\u0435\u043d\u0438\u0435 \u0437\u0430 \u0441\u0442\u0430\u0432\u0430\u045a\u0435 \u0432\u043e \u043f\u0440\u043e\u043c\u0435\u0442\u00a0\u0432\u043e \u0420\u0435\u043f\u0443\u0431\u043b\u0438\u043a\u0430 \u041c\u0430\u043a\u0435\u0434\u043e\u043d\u0438\u0458\u0430. \u041f\u0440\u0438\u0441\u0442\u0430\u043f \u0434\u043e \u0438\u043d\u0442\u0435\u0433\u0440\u0438\u0440\u0430\u043d\u0438\u043e\u0442 \u0438\u043d\u0444\u043e\u0440\u043c\u0430\u0446\u0438\u0441\u043a\u0438 \u0441\u0438\u0441\u0442\u0435\u043c \u043d\u0430 \u0410\u0433\u0435\u043d\u0446\u0438\u0458\u0430\u0442\u0430 \u0437\u0430 \u043b\u0435\u043a\u043e\u0432\u0438 \u0438 \u043c\u0435\u0434\u0438\u0446\u0438\u043d\u0441\u043a\u0438 \u0441\u0440\u0435\u0434\u0441\u0442\u0432\u0430 (\u0438 \u0434\u043e \u043d\u043e\u0432\u0438\u043e\u0442 \u043c\u043e\u0434\u0443\u043b \u0437\u0430 \u043c\u0435\u0434\u0438\u0446\u0438\u043d\u0441\u043a\u0438 \u0441\u0440\u0435\u0434\u0441\u0442\u0432\u0430) \u0420\u0435\u0433\u0438\u0441\u0442\u0430\u0440\u043e\u0442 \u043d\u0430 \u043c\u0435\u0434\u0438\u0446\u0438\u043d\u0441\u043a\u0438 \u0441\u0440\u0435\u0434\u0441\u0442\u0432\u0430 \u043c\u043e\u0436\u0435 \u0434\u0430 \u0433\u043e \u043f\u043e\u0433\u043b\u0435\u0434\u043d\u0435\u0442\u0435 \u0442\u0443\u043a\u0430: \u0422\u0430\u0431\u0435\u043b\u0430\u0442\u0430 [&hellip;]<\/p>","protected":false},"author":2,"featured_media":0,"parent":0,"menu_order":0,"comment_status":"closed","ping_status":"closed","template":"","meta":{"footnotes":""},"class_list":["post-1631","page","type-page","status-publish","hentry"],"_links":{"self":[{"href":"https:\/\/malmed.gov.mk\/sq\/wp-json\/wp\/v2\/pages\/1631","targetHints":{"allow":["GET"]}}],"collection":[{"href":"https:\/\/malmed.gov.mk\/sq\/wp-json\/wp\/v2\/pages"}],"about":[{"href":"https:\/\/malmed.gov.mk\/sq\/wp-json\/wp\/v2\/types\/page"}],"author":[{"embeddable":true,"href":"https:\/\/malmed.gov.mk\/sq\/wp-json\/wp\/v2\/users\/2"}],"replies":[{"embeddable":true,"href":"https:\/\/malmed.gov.mk\/sq\/wp-json\/wp\/v2\/comments?post=1631"}],"version-history":[{"count":0,"href":"https:\/\/malmed.gov.mk\/sq\/wp-json\/wp\/v2\/pages\/1631\/revisions"}],"wp:attachment":[{"href":"https:\/\/malmed.gov.mk\/sq\/wp-json\/wp\/v2\/media?parent=1631"}],"curies":[{"name":"wp","href":"https:\/\/api.w.org\/{rel}","templated":true}]}}