{"id":1623,"date":"2017-10-20T13:01:10","date_gmt":"2017-10-20T13:01:10","guid":{"rendered":"https:\/\/malmed.gov.mk\/?page_id=1623"},"modified":"2026-01-19T10:43:39","modified_gmt":"2026-01-19T10:43:39","slug":"%d0%b4%d0%be%d0%ba%d1%83%d0%bc%d0%b5%d0%bd%d1%82%d0%b8-%d0%b7%d0%b0-%d0%b3%d0%be%d0%b4%d0%b8%d1%88%d0%bd%d0%b8-%d0%b8%d0%b7%d0%b2%d0%b5%d1%88%d1%82%d0%b0%d0%b8","status":"publish","type":"page","link":"https:\/\/malmed.gov.mk\/sq\/%d0%b4%d0%be%d0%ba%d1%83%d0%bc%d0%b5%d0%bd%d1%82%d0%b8-%d0%b7%d0%b0-%d0%b3%d0%be%d0%b4%d0%b8%d1%88%d0%bd%d0%b8-%d0%b8%d0%b7%d0%b2%d0%b5%d1%88%d1%82%d0%b0%d0%b8\/","title":{"rendered":"Dokumente p\u00ebr raportet vjetore"},"content":{"rendered":"<p><a href=\"https:\/\/malmed.gov.mk\/wp-content\/uploads\/\u041c\u041a-\u0410\u041b-\u041c\u0410\u041b\u041c\u0415\u0414-\u0413\u043e\u0434\u0438\u0448\u0435\u043d-\u043f\u043b\u0430\u043d-2025.docx\"><span style=\"color: #921777;\">\u0413\u043e\u0434\u0438\u0448\u0435\u043d \u043f\u043b\u0430\u043d \u0437\u0430 \u0440\u0430\u0431\u043e\u0442\u0430 \u043d\u0430 \u0444\u0430\u0440\u043c\u0430\u0446\u0435\u0432\u0442\u0441\u043a\u0438\u0442\u0435 \u0438\u043d\u0441\u043f\u0435\u043a\u0442\u043e\u0440\u0438 \u0437\u0430 2025 \u0433\u043e\u0434\u0438\u043d\u0430 30.12.2025<\/span><\/a><\/p>\n<p><span style=\"color: #912777;\"><a style=\"color: #912777;\" href=\"https:\/\/malmed.gov.mk\/wp-content\/uploads\/\u0413\u043e\u0434\u0438\u0448\u0435\u043d-\u0438\u0437\u0432\u0435\u0448\u0442\u0430\u0458-\u0437\u0430-\u041c\u0410\u041b\u041c\u0415\u0414-\u0437\u0430-2024-\u0433\u043e\u0434\u0438\u043d\u0430-1.pdf\">\u0413\u043e\u0434\u0438\u0448\u0435\u043d \u0438\u0437\u0432\u0435\u0448\u0442\u0430\u0458 \u0437\u0430 \u0440\u0430\u0431\u043e\u0442\u0430\u0442\u0430 \u043d\u0430 \u0410\u0433\u0435\u043d\u0446\u0438\u0458\u0430\u0442\u0430 \u0437\u0430 \u043b\u0435\u043a\u043e\u0432\u0438 \u0438 \u043c\u0435\u0434\u0438\u0446\u0438\u043d\u0441\u043a\u0438 \u0441\u0440\u0435\u0434\u0441\u0442\u0432\u0430 \u0437\u0430 2024 \u0433\u043e\u0434\u0438\u043d\u0430 20.11.2025<\/a><\/span><\/p>\n<p><a href=\"https:\/\/malmed.gov.mk\/wp-content\/uploads\/Godisen-izvestaj-za-rabotata-na-Agencijata-za-lekovi-i-meidicinki-sredstva-za-2023-godina.pdf\"><span style=\"color: #912777;\">\u0413\u043e\u0434\u0438\u0448\u0435\u043d \u0438\u0437\u0432\u0435\u0448\u0442\u0430\u0458 \u0437\u0430 \u0440\u0430\u0431\u043e\u0442\u0430\u0442\u0430 \u043d\u0430 \u0410\u0433\u0435\u043d\u0446\u0438\u0458\u0430\u0442\u0430 \u0437\u0430 \u043b\u0435\u043a\u043e\u0432\u0438 \u0438 \u043c\u0435\u0434\u0438\u0446\u0438\u043d\u0441\u043a\u0438 \u0441\u0440\u0435\u0434\u0441\u0442\u0432\u0430 \u0437\u0430 2023 \u0433\u043e\u0434\u0438\u043d\u0430 17.10.2024<\/span><\/a><\/p>\n<p><a href=\"https:\/\/malmed.gov.mk\/wp-content\/uploads\/IMG_0001-1.pdf\" target=\"_blank\" rel=\"noopener noreferrer\"><span style=\"color: #912777;\">\u0413\u043e\u0434\u0438\u0448\u0435\u043d \u0438\u0437\u0432\u0435\u0448\u0442\u0430\u0458 \u0437\u0430 \u0440\u0430\u0431\u043e\u0442\u0430\u0442\u0430 \u043d\u0430 \u0410\u0433\u0435\u043d\u0446\u0438\u0458\u0430\u0442\u0430 \u0437\u0430 \u043b\u0435\u043a\u043e\u0432\u0438 \u0438 \u043c\u0435\u0434\u0438\u0446\u0438\u043d\u043a\u0441\u0438 \u0441\u0440\u0435\u0434\u0441\u0442\u0432\u0430 \u0437\u0430 2022 \u0433\u043e\u0434\u0438\u043d\u0430 14.07.2023<\/span><\/a><\/p>\n<p><a href=\"https:\/\/malmed.gov.mk\/wp-content\/uploads\/Godisen-plan-na-Agencijata-za-sprecuvanje-na-korupcijata-za-2023.pdf\" target=\"_blank\" rel=\"noopener noreferrer\"><span style=\"color: #912777;\">\u0413\u043e\u0434\u0438\u0448\u0435\u043d \u043f\u043b\u0430\u043d \u0437\u0430 \u043f\u0440\u043e\u0446\u0435\u043d\u043a\u0430 \u043e\u0434 \u0440\u0438\u0437\u0438\u0446\u0438 \u043e\u0434 \u043a\u043e\u0440\u0443\u043f\u0446\u0438\u0458\u0430 \u0432\u043e \u0410\u0433\u0435\u043d\u0446\u0438\u0458\u0430\u0442\u0430 \u0437\u0430 \u043b\u0435\u043a\u043e\u0432\u0438 \u0438 \u043c\u0435\u0434\u0438\u0446\u0438\u043d\u0441\u043a\u0438 \u0441\u0440\u0435\u0434\u0441\u0442\u0432\u0430 \u0437\u0430 20203 \u0433\u043e\u0434\u0438\u043d\u0430. 03.01.2023<\/span><\/a><\/p>\n<p><a href=\"https:\/\/malmed.gov.mk\/wp-content\/uploads\/\u0413\u041e\u0414\u0418\u0428\u0415\u041d-\u041f\u041b\u0410\u041d-\u0417\u0410-2023.docx\" target=\"_blank\" rel=\"noopener noreferrer\"><span style=\"color: #912777;\">\u0413\u043e\u0434\u0438\u0448\u043d\u0438\u043e\u0442 \u043f\u043b\u0430\u043d \u0437\u0430 \u0440\u0430\u0431\u043e\u0442\u0430 \u043d\u0430 \u041e\u0434\u0434\u0435\u043b\u0435\u043d\u0438\u0435\u0442\u043e \u0437\u0430 \u0438\u043d\u0441\u043f\u0435\u043a\u0446\u0438\u0441\u043a\u0438 \u043d\u0430\u0434\u0437\u043e\u0440 \u043e\u0434 \u043e\u0431\u043b\u0430\u0441\u0442\u0430 \u043d\u0430 \u043b\u0435\u043a\u043e\u0432\u0438\u0442\u0435 \u0438 \u043c\u0435\u0434\u0438\u0446\u0438\u043d\u0441\u043a\u0438\u0442\u0435 \u0441\u0440\u0435\u0434\u0441\u0442\u0432\u0430 \u00a0\u0437\u0430 2023 \u0433\u043e\u0434\u0438\u043d\u0430 27.12.2022<\/span><\/a><\/p>\n<p><a href=\"https:\/\/malmed.gov.mk\/wp-content\/uploads\/IMG_0001-compressed.pdf\" target=\"_blank\" rel=\"noopener noreferrer\"><span style=\"color: #912777;\">\u0413\u043e\u0434\u0438\u0448\u0435\u043d \u0438\u0437\u0432\u0435\u0448\u0442\u0430\u0458 \u0437\u0430 \u0440\u0430\u0431\u043e\u0442\u0430\u0442\u0430 \u043d\u0430 \u0410\u0433\u0435\u043d\u0446\u0438\u0458\u0430\u0442\u0430 \u0437\u0430 \u043b\u0435\u043a\u043e\u0432\u0438 \u0438 \u043c\u0435\u0434\u0438\u0446\u0438\u043d\u043a\u0441\u0438 \u0441\u0440\u0435\u0434\u0441\u0442\u0432\u0430 \u0437\u0430 2021 \u0433\u043e\u0434\u0438\u043d\u0430 07.12.2022<\/span><\/a><\/p>\n<p><a href=\"https:\/\/malmed.gov.mk\/wp-content\/uploads\/Godisen-plan-za-sprecuvanje-na-korupcijata-vo-MALMED-za-2022-godina.pdf\" target=\"_blank\" rel=\"noopener noreferrer\"><span style=\"color: #912777;\">\u0413\u043e\u0434\u0438\u0448\u0435\u043d \u043f\u043b\u0430\u043d \u0437\u0430 \u0441\u043f\u0440\u0435\u0447\u0443\u0432\u0430\u045a\u0435 \u043d\u0430 \u043a\u043e\u0440\u0443\u043f\u0446\u0438\u0458\u0430\u0442\u0430 \u0432\u043e \u0410\u0433\u0435\u043d\u0446\u0438\u0458\u0430\u0442\u0430 \u0437\u0430 \u043b\u0435\u043a\u043e\u0432\u0438 \u0438 \u043c\u0435\u0434\u0438\u0446\u0438\u043d\u0441\u043a\u0438 \u0441\u0440\u0435\u0434\u0441\u0442\u0432\u0430 \u0437\u0430 2022 07.12.2022<\/span><\/a><\/p>\n<p><a href=\"https:\/\/malmed.gov.mk\/wp-content\/uploads\/Godisen-plan-za-sprecuvanje-na-korupcijata-vo-MALMED-2021.pdf\" target=\"_blank\" rel=\"noopener noreferrer\"><span style=\"color: #912777;\">\u0413\u043e\u0434\u0438\u0448\u0435\u043d \u043f\u043b\u0430\u043d \u0437\u0430 \u0441\u043f\u0440\u0435\u0447\u0443\u0432\u0430\u045a\u0435 \u043d\u0430 \u043a\u043e\u0440\u0443\u043f\u0446\u0438\u0458\u0430\u0442\u0430 \u0432\u043e \u0410\u0433\u0435\u043d\u0446\u0438\u0458\u0430\u0442\u0430 \u0437\u0430 \u043b\u0435\u043a\u043e\u0432\u0438 \u043c\u0435\u0434\u0438\u0446\u0438\u043d\u0441\u043a\u0438 \u0441\u0440\u0435\u0434\u0441\u0442\u0432\u0430\u0430 \u0437\u0430 2021 07.12.2022<\/span><\/a><\/p>\n<p><a href=\"https:\/\/malmed.gov.mk\/wp-content\/uploads\/Usoglasen-tekst-na-Godisen-izvestaj-na-MALMED-za-2020-finansiski-del.pdf\" target=\"_blank\" rel=\"noopener noreferrer\"><span style=\"color: #912777;\">\u0423\u0441\u043e\u0433\u043b\u0430\u0441\u0435\u043d \u0442\u0435\u043a\u0441\u0442 \u043d\u0430 \u0433\u043e\u0434\u0438\u0448\u0435\u043d \u0438\u0437\u0432\u0435\u0448\u0442\u0430\u0458 \u043d\u0430 \u0410\u0433\u0435\u0446\u0438\u0458\u0430\u0442\u0430 \u0437\u0430 \u043b\u0435\u043a\u043e\u0432\u0438 \u0438 \u043c\u0435\u0434\u0438\u0446\u0438\u043d\u0441\u043a\u0438 \u0441\u0440\u0435\u0434\u0441\u0442\u0432\u0430 \u0437\u0430 2020 &#8211; \u0444\u0438\u043d\u0430\u043d\u0441\u0438\u0441\u043a\u0438 \u0434\u0435\u043b 07.12.2022<\/span><\/a><\/p>\n<p><a href=\"https:\/\/malmed.gov.mk\/wp-content\/uploads\/Godisen-izvestaj-na-MALMED-za-2020-godina.pdf\" target=\"_blank\" rel=\"noopener noreferrer\"><span style=\"color: #912777;\">\u0413\u043e\u0434\u0438\u0448\u0435\u043d \u0438\u0437\u0432\u0435\u0448\u0442\u0430\u0458 \u0437\u0430 \u0440\u0430\u0431\u043e\u0442\u0430\u0442\u0430 \u043d\u0430 \u0410\u0433\u0435\u043d\u0446\u0438\u0458\u0430\u0442\u0430 \u0437\u0430 \u043b\u0435\u043a\u043e\u0432\u0438 \u0438 \u043c\u0435\u0434\u0438\u0446\u0438\u043d\u0441\u043a\u0438 \u0441\u0440\u0435\u0434\u0441\u0442\u0432\u0430 \u0437\u0430 2020 \u0433\u043e\u0434\u0438\u043d\u0430 \u043e\u0431\u0458\u0430\u0432\u0435\u043d\u043e 07.12.2022<\/span><\/a><\/p>\n<p><a href=\"https:\/\/malmed.gov.mk\/wp-content\/uploads\/Godisen-izvestaj-za-MALMED-za-2019-1.pdf\" target=\"_blank\" rel=\"noopener noreferrer\"><span style=\"color: #912777;\">\u0413\u043e\u0434\u0438\u0448\u0435\u043d \u0438\u0437\u0432\u0435\u0448\u0442\u0430\u0458 \u0437\u0430 \u0440\u0430\u0431\u043e\u0442\u0430\u0442\u0430 \u043d\u0430 \u0410\u0433\u0435\u043d\u0446\u0438\u0458\u0430\u0442\u0430 \u0437\u0430 \u043b\u0435\u043a\u043e\u0432\u0438 \u0438 \u043c\u0435\u0434\u0438\u0446\u0438\u043d\u0441\u043a\u0438 \u0441\u0440\u0435\u0434\u0441\u0442\u0432\u0430 \u0437\u0430 2019 \u0433\u043e\u0434\u0438\u043d\u0430 \u043e\u0431\u0458\u0430\u0432\u0435\u043d\u043e 07.12.2022<\/span><\/a><\/p>\n<p><a href=\"https:\/\/malmed.gov.mk\/wp-content\/uploads\/\u0428\u0435\u0441\u0442\u043c\u0435\u0441\u0435\u0447\u0435\u043d-\u0438\u0437\u0432\u0435\u0448\u0442\u0430\u0458-\u0458\u0430\u043d\u0443\u0430\u0440\u0438-\u0458\u0443\u043d\u0438-2022.docx\" target=\"_blank\" rel=\"noopener noreferrer\"><span style=\"color: #912777;\">\u0418\u0437\u0432\u0435\u0448\u0442\u0430\u0458 \u0437\u0430 \u0440\u0430\u0431\u043e\u0442\u0430 \u043d\u0430 \u041e\u0434\u0434\u0435\u043b\u0435\u043d\u0438\u0435\u0442\u043e \u0437\u0430 \u0438\u043d\u0441\u043f\u0435\u043a\u0446\u0438\u0441\u043a\u0438 \u043d\u0430\u0434\u0437\u043e\u0440 \u043e\u0434 \u043e\u0431\u043b\u0430\u0441\u0442\u0430 \u043d\u0430 \u043b\u0435\u043a\u043e\u0432\u0438\u0442\u0435 \u0438 \u043c\u0435\u0434\u0438\u0446\u0438\u043d\u0441\u043a\u0438\u0442\u0435 \u0441\u0440\u0435\u0434\u0441\u0442\u0432\u0430 \u0437\u0430 \u043f\u0435\u0440\u0438\u043e\u0434\u043e\u0442 \u0458\u0430\u043d\u0443\u0430\u0440\u0438-\u0458\u0443\u043d\u0438 2022 \u0433\u043e\u0434\u0438\u043d\u0430<\/span><\/a><\/p>\n<p><a href=\"https:\/\/malmed.gov.mk\/wp-content\/uploads\/Godisen_plan_za_rabota_na_oddelenie_za_inspekciski_nadzor_za_2022.pdf\" target=\"_blank\" rel=\"noopener noreferrer\"><span style=\"color: #912777;\">\u0413\u043e\u0434\u0438\u0448\u0435\u043d \u043f\u043b\u0430\u043d \u0437\u0430 \u0440\u0430\u0431\u043e\u0442\u0430 \u043d\u0430 \u043e\u0434\u0434\u0435\u043b\u0435\u043d\u0438\u0435\u0442\u043e \u0437\u0430 \u0438\u043d\u0441\u043f\u0435\u043a\u0446\u0438\u0441\u043a\u0438 \u043d\u0430\u0434\u0437\u043e\u0440 \u043e\u0434 \u043e\u0431\u043b\u0430\u0441\u0442\u0430 \u043d\u0430 \u043b\u0435\u043a\u043e\u0432\u0438\u0442\u0435 \u0438 \u043c\u0435\u0434\u0438\u0446\u0438\u043d\u0441\u043a\u0438\u0442\u0435 \u0441\u0440\u0435\u0434\u0441\u0442\u0432\u0430 \u043f\u0440\u0438 \u0410\u0433\u0435\u043d\u0446\u0438\u0458\u0430\u0442\u0430 \u0437\u0430 \u043b\u0435\u043a\u043e\u0432\u0438 \u0438 \u043c\u0435\u0434\u0438\u0446\u0438\u043d\u0441\u043a\u0438 \u0441\u0440\u0435\u0434\u0441\u0442\u0432\u0430 \u0437\u0430 2022 \u0433\u043e\u0434\u0438\u043d\u0430, \u043e\u0431\u0458\u0430\u0432\u0435\u043d\u043e \u043d\u0430 20.12.2022<\/span><\/a><\/p>\n<p><a href=\"https:\/\/malmed.gov.mk\/wp-content\/uploads\/Godisen_plan_za_sprecuvanje_na_korupcijata_vo_Agencijata-2021.pdf\" target=\"_blank\" rel=\"noopener noreferrer\"><span style=\"color: #912777;\">\u0413\u043e\u0434\u0438\u0448\u0435\u043d \u043f\u043b\u0430\u043d \u0437\u0430 \u0441\u043f\u0440\u0435\u0447\u0443\u0432\u0430\u045a\u0435 \u043d\u0430 \u043a\u043e\u0440\u0443\u043f\u0446\u0438\u0458\u0430\u0442\u0430 \u0432\u043e \u0410\u0433\u0435\u043d\u0446\u0438\u0458\u0430\u0442\u0430 \u0437\u0430 \u043b\u0435\u043a\u043e\u0432\u0438 \u0438 \u043c\u0435\u0434\u0438\u0446\u0438\u043d\u0441\u043a\u0438 \u0441\u0440\u0435\u0434\u0441\u0442\u0432\u0430 \u0437\u0430 2021 \u0433\u043e\u0434\u0438\u043d\u0430<\/span><\/a><\/p>\n<p><a href=\"https:\/\/malmed.gov.mk\/wp-content\/uploads\/Izvestaj-inspekciski-nadzor-MALMED-januari-juni-2021.pdf\" target=\"_blank\" rel=\"noopener noreferrer\"><span style=\"color: #912777;\">\u0418\u0437\u0432\u0435\u0448\u0442\u0430\u0458 \u0437\u0430 \u0440\u0430\u0431\u043e\u0442\u0430 \u043d\u0430 \u041e\u0434\u0434\u0435\u043b\u0435\u043d\u0438\u0435\u0442\u043e \u0437\u0430 \u0438\u043d\u0441\u043f\u0435\u043a\u0446\u0438\u0441\u043a\u0438 \u043d\u0430\u0434\u0437\u043e\u0440 \u043e\u0434 \u043e\u0431\u043b\u0430\u0441\u0442\u0430 \u043d\u0430 \u043b\u0435\u043a\u043e\u0432\u0438\u0442\u0435 \u0438 \u043c\u0435\u0434\u0438\u0446\u0438\u043d\u0441\u043a\u0438\u0442\u0435 \u0441\u0440\u0435\u0434\u0441\u0442\u0432\u0430 \u0437\u0430 \u043f\u0435\u0440\u0438\u043e\u0434\u043e\u0442 \u0458\u0430\u043d\u0443\u0430\u0440\u0438-\u0458\u0443\u043d\u0438 2021 \u0433\u043e\u0434\u0438\u043d\u0430<\/span><\/a><\/p>\n<p><span style=\"color: #912777;\"><a style=\"color: #912777;\" href=\"https:\/\/malmed.gov.mk\/wp-content\/uploads\/Godisen-plan-za-rabota-na-oddelenie-za-inspekciski-nadzor-za-2021.pdf\" target=\"_blank\" rel=\"noopener noreferrer\">\u0413\u043e\u0434\u0438\u0448\u0435\u043d \u043f\u043b\u0430\u043d \u0437\u0430 \u0440\u0430\u0431\u043e\u0442\u0430 \u043d\u0430 \u043e\u0434\u0434\u0435\u043b\u0435\u043d\u0438\u0435\u0442\u043e \u0437\u0430 \u0438\u043d\u0441\u043f\u0435\u043a\u0446\u0438\u0441\u043a\u0438 \u043d\u0430\u0434\u0437\u043e\u0440 \u043e\u0434 \u043e\u0431\u043b\u0430\u0441\u0442\u0430 \u043d\u0430 \u043b\u0435\u043a\u043e\u0432\u0438\u0442\u0435 \u0438 \u043c\u0435\u0434\u0438\u0446\u0438\u043d\u0441\u043a\u0438\u0442\u0435 \u0441\u0440\u0435\u0434\u0441\u0442\u0432\u0430 \u043f\u0440\u0438 \u0410\u0433\u0435\u043d\u0446\u0438\u0458\u0430\u0442\u0430 \u0437\u0430 \u043b\u0435\u043a\u043e\u0432\u0438 \u0438 \u043c\u0435\u0434\u0438\u0446\u0438\u043d\u0441\u043a\u0438 \u0441\u0440\u0435\u0434\u0441\u0442\u0432\u0430 \u0437\u0430 2021 \u0433\u043e\u0434\u0438\u043d\u0430<\/a><\/span><\/p>\n<p><a href=\"https:\/\/malmed.gov.mk\/wp-content\/uploads\/Izvestaj-inspekciski-nadzor-MALMED-juli-dekemvri-2020.pdf\" target=\"_blank\" rel=\"noopener noreferrer\"><span style=\"color: #912777;\">\u0418\u0437\u0432\u0435\u0448\u0442\u0430\u0458 \u0437\u0430 \u0440\u0430\u0431\u043e\u0442\u0430 \u043d\u0430 \u041e\u0434\u0434\u0435\u043b\u0435\u043d\u0438\u0435\u0442\u043e \u0437\u0430 \u0438\u043d\u0441\u043f\u0435\u043a\u0446\u0438\u0441\u043a\u0438 \u043d\u0430\u0434\u0437\u043e\u0440 \u043e\u0434 \u043e\u0431\u043b\u0430\u0441\u0442\u0430 \u043d\u0430 \u043b\u0435\u043a\u043e\u0432\u0438\u0442\u0435 \u0438 \u043c\u0435\u0434\u0438\u0446\u0438\u043d\u0441\u043a\u0438\u0442\u0435 \u0441\u0440\u0435\u0434\u0441\u0442\u0432\u0430 \u0437\u0430 \u043f\u0435\u0440\u0438\u043e\u0434\u043e\u0442 \u0458\u0443\u043b\u0438-\u0434\u0435\u043a\u0435\u043c\u0432\u0440\u0438 2020 \u0433\u043e\u0434\u0438\u043d\u0430<\/span><\/a><\/p>\n<p><a href=\"https:\/\/malmed.gov.mk\/wp-content\/uploads\/Izvestaj-inspekciski-nadzor-MALMED-januar-juni-2020.pdf\" target=\"_blank\" rel=\"noopener noreferrer\"><span style=\"color: #912777;\">\u0418\u0437\u0432\u0435\u0448\u0442\u0430\u0458 \u0437\u0430 \u0440\u0430\u0431\u043e\u0442\u0430 \u043d\u0430 \u041e\u0434\u0434\u0435\u043b\u0435\u043d\u0438\u0435\u0442\u043e \u0437\u0430 \u0438\u043d\u0441\u043f\u0435\u043a\u0446\u0438\u0441\u043a\u0438 \u043d\u0430\u0434\u0437\u043e\u0440 \u043e\u0434 \u043e\u0431\u043b\u0430\u0441\u0442\u0430 \u043d\u0430 \u043b\u0435\u043a\u043e\u0432\u0438\u0442\u0435 \u0438 \u043c\u0435\u0434\u0438\u0446\u0438\u043d\u0441\u043a\u0438\u0442\u0435 \u0441\u0440\u0435\u0434\u0441\u0442\u0432\u0430 \u0437\u0430 \u043f\u0435\u0440\u0438\u043e\u0434\u043e\u0442 \u0458\u0430\u043d\u0443\u0430\u0440\u0438-\u0458\u0443\u043d\u0438 2020 \u0433\u043e\u0434\u0438\u043d\u0430<\/span><\/a><\/p>\n<p><span class=\"outer\"><span class=\"inner\"><a href=\"http:\/\/malmed.gov.mk\/wp-content\/uploads\/Strateski-plan-MALMED-za-2018-2020-godina.pdf\" target=\"_blank\" rel=\"noopener noreferrer\"><span style=\"color: #912777;\">Plani strategjik i Agjencis\u00eb s\u00eb Barnave dhe Pajisjeve Mjek\u00ebsore p\u00ebr periudh\u00ebn e viteve 2018 \u2013 2020<\/span><\/a><\/span><\/span><\/p>\n<p><span class=\"outer\" style=\"color: #912777;\"><span class=\"inner\"><a style=\"color: #912777;\" href=\"https:\/\/malmed.gov.mk\/wp-content\/uploads\/Otcetnost_za_trosenjata_Agencija-za-lekovi-i-medicinski-sredstva_01.12.2017-30.05.2018.xlsx\" target=\"_blank\" rel=\"noopener noreferrer\">Llogaritja p\u00ebr shpenzimet e zyrtar\u00ebve publik n\u00eb periudh\u00ebn e vitit 1.12.2017 deri m\u00eb 30.5.2018.<\/a><\/span><\/span><\/p>\n<p><span style=\"text-decoration: underline;\"><strong>\u0417\u0430\u0432\u0440\u0448\u043d\u0438 \u0441\u043c\u0435\u0442\u043a\u0438 \u0437\u0430 2021 \u0433\u043e\u0434\u0438\u043d\u0430:<\/strong><\/span><\/p>\n<p><a href=\"https:\/\/malmed.gov.mk\/wp-content\/uploads\/Zavrsna_smetka_603_za_2021_godina.pdf\" target=\"_blank\" rel=\"noopener noreferrer\"><span style=\"color: #912777;\">Llogaria p\u00ebrfundimtare-603<\/span><\/a><\/p>\n<p><a href=\"https:\/\/malmed.gov.mk\/wp-content\/uploads\/Zavrsna_smetka_631_za_2021_godina.pdf\" target=\"_blank\" rel=\"noopener noreferrer\"><span style=\"color: #912777;\">Llogaria p\u00ebrfundimtare-631<\/span><\/a><\/p>\n<p><a href=\"https:\/\/malmed.gov.mk\/wp-content\/uploads\/Zavrsna_smetka_787_za_2021_godina.pdf\" target=\"_blank\" rel=\"noopener noreferrer\"><span style=\"color: #912777;\">Llogaria p\u00ebrfundimtare-787<\/span><\/a><\/p>\n<p><span style=\"text-decoration: underline;\"><strong>\u0417\u0430\u0432\u0440\u0448\u043d\u0438 \u0441\u043c\u0435\u0442\u043a\u0438 \u0437\u0430 2020 \u0433\u043e\u0434\u0438\u043d\u0430:<\/strong><\/span><\/p>\n<p><a href=\"https:\/\/malmed.gov.mk\/wp-content\/uploads\/Zavrsna-smetka-603-za-2020-godina.pdf\" target=\"_blank\" rel=\"noopener noreferrer\"><span style=\"color: #912777;\">Llogaria p\u00ebrfundimtare-603<\/span><\/a><\/p>\n<p><a href=\"https:\/\/malmed.gov.mk\/wp-content\/uploads\/Zavrsna-smetka-631-za-2020-godina.pdf\" target=\"_blank\" rel=\"noopener noreferrer\"><span style=\"color: #912777;\">Llogaria p\u00ebrfundimtare-631<\/span><\/a><\/p>\n<p><a href=\"https:\/\/malmed.gov.mk\/wp-content\/uploads\/Zavrsna-smetka-787-za-2020-godina.pdf\" target=\"_blank\" rel=\"noopener noreferrer\"><span style=\"color: #912777;\">Llogaria p\u00ebrfundimtare-787<\/span><\/a><\/p>\n<p><span style=\"text-decoration: underline;\"><strong>Llogarit\u00eb p\u00ebrfundimtare p\u00ebr vitin 2019<\/strong><\/span><\/p>\n<p><a href=\"https:\/\/malmed.gov.mk\/wp-content\/uploads\/Zavrsna-smetka-603-za-2019-godina.pdf\" target=\"_blank\" rel=\"noopener noreferrer\"><span style=\"color: #912777;\">Llogaria p\u00ebrfundimtare-603<\/span><\/a><\/p>\n<p><a href=\"https:\/\/malmed.gov.mk\/wp-content\/uploads\/Zavrsna-smetka-631-za-2019-godina.pdf\" target=\"_blank\" rel=\"noopener noreferrer\"><span style=\"color: #912777;\">Llogaria p\u00ebrfundimtare-631<\/span><\/a><\/p>\n<p><a href=\"https:\/\/malmed.gov.mk\/wp-content\/uploads\/Zavrsna-smetka-787-za-2019-godina.pdf\" target=\"_blank\" rel=\"noopener noreferrer\"><span style=\"color: #912777;\">Llogaria p\u00ebrfundimtare-787<\/span><\/a><\/p>\n<p><span style=\"text-decoration: underline;\"><strong>Llogarit\u00eb p\u00ebrfundimtare p\u00ebr vitin 2018<\/strong><\/span><\/p>\n<p><span class=\"outer\"><span class=\"inner\"><a href=\"http:\/\/malmed.gov.mk\/wp-content\/uploads\/Zavrsna-smetka-603-za-2018-godina.pdf\" target=\"_blank\" rel=\"noopener noreferrer\"><span style=\"color: #912777;\">Llogaria p\u00ebrfundimtare-603<\/span><\/a><\/span><\/span><\/p>\n<p><span class=\"outer\" style=\"color: #912777;\"><span class=\"inner\"><a style=\"color: #912777;\" href=\"http:\/\/malmed.gov.mk\/wp-content\/uploads\/Zavrsna-smetka-631-za-2018-godina.pdf\" target=\"_blank\" rel=\"noopener noreferrer\">Llogaria p\u00ebrfundimtare-631<\/a><\/span><\/span><\/p>\n<p><span class=\"outer\" style=\"color: #912777;\"><span class=\"inner\"><a style=\"color: #912777;\" href=\"http:\/\/malmed.gov.mk\/wp-content\/uploads\/Zavrsna-smetka-787-za-2018-godina.pdf\" target=\"_blank\" rel=\"noopener noreferrer\">Llogaria p\u00ebrfundimtare-787<\/a><\/span><\/span><\/p>\n<p><span style=\"text-decoration: underline;\"><strong>Llogarit\u00eb p\u00ebrfundimtare p\u00ebr vitin 2017<\/strong><\/span><\/p>\n<p><span class=\"outer\"><span class=\"inner\"><a href=\"http:\/\/malmed.gov.mk\/wp-content\/uploads\/Zavrsna-smetka-603-za-2017-godina.pdf\" target=\"_blank\" rel=\"noopener noreferrer\"><span style=\"color: #912777;\">Llogaria p\u00ebrfundimtare-603<\/span><\/a><\/span><\/span><\/p>\n<p><span class=\"outer\" style=\"color: #912777;\"><span class=\"inner\"><a style=\"color: #912777;\" href=\"http:\/\/malmed.gov.mk\/wp-content\/uploads\/Zavrsna-smetka-631-za-2017-godina.pdf\" target=\"_blank\" rel=\"noopener noreferrer\">Llogaria p\u00ebrfundimtare-631<\/a><\/span><\/span><\/p>\n<p><span class=\"outer\" style=\"color: #912777;\"><span class=\"inner\"><a style=\"color: #912777;\" href=\"http:\/\/malmed.gov.mk\/wp-content\/uploads\/Zavrsna-smetka-787-za-2017-godina.pdf\" target=\"_blank\" rel=\"noopener noreferrer\">Llogaria p\u00ebrfundimtare-787<\/a><\/span><\/span><\/p>\n<p><span style=\"text-decoration: underline;\"><strong>Llogarit\u00eb p\u00ebrfundimtare p\u00ebr vitin 2016<\/strong><\/span><\/p>\n<p><span class=\"outer\"><span class=\"inner\"><a href=\"http:\/\/malmed.gov.mk\/wp-content\/uploads\/Zavrsna-smetka-603-za-2016-godina.pdf\" target=\"_blank\" rel=\"noopener noreferrer\"><span style=\"color: #912777;\">Llogaria p\u00ebrfundimtare-603<\/span><\/a><\/span><\/span><\/p>\n<p><span class=\"outer\" style=\"color: #912777;\"><span class=\"inner\"><a style=\"color: #912777;\" href=\"http:\/\/malmed.gov.mk\/wp-content\/uploads\/Zavrsna-smetka-631-za-2016-godina.pdf\" target=\"_blank\" rel=\"noopener noreferrer\">Llogaria p\u00ebrfundimtare-631<\/a><\/span><\/span><\/p>\n<p><span class=\"outer\" style=\"color: #912777;\"><span class=\"inner\"><a style=\"color: #912777;\" href=\"http:\/\/malmed.gov.mk\/wp-content\/uploads\/Zavrsna-smetka-787-za-2016-godina.pdf\" target=\"_blank\" rel=\"noopener noreferrer\">Llogaria p\u00ebrfundimtare-787<\/a><\/span><\/span><\/p>\n\n\n<p><\/p>\n\n\n\n<p><\/p>\n\n\n\n<p><\/p>\n\n\n\n<p><\/p>\n\n\n\n<p><\/p>","protected":false},"excerpt":{"rendered":"<p>\u0413\u043e\u0434\u0438\u0448\u0435\u043d \u043f\u043b\u0430\u043d \u0437\u0430 \u0440\u0430\u0431\u043e\u0442\u0430 \u043d\u0430 \u0444\u0430\u0440\u043c\u0430\u0446\u0435\u0432\u0442\u0441\u043a\u0438\u0442\u0435 \u0438\u043d\u0441\u043f\u0435\u043a\u0442\u043e\u0440\u0438 \u0437\u0430 2025 \u0433\u043e\u0434\u0438\u043d\u0430 30.12.2025 \u0413\u043e\u0434\u0438\u0448\u0435\u043d \u0438\u0437\u0432\u0435\u0448\u0442\u0430\u0458 \u0437\u0430 \u0440\u0430\u0431\u043e\u0442\u0430\u0442\u0430 \u043d\u0430 \u0410\u0433\u0435\u043d\u0446\u0438\u0458\u0430\u0442\u0430 \u0437\u0430 \u043b\u0435\u043a\u043e\u0432\u0438 \u0438 \u043c\u0435\u0434\u0438\u0446\u0438\u043d\u0441\u043a\u0438 \u0441\u0440\u0435\u0434\u0441\u0442\u0432\u0430 \u0437\u0430 2024 \u0433\u043e\u0434\u0438\u043d\u0430 20.11.2025 \u0413\u043e\u0434\u0438\u0448\u0435\u043d \u0438\u0437\u0432\u0435\u0448\u0442\u0430\u0458 \u0437\u0430 \u0440\u0430\u0431\u043e\u0442\u0430\u0442\u0430 \u043d\u0430 \u0410\u0433\u0435\u043d\u0446\u0438\u0458\u0430\u0442\u0430 \u0437\u0430 \u043b\u0435\u043a\u043e\u0432\u0438 \u0438 \u043c\u0435\u0434\u0438\u0446\u0438\u043d\u0441\u043a\u0438 \u0441\u0440\u0435\u0434\u0441\u0442\u0432\u0430 \u0437\u0430 2023 \u0433\u043e\u0434\u0438\u043d\u0430 17.10.2024 \u0413\u043e\u0434\u0438\u0448\u0435\u043d \u0438\u0437\u0432\u0435\u0448\u0442\u0430\u0458 \u0437\u0430 \u0440\u0430\u0431\u043e\u0442\u0430\u0442\u0430 \u043d\u0430 \u0410\u0433\u0435\u043d\u0446\u0438\u0458\u0430\u0442\u0430 \u0437\u0430 \u043b\u0435\u043a\u043e\u0432\u0438 \u0438 \u043c\u0435\u0434\u0438\u0446\u0438\u043d\u043a\u0441\u0438 \u0441\u0440\u0435\u0434\u0441\u0442\u0432\u0430 \u0437\u0430 2022 \u0433\u043e\u0434\u0438\u043d\u0430 [&hellip;]<\/p>","protected":false},"author":1,"featured_media":0,"parent":0,"menu_order":0,"comment_status":"closed","ping_status":"closed","template":"","meta":{"footnotes":""},"class_list":["post-1623","page","type-page","status-publish","hentry"],"_links":{"self":[{"href":"https:\/\/malmed.gov.mk\/sq\/wp-json\/wp\/v2\/pages\/1623","targetHints":{"allow":["GET"]}}],"collection":[{"href":"https:\/\/malmed.gov.mk\/sq\/wp-json\/wp\/v2\/pages"}],"about":[{"href":"https:\/\/malmed.gov.mk\/sq\/wp-json\/wp\/v2\/types\/page"}],"author":[{"embeddable":true,"href":"https:\/\/malmed.gov.mk\/sq\/wp-json\/wp\/v2\/users\/1"}],"replies":[{"embeddable":true,"href":"https:\/\/malmed.gov.mk\/sq\/wp-json\/wp\/v2\/comments?post=1623"}],"version-history":[{"count":0,"href":"https:\/\/malmed.gov.mk\/sq\/wp-json\/wp\/v2\/pages\/1623\/revisions"}],"wp:attachment":[{"href":"https:\/\/malmed.gov.mk\/sq\/wp-json\/wp\/v2\/media?parent=1623"}],"curies":[{"name":"wp","href":"https:\/\/api.w.org\/{rel}","templated":true}]}}