{"id":145,"date":"2017-02-15T12:27:23","date_gmt":"2017-02-15T12:27:23","guid":{"rendered":"https:\/\/malmed.gov.mk\/?page_id=145"},"modified":"2024-09-05T11:28:02","modified_gmt":"2024-09-05T11:28:02","slug":"%d0%ba%d0%be%d0%bd%d0%ba%d1%83%d1%80%d1%81%d0%b8-%d0%b8-%d1%98%d0%b0%d0%b2%d0%bd%d0%b8-%d0%bd%d0%b0%d0%b1%d0%b0%d0%b2%d0%ba%d0%b8","status":"publish","type":"page","link":"https:\/\/malmed.gov.mk\/sq\/%d0%ba%d0%be%d0%bd%d0%ba%d1%83%d1%80%d1%81%d0%b8-%d0%b8-%d1%98%d0%b0%d0%b2%d0%bd%d0%b8-%d0%bd%d0%b0%d0%b1%d0%b0%d0%b2%d0%ba%d0%b8\/","title":{"rendered":"Furnizime Publike"},"content":{"rendered":"<p>Agjencia e Barnave dhe Pajisjeve Mjek\u00ebsore n\u00eb p\u00ebrputhje me planin e saj vjetor  kryen furnizime publike t\u00eb mallrave dhe sh\u00ebrbimeve n\u00eb p\u00ebrputhje me Ligjin p\u00ebr Furnizime Publike.<\/p>\n<p>N\u00eb p\u00ebrputhje me Ligjin e Furnizimit Publik, t\u00eb gjitha procedurat e Furnizimit Publik t\u00eb cilat po i zbaton Agjencia, jan\u00eb botuar n\u00eb Sistemin Elektronik t\u00eb Furnizimit Publik, jan\u00eb n\u00eb dispozicion n\u00eb k\u00ebt\u00eb adres\u00eb:\u00a0<span style=\"color: #912777;\"><a style=\"color: #912777;\" href=\"https:\/\/e-nabavki.gov.mk\/\" target=\"_blank\" rel=\"noopener noreferrer\">https:\/\/e-nabavki.gov.mk<\/a><\/span><\/p>\n<p><a href=\"https:\/\/malmed.gov.mk\/wp-content\/uploads\/\u041f\u043b\u0430\u043d-\u0437\u0430-\u0458\u0430\u0432\u043d\u0438-\u043d\u0430\u0431\u0430\u0432\u043a\u0438-2024-1.pdf\"><span style=\"color: #912777;\">\u041f\u043b\u0430\u043d \u0437\u0430 \u0458\u0430\u0432\u043d\u0438 \u043d\u0430\u0431\u0430\u0432\u043a\u0438 \u0437\u0430 2024 \u0433\u043e\u0434\u0438\u043d\u0430<\/span><\/a><\/p>\n<p><a href=\"https:\/\/malmed.gov.mk\/wp-content\/uploads\/plan-za-javni-nabavki-2023-1.pdf\"><span style=\"color: #912777;\">\u041f\u043b\u0430\u043d \u0437\u0430 \u0458\u0430\u0432\u043d\u0438 \u043d\u0430\u0431\u0430\u0432\u043a\u0438 \u0437\u0430 2023 \u0433\u043e\u0434\u0438\u043d\u0430<\/span><\/a><\/p>\n<p><span style=\"color: #912777;\"><a style=\"color: #912777;\" href=\"https:\/\/malmed.gov.mk\/wp-content\/uploads\/Javni-nabavki-2022.pdf\">\u041f\u043b\u0430\u043d \u0437\u0430 \u0458\u0430\u0432\u043d\u0438 \u043d\u0430\u0431\u0430\u0432\u043a\u0438 \u0437\u0430 2022 \u0433\u043e\u0434\u0438\u043d\u0430<\/a><\/span><\/p>\n<p><a href=\"https:\/\/malmed.gov.mk\/sq\/%d0%bf%d0%bb%d0%b0%d0%bd-%d0%b7%d0%b0-%d1%98%d0%b0%d0%b2%d0%bd%d0%b8-%d0%bd%d0%b0%d0%b1%d0%b0%d0%b2%d0%ba%d0%b8-%d0%b7%d0%b0-2021-%d0%b3%d0%be%d0%b4%d0%b8%d0%bd%d0%b0\/\" target=\"_blank\" rel=\"noopener noreferrer\"><span style=\"color: #912777;\">\u041f\u043b\u0430\u043d \u0437\u0430 \u0458\u0430\u0432\u043d\u0438 \u043d\u0430\u0431\u0430\u0432\u043a\u0438 \u0437\u0430 2021 \u0433\u043e\u0434\u0438\u043d\u0430<\/span><\/a><\/p>\n<p><span style=\"color: #912777;\"><a style=\"color: #912777;\" href=\"https:\/\/malmed.gov.mk\/sq\/%d0%bf%d0%bb%d0%b0%d0%bd-%d0%b7%d0%b0-%d1%98%d0%b0%d0%b2%d0%bd%d0%b8-%d0%bd%d0%b0%d0%b1%d0%b0%d0%b2%d0%ba%d0%b8-%d0%b7%d0%b0-2020-%d0%b3%d0%be%d0%b4%d0%b8%d0%bd%d0%b0\/\" target=\"_blank\" rel=\"noopener noreferrer\">\u041f\u043b\u0430\u043d \u0437\u0430 \u0458\u0430\u0432\u043d\u0438 \u043d\u0430\u0431\u0430\u0432\u043a\u0438 \u0437\u0430 2020 \u0433\u043e\u0434\u0438\u043d\u0430<\/a><\/span><\/p>\n<p><span style=\"color: #912777;\"><a style=\"color: #912777;\" href=\"https:\/\/malmed.gov.mk\/sq\/\u043f\u043b\u0430\u043d-\u0437\u0430-\u0458\u0430\u0432\u043d\u0438-\u043d\u0430\u0431\u0430\u0432\u043a\u0438-\u0437\u0430-2019-\u0433\u043e\u0434\u0438\u043d\u0430\/\" target=\"_blank\" rel=\"noopener noreferrer\">Plani i Furnizimit Publik p\u00ebr vitin 2019<\/a><\/span><\/p>\n<p><span style=\"color: #912777;\"><a style=\"color: #912777;\" href=\"https:\/\/malmed.gov.mk\/sq\/\u043f\u043b\u0430\u043d-\u0437\u0430-\u0458\u0430\u0432\u043d\u0438-\u043d\u0430\u0431\u0430\u0432\u043a\u0438-\u0437\u0430-2018-\u0433\u043e\u0434\u0438\u043d\u0430\/\" target=\"_blank\" rel=\"noopener noreferrer\">Plani i Furnizimit Publik p\u00ebr vitin 2018<\/a><\/span><\/p>\n<p><span style=\"color: #912777;\"><a style=\"color: #912777;\" href=\"https:\/\/malmed.gov.mk\/sq\/%d0%bf%d0%bb%d0%b0%d0%bd-%d0%b7%d0%b0-%d1%98%d0%b0%d0%b2%d0%bd%d0%b8-%d0%bd%d0%b0%d0%b1%d0%b0%d0%b2%d0%ba%d0%b8-%d0%b7%d0%b0-2017-%d0%b3%d0%be%d0%b4%d0%b8%d0%bd%d0%b0\/\" target=\"_blank\" rel=\"noopener noreferrer\">Plani i Furnizimit Publik p\u00ebr vitin 2017<\/a><\/span><\/p>\n<p><a href=\"https:\/\/malmed.gov.mk\/sq\/\u043f\u043b\u0430\u043d-\u0437\u0430-\u0458\u0430\u0432\u043d\u0438-\u043d\u0430\u0431\u0430\u0432\u043a\u0438-\u0437\u0430-2016-\u0433\u043e\u0434\u0438\u043d\u0430\/\" target=\"_blank\" rel=\"noopener noreferrer\"><span style=\"color: #912777;\">Plani i Furnizimit Publik p\u00ebr vitin 2016<\/span><\/a><\/p>\n<p>\u00a0<\/p>\n<p><strong><span style=\"text-decoration: underline;\">Sistemi Elektronik i Furnizimit Publik (SEFP)<\/span><\/strong><\/p>\n<p><span style=\"color: #912777;\"><a style=\"color: #912777;\" href=\"https:\/\/malmed.gov.mk\/sq\/\u0435\u0441\u0458\u043d-\u043f\u043b\u0430\u043d\u043e\u0432\u0438-\u0437\u0430-\u0458\u0430\u0432\u043d\u0438-\u043d\u0430\u0431\u0430\u0432\u043a\u0438\/\" target=\"_blank\" rel=\"noopener noreferrer\"><span style=\"font-size: 10pt;\">Kontratat e arritura n\u00eb Sistemin Elektronik t\u00eb Furnizimit Publik (SEFP)<\/span><\/a><\/span><\/p>\n<p><span style=\"font-size: 10pt;\"><a href=\"https:\/\/malmed.gov.mk\/sq\/%D0%B5%D1%81%D1%98%D0%BD-%D0%BE%D0%B1%D1%98%D0%B0%D0%B2%D0%B5%D0%BD%D0%B8-%D0%BE%D0%B3%D0%BB%D0%B0%D1%81%D0%B8\/\" target=\"_blank\" rel=\"noopener noreferrer\"><span style=\"color: #0000ff;\"><span style=\"color: #912777;\">Shpallje t\u00eb publikuara n\u00eb Sistemin Elektronik t\u00eb Furnizimit Publik (SEFP<\/span><\/span><\/a><\/span><\/p>\n<p><span style=\"color: #912777;\"><a style=\"color: #912777;\" href=\"https:\/\/malmed.gov.mk\/sq\/%D0%B5%D1%81%D1%98%D0%BD-%D1%81%D0%BA%D0%BB%D1%83%D1%87%D0%B5%D0%BD%D0%B8-%D0%B4%D0%BE%D0%B3%D0%BE%D0%B2%D0%BE%D1%80%D0%B8\/\" target=\"_blank\" rel=\"noopener noreferrer\"><span style=\"font-size: 10pt;\">Kontratat e arritura n\u00eb Sistemin Elektronik t\u00eb Furnizimit Publik (SEFP)<\/span><\/a><\/span><\/p>\n<p><span style=\"color: #912777;\"><a style=\"color: #912777;\" href=\"https:\/\/malmed.gov.mk\/sq\/\u0435\u0441\u0458\u043d-\u0440\u0435\u0430\u043b\u0438\u0437\u0438\u0440\u0430\u043d\u0438-\u0434\u043e\u0433\u043e\u0432\u043e\u0440\u0438\/\" target=\"_blank\" rel=\"noopener noreferrer\"><span style=\"font-size: 10pt;\">Njoftime p\u00ebr kontratat e arritura n\u00eb Sistemin Elektronik t\u00eb Furnizimit Publik (SEFP)<\/span><\/a><\/span><\/p>\n<p>\u00a0<\/p>\n\n\n<p><\/p>\n\n\n\n<p><\/p>\n\n\n\n<p><\/p>\n\n\n\n<p><\/p>","protected":false},"excerpt":{"rendered":"<p>\u0410\u0433\u0435\u043d\u0446\u0438\u0458\u0430\u0442\u0430 \u0437\u0430 \u043b\u0435\u043a\u043e\u0432\u0438 \u0438 \u043c\u0435\u0434\u0438\u0446\u0438\u043d\u0441\u043a\u0438 \u0441\u0440\u0435\u0434\u0441\u0442\u0432\u0430 \u0441\u043e\u0433\u043b\u0430\u0441\u043d\u043e \u0441\u0432\u043e\u0458\u043e\u0442 \u0433\u043e\u0434\u0438\u0448\u0435\u043d \u043f\u043b\u0430\u043d \u0441\u043f\u0440\u043e\u0432\u0435\u0434\u0443\u0432\u0430 \u0458\u0430\u0432\u043d\u0438 \u043d\u0430\u0431\u0430\u0432\u043a\u0438 \u043d\u0430 \u0441\u0442\u043e\u043a\u0438 \u0438 \u0443\u0441\u043b\u0443\u0433\u0438 \u0441\u043e\u0433\u043b\u0430\u0441\u043d\u043e \u0417\u0430\u043a\u043e\u043d\u043e\u0442 \u0437\u0430 \u0458\u0430\u0432\u043d\u0438 \u043d\u0430\u0431\u0430\u0432\u043a\u0438. \u0421\u043e\u0433\u043b\u0430\u0441\u043d\u043e \u0417\u0430\u043a\u043e\u043d\u043e\u0442 \u0437\u0430 \u0458\u0430\u0432\u043d\u0438 \u043d\u0430\u0431\u0430\u0432\u043a\u0438, \u0441\u0438\u0442\u0435 \u043f\u043e\u0441\u0442\u0430\u043f\u043a\u0438 \u0437\u0430 \u0458\u0430\u0432\u043d\u0438 \u043d\u0430\u0431\u0430\u0432\u043a\u0438 \u043a\u043e\u0438 \u0433\u0438 \u0441\u043f\u0440\u043e\u0432\u0435\u0434\u0443\u0432\u0430 \u0410\u0433\u0435\u043d\u0446\u0438\u0458\u0430\u0442\u0430 \u0441\u0435 \u043e\u0431\u0458\u0430\u0432\u0435\u043d\u0438 \u0432\u043e \u0415\u043b\u0435\u043a\u0442\u0440\u043e\u043d\u0441\u043a\u0438\u043e\u0442 \u0441\u0438\u0441\u0442\u0435\u043c \u0437\u0430 \u0458\u0430\u0432\u043d\u0438 \u043d\u0430\u0431\u0430\u0432\u043a\u0438, \u0434\u043e\u0441\u0442\u0430\u043f\u0435\u043d \u043d\u0430 \u0441\u043b\u0435\u0434\u043d\u0430\u0442\u0430 \u0430\u0434\u0440\u0435\u0441\u0430:\u00a0https:\/\/e-nabavki.gov.mk \u041f\u043b\u0430\u043d \u0437\u0430 \u0458\u0430\u0432\u043d\u0438 \u043d\u0430\u0431\u0430\u0432\u043a\u0438 \u0437\u0430 2024 \u0433\u043e\u0434\u0438\u043d\u0430 [&hellip;]<\/p>","protected":false},"author":1,"featured_media":0,"parent":0,"menu_order":0,"comment_status":"closed","ping_status":"closed","template":"","meta":{"footnotes":""},"class_list":["post-145","page","type-page","status-publish","hentry"],"_links":{"self":[{"href":"https:\/\/malmed.gov.mk\/sq\/wp-json\/wp\/v2\/pages\/145","targetHints":{"allow":["GET"]}}],"collection":[{"href":"https:\/\/malmed.gov.mk\/sq\/wp-json\/wp\/v2\/pages"}],"about":[{"href":"https:\/\/malmed.gov.mk\/sq\/wp-json\/wp\/v2\/types\/page"}],"author":[{"embeddable":true,"href":"https:\/\/malmed.gov.mk\/sq\/wp-json\/wp\/v2\/users\/1"}],"replies":[{"embeddable":true,"href":"https:\/\/malmed.gov.mk\/sq\/wp-json\/wp\/v2\/comments?post=145"}],"version-history":[{"count":0,"href":"https:\/\/malmed.gov.mk\/sq\/wp-json\/wp\/v2\/pages\/145\/revisions"}],"wp:attachment":[{"href":"https:\/\/malmed.gov.mk\/sq\/wp-json\/wp\/v2\/media?parent=145"}],"curies":[{"name":"wp","href":"https:\/\/api.w.org\/{rel}","templated":true}]}}