{"id":143,"date":"2017-02-15T12:26:59","date_gmt":"2017-02-15T12:26:59","guid":{"rendered":"https:\/\/malmed.gov.mk\/?page_id=143"},"modified":"2020-01-22T15:16:45","modified_gmt":"2020-01-22T15:16:45","slug":"%d0%bb%d0%b8%d0%bd%d0%ba%d0%be%d0%b2%d0%b8","status":"publish","type":"page","link":"https:\/\/malmed.gov.mk\/sq\/%d0%bb%d0%b8%d0%bd%d0%ba%d0%be%d0%b2%d0%b8\/","title":{"rendered":"Linqet me institucionet e tjera"},"content":{"rendered":"<p><span style=\"color: #912777;\"><strong>Linqet me institucionet e tjera me t\u00eb cilat bashk\u00ebpunon Agjencia e Barnave dhe Pajisjeve Mjek\u00ebsore:<\/strong><\/span><\/p>\n<p><span style=\"color: #912777;\"><a style=\"color: #912777;\" href=\"http:\/\/zdravstvo.gov.mk\/\" target=\"_blank\" rel=\"noopener noreferrer\">Ministria e Sh\u00ebndet\u00ebsis\u00eb<\/a><\/span><\/p>\n<p><span style=\"color: #912777;\"><a style=\"color: #912777;\" href=\"http:\/\/www.fzo.org.mk\/\" target=\"_blank\" rel=\"noopener noreferrer\">Fondi i Sigurimit Sh\u00ebndet\u00ebsor<\/a><\/span><\/p>\n<p><span style=\"color: #912777;\"><a style=\"color: #912777;\" href=\"https:\/\/fk.mk\/\" target=\"_blank\" rel=\"noopener noreferrer\">Dhoma Farmaceutike<\/a><\/span><\/p>\n<p><span style=\"color: #912777;\"><a style=\"color: #912777;\" href=\"http:\/\/www.lkm.org.mk\/mk\/\" target=\"_blank\" rel=\"noopener noreferrer\">Dhoma Mjek\u00ebsore<\/a><\/span><\/p>\n<p><span style=\"color: #912777;\"><a style=\"color: #912777;\" href=\"http:\/\/stomatoloskakomora.org\/\" target=\"_blank\" rel=\"noopener noreferrer\">Dhoma Stomatologjike<\/a><\/span><\/p>\n<p><span style=\"color: #912777;\"><a style=\"color: #912777;\" href=\"http:\/\/www.iph.mk\/\" target=\"_blank\" rel=\"noopener noreferrer\">Instituti i Sh\u00ebndetit Publik<\/a><\/span><\/p>\n<p><span style=\"color: #912777;\"><a style=\"color: #912777;\" href=\"http:\/\/www.ff.ukim.edu.mk\/\" target=\"_blank\" rel=\"noopener noreferrer\">Universiteti \u201cSh\u00ebn Qirili dhe Metodi\u201d \u2013 Fakulteti i Farmacis\u00eb<\/a><\/span><\/p>\n<p><span style=\"color: #912777;\"><a style=\"color: #912777;\" href=\"http:\/\/www.medf.ukim.edu.mk\/tmp_index.php\" target=\"_blank\" rel=\"noopener noreferrer\">Universiteti \u201cSh\u00ebn Qirili dhe Metodi\u201d -  Fakulteti i Mjek\u00ebsis\u00eb<\/a><\/span><\/p>\n<p><span style=\"color: #912777;\"><a style=\"color: #912777;\" href=\"http:\/\/www.who.int\/en\/\" target=\"_blank\" rel=\"noopener noreferrer\">Organizata Bot\u00ebrore e Sh\u00ebndetit (OBSH)<\/a><\/span><\/p>\n<p><span style=\"color: #912777;\"><a style=\"color: #912777;\" href=\"http:\/\/www.ema.europa.eu\/ema\/\" target=\"_blank\" rel=\"noopener noreferrer\">Agjencia Evropiane e Barnave<\/a><\/span><\/p>\n<p><span style=\"color: #912777;\"><a style=\"color: #912777;\" href=\"https:\/\/www.edqm.eu\/en\/edqm-homepage-628.html\" target=\"_blank\" rel=\"noopener noreferrer\">Drejtoria Evropiane e Cil\u00ebsis\u00eb s\u00eb Barnave dhe Kujdesit Sh\u00ebndet\u00ebsor (European Directive for the Quality of Medicines &amp; Healthcare \u2013 EDQM)<\/a><\/span><\/p>\n<p><span style=\"color: #912777;\"><a style=\"color: #912777;\" href=\"https:\/\/www.medicinesforeurope.com\/\" target=\"_blank\" rel=\"noopener noreferrer\">Barnat p\u00ebr Evrop\u00eb  (Medicines for Europe)<\/a><\/span><\/p>\n<p><span style=\"color: #912777;\"><a style=\"color: #912777;\" href=\"http:\/\/www.fda.gov\/\" target=\"_blank\" rel=\"noopener noreferrer\">Administrata Amerikane (SH.B.A) e Ushqimit dhe Barnave (US Food &amp; Drug Administration)<\/a><\/span><\/p>\n<p>\u00a0<\/p>\n<p>\u00a0<\/p>\n\n\n<p><\/p>\n\n\n\n<p><\/p>\n\n\n\n<p><\/p>\n\n\n\n<p><\/p>\n\n\n\n<p><\/p>","protected":false},"excerpt":{"rendered":"<p>\u041b\u0438\u043d\u043a\u043e\u0432\u0438 \u0434\u043e \u0434\u0440\u0443\u0433\u0438 \u0438\u043d\u0441\u0442\u0438\u0442\u0443\u0446\u0438\u0438 \u0441\u043e \u043a\u043e\u0438 \u0441\u043e\u0440\u0430\u0431\u043e\u0442\u0443\u0432\u0430 \u0410\u0433\u0435\u043d\u0446\u0438\u0458\u0430\u0442\u0430 \u0437\u0430 \u043b\u0435\u043a\u043e\u0432\u0438 \u0438 \u043c\u0435\u0434\u0438\u0446\u0438\u043d\u0441\u043a\u0438 \u0441\u0440\u0435\u0434\u0441\u0442\u0432\u0430: \u041c\u0438\u043d\u0438\u0441\u0442\u0435\u0440\u0441\u0442\u0432\u043e \u0437\u0430 \u0437\u0434\u0440\u0430\u0432\u0441\u0442\u0432\u043e \u0424\u043e\u043d\u0434 \u0437\u0430 \u0437\u0434\u0440\u0430\u0432\u0441\u0442\u0432\u0435\u043d\u043e \u043e\u0441\u0438\u0433\u0443\u0440\u0443\u0432\u0430\u045a\u0435 \u0424\u0430\u0440\u043c\u0430\u0446\u0435\u0432\u0442\u0441\u043a\u0430 \u043a\u043e\u043c\u043e\u0440\u0430 \u041b\u0435\u043a\u0430\u0440\u0441\u043a\u0430 \u043a\u043e\u043c\u043e\u0440\u0430 \u0421\u0442\u043e\u043c\u0430\u0442\u043e\u043b\u043e\u0448\u043a\u0430 \u043a\u043e\u043c\u043e\u0440\u0430 \u0418\u043d\u0441\u0442\u0438\u0442\u0443\u0442 \u0437\u0430 \u0458\u0430\u0432\u043d\u043e \u0437\u0434\u0440\u0430\u0432\u0458\u0435 \u0423\u043d\u0438\u0432\u0435\u0440\u0437\u0438\u0442\u0435\u0442 \u201e\u0421\u0432. \u041a\u0438\u0440\u0438\u043b \u0438 \u041c\u0435\u0442\u043e\u0434\u0438\u0458\u201c &#8211; \u0424\u0430\u0440\u043c\u0430\u0446\u0435\u0432\u0442\u0441\u043a\u0438 \u0444\u0430\u043a\u0443\u043b\u0442\u0435\u0442 \u0423\u043d\u0438\u0432\u0435\u0440\u0437\u0438\u0442\u0435\u0442 \u201e\u0421\u0432. \u041a\u0438\u0440\u0438\u043b \u0438 \u041c\u0435\u0442\u043e\u0434\u0438\u0458\u201c &#8211; \u041c\u0435\u0434\u0438\u0446\u0438\u043d\u0441\u043a\u0438 \u0444\u0430\u043a\u0443\u043b\u0442\u0435\u0442 \u0421\u0432\u0435\u0442\u0441\u043a\u0430 \u0437\u0434\u0440\u0430\u0432\u0441\u0442\u0432\u0435\u043d\u0430 \u043e\u0440\u0433\u0430\u043d\u0438\u0437\u0430\u0446\u0438\u0458\u0430 \u0415\u0432\u0440\u043e\u043f\u0441\u043a\u0430 \u0410\u0433\u0435\u043d\u0446\u0438\u0458\u0430 \u0437\u0430 \u043b\u0435\u043a\u043e\u0432\u0438 (European Medicines [&hellip;]<\/p>","protected":false},"author":1,"featured_media":0,"parent":0,"menu_order":0,"comment_status":"closed","ping_status":"closed","template":"","meta":{"footnotes":""},"class_list":["post-143","page","type-page","status-publish","hentry"],"_links":{"self":[{"href":"https:\/\/malmed.gov.mk\/sq\/wp-json\/wp\/v2\/pages\/143","targetHints":{"allow":["GET"]}}],"collection":[{"href":"https:\/\/malmed.gov.mk\/sq\/wp-json\/wp\/v2\/pages"}],"about":[{"href":"https:\/\/malmed.gov.mk\/sq\/wp-json\/wp\/v2\/types\/page"}],"author":[{"embeddable":true,"href":"https:\/\/malmed.gov.mk\/sq\/wp-json\/wp\/v2\/users\/1"}],"replies":[{"embeddable":true,"href":"https:\/\/malmed.gov.mk\/sq\/wp-json\/wp\/v2\/comments?post=143"}],"version-history":[{"count":0,"href":"https:\/\/malmed.gov.mk\/sq\/wp-json\/wp\/v2\/pages\/143\/revisions"}],"wp:attachment":[{"href":"https:\/\/malmed.gov.mk\/sq\/wp-json\/wp\/v2\/media?parent=143"}],"curies":[{"name":"wp","href":"https:\/\/api.w.org\/{rel}","templated":true}]}}