{"id":141,"date":"2017-02-15T12:25:19","date_gmt":"2017-02-15T12:25:19","guid":{"rendered":"https:\/\/malmed.gov.mk\/?page_id=141"},"modified":"2021-02-08T13:29:10","modified_gmt":"2021-02-08T13:29:10","slug":"%d0%b4%d0%be%d0%b3%d0%be%d0%b2%d0%be%d1%80%d0%b8-%d0%b7%d0%b0-%d1%81%d0%be%d1%80%d0%b0%d0%b1%d0%be%d1%82%d0%ba%d0%b0","status":"publish","type":"page","link":"https:\/\/malmed.gov.mk\/sq\/%d0%b4%d0%be%d0%b3%d0%be%d0%b2%d0%be%d1%80%d0%b8-%d0%b7%d0%b0-%d1%81%d0%be%d1%80%d0%b0%d0%b1%d0%be%d1%82%d0%ba%d0%b0\/","title":{"rendered":"Marr\u00ebveshjet p\u00ebr bashk\u00ebpunim"},"content":{"rendered":"<p>N\u00eb pajtim me nenin 6 t\u00eb Ligjit t\u00eb Barnave dhe Pajisjeve Mjek\u00ebsore, Drejtori i Agjencis\u00eb, n\u00eb baz\u00eb t\u00eb kritereve t\u00eb nenit  50 t\u00eb ligjit, autorizon laborator\u00ebt e akredituar t\u00eb kryejn\u00eb testime analitike dhe kontroll t\u00eb cil\u00ebsis\u00eb s\u00eb barnave. Po arrihet marr\u00ebveshje me dy laborator\u00ebt e akredituar n\u00eb Republik\u00ebn e Maqedonis\u00eb s\u00eb Veriut:<\/p>\n<p>Laboratori i kontrollit t\u00eb barnave n\u00eb Institutin e Sh\u00ebndetit Publik n\u00eb Shkup, i akredituar nga ISO 17025 dhe<br \/>Qendra p\u00ebr testimin dhe kontrollin e barnave n\u00eb Fakultetin e Farmacis\u00eb n\u00eb Shkup, e cila pavar\u00ebsisht se ka vendosur sistemin e cil\u00ebsis\u00eb 17025 dhe \u00ebsht\u00eb an\u00ebtare e rrjetit evropian OMCL.<\/p>\n\n\n<p><\/p>\n\n\n\n<p><\/p>\n\n\n\n<p><\/p>\n\n\n\n<p><\/p>\n\n\n\n<p><\/p>\n\n\n\n<p><\/p>","protected":false},"excerpt":{"rendered":"<p>\u0421\u043e\u0433\u043b\u0430\u0441\u043d\u043e \u0427\u043b\u0435\u043d 6 \u043e\u0434 \u0417\u0430\u043a\u043e\u043d\u043e\u0442 \u0437\u0430 \u043b\u0435\u043a\u043e\u0432\u0438 \u0438 \u043c\u0435\u0434\u0438\u0446\u0438\u043d\u0441\u043a\u0438 \u0441\u0440\u0435\u0434\u0441\u0442\u0432\u0430 \u0414\u0438\u0440\u0435\u043a\u0442\u043e\u0440\u043e\u0442 \u043d\u0430 \u0410\u0433\u0435\u043d\u0446\u0438\u0458\u0430\u0442\u0430 \u0432\u0440\u0437 \u043e\u0441\u043d\u043e\u0432\u0430 \u043d\u0430 \u043a\u0440\u0438\u0442\u0435\u0440\u0438\u0443\u043c\u0438\u0442\u0435 \u043e\u0434 \u0447\u043b\u0435\u043d\u043e\u0442 50 \u043d\u0430\u00a0 \u0437\u0430\u043a\u043e\u043d\u043e\u0442 \u0433\u0438 \u043e\u0432\u043b\u0430\u0441\u0442\u0443\u0432\u0430 \u0430\u043a\u0440\u0435\u0434\u0438\u0442\u0438\u0440\u0430\u043d\u0438\u0442\u0435 \u043b\u0430\u0431\u043e\u0440\u0430\u0442\u043e\u0440\u0438\u0438 \u0437\u0430 \u0441\u043f\u0440\u043e\u0432\u0435\u0434\u0443\u0432\u0430\u045a\u0435 \u043d\u0430 \u0430\u043d\u0430\u043b\u0438\u0442\u0438\u0447\u043a\u0438 \u0438\u0441\u043f\u0438\u0442\u0443\u0432\u0430\u045a\u0430 \u0438 \u043a\u043e\u043d\u0442\u0440\u043e\u043b\u0430 \u043d\u0430 \u043a\u0432\u0430\u043b\u0438\u0442\u0435\u0442\u043e\u0442 \u043d\u0430 \u043b\u0435\u043a\u043e\u0432\u0438\u0442\u0435. \u0412\u043e \u0442\u0435\u043a \u0435 \u043f\u043e\u0441\u0442\u0438\u0433\u043d\u0443\u0432\u0430\u045a\u0435 \u043d\u0430 \u0434\u043e\u0433\u043e\u0432\u043e\u0440 \u0441\u043e \u0434\u0432\u0435\u0442\u0435 \u0430\u043a\u0440\u0435\u0434\u0438\u0442\u0438\u0440\u0430\u043d\u0438 \u043b\u0430\u0431\u043e\u0440\u0430\u0442\u043e\u0440\u0438\u0438 \u0432\u043e \u0420\u0435\u043f\u0443\u0431\u043b\u0438\u043a\u0430 \u041c\u0430\u043a\u0435\u0434\u043e\u043d\u0438\u0458\u0430: 1)\u00a0\u00a0\u00a0 \u041b\u0430\u0431\u043e\u0440\u0430\u0442\u043e\u0440\u0438\u0458\u0430\u0442\u0430 \u0437\u0430 \u043a\u043e\u043d\u0442\u0440\u043e\u043b\u0430 \u043d\u0430 [&hellip;]<\/p>","protected":false},"author":1,"featured_media":0,"parent":0,"menu_order":0,"comment_status":"closed","ping_status":"closed","template":"","meta":{"footnotes":""},"class_list":["post-141","page","type-page","status-publish","hentry"],"_links":{"self":[{"href":"https:\/\/malmed.gov.mk\/sq\/wp-json\/wp\/v2\/pages\/141","targetHints":{"allow":["GET"]}}],"collection":[{"href":"https:\/\/malmed.gov.mk\/sq\/wp-json\/wp\/v2\/pages"}],"about":[{"href":"https:\/\/malmed.gov.mk\/sq\/wp-json\/wp\/v2\/types\/page"}],"author":[{"embeddable":true,"href":"https:\/\/malmed.gov.mk\/sq\/wp-json\/wp\/v2\/users\/1"}],"replies":[{"embeddable":true,"href":"https:\/\/malmed.gov.mk\/sq\/wp-json\/wp\/v2\/comments?post=141"}],"version-history":[{"count":0,"href":"https:\/\/malmed.gov.mk\/sq\/wp-json\/wp\/v2\/pages\/141\/revisions"}],"wp:attachment":[{"href":"https:\/\/malmed.gov.mk\/sq\/wp-json\/wp\/v2\/media?parent=141"}],"curies":[{"name":"wp","href":"https:\/\/api.w.org\/{rel}","templated":true}]}}