{"id":139,"date":"2017-02-15T12:24:53","date_gmt":"2017-02-15T12:24:53","guid":{"rendered":"https:\/\/malmed.gov.mk\/?page_id=139"},"modified":"2021-02-08T13:28:28","modified_gmt":"2021-02-08T13:28:28","slug":"%d0%bc%d0%b5%d1%93%d1%83%d0%bd%d0%b0%d1%80%d0%be%d0%b4%d0%bd%d0%b0-%d1%81%d0%be%d1%80%d0%b0%d0%b1%d0%be%d1%82%d0%ba%d0%b0","status":"publish","type":"page","link":"https:\/\/malmed.gov.mk\/sq\/%d0%bc%d0%b5%d1%93%d1%83%d0%bd%d0%b0%d1%80%d0%be%d0%b4%d0%bd%d0%b0-%d1%81%d0%be%d1%80%d0%b0%d0%b1%d0%be%d1%82%d0%ba%d0%b0\/","title":{"rendered":"Bashk\u00ebpunimi Nd\u00ebrkomb\u00ebtar"},"content":{"rendered":"<p><strong>IPA (Instrument for Pre-accession Assistance)<\/strong><\/p>\n<p>Maqedonia tashm\u00eb 8 vite \u00ebsht\u00eb pjes\u00eb e projektit IPA e Agjencis\u00eb Evropiane t\u00eb Barnave.<\/p>\n<p>Instrumenti i Ndihm\u00ebs Para-An\u00ebtar\u00ebsimit (IPA) p\u00ebrfshin takime, seanca trajnimi dhe konferenca t\u00eb krijuara p\u00ebr t\u00eb ndihmuar n\u00ebpun\u00ebsit civil nga vendet p\u00ebrfituese si: Shqip\u00ebria, Bosnja dhe Hercegovina, Kroacia, Republika e Maqedonis\u00eb s\u00eb Veriut,  Kosova, Mali i Zi, Serbia dhe Turqia me p\u00ebrgatitjet p\u00ebr p\u00ebrfshirjen e tyre n\u00eb aktivitetet e Agjencis\u00eb Evropiane t\u00eb Barnave.<\/p>\n<p>Programi IPA u nis nga Komisioni Evropian n\u00eb 2009 si pjes\u00eb e p\u00ebrgatitjeve p\u00ebr zgjerimin e Bashkimit Evropian (BE).<\/p>\n<p>Q\u00ebllimet kryesore:<\/p>\n<ul>\n<li>Q\u00ebllimi i k\u00ebtij projekti \u00ebsht\u00eb q\u00eb t\u00eb nd\u00ebrtohen kontakte dhe marr\u00ebdh\u00ebnie midis Agjencis\u00eb Evropiane t\u00eb Barnave dhe Agjencis\u00eb s\u00eb Barnave t\u00eb p\u00ebrfshira n\u00eb p\u00ebrgatitjet p\u00ebr bashk\u00ebpunimin e k\u00ebtyre vendeve n\u00eb rrjetin rregullativ t\u00eb BE-s\u00eb.<\/li>\n<li>t\u00eb p\u00ebrgatis\u00eb autoritetet kompetente komb\u00ebtare t\u00eb vendeve kandidate dhe kandidat\u00ebt potencial q\u00eb jan\u00eb aktiv\u00eb te prodhimet medicinale p\u00ebr pjes\u00ebmarrjen e tyre n\u00eb rrjetet e Agjencis\u00eb.<\/li>\n<li>t\u00eb kontribuojn\u00eb n\u00eb formimin (krijimin) e sistemeve t\u00eb komunikimit dhe shk\u00ebmbimit t\u00eb informacioneve q\u00eb do t\u00eb mund\u00ebsojn\u00eb pjes\u00ebmarrjen e ardhshme t\u00eb p\u00ebrdoruesve n\u00eb rrjetet e Agjencis\u00eb.<\/li>\n<li>ndihmojn\u00eb n\u00eb leht\u00ebsimin e miratimit t\u00eb k\u00ebrkesave t\u00eb p\u00ebrbashk\u00ebta teknike;<\/li>\n<li>Ti identifikoj\u00eb fushat ku  mund t\u00eb k\u00ebrkohen aktivitete shtes\u00eb q\u00eb t\u00eb sigurohet zhvendosje t\u00eb pand\u00ebrprer\u00eb t\u00eb s\u00eb drejt\u00ebs p\u00ebr n\u00eb BE (organi I ligjit t\u00eb BE \u2013 s\u00eb) n\u00eb legjislacionin  e tyre komb\u00ebtar.<\/li>\n<li>ti p\u00ebrgatisin p\u00ebr pjes\u00ebmarrje n\u00eb komisionet e Agjencis\u00eb.<\/li>\n<\/ul>\n<p>Agjencia e Barnave dhe Pajisjeve Mjek\u00ebsore \u00ebsht\u00eb aktiv\u00eb pjes\u00ebmarr\u00ebse me p\u00ebrfaq\u00ebsuesit e saj n\u00eb disa grupe pune dhe trajnime n\u00eb EMA edhe at\u00eb n\u00eb fushat e inspektimit t\u00eb mbykqyrjes, format klinike, farmakovigjilenca  dhe politika dhe cil\u00ebsia sh\u00ebndet\u00ebsore.<\/p>\n<p><strong>Drejtoria Evropiane p\u00ebr cil\u00ebsin\u00eb e barnave (EDQM)<\/strong><\/p>\n<p><strong>&nbsp;<\/strong>Agjencia e barnave ka p\u00ebrfaq\u00ebsuesin e saj n\u00eb<strong> Komisionin e eksperteve p\u00ebr kujdesin farmaceutik gjithashtu dhe n\u00eb Komisionin e eksperteve p\u00ebr klasifikimin e barnave <\/strong>ku p\u00ebrfaq\u00ebsuesi yn\u00eb nga viti 2015 \u00ebsht\u00eb em\u00ebruar kryetar i atij komisioni.<\/p>\n<p><strong>Organizata Bot\u00ebrore e Sh\u00ebndetit (OBSH)<\/strong><strong> (<\/strong><strong>WHO<\/strong><strong>)<\/strong><\/p>\n<p>Organizata Bot\u00ebrore e Sh\u00ebndetit (OBSH \u00ebsht\u00eb partenre standarte e sh\u00ebndet\u00ebsis\u00eb n\u00eb Maqedoni dhe Agjencis\u00eb s\u00eb Barnave dhe Pajisjeve Mjek\u00ebsore n\u00eb fush\u00ebn e zbatimit dhe mb\u00ebshtetjes s\u00eb programeve dhe projekteve p\u00ebr praktikat e mira t\u00eb farmacis\u00eb dhe p\u00ebrparimin e sh\u00ebndetit.<\/p>\n<p><strong>&nbsp;<\/strong><\/p>\n<p><strong>MEDICRIME Convention Council of Europe<\/strong><\/p>\n<p>Maqedonia mb\u00ebshtet Konvent\u00ebn  e K\u00ebshillit n\u00eb Evrop\u00eb MEDICRIME n\u00eb luft\u00eb kund\u00ebr barnave t\u00eb falsifikuara.\nP\u00ebr k\u00ebt\u00eb q\u00ebllim, n\u00eb vitin 2014 Maqedonia ka qen\u00eb nikoqire e Konferenc\u00ebs  Rajonale kushtuar Konvent\u00ebs MEDICRIME.<\/p>\n<p><strong>TAIEX<\/strong>&nbsp; <strong>(<\/strong><strong>(Technical Assistance and Information Exchange instrument of the European Commission)<\/strong>)<\/p>\n<p>MALMED ka bashk\u00ebpunim t\u00eb mir\u00eb me Misionin TAIEX pran\u00eb Komisionit Evropian para pranimit p\u00ebr ndihm\u00eb teknike dhe shk\u00ebmbimin e informacioneve.<\/p>\n<p>Me ndihm\u00ebn e<strong> TAIEX<\/strong>&nbsp; n\u00eb dhjetor t\u00eb vitit <strong>2013<\/strong> ishte organizuar seminar p\u00ebr prodhimin dhe praktik\u00ebn e mir\u00eb t\u00eb shp\u00ebrndarjes (PMP\/ PBB), nd\u00ebrsa n\u00eb vitin 2014 \u00ebsht\u00eb realizuar vizita nj\u00ebjavore studimore n\u00eb pjes\u00ebn e mbik\u00ebqyrjes s\u00eb inspektimit  n\u00eb Agjencin\u00eb e Barnave dhe Pajisjeve Mjek\u00ebsore n\u00eb Madrid \u2013 Spanj\u00eb (AEMPS).<\/p>\n<p>N\u00eb janar t\u00eb vitit <strong>2017 <\/strong>ishte organizuar pun\u00ebtori n\u00eb lidhje me ndryshimet dhe zbatimi i direktiv\u00ebs  s\u00eb re t\u00eb Pajisjeve Mjek\u00ebsore t\u00eb BE \u2013 s\u00eb.<\/p>\n<p><strong>Memorandume p\u00ebr bashk\u00ebpunim<\/strong> <strong>me Agjencit\u00eb e rregullator\u00ebve t\u00eb huaj<\/strong><\/p>\n<p>N\u00eb kuad\u00ebr t\u00eb planit dhe misionit t\u00eb saj, Agjencia e Barnave dhe Pajisjeve Mjek\u00ebsore deri m\u00eb tani ka n\u00ebnshkruar disa <strong>Memorandume p\u00ebr bashk\u00ebpunim<\/strong> me Agjenci t\u00eb huaja p\u00ebr barna dhe pajisje mjek\u00ebsore edhe at\u00eb me: S\u00ebrbin\u00eb, Bullgarin\u00eb, Maline Zi, Bosnj\u00ebn dhe Anglin\u00eb.<\/p>\n<p>Sipas k\u00ebtyre Memorandumeve  \u00ebsht\u00eb parashikuar bashk\u00ebpunimi n\u00eb fush\u00ebn e p\u00ebrparimit t\u00eb  potencialit profesional t\u00eb t\u00eb pun\u00ebsuarve, shk\u00ebmbimi i informacionit dhe p\u00ebrvojave, monitorimi i politikave sh\u00ebndet\u00ebsore dhe legjislacionit evropian.<\/p>\n<p>MALMED gjithmon \u00ebsht\u00eb i hapur p\u00ebr t\u00eb hapur fusha t\u00eb reja t\u00eb bashk\u00ebpunimit  n\u00eb nivel nd\u00ebrkomb\u00ebtar\u00eb.<\/p>\n\n\n<p><\/p>\n\n\n\n<p><\/p>\n\n\n\n<p><\/p>\n\n\n\n<p><\/p>\n\n\n\n<p><\/p>\n\n\n\n<p><\/p>","protected":false},"excerpt":{"rendered":"<p>IPA (Instrument for Pre-accession Assistance ) \u041c\u0430\u043a\u0435\u0434\u043e\u043d\u0438\u0458\u0430 \u0432\u0435\u045c\u0435 \u043e\u0441\u043c\u0430 \u0433\u043e\u0434\u0438\u043d\u0430 \u0435 \u0434\u0435\u043b \u043e\u0434 IPA \u043f\u0440\u043e\u0435\u043a\u0442\u043e\u0442 \u043d\u0430 \u0415\u0432\u0440\u043e\u043f\u0441\u043a\u0430\u0442\u0430 \u0410\u0433\u0435\u043d\u0446\u0438\u0458\u0430 \u0437\u0430 \u043b\u0435\u043a\u043e\u0432\u0438 \u0418\u043d\u0441\u0442\u0440\u0443\u043c\u0435\u043d\u0442\u043e\u0442 \u0437\u0430 \u043f\u0440\u0435\u0442\u043f\u0440\u0438\u0441\u0442\u0430\u043f\u043d\u0430 \u043f\u043e\u043c\u043e\u0448 (IPA) \u0432\u043a\u043b\u0443\u0447\u0443\u0432\u0430 \u0441\u043e\u0441\u0442\u0430\u043d\u043e\u0446\u0438, \u0441\u0435\u0441\u0438\u0438 \u0437\u0430 \u043e\u0431\u0443\u043a\u0430 \u0438 \u043a\u043e\u043d\u0444\u0435\u0440\u0435\u043d\u0446\u0438\u0438 \u043d\u0430\u043c\u0435\u043d\u0435\u0442\u0438 \u0434\u0430 \u0438\u043c \u043f\u043e\u043c\u043e\u0433\u043d\u0430\u0442 \u043d\u0430 \u0434\u0440\u0436\u0430\u0432\u043d\u0438\u0442\u0435 \u0441\u043b\u0443\u0436\u0431\u0435\u043d\u0438\u0446\u0438 \u043e\u0434 \u0437\u0435\u043c\u0458\u0438\u0442\u0435-\u043a\u043e\u0440\u0438\u0441\u043d\u0438\u0447\u043a\u0438 \u0410\u043b\u0431\u0430\u043d\u0438\u0458\u0430, \u0411\u043e\u0441\u043d\u0430 \u0438 \u0425\u0435\u0440\u0446\u0435\u0433\u043e\u0432\u0438\u043d\u0430, \u0425\u0440\u0432\u0430\u0442\u0441\u043a\u0430, \u0421. \u041c\u0430\u043a\u0435\u0434\u043e\u043d\u0438\u0458\u0430, \u041a\u043e\u0441\u043e\u0432\u043e (\u043f\u043e\u0434 \u0421\u043e\u0432\u0435\u0442\u043e\u0442 \u0437\u0430 \u0431\u0435\u0437\u0431\u0435\u0434\u043d\u043e\u0441\u0442 \u043d\u0430 \u041e\u0431\u0435\u0434\u0438\u043d\u0435\u0442\u0438\u0442\u0435 [&hellip;]<\/p>","protected":false},"author":1,"featured_media":0,"parent":0,"menu_order":0,"comment_status":"closed","ping_status":"closed","template":"","meta":{"footnotes":""},"class_list":["post-139","page","type-page","status-publish","hentry"],"_links":{"self":[{"href":"https:\/\/malmed.gov.mk\/sq\/wp-json\/wp\/v2\/pages\/139","targetHints":{"allow":["GET"]}}],"collection":[{"href":"https:\/\/malmed.gov.mk\/sq\/wp-json\/wp\/v2\/pages"}],"about":[{"href":"https:\/\/malmed.gov.mk\/sq\/wp-json\/wp\/v2\/types\/page"}],"author":[{"embeddable":true,"href":"https:\/\/malmed.gov.mk\/sq\/wp-json\/wp\/v2\/users\/1"}],"replies":[{"embeddable":true,"href":"https:\/\/malmed.gov.mk\/sq\/wp-json\/wp\/v2\/comments?post=139"}],"version-history":[{"count":0,"href":"https:\/\/malmed.gov.mk\/sq\/wp-json\/wp\/v2\/pages\/139\/revisions"}],"wp:attachment":[{"href":"https:\/\/malmed.gov.mk\/sq\/wp-json\/wp\/v2\/media?parent=139"}],"curies":[{"name":"wp","href":"https:\/\/api.w.org\/{rel}","templated":true}]}}