{"id":133,"date":"2017-02-15T12:19:20","date_gmt":"2017-02-15T12:19:20","guid":{"rendered":"https:\/\/malmed.gov.mk\/?page_id=133"},"modified":"2020-01-23T22:27:12","modified_gmt":"2020-01-23T22:27:12","slug":"%d0%b8%d0%bd%d1%84%d0%be%d1%80%d0%bc%d0%b0%d1%86%d0%b8%d0%be%d0%bd%d0%b0-%d1%82%d0%b5%d1%85%d0%bd%d0%be%d0%bb%d0%be%d0%b3%d0%b8%d1%98%d0%b0","status":"publish","type":"page","link":"https:\/\/malmed.gov.mk\/sq\/%d0%b8%d0%bd%d1%84%d0%be%d1%80%d0%bc%d0%b0%d1%86%d0%b8%d0%be%d0%bd%d0%b0-%d1%82%d0%b5%d1%85%d0%bd%d0%be%d0%bb%d0%be%d0%b3%d0%b8%d1%98%d0%b0\/","title":{"rendered":"Teknologjia Informative"},"content":{"rendered":"<p>Agjencia e Barnave dhe Pajisjeve Mjek\u00ebsore implementon projekt p\u00ebr integrimin e sistemit informativ. Projekti plot\u00ebsisht \u00ebsht\u00eb implementuar nd\u00ebrsa n\u00eb p\u00ebrdorim \u00ebsht\u00eb l\u00ebshuar n\u00eb fund t\u00eb vitit 2018.\u00a0<\/p>\n<p>Q\u00ebllimi i k\u00ebtij projekti \u00ebsht\u00eb q\u00eb t\u00eb mund\u00ebsohet m\u00ebnyra m\u00eb e shpejt\u00eb dhe m\u00eb e leht\u00eb p\u00ebr pun\u00eb t\u00eb operator\u00ebve ekonomik me Agjencin\u00eb, me cka procedurat p\u00ebr marrjen e zgjidhjeve  p\u00ebr regjistrimin e barnave dhe pajisjeve mjek\u00ebsore do t\u00eb realizohen p\u00ebrmes k\u00ebtij sistemi n\u00eb t\u00eb ardhmen.<\/p>\n<p>Gjithashtu Agjencia zbaton edhe projektin  p\u00ebr sistemin Komb\u00ebtar p\u00ebr farmakovigilanc\u00ebn. Ky projekt plot\u00ebsisht \u00ebsht\u00eb realizuar dhe \u00ebsht\u00eb l\u00ebshuar n\u00eb p\u00ebrdorim ka fundi i vitit 2018<\/p>\n<p>Q\u00ebllimi i k\u00ebtij projekti \u00ebsht\u00eb q\u00eb t\u00eb mund\u00ebsohet sistem p\u00ebrmes t\u00eb cilit do t\u2019u jepet mund\u00ebsia t\u00eb gjith\u00eb qytetar\u00ebve dhe t\u00eb gjith\u00eb personelit mjek\u00ebsor n\u00eb Republik\u00ebn e Maqedonis\u00eb s\u00eb Veriut, mjet me t\u00eb cilin mund t\u00eb kryhet raportimi i efekteve an\u00ebsore t\u00eb t\u00eb gjitha barnave mjek\u00ebsore n\u00eb territorin e Republik\u00ebs s\u00eb Maqedonis\u00eb s\u00eb Veriut. Projekti \u00ebsht\u00eb hartuar n\u00eb p\u00ebrputhje me procedurat dhe standartet m\u00eb t\u00eb reja q\u00eb p\u00ebrdoren n\u00eb Bashkimin Evropian.<\/p>\n<p>Agjencia gjithashtu po investon fonde p\u00ebr p\u00ebrmir\u00ebsimin e gjendjes me pajisjet informative me t\u00eb cil\u00ebn disponon, n\u00eb m\u00ebnyr\u00eb q\u00eb t\u00eb sigurohet sh\u00ebrbimi m\u00eb i shpejt\u00eb dhe m\u00eb efikas tek operator\u00ebt ekonomik q\u00eb i shfryt\u00ebzojn\u00eb sh\u00ebrbimet e tyre.<\/p>\n\n\n<p><\/p>\n\n\n\n<p><\/p>\n\n\n\n<p><\/p>\n\n\n\n<p><\/p>\n\n\n\n<p><\/p>","protected":false},"excerpt":{"rendered":"<p>\u0410\u0433\u0435\u043d\u0446\u0438\u0458\u0430\u0442\u0430 \u0437\u0430 \u043b\u0435\u043a\u043e\u0432\u0438 \u0438 \u043c\u0435\u0434\u0438\u0446\u0438\u043d\u0441\u043a\u0438 \u0441\u0440\u0435\u0434\u0441\u0442\u0432\u0430 \u0441\u043f\u0440\u043e\u0432\u0435\u0434\u0435 \u043f\u0440\u043e\u0435\u043a\u0442 \u0437\u0430 \u0438\u0437\u0440\u0430\u0431\u043e\u0442\u043a\u0430 \u043d\u0430 \u0438\u043d\u0442\u0435\u0433\u0440\u0438\u0440\u0430\u043d \u0438\u043d\u0444\u043e\u0440\u043c\u0430\u0446\u0438\u043e\u043d\u0435\u043d \u0441\u0438\u0441\u0442\u0435\u043c. \u041f\u0440\u043e\u0435\u043a\u0442\u043e\u0442 \u0435 \u0446\u0435\u043b\u043e\u0441\u043d\u043e \u0440\u0435\u0430\u043b\u0438\u0437\u0438\u0440\u0430\u043d \u0438 \u0435 \u043f\u0443\u0448\u0442\u0435\u043d \u0432\u043e \u0443\u043f\u043e\u0442\u0440\u0435\u0431\u0430 \u043a\u043e\u043d \u043a\u0440\u0430\u0458\u043e\u0442 \u043d\u0430 2018 \u0433\u043e\u0434\u0438\u043d\u0430.\u00a0 \u0426\u0435\u043b\u0442\u0430 \u043d\u0430 \u043e\u0432\u043e\u0458 \u043f\u0440\u043e\u0435\u043a\u0442 \u0435 \u0434\u0430 \u0441\u0435 \u043e\u0432\u043e\u0437\u043c\u043e\u0436\u0438 \u043f\u043e\u0431\u0440\u0437 \u0438 \u043f\u043e\u043b\u0435\u0441\u0435\u043d \u043d\u0430\u0447\u0438\u043d \u043d\u0430 \u0440\u0430\u0431\u043e\u0442\u0430 \u043d\u0430 \u0435\u043a\u043e\u043d\u043e\u043c\u0441\u043a\u0438\u0442\u0435 \u043e\u043f\u0435\u0440\u0430\u0442\u043e\u0440\u0438 \u0441\u043e \u0410\u0433\u0435\u043d\u0446\u0438\u0458\u0430\u0442\u0430, \u0441\u043e \u0442\u043e\u0430 \u0448\u0442\u043e \u043f\u0440\u043e\u0446\u0435\u0434\u0443\u0440\u0438\u0442\u0435 \u0437\u0430 \u0434\u043e\u0431\u0438\u0432\u0430\u045a\u0435 \u043d\u0430 \u0440\u0435\u0448\u0435\u043d\u0438\u0458\u0430 [&hellip;]<\/p>","protected":false},"author":1,"featured_media":0,"parent":0,"menu_order":0,"comment_status":"closed","ping_status":"closed","template":"","meta":{"footnotes":""},"class_list":["post-133","page","type-page","status-publish","hentry"],"_links":{"self":[{"href":"https:\/\/malmed.gov.mk\/sq\/wp-json\/wp\/v2\/pages\/133","targetHints":{"allow":["GET"]}}],"collection":[{"href":"https:\/\/malmed.gov.mk\/sq\/wp-json\/wp\/v2\/pages"}],"about":[{"href":"https:\/\/malmed.gov.mk\/sq\/wp-json\/wp\/v2\/types\/page"}],"author":[{"embeddable":true,"href":"https:\/\/malmed.gov.mk\/sq\/wp-json\/wp\/v2\/users\/1"}],"replies":[{"embeddable":true,"href":"https:\/\/malmed.gov.mk\/sq\/wp-json\/wp\/v2\/comments?post=133"}],"version-history":[{"count":0,"href":"https:\/\/malmed.gov.mk\/sq\/wp-json\/wp\/v2\/pages\/133\/revisions"}],"wp:attachment":[{"href":"https:\/\/malmed.gov.mk\/sq\/wp-json\/wp\/v2\/media?parent=133"}],"curies":[{"name":"wp","href":"https:\/\/api.w.org\/{rel}","templated":true}]}}