{"id":131,"date":"2017-02-15T12:18:47","date_gmt":"2017-02-15T12:18:47","guid":{"rendered":"https:\/\/malmed.gov.mk\/?page_id=131"},"modified":"2025-07-23T10:03:13","modified_gmt":"2025-07-23T10:03:13","slug":"iso_sertifikacija","status":"publish","type":"page","link":"https:\/\/malmed.gov.mk\/sq\/iso_sertifikacija\/","title":{"rendered":"\u00c7ertifikimi ISO"},"content":{"rendered":"<p>P\u00ebr t\u00eb siguruar besimin e klient\u00ebve tan\u00eb, t\u00eb pun\u00ebsuarve dhe t\u00eb gjith\u00eb pal\u00ebve t\u00eb tjer\u00eb t\u00eb interesuar n\u00eb sektorin e sh\u00ebndet\u00ebsis\u00eb, rritjen e efikasitetit t\u00eb  Agjencis\u00eb, m\u00eb shum\u00eb transparenc\u00eb n\u00eb pun\u00eb, kosto m\u00eb t\u00eb ul\u00ebt dhe krijimin e nj\u00eb cikli m\u00eb t\u00eb shkurt\u00ebr p\u00ebr kryerjen e aktiviteteve p\u00ebrmes  p\u00ebrdorimit efikas t\u00eb burimeve, nevojiten rezultate t\u00eb p\u00ebrmir\u00ebsuara, t\u00eb q\u00ebndrueshme dhe t\u00eb parashikueshme. N\u00eb vitin 2016, \u00ebsht\u00eb b\u00ebr\u00eb edhe ri\u00e7ertifikimi i Agjencis\u00eb s\u00eb Barnave dhe Pajisjeve Mjek\u00ebsore  p\u00ebr her\u00eb t\u00eb par\u00eb me standardet e ISO 9001: 2008. N\u00eb qershor 2017 u b\u00eb nj\u00eb ri-\u00e7ertifikim ndaj standardeve t\u00eb ISO 9001: 2015.<\/p>\n<p>N\u00ebp\u00ebrmjet politik\u00ebs m\u00eb kualitative, jan\u00eb p\u00ebrgatitur  m\u00eb shum\u00eb se 30 procedura q\u00eb i definojn\u00eb aktivitetet n\u00eb t\u00eb gjith\u00eb segmentet dhe sektoret e Agjencis\u00ebs\u00eb Barnave dhe Pajisje Mjek\u00ebsore, mund\u00ebsojn\u00eb racionalizimin dhe ndarjen e p\u00ebrgjegj\u00ebsive midis punonj\u00ebsve, vendosjen e standardeve t\u00eb funksionimit, definimin  e procedurave, formular\u00ebve dhe t\u00eb gjith\u00eb dokumentacionin, si dhe m\u00ebnyr\u00ebn e komunikimit dhe shk\u00ebmbimit t\u00eb informacionit.<\/p>\n<p>&nbsp;<\/p>\n<p><strong>Politika e cil\u00ebsis\u00eb<\/strong><\/p>\n<p>Misioni yn\u00eb \u00ebsht\u00eb realizimi i s\u00eb drejt\u00ebs themelore t\u00eb njeriut p\u00ebr t\u00eb siguruar barna dhe pajisje mjek\u00ebsore kualitative, efikase dhe t\u00eb sigurta si dhe p\u00ebrparimin e sh\u00ebndetit t\u00eb njeriut p\u00ebrmes;<\/p>\n<p>Dh\u00ebnia e lejeve me cil\u00ebsi t\u00eb lart\u00eb, barna dhe pajisje mjek\u00ebsore t\u00eb sigurta dhe efikase dhe sigurimi i informacioneve p\u00ebrkat\u00ebse, me q\u00ebllim shfryt\u00ebzimin e sigurt\u00eb t\u00eb l\u00ebshimit t\u00eb barnave dhe pajisjeve mjek\u00ebsore dhe kontrollim cil\u00ebsor t\u00eb barnave dhe pajisjeve mjek\u00ebsore n\u00eb p\u00ebrputhje me regullativat ligjore dhe standartet komb\u00ebtare dhe nd\u00ebrkomb\u00ebtare.<\/p>\n<p>Duke dashur t\u00eb zhvillojm\u00eb dhe p\u00ebrmir\u00ebsojm\u00eb vazhdimisht cil\u00ebsin\u00eb e sh\u00ebrbimeve tona p\u00ebrmes mir\u00ebkuptimit dhe p\u00ebrmbushjes s\u00eb k\u00ebrkesave dhe pritjeve t\u00eb klient\u00ebve tan\u00eb, jemi p\u00ebrcaktuar drejt krijimit t\u00eb sistemit p\u00ebr menaxhim me kualitet n\u00eb p\u00ebrputhje me k\u00ebrkesat e standarteve nd\u00ebrkomb\u00ebtare ISO 9001:2015.<\/p>\n<p>Vizioni yn\u00eb \u00ebsht\u00eb t\u00eb shnd\u00ebrrohemi n\u00eb profesionist t\u00eb pavarur, efikas, e t\u00eb pranuar n\u00eb shoq\u00ebri dhe agjenci profesionale e cila mund t\u00eb radhitet me organet e tjera kompetente p\u00ebr barna dhe pajisje mjek\u00ebsore n\u00eb rajon dhe n\u00eb  Bashkimin Evropian.<\/p>\n<p>Q\u00ebllimet strategjike p\u00ebrputhen me kontekstin e jasht\u00ebm dhe t\u00eb brendsh\u00ebm t\u00eb organizat\u00ebs dhe misionin dhe vizionin ton\u00eb. Q\u00ebllimet tona ne do ti arrijm\u00eb p\u00ebrmes:<\/p>\n<ul>\n<li>Zbatimi efikas dhe efektiv i k\u00ebrkesave t\u00eb standarteve ISO 9001:2015;<\/li>\n<li>Kontroll\u00eb laboratorike t\u00eb cil\u00ebsis\u00eb dhe sigurimi i informacioneve p\u00ebrkat\u00ebse:<\/li>\n<li>Afirmimi i lidershipit si nj\u00eb nga parimet menaxhuese me \u00e7ka sigurojm\u00eb motivim dhe p\u00ebrkushtim drejt\u00eb realizimit t\u00eb q\u00ebllimeve dhe objektivave strategjike:<\/li>\n<li>Identifikimi i rreziqeve operative dhe menaxhimi proaktiv me to p\u00ebrshkak t\u00eb p\u00ebrparimit t\u00eb sh\u00ebrbimeve, proceseve dhe sistemi p\u00ebr menaxhim cil\u00ebsor;<\/li>\n<li>Pjes\u00ebmarrja aktive e t\u00eb gjith\u00eb pun\u00ebtor\u00ebve n\u00eb planifikimin, zbatimin dhe vler\u00ebsimin e t\u00eb gjitha aktiviteteve n\u00eb realizimin e pro\u00e7eseve dhe trajnimit dhe p\u00ebrmir\u00ebsimit, stimulimit t\u00eb krijimtaris\u00eb, vet\u00eb-iniciativ\u00ebs dhe p\u00ebrgjegj\u00ebsis\u00eb n\u00eb pun\u00eb;<\/li>\n<li>Zhvillim t\u00eb kultur\u00ebs organizative dhe sjellje t\u00eb dalluar;<\/li>\n<li>P\u00ebrmir\u00ebsim i vazhduesh\u00ebm i sistemit p\u00ebr menaxhim me cil\u00ebsi;<\/li>\n<li>Zgjidhje efektive dhe efikase e k\u00ebrkesave n\u00eb lidhje me prodhimet dhe k\u00ebrkesat e nd\u00ebrlidhura me bashk\u00ebveprimin e subjekteve ekonomike;<\/li>\n<\/ul>\n<p>Zbatimi i nj\u00eb politike cil\u00ebsore \u00ebsht\u00eb p\u00ebrgjegj\u00ebsi p\u00ebr secilin t\u00eb pun\u00ebsuar n\u00eb Agjencin\u00eb e Barnave dhe Pajisjeve Mjek\u00ebsore n\u00eb Republik\u00ebn e Maqedonis\u00eb s\u00eb Veriut.<\/p>","protected":false},"excerpt":{"rendered":"<p>\u0421\u043e \u0446\u0435\u043b \u043e\u0431\u0435\u0437\u0431\u0435\u0434\u0443\u0432\u0430\u045a\u0435 \u043d\u0430 \u0434\u043e\u0432\u0435\u0440\u0431\u0430\u0442\u0430 \u043d\u0430 \u043d\u0430\u0448\u0438\u0442\u0435 \u043a\u043b\u0438\u0435\u043d\u0442\u0438, \u0432\u0440\u0430\u0431\u043e\u0442\u0435\u043d\u0438, \u043a\u0430\u043a\u043e \u0438 \u0441\u0438\u0442\u0435 \u0434\u0440\u0443\u0433\u0438 \u0437\u0430\u0438\u043d\u0442\u0435\u0440\u0435\u0441\u0438\u0440\u0430\u043d\u0438 \u0441\u0442\u0440\u0430\u043d\u0438 \u0432\u043e \u0437\u0434\u0440\u0430\u0432\u0441\u0442\u0432\u0435\u043d\u0438\u043e\u0442 \u0441\u0435\u043a\u0442\u043e\u0440, \u0437\u0433\u043e\u043b\u0435\u043c\u0443\u0432\u0430\u045a\u0435 \u043d\u0430 \u0435\u0444\u0438\u043a\u0430\u0441\u043d\u043e\u0441\u0442\u0430 \u043d\u0430 \u0410\u0433\u0435\u043d\u0446\u0438\u0458\u0430\u0442\u0430, \u043f\u043e\u0433\u043e\u043b\u0435\u043c\u0430 \u0442\u0440\u0430\u043d\u0441\u043f\u0430\u0440\u0435\u043d\u0442\u043d\u043e\u0441\u0442 \u0432\u043e \u0440\u0430\u0431\u043e\u0442\u0435\u045a\u0435\u0442\u043e, \u043f\u043e\u043d\u0438\u0441\u043a\u0438 \u0442\u0440\u043e\u0448\u043e\u0446\u0438 \u0438 \u0441\u043e\u0437\u0434\u0430\u0432\u0430\u045a\u0435 \u043d\u0430 \u043f\u043e\u043a\u0440\u0430\u0442\u043e\u043a \u0446\u0438\u043a\u043b\u0443\u0441 \u043d\u0430 \u0438\u0437\u0432\u0440\u0448\u0443\u0432\u0430\u045a\u0435 \u043d\u0430 \u0430\u043a\u0442\u0438\u0432\u043d\u043e\u0441\u0442\u0438\u0442\u0435 \u043f\u0440\u0435\u043a\u0443 \u0435\u0444\u0438\u043a\u0430\u0441\u043d\u0430 \u0443\u043f\u043e\u0442\u0440\u0435\u0431\u0430 \u043d\u0430 \u0440\u0435\u0441\u0443\u0440\u0441\u0438, \u043f\u043e\u0434\u043e\u0431\u0440\u0435\u043d\u0438, \u0434\u043e\u0441\u043b\u0435\u0434\u043d\u0438 \u0438 \u043f\u0440\u0435\u0434\u0432\u0438\u0434\u043b\u0438\u0432\u0438 \u0440\u0435\u0437\u0443\u043b\u0442\u0430\u0442\u0438, \u0410\u0433\u0435\u043d\u0446\u0438\u0458\u0430\u0442\u0430 \u0437\u0430 \u043b\u0435\u043a\u043e\u0432\u0438 \u0438 \u043c\u0435\u0434\u0438\u0446\u0438\u043d\u0441\u043a\u0438 \u0441\u0440\u0435\u0434\u0441\u0442\u0432\u0430 \u0432\u043e [&hellip;]<\/p>","protected":false},"author":1,"featured_media":0,"parent":0,"menu_order":0,"comment_status":"closed","ping_status":"closed","template":"","meta":{"footnotes":""},"class_list":["post-131","page","type-page","status-publish","hentry"],"_links":{"self":[{"href":"https:\/\/malmed.gov.mk\/sq\/wp-json\/wp\/v2\/pages\/131","targetHints":{"allow":["GET"]}}],"collection":[{"href":"https:\/\/malmed.gov.mk\/sq\/wp-json\/wp\/v2\/pages"}],"about":[{"href":"https:\/\/malmed.gov.mk\/sq\/wp-json\/wp\/v2\/types\/page"}],"author":[{"embeddable":true,"href":"https:\/\/malmed.gov.mk\/sq\/wp-json\/wp\/v2\/users\/1"}],"replies":[{"embeddable":true,"href":"https:\/\/malmed.gov.mk\/sq\/wp-json\/wp\/v2\/comments?post=131"}],"version-history":[{"count":0,"href":"https:\/\/malmed.gov.mk\/sq\/wp-json\/wp\/v2\/pages\/131\/revisions"}],"wp:attachment":[{"href":"https:\/\/malmed.gov.mk\/sq\/wp-json\/wp\/v2\/media?parent=131"}],"curies":[{"name":"wp","href":"https:\/\/api.w.org\/{rel}","templated":true}]}}