{"id":1244,"date":"2017-10-10T13:04:08","date_gmt":"2017-10-10T13:04:08","guid":{"rendered":"https:\/\/malmed.gov.mk\/?page_id=1244"},"modified":"2020-02-04T09:46:07","modified_gmt":"2020-02-04T09:46:07","slug":"%d0%b1%d0%b5%d0%b7%d0%b1%d0%b5%d0%b4%d0%bd%d0%be%d1%81%d0%bd%d0%b8-%d0%b8%d0%bd%d1%84%d0%be%d1%80%d0%bc%d0%b0%d1%86%d0%b8%d0%b8-%d0%b7%d0%b0-%d0%bb%d0%b5%d0%ba%d0%be%d0%b2%d0%b8","status":"publish","type":"page","link":"https:\/\/malmed.gov.mk\/sq\/%d0%b1%d0%b5%d0%b7%d0%b1%d0%b5%d0%b4%d0%bd%d0%be%d1%81%d0%bd%d0%b8-%d0%b8%d0%bd%d1%84%d0%be%d1%80%d0%bc%d0%b0%d1%86%d0%b8%d0%b8-%d0%b7%d0%b0-%d0%bb%d0%b5%d0%ba%d0%be%d0%b2%d0%b8\/","title":{"rendered":"Informata t\u00eb sigurta p\u00ebr barnat"},"content":{"rendered":"<p><span style=\"color: #993366;\"><strong><a style=\"color: #993366;\" href=\"https:\/\/malmed.gov.mk\/sq\/%D0%BD%D0%BE%D0%B2%D0%B8-%D0%B1%D0%B5%D0%B7%D0%B1%D0%B5%D0%B4%D0%BD%D0%BE%D1%81%D0%BD%D0%B8-%D0%B8%D0%BD%D1%84%D0%BE%D1%80%D0%BC%D0%B0%D1%86%D0%B8%D0%B8-%D0%B7%D0%B0-%D0%BB%D0%B5%D0%BA%D0%BE%D0%B2\/\" target=\"_blank\" rel=\"noopener noreferrer\" data-rich-text-format-boundary=\"true\">Informata t\u00eb reja t\u00eb sigurta<\/a><\/strong><\/span><\/p>\n\n<p><span style=\"color: #912777;\"><strong><a style=\"color: #912777;\" href=\"https:\/\/malmed.gov.mk\/sq\/%D0%BF%D0%B8%D1%81%D0%BC%D0%B0-%D0%B4%D0%BE-%D0%B7%D0%B4%D1%80%D0%B0%D0%B2%D1%81%D1%82%D0%B2%D0%B5%D0%BD%D0%B8-%D1%80%D0%B0%D0%B1%D0%BE%D1%82%D0%BD%D0%B8%D1%86%D0%B8\/\" target=\"_blank\" rel=\"noopener noreferrer\" data-rich-text-format-boundary=\"true\">Let\u00ebr drejtuar punonj\u00ebsve sh\u00ebndet\u00ebsor\u00eb<\/a><\/strong><\/span><\/p>\n\n<p><span style=\"color: #912777;\"><a style=\"color: #912777;\" href=\"https:\/\/malmed.gov.mk\/sq\/%D1%83%D0%BF%D1%80%D0%B0%D0%B2%D1%83%D0%B2%D0%B0%D1%9A%D0%B5-%D1%81%D0%BE-%D1%80%D0%B8%D0%B7%D0%B8%D0%BA\/\" target=\"_blank\" rel=\"noreferrer noopener\" aria-label=\"\u0423\u043f\u0440\u0430\u0432\u0443\u0432\u0430\u045a\u0435 \u0441\u043e \u0440\u0438\u0437\u0438\u043a (opens in a new tab)\"><strong data-rich-text-format-boundary=\"true\">Menaxhimi i rrezikut<\/strong><\/a><\/span><\/p>\n\n<p><span style=\"color: #912777;\"><a style=\"color: #912777;\" href=\"https:\/\/malmed.gov.mk\/sq\/%D0%B1%D0%B5%D0%B7%D0%B1%D0%B5%D0%B4%D0%BD%D0%BE%D1%81%D0%BD%D0%B8-%D0%BC%D0%B5%D1%80%D0%BA%D0%B8\/\" target=\"_blank\" rel=\"noreferrer noopener\" aria-label=\"\u0411\u0435\u0437\u0431\u0435\u0434\u043d\u043e\u0441\u043d\u0438 \u043c\u0435\u0440\u043a\u0438 (opens in a new tab)\"><strong data-rich-text-format-boundary=\"true\">Masa t\u00eb siguris\u00eb<\/strong><\/a><\/span><\/p>\n\n\n<p><\/p>\n\n\n\n<p><\/p>\n\n\n\n<p><\/p>\n\n\n\n<p><\/p>\n\n\n\n<p><\/p>\n\n\n\n<p><\/p>","protected":false},"excerpt":{"rendered":"<p>\u041d\u043e\u0432\u0438 \u0431\u0435\u0437\u0431\u0435\u0434\u043d\u043e\u0441\u043d\u0438 \u0438\u043d\u0444\u043e\u0440\u043c\u0430\u0446\u0438\u0438 \u041f\u0438\u0441\u043c\u0430 \u0434\u043e \u0437\u0434\u0440\u0430\u0432\u0441\u0442\u0432\u0435\u043d\u0438 \u0440\u0430\u0431\u043e\u0442\u043d\u0438\u0446\u0438 \u0423\u043f\u0440\u0430\u0432\u0443\u0432\u0430\u045a\u0435 \u0441\u043e \u0440\u0438\u0437\u0438\u043a \u0411\u0435\u0437\u0431\u0435\u0434\u043d\u043e\u0441\u043d\u0438 \u043c\u0435\u0440\u043a\u0438<\/p>","protected":false},"author":1,"featured_media":0,"parent":0,"menu_order":0,"comment_status":"closed","ping_status":"closed","template":"","meta":{"footnotes":""},"class_list":["post-1244","page","type-page","status-publish","hentry"],"_links":{"self":[{"href":"https:\/\/malmed.gov.mk\/sq\/wp-json\/wp\/v2\/pages\/1244","targetHints":{"allow":["GET"]}}],"collection":[{"href":"https:\/\/malmed.gov.mk\/sq\/wp-json\/wp\/v2\/pages"}],"about":[{"href":"https:\/\/malmed.gov.mk\/sq\/wp-json\/wp\/v2\/types\/page"}],"author":[{"embeddable":true,"href":"https:\/\/malmed.gov.mk\/sq\/wp-json\/wp\/v2\/users\/1"}],"replies":[{"embeddable":true,"href":"https:\/\/malmed.gov.mk\/sq\/wp-json\/wp\/v2\/comments?post=1244"}],"version-history":[{"count":0,"href":"https:\/\/malmed.gov.mk\/sq\/wp-json\/wp\/v2\/pages\/1244\/revisions"}],"wp:attachment":[{"href":"https:\/\/malmed.gov.mk\/sq\/wp-json\/wp\/v2\/media?parent=1244"}],"curies":[{"name":"wp","href":"https:\/\/api.w.org\/{rel}","templated":true}]}}