{"id":1232,"date":"2017-10-10T09:28:55","date_gmt":"2017-10-10T09:28:55","guid":{"rendered":"https:\/\/malmed.gov.mk\/?page_id=1232"},"modified":"2020-01-30T07:27:33","modified_gmt":"2020-01-30T07:27:33","slug":"%d0%bc%d0%b5%d1%82%d0%be%d0%b4%d0%be%d0%bb%d0%be%d0%b3%d0%b8%d1%98%d0%b0-%d0%b7%d0%b0-%d1%85%d1%83%d0%bc%d0%b0%d0%bd%d0%b8-%d0%bb%d0%b5%d0%ba%d0%be%d0%b2%d0%b8","status":"publish","type":"page","link":"https:\/\/malmed.gov.mk\/sq\/%d0%bc%d0%b5%d1%82%d0%be%d0%b4%d0%be%d0%bb%d0%be%d0%b3%d0%b8%d1%98%d0%b0-%d0%b7%d0%b0-%d1%85%d1%83%d0%bc%d0%b0%d0%bd%d0%b8-%d0%bb%d0%b5%d0%ba%d0%be%d0%b2%d0%b8\/","title":{"rendered":"Metodologjia p\u00ebr barnat humane"},"content":{"rendered":"<ol>\n<li><span class=\"outer\"><span class=\"inner\"><a href=\"http:\/\/malmed.gov.mk\/wp-content\/uploads\/1-Metodologija_za_formiranje_ceni-Sl.Vesnik-br.156-2011.pdf\" target=\"_blank\" rel=\"noopener noreferrer\"><span style=\"color: #912777;\">Metodologjia e m\u00ebnyr\u00ebs s\u00eb formimit t\u00eb \u00e7mimeve t\u00eb barnave \u201cGazeta Zyratre e RM-s\u00eb\u201d, nr. 156\/11<\/span><\/a><\/span><\/span><\/li>\n<li><span class=\"outer\" style=\"color: #912777;\"><span class=\"inner\"><a style=\"color: #912777;\" href=\"http:\/\/malmed.gov.mk\/wp-content\/uploads\/2-Izmeni_na_Metodologija_za_formiranje_na_ceni_na_lekovi-Sl.Vesnik-br.45-2012.pdf\" target=\"_blank\" rel=\"noopener noreferrer\">Ndryshim i metodologjis\u00eb s\u00eb m\u00ebnyr\u00ebs s\u00eb formimit t\u00eb \u00e7mimit t\u00eb barnave \u201cGazeta Zyrtare e RM-s\u00eb\u201d, nr. 45\/12<\/a><\/span><\/span><\/li>\n<li><span class=\"outer\" style=\"color: #912777;\"><span class=\"inner\"><a style=\"color: #912777;\" href=\"http:\/\/malmed.gov.mk\/wp-content\/uploads\/3-Izmeni_na_Metodologija_za_formiranje_na_ceni_na_lekovi-Sl.Vesnik-br.19-2013.pdf\" target=\"_blank\" rel=\"noopener noreferrer\">Ndryshim i metodologjis\u00eb s\u00eb m\u00ebnyr\u00ebs s\u00eb formimit t\u00eb \u00e7mimit t\u00eb barnave \u201cGazeta Zyrtare e RM-s\u00eb\u201d, nr.19\/13<\/a><\/span><\/span><\/li>\n<li><span class=\"outer\" style=\"color: #912777;\"><span class=\"inner\"><a style=\"color: #912777;\" href=\"http:\/\/malmed.gov.mk\/wp-content\/uploads\/4-Izmeni_na_Metodologija_za_formiranje_na_ceni_na_lekovi-Sl.Vesnik-br.177-2015.pdf\" target=\"_blank\" rel=\"noopener noreferrer\">Ndryshim i metodologjis\u00eb s\u00eb m\u00ebnyr\u00ebs s\u00eb formimit t\u00eb \u00e7mimit t\u00eb barnave \u201cGazeta Zyrtare e RM-s\u00eb\u201d, nr. 177\/15<\/a><\/span><\/span><\/li>\n<li><span class=\"outer\" style=\"color: #912777;\"><span class=\"inner\"><a style=\"color: #912777;\" href=\"http:\/\/malmed.gov.mk\/wp-content\/uploads\/5-Izmeni_na_Metodologija_za_formiranje_na_ceni_na_lekovi-Sl.Vesnik-br.15-2016.pdf\" target=\"_blank\" rel=\"noopener noreferrer\">Ndryshim i metodologjis\u00eb s\u00eb m\u00ebnyr\u00ebs s\u00eb formimit t\u00eb \u00e7mimit t\u00eb barnave \u201cGazeta Zyrtare e RM-s\u00eb\u201d, nr. 15\/16<\/a><\/span><\/span><\/li>\n<li><span class=\"outer\" style=\"color: #912777;\"><span class=\"inner\"><a style=\"color: #912777;\" href=\"http:\/\/malmed.gov.mk\/wp-content\/uploads\/6-Izmeni_na_Metodologija_za_formiranje_na_ceni_na_lekovi-Sl.Vesnik-br.148-2017.pdf\" target=\"_blank\" rel=\"noopener noreferrer\">Ndryshim i metodologjis\u00eb s\u00eb m\u00ebnyr\u00ebs s\u00eb formimit t\u00eb \u00e7mimit t\u00eb barnave \u201cGazeta Zyrtare e RM-s\u00eb\u201d, nr. 148\/17<\/a><\/span><\/span><\/li>\n<li><span class=\"outer\" style=\"color: #912777;\"><span class=\"inner\"><a style=\"color: #912777;\" href=\"http:\/\/malmed.gov.mk\/wp-content\/uploads\/6.-Izmena_i_dopolnuvanje_na_Metodologija_za_formiranje_na_ceni_na_lekovi_-br.140-od-2019.pdf\" target=\"_blank\" rel=\"noopener noreferrer\">Ndryshime dhe plot\u00ebsime t\u00eb metodologjis\u00eb s\u00eb m\u00ebnyr\u00ebs s\u00eb formimit t\u00eb \u00e7mimit t\u00eb barnave \u201cGazeta Zyrtare e RMV-s\u00eb\u201d, nr. 140\/19<\/a><\/span><\/span><\/li>\n<\/ol>\n\n\n<p><\/p>\n\n\n\n<p><\/p>\n\n\n\n<p><\/p>\n\n\n\n<p><\/p>\n\n\n\n<p><\/p>","protected":false},"excerpt":{"rendered":"<p>\u041c\u0435\u0442\u043e\u0434\u043e\u043b\u043e\u0433\u0438\u0458\u0430 \u0437\u0430 \u043d\u0430\u0447\u0438\u043d\u043e\u0442 \u043d\u0430 \u0444\u043e\u0440\u043c\u0438\u0440\u0430\u045a\u0435 \u043d\u0430 \u0446\u0435\u043d\u0438\u0442\u0435 \u043d\u0430 \u043b\u0435\u043a\u043e\u0432\u0438\u0442\u0435 \u201e\u0421\u043b\u0443\u0436\u0431\u0435\u043d \u0432\u0435\u0441\u043d\u0438\u043a \u043d\u0430 \u0420\u041c\u201c, \u0431\u0440. 156\/11 \u0418\u0437\u043c\u0435\u043d\u0430 \u043d\u0430 \u041c\u0435\u0442\u043e\u0434\u043e\u043b\u043e\u0433\u0438\u0458\u0430\u0442\u0430 \u0437\u0430 \u043d\u0430\u0447\u0438\u043d\u043e\u0442 \u043d\u0430 \u0444\u043e\u0440\u043c\u0438\u0440\u0430\u045a\u0435 \u043d\u0430 \u0446\u0435\u043d\u0438\u0442\u0435 \u043d\u0430 \u043b\u0435\u043a\u043e\u0432\u0438\u0442\u0435 \u201e\u0421\u043b\u0443\u0436\u0431\u0435\u043d \u0432\u0435\u0441\u043d\u0438\u043a \u043d\u0430 \u0420\u041c\u201c, \u0431\u0440. 45\/12 \u0418\u0437\u043c\u0435\u043d\u0430 \u043d\u0430 \u041c\u0435\u0442\u043e\u0434\u043e\u043b\u043e\u0433\u0438\u0458\u0430\u0442\u0430 \u0437\u0430 \u043d\u0430\u0447\u0438\u043d\u043e\u0442 \u043d\u0430 \u0444\u043e\u0440\u043c\u0438\u0440\u0430\u045a\u0435 \u043d\u0430 \u0446\u0435\u043d\u0438\u0442\u0435 \u043d\u0430 \u043b\u0435\u043a\u043e\u0432\u0438\u0442\u0435 \u201e\u0421\u043b\u0443\u0436\u0431\u0435\u043d \u0432\u0435\u0441\u043d\u0438\u043a \u043d\u0430 \u0420\u041c\u201c, \u0431\u0440. 19\/13 \u0418\u0437\u043c\u0435\u043d\u0430 \u043d\u0430 \u041c\u0435\u0442\u043e\u0434\u043e\u043b\u043e\u0433\u0438\u0458\u0430\u0442\u0430 \u0437\u0430 \u043d\u0430\u0447\u0438\u043d\u043e\u0442 \u043d\u0430 [&hellip;]<\/p>","protected":false},"author":1,"featured_media":0,"parent":0,"menu_order":0,"comment_status":"closed","ping_status":"closed","template":"","meta":{"footnotes":""},"class_list":["post-1232","page","type-page","status-publish","hentry"],"_links":{"self":[{"href":"https:\/\/malmed.gov.mk\/sq\/wp-json\/wp\/v2\/pages\/1232","targetHints":{"allow":["GET"]}}],"collection":[{"href":"https:\/\/malmed.gov.mk\/sq\/wp-json\/wp\/v2\/pages"}],"about":[{"href":"https:\/\/malmed.gov.mk\/sq\/wp-json\/wp\/v2\/types\/page"}],"author":[{"embeddable":true,"href":"https:\/\/malmed.gov.mk\/sq\/wp-json\/wp\/v2\/users\/1"}],"replies":[{"embeddable":true,"href":"https:\/\/malmed.gov.mk\/sq\/wp-json\/wp\/v2\/comments?post=1232"}],"version-history":[{"count":0,"href":"https:\/\/malmed.gov.mk\/sq\/wp-json\/wp\/v2\/pages\/1232\/revisions"}],"wp:attachment":[{"href":"https:\/\/malmed.gov.mk\/sq\/wp-json\/wp\/v2\/media?parent=1232"}],"curies":[{"name":"wp","href":"https:\/\/api.w.org\/{rel}","templated":true}]}}