{"id":1226,"date":"2017-10-10T09:26:20","date_gmt":"2017-10-10T09:26:20","guid":{"rendered":"https:\/\/malmed.gov.mk\/?page_id=1226"},"modified":"2021-02-05T12:47:15","modified_gmt":"2021-02-05T12:47:15","slug":"%d1%83%d0%bf%d0%b0%d1%82%d1%81%d1%82%d0%b2%d0%b0-%d0%b7%d0%b0-%d1%85%d1%83%d0%bc%d0%b0%d0%bd%d0%b8-%d0%bb%d0%b5%d0%ba%d0%be%d0%b2%d0%b8","status":"publish","type":"page","link":"https:\/\/malmed.gov.mk\/sq\/%d1%83%d0%bf%d0%b0%d1%82%d1%81%d1%82%d0%b2%d0%b0-%d0%b7%d0%b0-%d1%85%d1%83%d0%bc%d0%b0%d0%bd%d0%b8-%d0%bb%d0%b5%d0%ba%d0%be%d0%b2%d0%b8\/","title":{"rendered":"Udh\u00ebzues p\u00ebr barnat humane"},"content":{"rendered":"<ol>\n<li style=\"text-align: left;\"><a href=\"http:\/\/malmed.gov.mk\/wp-content\/uploads\/1-Upatstvo_za_upgrade_na_dokumentacija.pdf\" target=\"_blank\" rel=\"noopener noreferrer\"><span style=\"color: #912777;\">Udh\u00ebzues i p\u00ebrpilimit t\u00eb dokumentacionit p\u00ebr zbatimin e procedur\u00ebs s\u00eb p\u00ebrdit\u00ebsimit t\u00eb dokumentacionit t\u00eb barnave q\u00eb kan\u00eb marr\u00eb leje t\u00eb l\u00ebshimit n\u00eb qarkullim<\/span><\/a><\/li>\n<li style=\"text-align: left;\"><span style=\"color: #912777;\"><a style=\"color: #912777;\" href=\"http:\/\/malmed.gov.mk\/wp-content\/uploads\/6-Upatstvo_za_oglasuvanje_lekovi_med.sredstva-Sl.Vesnik-br.66-2008.pdf\" target=\"_blank\" rel=\"noopener noreferrer\">Udh\u00ebzues i m\u00ebnyr\u00ebs s\u00eb shpalljes s\u00eb barnave dhe pajisjeve mjek\u00ebsore \u201cGazeta Zyrtare e RM-s\u00eb\u201d, nr. 66\/08<\/a><\/span><\/li>\n<li style=\"text-align: left;\"><span style=\"color: #912777;\"><a style=\"color: #912777;\" href=\"http:\/\/malmed.gov.mk\/wp-content\/uploads\/5-Upatstvo_za_proizvodna_praksa-Sl.Vesnik-br.26-2009.pdf\" target=\"_blank\" rel=\"noopener noreferrer\">Udh\u00ebzues i parimeve t\u00eb praktik\u00ebs s\u00eb mir\u00eb t\u00eb prodhimit \u201cGazeta Zyrtare e RM-s\u00eb\u201d, nr. 26\/09<\/a><\/span><\/li>\n<li style=\"text-align: left;\"><span style=\"color: #912777;\"><a style=\"color: #912777;\" href=\"http:\/\/malmed.gov.mk\/wp-content\/uploads\/4-Upatstvo_za_farmacevtska_praksa-Sl.Vesnik-br.44-2009.pdf\" target=\"_blank\" rel=\"noopener noreferrer\">Udh\u00ebzues i parimeve t\u00eb praktik\u00ebs s\u00eb mir\u00eb farmaceutike \u201cGazeta Zyrtare e RM-s\u00eb\u201d, nr. 44\/09<\/a><\/span><\/li>\n<li style=\"text-align: left;\"><span style=\"color: #912777;\"><a style=\"color: #912777;\" href=\"http:\/\/malmed.gov.mk\/wp-content\/uploads\/2-Upatstvo_za_laboratoriska_praksa-Sl.Vesnik-br.62-2009.pdf\" target=\"_blank\" rel=\"noopener noreferrer\">Udh\u00ebzues i parimeve t\u00eb praktik\u00ebs s\u00eb mir\u00eb laboratorike \u201cGazeta Zyrtare e RM-s\u00eb\u201d, nr .62\/09<\/a><\/span><\/li>\n<li style=\"text-align: left;\"><span style=\"color: #912777;\"><a style=\"color: #912777;\" href=\"http:\/\/malmed.gov.mk\/wp-content\/uploads\/3-Upatstvo_za_klinicka_praksa-Sl.Vesnik-br.62-2009.pdf\" target=\"_blank\" rel=\"noopener noreferrer\">Udh\u00ebzues i parimeve t\u00eb praktik\u00ebs s\u00eb mir\u00eb laboratorike \u201cGazeta Zyrtare e RM-s\u00eb\u201d, nr .62\/09<\/a><\/span><\/li>\n<li style=\"text-align: left;\"><span style=\"color: #912777;\"><a style=\"color: #912777;\" href=\"http:\/\/malmed.gov.mk\/wp-content\/uploads\/7-Tabeli_za_kategorizacija.pdf\" target=\"_blank\" rel=\"noopener noreferrer\">Tabela p\u00ebr udh\u00ebzues t\u00eb kategorizimit<\/a><\/span><\/li>\n<li><a href=\"https:\/\/malmed.gov.mk\/wp-content\/uploads\/Upatstvo-za-redosled-na-aktivnosti-za-laden-lanec.pdf\" target=\"_blank\" rel=\"noopener noreferrer\"><span style=\"color: #912777;\">Udh\u00ebzues p\u00ebr renditjen e veprimtaris\u00eb n\u00eb MALEMED gjat\u00eb inspektimit \nn\u00eb zinxhirin e ftoht\u00eb t\u00eb secilit grup te importuar<\/span><\/a><\/li>\n<\/ol>\n\n\n<p><\/p>\n\n\n\n<p><\/p>\n\n\n\n<p><\/p>\n\n\n\n<p><\/p>\n\n\n\n<p><\/p>","protected":false},"excerpt":{"rendered":"<p>\u0423\u043f\u0430\u0442\u0441\u0442\u0432\u043e \u0437\u0430 \u0438\u0437\u0433\u043e\u0442\u0432\u0443\u0432\u0430\u045a\u0435 \u043d\u0430 \u0434\u043e\u043a\u0443\u043c\u0435\u043d\u0442\u0430\u0446\u0438\u0458\u0430 \u0437\u0430 \u0441\u043f\u0440\u043e\u0432\u0435\u0434\u0443\u0432\u0430\u045a\u0435 \u043d\u0430 \u043f\u043e\u0441\u0442\u0430\u043f\u043a\u0430\u0442\u0430 \u0437\u0430 \u043d\u0430\u0434\u0433\u0440\u0430\u0434\u0443\u0432\u0430\u045a\u0435 (upgrading) \u043d\u0430 \u0434\u043e\u043a\u0443\u043c\u0435\u043d\u0442\u0430\u0446\u0438\u0458\u0430\u0442\u0430 \u043d\u0430 \u043b\u0435\u043a\u043e\u0432\u0438\u0442\u0435 \u0448\u0442\u043e \u0438\u043c\u0430\u0430\u0442 \u0434\u043e\u0431\u0438\u0435\u043d\u043e \u043e\u0434\u043e\u0431\u0440\u0435\u043d\u0438\u0435 \u0437\u0430 \u0441\u0442\u0430\u0432\u0430\u045a\u0435 \u0432\u043e \u043f\u0440\u043e\u043c\u0435\u0442 \u0423\u043f\u0430\u0442\u0441\u0442\u0432\u043e \u0437\u0430 \u043d\u0430\u0447\u0438\u043d\u043e\u0442 \u043d\u0430 \u043e\u0433\u043b\u0430\u0441\u0443\u0432\u0430\u045a\u0435 \u043d\u0430 \u043b\u0435\u043a\u043e\u0432\u0438\u0442\u0435 \u0438 \u043c\u0435\u0434\u0438\u0446\u0438\u043d\u0441\u043a\u0438\u0442\u0435 \u043f\u043e\u043c\u0430\u0433\u0430\u043b\u0430 \u201e\u0421\u043b\u0443\u0436\u0431\u0435\u043d \u0432\u0435\u0441\u043d\u0438\u043a \u043d\u0430 \u0420\u041c\u201c, \u0431\u0440. 66\/08 \u0423\u043f\u0430\u0442\u0441\u0442\u0432\u043e \u0437\u0430 \u043d\u0430\u0447\u0435\u043b\u0430\u0442\u0430 \u043d\u0430 \u0434\u043e\u0431\u0440\u0430\u0442\u0430 \u043f\u0440\u043e\u0438\u0437\u0432\u043e\u0434\u043d\u0430 \u043f\u0440\u0430\u043a\u0441\u0430 \u201e\u0421\u043b\u0443\u0436\u0431\u0435\u043d \u0432\u0435\u0441\u043d\u0438\u043a \u043d\u0430 \u0420\u041c\u201c, \u0431\u0440. 26\/09 \u0423\u043f\u0430\u0442\u0441\u0442\u0432\u043e \u0437\u0430 [&hellip;]<\/p>","protected":false},"author":1,"featured_media":0,"parent":0,"menu_order":0,"comment_status":"closed","ping_status":"closed","template":"","meta":{"footnotes":""},"class_list":["post-1226","page","type-page","status-publish","hentry"],"_links":{"self":[{"href":"https:\/\/malmed.gov.mk\/sq\/wp-json\/wp\/v2\/pages\/1226","targetHints":{"allow":["GET"]}}],"collection":[{"href":"https:\/\/malmed.gov.mk\/sq\/wp-json\/wp\/v2\/pages"}],"about":[{"href":"https:\/\/malmed.gov.mk\/sq\/wp-json\/wp\/v2\/types\/page"}],"author":[{"embeddable":true,"href":"https:\/\/malmed.gov.mk\/sq\/wp-json\/wp\/v2\/users\/1"}],"replies":[{"embeddable":true,"href":"https:\/\/malmed.gov.mk\/sq\/wp-json\/wp\/v2\/comments?post=1226"}],"version-history":[{"count":0,"href":"https:\/\/malmed.gov.mk\/sq\/wp-json\/wp\/v2\/pages\/1226\/revisions"}],"wp:attachment":[{"href":"https:\/\/malmed.gov.mk\/sq\/wp-json\/wp\/v2\/media?parent=1226"}],"curies":[{"name":"wp","href":"https:\/\/api.w.org\/{rel}","templated":true}]}}