{"id":119,"date":"2017-02-15T12:10:19","date_gmt":"2017-02-15T12:10:19","guid":{"rendered":"https:\/\/malmed.gov.mk\/?page_id=119"},"modified":"2020-01-23T22:28:16","modified_gmt":"2020-01-23T22:28:16","slug":"%d0%bd%d0%b0%d0%b4%d0%bb%d0%b5%d0%b6%d0%bd%d0%be%d1%81%d1%82%d0%b8","status":"publish","type":"page","link":"https:\/\/malmed.gov.mk\/sq\/%d0%bd%d0%b0%d0%b4%d0%bb%d0%b5%d0%b6%d0%bd%d0%be%d1%81%d1%82%d0%b8\/","title":{"rendered":"Kompetencat"},"content":{"rendered":"<p>1) Dh\u00ebnia e lejeve p\u00ebr prodhim t\u00eb barnave<br \/>2) Dh\u00ebnia e lejeve  p\u00ebr prodhim t\u00eb pajisjeve mjek\u00ebsore<br \/>3) Dh\u00ebnia e lejeve p\u00ebr qarkullim n\u00eb shumic\u00eb (shitje) t\u00eb  barnave dhe pajisjeve mjek\u00ebsore<br \/>4) Dh\u00ebnia e lejeve p\u00ebr qarkullim n\u00eb pakic\u00eb t\u00eb  barnave dhe pajisjeve mjek\u00ebsore;<br \/>4-a) Dh\u00ebnia e lejeve p\u00ebr qarkullim  t\u00eb  secil\u00ebs seri t\u00eb  barit t\u00eb  importuar<br \/>5) Dh\u00ebnia e lejeve p\u00ebr vendosjen e barnave n\u00eb qarkullim, si dhe ndryshimin, plot\u00ebsimin ose rinovimin e miratimit;<br \/>6) Dh\u00ebnia e lejeve p\u00ebr shpallje p\u00ebr barnat dhe pajisjet mjek\u00ebsore<br \/>7) Regjistri p\u00ebr barna, Regjistri p\u00ebr barnat tradicionale bimore, Regjistri p\u00ebr barnat homeopatike, Regjistri i barnave kufitare dhe Regjistri p\u00ebr pajisje mjek\u00ebsore n\u00eb Republik\u00ebn e Maqedonis\u00eb s\u00eb Veriut;<br \/>8) Regjistri i prodhuesve t\u00eb barnave dhe Regjistri i prodhuesve t\u00eb pajisjeve mjek\u00ebsore n\u00eb Republik\u00ebn e Maqedonis\u00eb s\u00eb Veriut<br \/>9) Regjistri i prodhuesve t\u00eb subjekteve p\u00ebr qarkullim n\u00eb shumic\u00eb  dhe Regjistri i subjekteve n\u00eb pakic\u00eb t\u00eb barnave n\u00eb Republik\u00ebn e Maqedonis\u00eb s\u00eb Veriut;<br \/>10) Dh\u00ebnia e lejeve (l\u00ebshimi) dhe \/ose njoftimeve  p\u00ebr studimet klinike t\u00eb barnave;<br \/>10-a) Regjistri i studimeve klinike.<br \/>11) Dh\u00ebnia e lejeve (l\u00ebshimi) dhe \/ose njoftimeve p\u00ebr studimet klinike t\u00eb pajisjeve mjek\u00ebsore;<br \/>11-\u0430) Evaluim i p\u00ebrfitimeve t\u00eb pritura n\u00eb lidhje me rrezikun e mundsh\u00ebm sh\u00ebndet\u00ebsor t\u00eb t\u00eb anketuarve; (Dokument vler\u00ebsimi t\u00eb dokumentacionit paraklinik dhe klinik me evaluim  t\u00eb raportit p\u00ebrfitim \u2013 rrezik), p\u00ebr barin q\u00eb i n\u00ebnshtrohet studimit klinik.<br \/>12) Dh\u00ebnia e lejeve (L\u00ebshimi i autorizimeve) p\u00ebr importe, p\u00ebr importe paralele dhe p\u00ebr nevojat p\u00ebr eksportin e prodhimeve t\u00eb barnave;<br \/>13) Dh\u00ebnia e \u00e7ertifikatave  n\u00eb p\u00ebrputhje me parimet e praktik\u00ebs s\u00eb mir\u00eb;<br \/>14) Dh\u00ebnia e \u00e7ertifikatave p\u00ebr nevojat p\u00ebr import t\u00eb barnave dhe pajisjeve mjek\u00ebsore<br \/>15) Klasifikimi i prodhimeve si barna ose pajisje mjek\u00ebsore.<br \/>16) Krijimi dhe mir\u00ebmbajtja e sistemit p\u00ebr farmakovigjilenc\u00ebn dhe materiovigjilenc\u00ebn;<br \/>16-\u0430) P\u00ebrpilimi i raportit vjetor p\u00ebr paraqitjen e efekteve an\u00ebsore t\u00eb barnave n\u00eb Republik\u00ebn e Maqedonis\u00eb s\u00eb Veriut.<br \/>17) Vendosjen dhe mir\u00ebmbajtjen e baz\u00ebs s\u00eb t\u00eb dh\u00ebnave  n\u00eb p\u00ebrputhje me dispozitat e k\u00ebtij ligji.<br \/>18) Mbikqyrja inspektoriale ndaj barnave dhe pajisjeve mjek\u00ebsore.<br \/>19) Mbikqyrja e inspektimit t\u00eb subjekteve p\u00ebr prodhimin, qarkullimin me shumic\u00eb dhe pakic\u00eb;<br \/>20) Aktivitete p\u00ebr t\u00eb siguruar kontroll\u00ebn e kualitetit t\u00eb barnave dhe pajisjeve mjek\u00ebsore.<br \/>21) Zbaton masa p\u00ebr monitorimin e konsumit t\u00eb barnave<br \/>22) Promovon p\u00ebrdorimin racional t\u00eb barnave dhe pajisjeve mjek\u00ebsore.<br \/>23) Integrimi n\u00eb rrjetin nd\u00ebrkomb\u00ebtar t\u00eb informatave p\u00ebr barnat dhe pajisjet mjek\u00ebsore dhe<br \/>23-\u0430) Analizon dhe vler\u00ebson sigurin\u00eb dhe efektet an\u00ebsore ndaj t\u00eb anketuarve n\u00eb studimet klinike;<br \/>23-b) Kryen mbikqyrje inspektoriale ndaj studimeve klinike, efekteve an\u00ebsore  dhe parregullsis\u00eb s\u00eb barnave;<br \/>23-c) I analizon dhe vler\u00ebson t\u00eb dh\u00ebnat farmakoekonomike n\u00eb lidhje me barnat;<br \/>23-g) Zbaton procedur\u00eb t\u00eb shpejt\u00eb p\u00ebr t\u00ebrheqjen nga qarkullimi t\u00eb barnave dhe pajisjeve mjek\u00ebsore;<br \/>23-d) Planifikon dhe zbaton aktivitete n\u00eb fush\u00ebn e kontrollit sistematik t\u00eb barnave.<br \/>23-f) T\u00eb p\u00ebrgatis\u00eb dhe publikoj\u00eb botime t\u00eb ekspert\u00ebve n\u00eb lidhje me kompetencat e Agjencis\u00eb, dhe<br \/>24) Kryen veprimtari t\u00eb tjera n\u00eb lidhje me barnat dhe pajisjet mjek\u00ebsore n\u00eb p\u00ebrputhje me ligjin.<\/p>\n\n\n<p><\/p>\n\n\n\n<p><\/p>\n\n\n\n<p><\/p>\n\n\n\n<p><\/p>\n\n\n\n<p><\/p>","protected":false},"excerpt":{"rendered":"<p>1) \u0438\u0437\u0434\u0430\u0432\u0430\u045a\u0435 \u043e\u0434\u043e\u0431\u0440\u0435\u043d\u0438\u0458\u0430 \u0437\u0430 \u043f\u0440\u043e\u0438\u0437\u0432\u043e\u0434\u0441\u0442\u0432\u043e \u043d\u0430 \u043b\u0435\u043a\u043e\u0432\u0438;2) \u0438\u0437\u0434\u0430\u0432\u0430\u045a\u0435 \u043e\u0434\u043e\u0431\u0440\u0435\u043d\u0438\u0458\u0430 \u0437\u0430 \u043f\u0440\u043e\u0438\u0437\u0432\u043e\u0434\u0441\u0442\u0432\u043e \u043d\u0430 \u043c\u0435\u0434\u0438\u0446\u0438\u043d\u0441\u043a\u0438 \u0441\u0440\u0435\u0434\u0441\u0442\u0432\u0430;3) \u0438\u0437\u0434\u0430\u0432\u0430\u045a\u0435 \u043e\u0434\u043e\u0431\u0440\u0435\u043d\u0438\u0458\u0430 \u0437\u0430 \u043f\u0440\u043e\u043c\u0435\u0442 \u043d\u0430 \u0433\u043e\u043b\u0435\u043c\u043e \u0441\u043e \u043b\u0435\u043a\u043e\u0432\u0438 \u0438 \u043c\u0435\u0434\u0438\u0446\u0438\u043d\u0441\u043a\u0438 \u0441\u0440\u0435\u0434\u0441\u0442\u0432\u0430;4) \u0438\u0437\u0434\u0430\u0432\u0430\u045a\u0435 \u043e\u0434\u043e\u0431\u0440\u0435\u043d\u0438\u0458\u0430 \u0437\u0430 \u043f\u0440\u043e\u043c\u0435\u0442 \u043d\u0430 \u043c\u0430\u043b\u043e \u0441\u043e \u043b\u0435\u043a\u043e\u0432\u0438 \u0438 \u043c\u0435\u0434\u0438\u0446\u0438\u043d\u0441\u043a\u0438 \u0441\u0440\u0435\u0434\u0441\u0442\u0432\u0430;4-\u0430) \u0438\u0437\u0434\u0430\u0432\u0430\u045a\u0435 \u043d\u0430 \u043e\u0434\u043e\u0431\u0440\u0435\u043d\u0438\u0435 \u0437\u0430 \u043f\u0440\u043e\u043c\u0435\u0442 \u043d\u0430 \u0441\u0435\u043a\u043e\u0458\u0430 \u0441\u0435\u0440\u0438\u0458\u0430 \u043d\u0430 \u0443\u0432\u0435\u0437\u0435\u043d \u043b\u0435\u043a.5) \u0438\u0437\u0434\u0430\u0432\u0430\u045a\u0435 \u043e\u0434\u043e\u0431\u0440\u0435\u043d\u0438\u0458\u0430 \u0437\u0430 \u0441\u0442\u0430\u0432\u0430\u045a\u0435 \u043d\u0430 \u043b\u0435\u043a\u043e\u0432\u0438 \u0432\u043e \u043f\u0440\u043e\u043c\u0435\u0442, [&hellip;]<\/p>","protected":false},"author":1,"featured_media":0,"parent":0,"menu_order":0,"comment_status":"closed","ping_status":"closed","template":"","meta":{"footnotes":""},"class_list":["post-119","page","type-page","status-publish","hentry"],"_links":{"self":[{"href":"https:\/\/malmed.gov.mk\/sq\/wp-json\/wp\/v2\/pages\/119","targetHints":{"allow":["GET"]}}],"collection":[{"href":"https:\/\/malmed.gov.mk\/sq\/wp-json\/wp\/v2\/pages"}],"about":[{"href":"https:\/\/malmed.gov.mk\/sq\/wp-json\/wp\/v2\/types\/page"}],"author":[{"embeddable":true,"href":"https:\/\/malmed.gov.mk\/sq\/wp-json\/wp\/v2\/users\/1"}],"replies":[{"embeddable":true,"href":"https:\/\/malmed.gov.mk\/sq\/wp-json\/wp\/v2\/comments?post=119"}],"version-history":[{"count":0,"href":"https:\/\/malmed.gov.mk\/sq\/wp-json\/wp\/v2\/pages\/119\/revisions"}],"wp:attachment":[{"href":"https:\/\/malmed.gov.mk\/sq\/wp-json\/wp\/v2\/media?parent=119"}],"curies":[{"name":"wp","href":"https:\/\/api.w.org\/{rel}","templated":true}]}}