{"id":113,"date":"2017-02-15T12:08:01","date_gmt":"2017-02-15T12:08:01","guid":{"rendered":"https:\/\/malmed.gov.mk\/?page_id=113"},"modified":"2025-12-29T07:20:39","modified_gmt":"2025-12-29T07:20:39","slug":"%d0%b7%d0%b0-%d0%bd%d0%b0%d1%81","status":"publish","type":"page","link":"https:\/\/malmed.gov.mk\/sq\/%d0%b7%d0%b0-%d0%bd%d0%b0%d1%81\/","title":{"rendered":"P\u00ebr Agjencin\u00eb"},"content":{"rendered":"<p><img loading=\"lazy\" decoding=\"async\" class=\"aligncenter\" src=\"https:\/\/malmed.gov.mk\/wp-content\/uploads\/Malmed-logo.png\" width=\"200\" height=\"171\" \/><\/p>\n<p>Agjencia e Barnave dhe Pajisjeve  Mjek\u00ebsore  e Republik\u00ebs s\u00eb Maqedonis\u00eb s\u00eb Veriut (MALMED) \u00ebsht\u00eb themeluar m\u00eb 16 shtator 2014, n\u00eb baz\u00eb t\u00eb Ligjit p\u00ebr barnat dhe pajisjet mjek\u00ebsore  (Gazeta Zyrtare e Republik\u00ebs s\u00eb Maqedonis\u00eb Nr. 106\/07, 88\/10, 36\/11, 53\/11, 136\/11, 11\/12, 147\/13, 164\/13, 27\/14, 43\/14 dhe 88\/15), si nj\u00eb organ i pavarur i administrat\u00ebs shtet\u00ebrore.<\/p>\n<p>Themeluesi i MALMED-it  \u00ebsht\u00eb Qeveria e Republik\u00ebs s\u00eb Maqedonis\u00eb s\u00eb Veriut.<br \/>\u0414\u0438\u0440\u0435\u043a\u0442\u043e\u0440 \u043d\u0430 \u041c\u0410\u041b\u041c\u0415\u0414 \u0435 <b>\u041c-\u0440 \u0444\u0430\u0440\u043c \u0421\u0430\u0431\u0440\u0438 \u0410\u043b\u0438\u0442\u0438\u00a0<\/b><br \/>Pasurit\u00eb dhe pronat p\u00ebr krijimin dhe fillimin e funksionimit t\u00eb MALMED p\u00ebrb\u00ebjn\u00eb  pasurit\u00eb dhe pronat e Byros\u00eb s\u00eb Barnave, nj\u00eb organ n\u00eb Ministrin\u00eb e Sh\u00ebndet\u00ebsis\u00eb, i cili me k\u00ebt\u00eb ligj, me krijimin e Agjencis\u00eb, pushoi s\u00eb ekzistuari.<br \/>Me krijimin e MALMED-it fitoi nj\u00eb vrull t\u00eb ri, mund\u00ebsi t\u00eb reja, potencial njer\u00ebzor dhe hap\u00ebsinor, si dhe fleksibilitetin e nevojsh\u00ebm dhe pavar\u00ebsin\u00eb profesionale t\u00eb nevojshme p\u00ebr hapat p\u00ebrpara q\u00eb na presin, sfida t\u00eb reja profesionale dhe shoq\u00ebrore, zhvillimi i vazhduesh\u00ebm i kompetencave, lidhjeve t\u00eb gj\u00ebra rajonale dhe  evropiane.<\/p>\n<p><strong>MISIONI, VIZIONI, PARIMET DHE VLERAT<\/strong><\/p>\n<p><strong>MISIONI<\/strong><br \/>Misioni yn\u00eb \u00ebsht\u00eb t\u00eb ndjekim interesat dhe politikat komb\u00ebtare  q\u00eb t\u00eb jemi sa m\u00eb af\u00ebr k\u00ebrkesave dhe standardeve t\u00eb  larta t\u00eb BE-s\u00eb dhe t\u00eb sigurojm\u00eb mbrojtjen e sh\u00ebndetit n\u00eb fush\u00ebn e barnave dhe pajisjeve  mjek\u00ebsore p\u00ebrmes  implementimit efikas t\u00eb rregullativ\u00ebs dhe mbik\u00ebqyrjes si dhe informimin e ekspert\u00ebve si dhe publikut m\u00eb t\u00eb gj\u00ebr\u00eb.<\/p>\n<p><strong>VIZIONI<\/strong><br \/>Vizioni yn\u00eb \u00ebsht\u00eb t\u00eb zhvillohet n\u00eb nj\u00eb Agjenci t\u00eb pavarur profesionalisht, efikase, e njohur shoq\u00ebrore dhe profesionale q\u00eb t\u00eb mund t\u00eb krahasohet me organet tjera kompetente t\u00eb barnave  dhe pajisjeve mjek\u00ebsore  n\u00eb rajon dhe n\u00eb BE.<\/p>\n<p><strong>PRINCIPET<\/strong><br \/>Parimet tona jan\u00eb p\u00ebrgjegj\u00ebsia sociale, cil\u00ebsia e pun\u00ebs, puna ekipore dhe transparenca.<\/p>\n<p><strong>VLERAT<\/strong><br \/>Vlerat q\u00eb ne vler\u00ebsojm\u00eb dhe promovojm\u00eb n\u00eb Agjencin\u00eb ton\u00eb jan\u00eb p\u00ebrgjegj\u00ebsia, ndershm\u00ebria, profesionalizmi, fleksibiliteti, p\u00ebrkat\u00ebsia dhe zhvillimi.<\/p>\n\n\n<p><\/p>\n\n\n\n<p><\/p>\n\n\n\n<p><\/p>\n\n\n\n<p><\/p>\n\n\n\n<p><\/p>","protected":false},"excerpt":{"rendered":"<p>\u0410\u0433\u0435\u043d\u0446\u0438\u0458\u0430\u0442\u0430 \u0437\u0430 \u043b\u0435\u043a\u043e\u0432\u0438 \u0438 \u043c\u0435\u0434\u0438\u0446\u0438\u043d\u0441\u043a\u0438 \u0441\u0440\u0435\u0434\u0441\u0442\u0432\u0430 \u043d\u0430 \u0420\u0435\u043f\u0443\u0431\u043b\u0438\u043a\u0430 \u0421. \u041c\u0430\u043a\u0435\u0434\u043e\u043d\u0438\u0458\u0430 (\u041c\u0410\u041b\u041c\u0415\u0414) \u0435 \u043e\u0441\u043d\u043e\u0432\u0430\u043d\u0430 \u043d\u0430 16. \u0441\u0435\u043f\u0442\u0435\u043c\u0432\u0440\u0438 2014 \u0433\u043e\u0434\u0438\u043d\u0430, \u0432\u0440\u0437 \u043e\u0441\u043d\u043e\u0432\u0430 \u043d\u0430 \u0417\u0430\u043a\u043e\u043d\u043e\u0442 \u0437\u0430 \u043b\u0435\u043a\u043e\u0432\u0438 \u0438 \u043c\u0435\u0434\u0438\u0446\u0438\u043d\u0441\u043a\u0438 \u0441\u0440\u0435\u0434\u0441\u0442\u0432\u0430 (\u0421\u043b.\u0432\u0435\u0441\u043d\u0438\u043a \u043d\u0430 \u0420\u041c \u0431\u0440. 106\/07, 88\/10, 36\/11, 53\/11, 136\/11, 11\/12, 147\/13, 164\/13, 27\/14, 43\/14 \u0438 88\/15), \u043a\u0430\u043a\u043e \u0441\u0430\u043c\u043e\u0441\u0442\u043e\u0435\u043d \u043e\u0440\u0433\u0430\u043d \u043d\u0430 \u0434\u0440\u0436\u0430\u0432\u043d\u0430\u0442\u0430 \u0443\u043f\u0440\u0430\u0432\u0430. \u041e\u0441\u043d\u043e\u0432\u0430\u0447 \u043d\u0430 \u041c\u0410\u041b\u041c\u0415\u0414 \u0435 \u0412\u043b\u0430\u0434\u0430\u0442\u0430 \u043d\u0430 [&hellip;]<\/p>","protected":false},"author":1,"featured_media":1208,"parent":0,"menu_order":0,"comment_status":"closed","ping_status":"closed","template":"","meta":{"footnotes":""},"class_list":["post-113","page","type-page","status-publish","has-post-thumbnail","hentry"],"_links":{"self":[{"href":"https:\/\/malmed.gov.mk\/sq\/wp-json\/wp\/v2\/pages\/113","targetHints":{"allow":["GET"]}}],"collection":[{"href":"https:\/\/malmed.gov.mk\/sq\/wp-json\/wp\/v2\/pages"}],"about":[{"href":"https:\/\/malmed.gov.mk\/sq\/wp-json\/wp\/v2\/types\/page"}],"author":[{"embeddable":true,"href":"https:\/\/malmed.gov.mk\/sq\/wp-json\/wp\/v2\/users\/1"}],"replies":[{"embeddable":true,"href":"https:\/\/malmed.gov.mk\/sq\/wp-json\/wp\/v2\/comments?post=113"}],"version-history":[{"count":0,"href":"https:\/\/malmed.gov.mk\/sq\/wp-json\/wp\/v2\/pages\/113\/revisions"}],"wp:featuredmedia":[{"embeddable":true,"href":"https:\/\/malmed.gov.mk\/sq\/wp-json\/wp\/v2\/media\/1208"}],"wp:attachment":[{"href":"https:\/\/malmed.gov.mk\/sq\/wp-json\/wp\/v2\/media?parent=113"}],"curies":[{"name":"wp","href":"https:\/\/api.w.org\/{rel}","templated":true}]}}